{"id":8246,"date":"2024-10-30T20:00:54","date_gmt":"2024-10-30T20:00:54","guid":{"rendered":"https:\/\/outdoortarrago.com\/qualitaetspolitik\/"},"modified":"2025-02-19T14:16:53","modified_gmt":"2025-02-19T14:16:53","slug":"qualitaetspolitik","status":"publish","type":"page","link":"https:\/\/outdoortarrago.com\/de\/qualitaetspolitik\/","title":{"rendered":"Qualit\u00e4tspolitik"},"content":{"rendered":"\t\t<div data-elementor-type=\"wp-page\" data-elementor-id=\"8246\" class=\"elementor elementor-8246 elementor-508\" data-elementor-post-type=\"page\">\n\t\t\t\t<div class=\"elementor-element elementor-element-15e09ff e-flex e-con-boxed e-con e-parent\" data-id=\"15e09ff\" data-element_type=\"container\" data-settings=\"{&quot;background_background&quot;:&quot;classic&quot;}\">\n\t\t\t\t\t<div class=\"e-con-inner\">\n\t\t\t\t<div class=\"elementor-element elementor-element-f2ffe3c elementor-widget elementor-widget-heading\" data-id=\"f2ffe3c\" data-element_type=\"widget\" data-widget_type=\"heading.default\">\n\t\t\t\t<div class=\"elementor-widget-container\">\n\t\t\t\t\t<h2 class=\"elementor-heading-title elementor-size-default\">Qualit\u00e4tspolitik<\/h2>\t\t\t\t<\/div>\n\t\t\t\t<\/div>\n\t\t\t\t\t<\/div>\n\t\t\t\t<\/div>\n\t\t<div class=\"elementor-element elementor-element-15d97ad e-flex e-con-boxed e-con e-parent\" data-id=\"15d97ad\" data-element_type=\"container\" data-settings=\"{&quot;background_background&quot;:&quot;classic&quot;}\">\n\t\t\t\t\t<div class=\"e-con-inner\">\n\t\t\t\t<div class=\"elementor-element elementor-element-161dbf1 elementor-widget elementor-widget-text-editor\" data-id=\"161dbf1\" data-element_type=\"widget\" data-widget_type=\"text-editor.default\">\n\t\t\t\t<div class=\"elementor-widget-container\">\n\t\t\t\t\t\t\t\t\t<p><strong>Qualit\u00e4ts- und Nachhaltigkeitspolitik<\/strong><\/p><p>TARRAGO BRANDS INTERNATIONAL, S.L. ist ein multinationales Unternehmen, das f\u00fchrend in der Entwicklung und Herstellung von Produkten f\u00fcr die Pflege und Reinigung von Schuhen sowie von Zubeh\u00f6r aller Art ist. Wir verpflichten uns, die kontinuierliche Zufriedenheit von Kunden, Lieferanten und Mitarbeitern zu gew\u00e4hrleisten sowie die kontinuierliche Verbesserung der Produktionsprozesse und Arbeitsverfahren voranzutreiben, mit einem Fokus auf Innovation und Qualit\u00e4t, unter Ber\u00fccksichtigung der Menschenressourcen, der Umwelt und der Nachhaltigkeit.<\/p><p>TARRAGO BRANDS INTERNATIONAL, S.L. hat ein Qualit\u00e4tsmanagementsystem eingef\u00fchrt, das den Normen ISO 9001:2015 entspricht, und setzt derzeit einen Nachhaltigkeitsmanagementplan OGSM um, der sich verpflichtet, die Einhaltung der Gesetzgebung bei der Entwicklung seiner Aktivit\u00e4ten zu gew\u00e4hrleisten und alle anderen Anforderungen seiner Kunden zu erf\u00fcllen.<\/p><p>Einhaltung der Gesetzgebung bei der Entwicklung seiner Aktivit\u00e4ten sowie aller anderen Anforderungen der Kunden.<\/p><p>Auswahl des Personals, der Lieferanten und der Subunternehmer gem\u00e4\u00df den Prinzipien der Qualit\u00e4t, Nachhaltigkeit und den Anforderungen jedes Kunden und Projekts.<\/p><p>Engagement f\u00fcr die Zufriedenheit der Kunden.<\/p><p>Aufrechterhaltung von Kommunikationskan\u00e4len mit den Kunden, um deren aktuelle und zuk\u00fcnftige Bed\u00fcrfnisse zu identifizieren, mit dem Ziel, deren Zufriedenheit zu gew\u00e4hrleisten und ihre Erwartungen zu erf\u00fcllen.<\/p><p>Einhaltung der Anforderungen und kontinuierliche Verbesserung des Qualit\u00e4ts- und Nachhaltigkeitsmanagementsystems durch die Einf\u00fchrung von Messsystemen und die \u00dcberwachung der Dienstleistungen, die unseren Kunden bereitgestellt werden, sowie der Ziele des Systems.<\/p><p>Periodische Identifikation und Bewertung von Risiken und Chancen, insbesondere im Zusammenhang mit den Stakeholdern.<\/p><p>Schulung und Sensibilisierung aller an unserem Prozess Beteiligten, um diesen zu verbessern und ein partizipatives Management im Qualit\u00e4ts- und Nachhaltigkeitssystem zu f\u00f6rdern.<\/p><p>Engagement f\u00fcr den Informationsaustausch mit den Stakeholdern.<\/p><p>Die Gesch\u00e4ftsf\u00fchrung verpflichtet sich, die notwendigen Ressourcen bereitzustellen, um die Ziele des Systems zu erreichen, seine Wirksamkeit, Effizienz und kontinuierliche Verbesserung sicherzustellen, wobei Nachhaltigkeit stets als grundlegende S\u00e4ule betrachtet wird.<\/p><p>Manresa, Februar 2025<\/p><p>TARRAGO BRANDS S.L.<\/p>\t\t\t\t\t\t\t\t<\/div>\n\t\t\t\t<\/div>\n\t\t\t\t\t<\/div>\n\t\t\t\t<\/div>\n\t\t\t\t<\/div>\n\t\t","protected":false},"excerpt":{"rendered":"<p>Qualit\u00e4tspolitik Qualit\u00e4ts- und Nachhaltigkeitspolitik TARRAGO BRANDS INTERNATIONAL, S.L. ist ein multinationales Unternehmen, das f\u00fchrend in der Entwicklung und Herstellung von Produkten f\u00fcr die Pflege und Reinigung von Schuhen sowie von Zubeh\u00f6r aller Art ist. Wir verpflichten uns, die kontinuierliche Zufriedenheit von Kunden, Lieferanten und Mitarbeitern zu gew\u00e4hrleisten sowie die kontinuierliche Verbesserung der Produktionsprozesse und Arbeitsverfahren [&hellip;]<\/p>\n","protected":false},"author":1,"featured_media":0,"parent":0,"menu_order":0,"comment_status":"closed","ping_status":"closed","template":"","meta":{"_acf_changed":false,"footnotes":""},"class_list":["post-8246","page","type-page","status-publish","hentry"],"acf":[],"yoast_head":"<!-- This site is optimized with the Yoast SEO plugin v26.4 - https:\/\/yoast.com\/wordpress\/plugins\/seo\/ -->\n<title>Qualit\u00e4tspolitik - Tarrago Outdoor Care<\/title>\n<meta name=\"robots\" content=\"index, follow, max-snippet:-1, max-image-preview:large, max-video-preview:-1\" \/>\n<link rel=\"canonical\" href=\"https:\/\/outdoortarrago.com\/de\/qualitaetspolitik\/\" \/>\n<meta property=\"og:locale\" content=\"de_DE\" \/>\n<meta property=\"og:type\" content=\"article\" \/>\n<meta property=\"og:title\" content=\"Qualit\u00e4tspolitik - Tarrago Outdoor Care\" \/>\n<meta property=\"og:description\" content=\"Qualit\u00e4tspolitik Qualit\u00e4ts- und Nachhaltigkeitspolitik TARRAGO BRANDS INTERNATIONAL, S.L. ist ein multinationales Unternehmen, das f\u00fchrend in der Entwicklung und Herstellung von Produkten f\u00fcr die Pflege und Reinigung von Schuhen sowie von Zubeh\u00f6r aller Art ist. Wir verpflichten uns, die kontinuierliche Zufriedenheit von Kunden, Lieferanten und Mitarbeitern zu gew\u00e4hrleisten sowie die kontinuierliche Verbesserung der Produktionsprozesse und Arbeitsverfahren [&hellip;]\" \/>\n<meta property=\"og:url\" content=\"https:\/\/outdoortarrago.com\/de\/qualitaetspolitik\/\" \/>\n<meta property=\"og:site_name\" content=\"Tarrago Outdoor Care\" \/>\n<meta property=\"article:modified_time\" content=\"2025-02-19T14:16:53+00:00\" \/>\n<meta name=\"twitter:card\" content=\"summary_large_image\" \/>\n<meta name=\"twitter:label1\" content=\"Gesch\u00e4tzte Lesezeit\" \/>\n\t<meta name=\"twitter:data1\" content=\"2\u00a0Minuten\" \/>\n<script type=\"application\/ld+json\" class=\"yoast-schema-graph\">{\"@context\":\"https:\/\/schema.org\",\"@graph\":[{\"@type\":\"WebPage\",\"@id\":\"https:\/\/outdoortarrago.com\/de\/qualitaetspolitik\/\",\"url\":\"https:\/\/outdoortarrago.com\/de\/qualitaetspolitik\/\",\"name\":\"Qualit\u00e4tspolitik - Tarrago Outdoor Care\",\"isPartOf\":{\"@id\":\"https:\/\/outdoortarrago.com\/de\/#website\"},\"datePublished\":\"2024-10-30T20:00:54+00:00\",\"dateModified\":\"2025-02-19T14:16:53+00:00\",\"breadcrumb\":{\"@id\":\"https:\/\/outdoortarrago.com\/de\/qualitaetspolitik\/#breadcrumb\"},\"inLanguage\":\"de\",\"potentialAction\":[{\"@type\":\"ReadAction\",\"target\":[\"https:\/\/outdoortarrago.com\/de\/qualitaetspolitik\/\"]}]},{\"@type\":\"BreadcrumbList\",\"@id\":\"https:\/\/outdoortarrago.com\/de\/qualitaetspolitik\/#breadcrumb\",\"itemListElement\":[{\"@type\":\"ListItem\",\"position\":1,\"name\":\"Home\",\"item\":\"https:\/\/outdoortarrago.com\/de\/\"},{\"@type\":\"ListItem\",\"position\":2,\"name\":\"Qualit\u00e4tspolitik\"}]},{\"@type\":\"WebSite\",\"@id\":\"https:\/\/outdoortarrago.com\/de\/#website\",\"url\":\"https:\/\/outdoortarrago.com\/de\/\",\"name\":\"A NEW CONCEPT OF CARE\",\"description\":\"A new concept of care: understanding the cleaning, care, and maintenance of sportswear.\",\"publisher\":{\"@id\":\"https:\/\/outdoortarrago.com\/de\/#organization\"},\"potentialAction\":[{\"@type\":\"SearchAction\",\"target\":{\"@type\":\"EntryPoint\",\"urlTemplate\":\"https:\/\/outdoortarrago.com\/de\/?s={search_term_string}\"},\"query-input\":{\"@type\":\"PropertyValueSpecification\",\"valueRequired\":true,\"valueName\":\"search_term_string\"}}],\"inLanguage\":\"de\"},{\"@type\":\"Organization\",\"@id\":\"https:\/\/outdoortarrago.com\/de\/#organization\",\"name\":\"A NEW CONCEPT OF CARE\",\"url\":\"https:\/\/outdoortarrago.com\/de\/\",\"logo\":{\"@type\":\"ImageObject\",\"inLanguage\":\"de\",\"@id\":\"https:\/\/outdoortarrago.com\/de\/#\/schema\/logo\/image\/\",\"url\":\"https:\/\/outdoortarrago.com\/wp-content\/uploads\/2024\/10\/logo.svg\",\"contentUrl\":\"https:\/\/outdoortarrago.com\/wp-content\/uploads\/2024\/10\/logo.svg\",\"width\":189,\"height\":134,\"caption\":\"A NEW CONCEPT OF CARE\"},\"image\":{\"@id\":\"https:\/\/outdoortarrago.com\/de\/#\/schema\/logo\/image\/\"}}]}<\/script>\n<!-- \/ Yoast SEO plugin. -->","yoast_head_json":{"title":"Qualit\u00e4tspolitik - Tarrago Outdoor Care","robots":{"index":"index","follow":"follow","max-snippet":"max-snippet:-1","max-image-preview":"max-image-preview:large","max-video-preview":"max-video-preview:-1"},"canonical":"https:\/\/outdoortarrago.com\/de\/qualitaetspolitik\/","og_locale":"de_DE","og_type":"article","og_title":"Qualit\u00e4tspolitik - Tarrago Outdoor Care","og_description":"Qualit\u00e4tspolitik Qualit\u00e4ts- und Nachhaltigkeitspolitik TARRAGO BRANDS INTERNATIONAL, S.L. ist ein multinationales Unternehmen, das f\u00fchrend in der Entwicklung und Herstellung von Produkten f\u00fcr die Pflege und Reinigung von Schuhen sowie von Zubeh\u00f6r aller Art ist. Wir verpflichten uns, die kontinuierliche Zufriedenheit von Kunden, Lieferanten und Mitarbeitern zu gew\u00e4hrleisten sowie die kontinuierliche Verbesserung der Produktionsprozesse und Arbeitsverfahren [&hellip;]","og_url":"https:\/\/outdoortarrago.com\/de\/qualitaetspolitik\/","og_site_name":"Tarrago Outdoor Care","article_modified_time":"2025-02-19T14:16:53+00:00","twitter_card":"summary_large_image","twitter_misc":{"Gesch\u00e4tzte Lesezeit":"2\u00a0Minuten"},"schema":{"@context":"https:\/\/schema.org","@graph":[{"@type":"WebPage","@id":"https:\/\/outdoortarrago.com\/de\/qualitaetspolitik\/","url":"https:\/\/outdoortarrago.com\/de\/qualitaetspolitik\/","name":"Qualit\u00e4tspolitik - Tarrago Outdoor Care","isPartOf":{"@id":"https:\/\/outdoortarrago.com\/de\/#website"},"datePublished":"2024-10-30T20:00:54+00:00","dateModified":"2025-02-19T14:16:53+00:00","breadcrumb":{"@id":"https:\/\/outdoortarrago.com\/de\/qualitaetspolitik\/#breadcrumb"},"inLanguage":"de","potentialAction":[{"@type":"ReadAction","target":["https:\/\/outdoortarrago.com\/de\/qualitaetspolitik\/"]}]},{"@type":"BreadcrumbList","@id":"https:\/\/outdoortarrago.com\/de\/qualitaetspolitik\/#breadcrumb","itemListElement":[{"@type":"ListItem","position":1,"name":"Home","item":"https:\/\/outdoortarrago.com\/de\/"},{"@type":"ListItem","position":2,"name":"Qualit\u00e4tspolitik"}]},{"@type":"WebSite","@id":"https:\/\/outdoortarrago.com\/de\/#website","url":"https:\/\/outdoortarrago.com\/de\/","name":"A NEW CONCEPT OF CARE","description":"A new concept of care: understanding the cleaning, care, and maintenance of sportswear.","publisher":{"@id":"https:\/\/outdoortarrago.com\/de\/#organization"},"potentialAction":[{"@type":"SearchAction","target":{"@type":"EntryPoint","urlTemplate":"https:\/\/outdoortarrago.com\/de\/?s={search_term_string}"},"query-input":{"@type":"PropertyValueSpecification","valueRequired":true,"valueName":"search_term_string"}}],"inLanguage":"de"},{"@type":"Organization","@id":"https:\/\/outdoortarrago.com\/de\/#organization","name":"A NEW CONCEPT OF CARE","url":"https:\/\/outdoortarrago.com\/de\/","logo":{"@type":"ImageObject","inLanguage":"de","@id":"https:\/\/outdoortarrago.com\/de\/#\/schema\/logo\/image\/","url":"https:\/\/outdoortarrago.com\/wp-content\/uploads\/2024\/10\/logo.svg","contentUrl":"https:\/\/outdoortarrago.com\/wp-content\/uploads\/2024\/10\/logo.svg","width":189,"height":134,"caption":"A NEW CONCEPT OF CARE"},"image":{"@id":"https:\/\/outdoortarrago.com\/de\/#\/schema\/logo\/image\/"}}]}},"_links":{"self":[{"href":"https:\/\/outdoortarrago.com\/de\/wp-json\/wp\/v2\/pages\/8246","targetHints":{"allow":["GET"]}}],"collection":[{"href":"https:\/\/outdoortarrago.com\/de\/wp-json\/wp\/v2\/pages"}],"about":[{"href":"https:\/\/outdoortarrago.com\/de\/wp-json\/wp\/v2\/types\/page"}],"author":[{"embeddable":true,"href":"https:\/\/outdoortarrago.com\/de\/wp-json\/wp\/v2\/users\/1"}],"replies":[{"embeddable":true,"href":"https:\/\/outdoortarrago.com\/de\/wp-json\/wp\/v2\/comments?post=8246"}],"version-history":[{"count":7,"href":"https:\/\/outdoortarrago.com\/de\/wp-json\/wp\/v2\/pages\/8246\/revisions"}],"predecessor-version":[{"id":9602,"href":"https:\/\/outdoortarrago.com\/de\/wp-json\/wp\/v2\/pages\/8246\/revisions\/9602"}],"wp:attachment":[{"href":"https:\/\/outdoortarrago.com\/de\/wp-json\/wp\/v2\/media?parent=8246"}],"curies":[{"name":"wp","href":"https:\/\/api.w.org\/{rel}","templated":true}]}}