{"id":8258,"date":"2024-10-30T16:19:26","date_gmt":"2024-10-30T16:19:26","guid":{"rendered":"https:\/\/outdoortarrago.com\/datenschutzbestimmungen\/"},"modified":"2025-01-14T14:44:30","modified_gmt":"2025-01-14T14:44:30","slug":"datenschutzbestimmungen","status":"publish","type":"page","link":"https:\/\/outdoortarrago.com\/de\/datenschutzbestimmungen\/","title":{"rendered":"Datenschutzbestimmungen"},"content":{"rendered":"\t\t<div data-elementor-type=\"wp-page\" data-elementor-id=\"8258\" class=\"elementor elementor-8258 elementor-407\" data-elementor-post-type=\"page\">\n\t\t\t\t<div class=\"elementor-element elementor-element-cdd2658 e-flex e-con-boxed e-con e-parent\" data-id=\"cdd2658\" data-element_type=\"container\" data-settings=\"{&quot;background_background&quot;:&quot;classic&quot;}\">\n\t\t\t\t\t<div class=\"e-con-inner\">\n\t\t\t\t<div class=\"elementor-element elementor-element-db4d635 elementor-widget elementor-widget-heading\" data-id=\"db4d635\" data-element_type=\"widget\" data-widget_type=\"heading.default\">\n\t\t\t\t<div class=\"elementor-widget-container\">\n\t\t\t\t\t<h2 class=\"elementor-heading-title elementor-size-default\">Datenschutzbestimmungen<\/h2>\t\t\t\t<\/div>\n\t\t\t\t<\/div>\n\t\t\t\t\t<\/div>\n\t\t\t\t<\/div>\n\t\t<div class=\"elementor-element elementor-element-377ae45 e-flex e-con-boxed e-con e-parent\" data-id=\"377ae45\" data-element_type=\"container\" data-settings=\"{&quot;background_background&quot;:&quot;classic&quot;}\">\n\t\t\t\t\t<div class=\"e-con-inner\">\n\t\t\t\t<div class=\"elementor-element elementor-element-dd4a845 elementor-widget elementor-widget-text-editor\" data-id=\"dd4a845\" data-element_type=\"widget\" data-widget_type=\"text-editor.default\">\n\t\t\t\t<div class=\"elementor-widget-container\">\n\t\t\t\t\t\t\t\t\t<p><b>Letzte Aktualisierung 01\/12\/2024<\/b><\/p>\n<p>Vertraulichkeit und Sicherheit sind die zentralen Werte von TARRAGO. Daher verpflichten wir uns, die Privatsph\u00e4re des Benutzers jederzeit zu sch\u00fctzen und keine unn\u00f6tigen Informationen zu sammeln. Nachfolgend finden Sie alle notwendigen Informationen zu unserer Datenschutzpolitik in Bezug auf die gesammelten pers\u00f6nlichen Daten, die wir erl\u00e4utern: <\/p>\n<ul>\n<li><span style=\"background-color: transparent; color: var( --e-global-color-primary ); font-family: var( --e-global-typography-e599a38-font-family ), Sans-serif; font-weight: var( --e-global-typography-e599a38-font-weight ); text-align: var(--text-align);\">Wer ist der Verarbeiter Ihrer Daten.<\/span><\/li>\n<li>Der Zweck, f\u00fcr den wir die angeforderten Daten sammeln.<\/li>\n<li>Was ist die Legitimation f\u00fcr ihre Verarbeitung.<\/li>\n<li>Die Dauer, f\u00fcr die wir die Daten speichern.<\/li>\n<li>Wem Ihre Daten zugewiesen sind.<\/li>\n<li>Was Ihre Rechte sind.<\/li>\n<\/ul>\t\t\t\t\t\t\t\t<\/div>\n\t\t\t\t<\/div>\n\t\t\t\t<div class=\"elementor-element elementor-element-1cd9575 elementor-widget elementor-widget-text-editor\" data-id=\"1cd9575\" data-element_type=\"widget\" data-widget_type=\"text-editor.default\">\n\t\t\t\t<div class=\"elementor-widget-container\">\n\t\t\t\t\t\t\t\t\t<h3>1- Verantwortlicher f\u00fcr die Datenverarbeitung:<\/h3>  TARRAGO MARKEN INTERNATIONAL SL (B64002512)<br>  C\/Narc\u00eds Monturiol, 18 08243, Manresa  <br>(Barcelona) info@tarrago.com\t\t\t\t\t\t\t\t<\/div>\n\t\t\t\t<\/div>\n\t\t\t\t<div class=\"elementor-element elementor-element-2bf1c48 elementor-widget elementor-widget-text-editor\" data-id=\"2bf1c48\" data-element_type=\"widget\" data-widget_type=\"text-editor.default\">\n\t\t\t\t<div class=\"elementor-widget-container\">\n\t\t\t\t\t\t\t\t\t<h3>2- Zwecke, Legitimation und Speicherung der Verarbeitung von Daten, die \u00fcber die:<\/h3>\n<ul>\n<li><b>KONTAKTFORMULAR.<\/b><\/li>\n<\/ul>\n<div><b> <\/b><\/div>\n<p><b>Zweck<\/b>: Um Ihnen die M\u00f6glichkeit zu geben, mit uns in Kontakt zu treten und Ihre Informationsanfragen zu beantworten sowie um Ihnen Informationen \u00fcber unsere Produkte, Dienstleistungen und Aktivit\u00e4ten \u00fcber digitale Medien zukommen zu lassen, wenn Sie das entsprechende K\u00e4stchen markieren.<\/p>\n<p><b>Legitimation: <\/b>Die Zustimmung des Nutzers, wenn er \u00fcber unser Kontaktformular Informationen anfordert und das Zustimmungsfeld f\u00fcr die Zusendung von Informationen ankreuzt.<\/p>\n<p><b>Aufbewahrung<\/b>: Sobald Ihre Anfrage \u00fcber unser Formular gel\u00f6st oder per E-Mail beantwortet wurde, wenn keine neue Bearbeitung erfolgt und Sie den Erhalt kommerzieller Mitteilungen akzeptiert haben, bis der Benutzer seine Abmeldung beantragt.<\/p>\n<p><b>Versenden von E-Mails.<br \/><\/b>Zweck: Beantwortung Ihrer Informationsanfragen, Bearbeitung Ihrer Anfragen und Beantwortung von Anfragen oder Zweifeln.Legitimation: Die Zustimmung des Nutzers bei der Anforderung von Informationen \u00fcber unsere E-Mail-Adresse.Aufbewahrung: Nach der Beantwortung Ihrer E-Mail-Anfrage, wenn keine neue Bearbeitung erfolgt ist.<\/p>\n<ul>\n<li><b>NEWSLETTER ABONNIEREN.<\/b><\/li>\n<\/ul>\n<p><b>Zweck<\/b>: Um Ihnen unseren Newsletter und Informationen \u00fcber unsere Produkte, Dienstleistungen und Aktivit\u00e4ten \u00fcber digitale Medien zukommen zu lassen, wenn Sie das Zustimmungsfeld ankreuzen.<\/p>\n<p><b>Legitimation<\/b>: Die Zustimmung des Nutzers, wenn er unseren Newsletter abonniert.<\/p>\n<p><b>Aufbewahrung<\/b>: Bis der Benutzer die L\u00f6schung seiner Registrierung beantragt.<\/p>\n<p><b>KOMMENTARE BLOG<br \/>Zweck<\/b>: Um Ihren Kommentar im Blog-Bereich der Webseite zu ver\u00f6ffentlichen.<\/p>\n<p><b>Legitimation<\/b>: Die Zustimmung des Nutzers, seine pers\u00f6nlichen Daten und Kommentare an die entsprechende Ver\u00f6ffentlichung zu senden.<\/p>\n<p><b>Aufbewahrung<\/b>: Solange die Ver\u00f6ffentlichung im Blog auf der Webseite ver\u00f6ffentlicht ist.<br \/><b>Verpflichtung zur Bereitstellung Ihrer pers\u00f6nlichen Daten und die Folgen einer Nichtbereitstellung.<\/b><\/p>\n<p>Die Bereitstellung personenbezogener Daten erfordert ein Mindestalter von 14 Jahren oder, falls zutreffend, eine ausreichende Gesch\u00e4ftsf\u00e4higkeit, um einen Vertrag abzuschlie\u00dfen.<br \/>Die angeforderten personenbezogenen Daten sind notwendig, um Ihre Anfragen zu verwalten und\/oder die vertraglich vereinbarten Dienstleistungen zu erbringen. Wenn dies nicht der Fall ist, bedeutet dies, dass wir Sie nicht korrekt betreuen oder die angeforderte Dienstleistung nicht erbringen k\u00f6nnen.<\/p>\n\t\t\t\t\t\t\t\t<\/div>\n\t\t\t\t<\/div>\n\t\t\t\t<div class=\"elementor-element elementor-element-af6a422 elementor-widget elementor-widget-text-editor\" data-id=\"af6a422\" data-element_type=\"widget\" data-widget_type=\"text-editor.default\">\n\t\t\t\t<div class=\"elementor-widget-container\">\n\t\t\t\t\t\t\t\t\t<h3>3- Empf\u00e4nger der Daten<\/h3>\n<p>Ihre Daten sind vertraulich und werden nicht an Dritte weitergegeben, es sei denn, dies ist gesetzlich vorgeschrieben.<\/p>\n\t\t\t\t\t\t\t\t<\/div>\n\t\t\t\t<\/div>\n\t\t\t\t<div class=\"elementor-element elementor-element-7890f02 elementor-widget elementor-widget-text-editor\" data-id=\"7890f02\" data-element_type=\"widget\" data-widget_type=\"text-editor.default\">\n\t\t\t\t<div class=\"elementor-widget-container\">\n\t\t\t\t\t\t\t\t\t<h3>4- Rechte in Bezug auf Ihre pers\u00f6nlichen Daten<\/h3>\n<p>Jede Person kann ihre Zustimmung zur Verarbeitung ihrer Daten jederzeit widerrufen, nachdem sie sie erteilt hat. Die R\u00fccknahme der Zustimmung hat in keinem Fall Auswirkungen auf die Ausf\u00fchrung des Abonnementvertrags oder die zuvor hergestellten Beziehungen. <\/p>\n<p>Ebenso k\u00f6nnen Sie die folgenden Rechte aus\u00fcben:<\/p>\n<ul>\n<li>Zugang zu Ihren pers\u00f6nlichen Daten zu verlangen oder diese zu berichtigen, wenn sie unrichtig sind.<\/li>\n<li>ihre L\u00f6schung beantragen, wenn sie unter anderem f\u00fcr den Zweck, f\u00fcr den sie verwaltet wurden, nicht mehr erforderlich sind.<\/li>\n<li>die Einschr\u00e4nkung der Verarbeitung unter bestimmten Umst\u00e4nden zu verlangen.<\/li>\n<li>Widerspruch gegen die Verarbeitung Ihrer Daten aufgrund Ihrer besonderen Situation einlegen.<\/li>\n<li>Daten\u00fcbertragbarkeit beantragen, wenn dies gesetzlich vorgesehen ist.<\/li>\n<li>Andere nach geltendem Recht anerkannte Rechte.<\/li>\n<\/ul>\n<p>Wo und wie Sie Ihre Rechte aus\u00fcben k\u00f6nnen: Indem Sie sich schriftlich an den Betroffenen wenden, und zwar an dessen Postanschrift oder elektronische Adresse (siehe Abschnitt A), unter Angabe des Betreffs &#8222;Pers\u00f6nliche Daten&#8220; und unter Angabe des Rechts, das ausge\u00fcbt werden soll, und in Bezug auf welche pers\u00f6nlichen Daten.<\/p>\n<p>Im Falle eines Rechtsstreits mit dem Unternehmen bez\u00fcglich der Verarbeitung Ihrer Daten k\u00f6nnen Sie bei der Datenschutzbeh\u00f6rde (www.agpd.es) eine Beschwerde einreichen.<\/p>\n\t\t\t\t\t\t\t\t<\/div>\n\t\t\t\t<\/div>\n\t\t\t\t<div class=\"elementor-element elementor-element-6097b5e elementor-widget elementor-widget-text-editor\" data-id=\"6097b5e\" data-element_type=\"widget\" data-widget_type=\"text-editor.default\">\n\t\t\t\t<div class=\"elementor-widget-container\">\n\t\t\t\t\t\t\t\t\t<h3>5- Kekse<\/h3>\n<p>Diese Webseite verwendet ausschlie\u00dflich eigene und fremde (Google Analytics) technische, personalisierende und analysierende Cookies, die unter keinen Umst\u00e4nden pers\u00f6nliche Daten verarbeiten oder Surfgewohnheiten zu Werbezwecken erfassen.<\/p>\n<p>Daher haben wir Sie gem\u00e4\u00df Artikel 22 des Gesetzes \u00fcber die Dienste der Informationsgesellschaft um Ihre Zustimmung zur Verwendung von Analyse-Cookies gebeten und Sie dar\u00fcber informiert. Die Cookies werden nach einem angemessenen Zeitraum installiert, damit der Benutzer Zeit hat, sich f\u00fcr oder gegen die Verwendung von Cookies zu entscheiden.<\/p>\n\t\t\t\t\t\t\t\t<\/div>\n\t\t\t\t<\/div>\n\t\t\t\t<div class=\"elementor-element elementor-element-09b3313 elementor-widget elementor-widget-text-editor\" data-id=\"09b3313\" data-element_type=\"widget\" data-widget_type=\"text-editor.default\">\n\t\t\t\t<div class=\"elementor-widget-container\">\n\t\t\t\t\t\t\t\t\t<h3>6- Sicherheit Ihrer pers\u00f6nlichen Daten<\/h3>\n<p>Diese Webseite verwendet nur eigene und fremde (Google Analytics) technische, personalisierende und Analyse-Cookies, die unter keinen Umst\u00e4nden personenbezogene Daten verarbeiten oder Surfgewohnheiten zu Werbezwecken erfassen.<\/p>\n<p>Da Analyse-Cookies verwendet werden, haben wir Sie gem\u00e4\u00df Artikel 22 des Gesetzes \u00fcber die Dienste der Informationsgesellschaft um Ihre Zustimmung zu ihrer Verwendung gebeten und Sie dar\u00fcber informiert. Sie werden nach einer angemessenen Frist installiert, damit der Benutzer Zeit hat, zu entscheiden, ob er sie zulassen m\u00f6chte oder nicht.<\/p>\n\t\t\t\t\t\t\t\t<\/div>\n\t\t\t\t<\/div>\n\t\t\t\t<div class=\"elementor-element elementor-element-20362df elementor-widget elementor-widget-text-editor\" data-id=\"20362df\" data-element_type=\"widget\" data-widget_type=\"text-editor.default\">\n\t\t\t\t<div class=\"elementor-widget-container\">\n\t\t\t\t\t\t\t\t\t<h3>7- Aktualisieren Ihrer Daten<\/h3>\n<p>Es ist wichtig, dass Sie uns \u00fcber jede \u00c4nderung informieren, damit wir Ihre pers\u00f6nlichen Daten aktualisieren k\u00f6nnen; andernfalls k\u00f6nnen wir nicht f\u00fcr die Richtigkeit derselben haften.<\/p>\n<p>Wir haften nicht f\u00fcr die Datenschutzrichtlinien in Bezug auf die pers\u00f6nlichen Daten, die Sie \u00fcber die Links auf unserer Website an Dritte weitergeben.<\/p>\n<p>Diese Datenschutzrichtlinien k\u00f6nnen ge\u00e4ndert werden, um sie an \u00c4nderungen auf unserer Website sowie an gesetzliche oder rechtliche \u00c4nderungen in Bezug auf pers\u00f6nliche Daten anzupassen, und Sie werden daher gebeten, diese Richtlinien jedes Mal zu lesen, wenn Sie Ihre Daten \u00fcber diese Website eingeben.<\/p>\n\t\t\t\t\t\t\t\t<\/div>\n\t\t\t\t<\/div>\n\t\t\t\t\t<\/div>\n\t\t\t\t<\/div>\n\t\t\t\t<\/div>\n\t\t","protected":false},"excerpt":{"rendered":"<p>Datenschutzbestimmungen Letzte Aktualisierung 01\/12\/2024 Vertraulichkeit und Sicherheit sind die zentralen Werte von TARRAGO. Daher verpflichten wir uns, die Privatsph\u00e4re des Benutzers jederzeit zu sch\u00fctzen und keine unn\u00f6tigen Informationen zu sammeln. Nachfolgend finden Sie alle notwendigen Informationen zu unserer Datenschutzpolitik in Bezug auf die gesammelten pers\u00f6nlichen Daten, die wir erl\u00e4utern: Wer ist der Verarbeiter Ihrer Daten. [&hellip;]<\/p>\n","protected":false},"author":1,"featured_media":0,"parent":0,"menu_order":0,"comment_status":"closed","ping_status":"closed","template":"","meta":{"_acf_changed":false,"footnotes":""},"class_list":["post-8258","page","type-page","status-publish","hentry"],"acf":[],"yoast_head":"<!-- This site is optimized with the Yoast SEO plugin v26.4 - https:\/\/yoast.com\/wordpress\/plugins\/seo\/ -->\n<title>Datenschutzbestimmungen - Tarrago Outdoor Care<\/title>\n<meta name=\"robots\" content=\"index, follow, max-snippet:-1, max-image-preview:large, max-video-preview:-1\" \/>\n<link rel=\"canonical\" href=\"https:\/\/outdoortarrago.com\/de\/datenschutzbestimmungen\/\" \/>\n<meta property=\"og:locale\" content=\"de_DE\" \/>\n<meta property=\"og:type\" content=\"article\" \/>\n<meta property=\"og:title\" content=\"Datenschutzbestimmungen - Tarrago Outdoor Care\" \/>\n<meta property=\"og:description\" content=\"Datenschutzbestimmungen Letzte Aktualisierung 01\/12\/2024 Vertraulichkeit und Sicherheit sind die zentralen Werte von TARRAGO. Daher verpflichten wir uns, die Privatsph\u00e4re des Benutzers jederzeit zu sch\u00fctzen und keine unn\u00f6tigen Informationen zu sammeln. Nachfolgend finden Sie alle notwendigen Informationen zu unserer Datenschutzpolitik in Bezug auf die gesammelten pers\u00f6nlichen Daten, die wir erl\u00e4utern: Wer ist der Verarbeiter Ihrer Daten. [&hellip;]\" \/>\n<meta property=\"og:url\" content=\"https:\/\/outdoortarrago.com\/de\/datenschutzbestimmungen\/\" \/>\n<meta property=\"og:site_name\" content=\"Tarrago Outdoor Care\" \/>\n<meta property=\"article:modified_time\" content=\"2025-01-14T14:44:30+00:00\" \/>\n<meta name=\"twitter:card\" content=\"summary_large_image\" \/>\n<meta name=\"twitter:label1\" content=\"Gesch\u00e4tzte Lesezeit\" \/>\n\t<meta name=\"twitter:data1\" content=\"5\u00a0Minuten\" \/>\n<script type=\"application\/ld+json\" class=\"yoast-schema-graph\">{\"@context\":\"https:\/\/schema.org\",\"@graph\":[{\"@type\":\"WebPage\",\"@id\":\"https:\/\/outdoortarrago.com\/de\/datenschutzbestimmungen\/\",\"url\":\"https:\/\/outdoortarrago.com\/de\/datenschutzbestimmungen\/\",\"name\":\"Datenschutzbestimmungen - Tarrago Outdoor Care\",\"isPartOf\":{\"@id\":\"https:\/\/outdoortarrago.com\/de\/#website\"},\"datePublished\":\"2024-10-30T16:19:26+00:00\",\"dateModified\":\"2025-01-14T14:44:30+00:00\",\"breadcrumb\":{\"@id\":\"https:\/\/outdoortarrago.com\/de\/datenschutzbestimmungen\/#breadcrumb\"},\"inLanguage\":\"de\",\"potentialAction\":[{\"@type\":\"ReadAction\",\"target\":[\"https:\/\/outdoortarrago.com\/de\/datenschutzbestimmungen\/\"]}]},{\"@type\":\"BreadcrumbList\",\"@id\":\"https:\/\/outdoortarrago.com\/de\/datenschutzbestimmungen\/#breadcrumb\",\"itemListElement\":[{\"@type\":\"ListItem\",\"position\":1,\"name\":\"Home\",\"item\":\"https:\/\/outdoortarrago.com\/de\/\"},{\"@type\":\"ListItem\",\"position\":2,\"name\":\"Datenschutzbestimmungen\"}]},{\"@type\":\"WebSite\",\"@id\":\"https:\/\/outdoortarrago.com\/de\/#website\",\"url\":\"https:\/\/outdoortarrago.com\/de\/\",\"name\":\"A NEW CONCEPT OF CARE\",\"description\":\"A new concept of care: understanding the cleaning, care, and maintenance of sportswear.\",\"publisher\":{\"@id\":\"https:\/\/outdoortarrago.com\/de\/#organization\"},\"potentialAction\":[{\"@type\":\"SearchAction\",\"target\":{\"@type\":\"EntryPoint\",\"urlTemplate\":\"https:\/\/outdoortarrago.com\/de\/?s={search_term_string}\"},\"query-input\":{\"@type\":\"PropertyValueSpecification\",\"valueRequired\":true,\"valueName\":\"search_term_string\"}}],\"inLanguage\":\"de\"},{\"@type\":\"Organization\",\"@id\":\"https:\/\/outdoortarrago.com\/de\/#organization\",\"name\":\"A NEW CONCEPT OF CARE\",\"url\":\"https:\/\/outdoortarrago.com\/de\/\",\"logo\":{\"@type\":\"ImageObject\",\"inLanguage\":\"de\",\"@id\":\"https:\/\/outdoortarrago.com\/de\/#\/schema\/logo\/image\/\",\"url\":\"https:\/\/outdoortarrago.com\/wp-content\/uploads\/2024\/10\/logo.svg\",\"contentUrl\":\"https:\/\/outdoortarrago.com\/wp-content\/uploads\/2024\/10\/logo.svg\",\"width\":189,\"height\":134,\"caption\":\"A NEW CONCEPT OF CARE\"},\"image\":{\"@id\":\"https:\/\/outdoortarrago.com\/de\/#\/schema\/logo\/image\/\"}}]}<\/script>\n<!-- \/ Yoast SEO plugin. -->","yoast_head_json":{"title":"Datenschutzbestimmungen - Tarrago Outdoor Care","robots":{"index":"index","follow":"follow","max-snippet":"max-snippet:-1","max-image-preview":"max-image-preview:large","max-video-preview":"max-video-preview:-1"},"canonical":"https:\/\/outdoortarrago.com\/de\/datenschutzbestimmungen\/","og_locale":"de_DE","og_type":"article","og_title":"Datenschutzbestimmungen - Tarrago Outdoor Care","og_description":"Datenschutzbestimmungen Letzte Aktualisierung 01\/12\/2024 Vertraulichkeit und Sicherheit sind die zentralen Werte von TARRAGO. Daher verpflichten wir uns, die Privatsph\u00e4re des Benutzers jederzeit zu sch\u00fctzen und keine unn\u00f6tigen Informationen zu sammeln. Nachfolgend finden Sie alle notwendigen Informationen zu unserer Datenschutzpolitik in Bezug auf die gesammelten pers\u00f6nlichen Daten, die wir erl\u00e4utern: Wer ist der Verarbeiter Ihrer Daten. [&hellip;]","og_url":"https:\/\/outdoortarrago.com\/de\/datenschutzbestimmungen\/","og_site_name":"Tarrago Outdoor Care","article_modified_time":"2025-01-14T14:44:30+00:00","twitter_card":"summary_large_image","twitter_misc":{"Gesch\u00e4tzte Lesezeit":"5\u00a0Minuten"},"schema":{"@context":"https:\/\/schema.org","@graph":[{"@type":"WebPage","@id":"https:\/\/outdoortarrago.com\/de\/datenschutzbestimmungen\/","url":"https:\/\/outdoortarrago.com\/de\/datenschutzbestimmungen\/","name":"Datenschutzbestimmungen - Tarrago Outdoor Care","isPartOf":{"@id":"https:\/\/outdoortarrago.com\/de\/#website"},"datePublished":"2024-10-30T16:19:26+00:00","dateModified":"2025-01-14T14:44:30+00:00","breadcrumb":{"@id":"https:\/\/outdoortarrago.com\/de\/datenschutzbestimmungen\/#breadcrumb"},"inLanguage":"de","potentialAction":[{"@type":"ReadAction","target":["https:\/\/outdoortarrago.com\/de\/datenschutzbestimmungen\/"]}]},{"@type":"BreadcrumbList","@id":"https:\/\/outdoortarrago.com\/de\/datenschutzbestimmungen\/#breadcrumb","itemListElement":[{"@type":"ListItem","position":1,"name":"Home","item":"https:\/\/outdoortarrago.com\/de\/"},{"@type":"ListItem","position":2,"name":"Datenschutzbestimmungen"}]},{"@type":"WebSite","@id":"https:\/\/outdoortarrago.com\/de\/#website","url":"https:\/\/outdoortarrago.com\/de\/","name":"A NEW CONCEPT OF CARE","description":"A new concept of care: understanding the cleaning, care, and maintenance of sportswear.","publisher":{"@id":"https:\/\/outdoortarrago.com\/de\/#organization"},"potentialAction":[{"@type":"SearchAction","target":{"@type":"EntryPoint","urlTemplate":"https:\/\/outdoortarrago.com\/de\/?s={search_term_string}"},"query-input":{"@type":"PropertyValueSpecification","valueRequired":true,"valueName":"search_term_string"}}],"inLanguage":"de"},{"@type":"Organization","@id":"https:\/\/outdoortarrago.com\/de\/#organization","name":"A NEW CONCEPT OF CARE","url":"https:\/\/outdoortarrago.com\/de\/","logo":{"@type":"ImageObject","inLanguage":"de","@id":"https:\/\/outdoortarrago.com\/de\/#\/schema\/logo\/image\/","url":"https:\/\/outdoortarrago.com\/wp-content\/uploads\/2024\/10\/logo.svg","contentUrl":"https:\/\/outdoortarrago.com\/wp-content\/uploads\/2024\/10\/logo.svg","width":189,"height":134,"caption":"A NEW CONCEPT OF CARE"},"image":{"@id":"https:\/\/outdoortarrago.com\/de\/#\/schema\/logo\/image\/"}}]}},"_links":{"self":[{"href":"https:\/\/outdoortarrago.com\/de\/wp-json\/wp\/v2\/pages\/8258","targetHints":{"allow":["GET"]}}],"collection":[{"href":"https:\/\/outdoortarrago.com\/de\/wp-json\/wp\/v2\/pages"}],"about":[{"href":"https:\/\/outdoortarrago.com\/de\/wp-json\/wp\/v2\/types\/page"}],"author":[{"embeddable":true,"href":"https:\/\/outdoortarrago.com\/de\/wp-json\/wp\/v2\/users\/1"}],"replies":[{"embeddable":true,"href":"https:\/\/outdoortarrago.com\/de\/wp-json\/wp\/v2\/comments?post=8258"}],"version-history":[{"count":1,"href":"https:\/\/outdoortarrago.com\/de\/wp-json\/wp\/v2\/pages\/8258\/revisions"}],"predecessor-version":[{"id":8259,"href":"https:\/\/outdoortarrago.com\/de\/wp-json\/wp\/v2\/pages\/8258\/revisions\/8259"}],"wp:attachment":[{"href":"https:\/\/outdoortarrago.com\/de\/wp-json\/wp\/v2\/media?parent=8258"}],"curies":[{"name":"wp","href":"https:\/\/api.w.org\/{rel}","templated":true}]}}