{"id":8272,"date":"2024-10-30T16:07:53","date_gmt":"2024-10-30T16:07:53","guid":{"rendered":"https:\/\/outdoortarrago.com\/rechtliche-warnungen\/"},"modified":"2025-01-14T14:47:57","modified_gmt":"2025-01-14T14:47:57","slug":"rechtliche-warnungen","status":"publish","type":"page","link":"https:\/\/outdoortarrago.com\/de\/rechtliche-warnungen\/","title":{"rendered":"Rechtliche Warnungen"},"content":{"rendered":"\t\t<div data-elementor-type=\"wp-page\" data-elementor-id=\"8272\" class=\"elementor elementor-8272 elementor-390\" data-elementor-post-type=\"page\">\n\t\t\t\t<div class=\"elementor-element elementor-element-c2e78a8 e-flex e-con-boxed e-con e-parent\" data-id=\"c2e78a8\" data-element_type=\"container\" data-settings=\"{&quot;background_background&quot;:&quot;classic&quot;}\">\n\t\t\t\t\t<div class=\"e-con-inner\">\n\t\t\t\t<div class=\"elementor-element elementor-element-fbfe809 elementor-widget elementor-widget-heading\" data-id=\"fbfe809\" data-element_type=\"widget\" data-widget_type=\"heading.default\">\n\t\t\t\t<div class=\"elementor-widget-container\">\n\t\t\t\t\t<h2 class=\"elementor-heading-title elementor-size-default\">Rechtliche Warnungen<\/h2>\t\t\t\t<\/div>\n\t\t\t\t<\/div>\n\t\t\t\t\t<\/div>\n\t\t\t\t<\/div>\n\t\t<div class=\"elementor-element elementor-element-75922d5 e-flex e-con-boxed e-con e-parent\" data-id=\"75922d5\" data-element_type=\"container\" data-settings=\"{&quot;background_background&quot;:&quot;classic&quot;}\">\n\t\t\t\t\t<div class=\"e-con-inner\">\n\t\t\t\t<div class=\"elementor-element elementor-element-f8ad50c elementor-widget elementor-widget-text-editor\" data-id=\"f8ad50c\" data-element_type=\"widget\" data-widget_type=\"text-editor.default\">\n\t\t\t\t<div class=\"elementor-widget-container\">\n\t\t\t\t\t\t\t\t\t<p>Diese Webseite ist Eigentum von TARRAGO BRANDS INTERNATIONAL SL (im Folgenden TARRAGO), Inhaber der NIF-Nummer. B64002512 und mit eingetragenem Sitz in C\/Narc\u00eds Monturiol, 18, 08243, Manresa (Barcelona) und eingetragen im Handelsregister von Barcelona in Vol. 31010 Folio 13 Blatt B.  <\/p>\n<p>F\u00fcr jede Anfrage oder jeden Vorschlag kontaktieren Sie uns unter der Telefonnummer + 34 93 877 08 14 oder schreiben Sie eine E-Mail an<span style=\"text-decoration: underline;\"> info@tarrago.com.<\/span><br \/>Diese Webseite unterliegt ausschlie\u00dflich spanischem Recht, und sowohl inl\u00e4ndische als auch ausl\u00e4ndische Nutzer dieser Website unterliegen diesem Recht.<br \/>Der Zugang des BENUTZERS zu unserer Webseite ist kostenlos und setzt voraus, dass er diese ALLGEMEINEN NUTZUNGSBEDINGUNGEN, die zum Zeitpunkt des Zugangs in Kraft sind und die wir Sie bitten, sorgf\u00e4ltig zu lesen, vollst\u00e4ndig und ausdr\u00fccklich akzeptiert. Mit der Nutzung unseres Portals, seiner Inhalte oder Dienstleistungen akzeptiert der BENUTZER ausdr\u00fccklich die allgemeinen Nutzungsbedingungen und unterwirft sich diesen. Sollte der BENUTZER mit diesen Nutzungsbedingungen nicht einverstanden sein, muss er von der Nutzung dieses Portals und der Bedienung desselben Abstand nehmen.  <\/p>\n<p>Die Bereitstellung personenbezogener Daten \u00fcber unser Portal erfordert ein Mindestalter von 14 Jahren oder gegebenenfalls eine ausreichende Gesch\u00e4ftsf\u00e4higkeit.<\/p>\n<p>Wir sind berechtigt, die Pr\u00e4sentation und Konfiguration unserer Webseite zu \u00e4ndern, die Dienste zu erweitern oder einzuschr\u00e4nken und sie sogar jederzeit aus dem Internet zu entfernen, zusammen mit den angebotenen Diensten und Inhalten, einseitig und ohne vorherige Ank\u00fcndigung.<\/p>\n\t\t\t\t\t\t\t\t<\/div>\n\t\t\t\t<\/div>\n\t\t\t\t<div class=\"elementor-element elementor-element-dbbfff9 elementor-widget elementor-widget-text-editor\" data-id=\"dbbfff9\" data-element_type=\"widget\" data-widget_type=\"text-editor.default\">\n\t\t\t\t<div class=\"elementor-widget-container\">\n\t\t\t\t\t\t\t\t\t<h3>  A. GEISTIGES EIGENTUM<\/h3>\n<p>Alle Inhalte, Texte, Bilder und Quellcodes sind Eigentum von TARRAGO oder von Dritten, f\u00fcr die die Verwertungsrechte erworben wurden, und sind durch geistige und gewerbliche Eigentumsrechte gesch\u00fctzt.<\/p>\n<p>Der Nutzer ist ausschlie\u00dflich zur privaten, nicht gewinnorientierten Nutzung berechtigt und ben\u00f6tigt eine ausdr\u00fcckliche Genehmigung, um sie zu ver\u00e4ndern, zu vervielf\u00e4ltigen, zu verwerten oder zu verbreiten oder andere Rechte des Eigent\u00fcmers auszu\u00fcben.<\/p>\n<p>TARRAGO ist ein eingetragenes Warenzeichen und die Vervielf\u00e4ltigung, Nachahmung, Verwendung oder Einf\u00fcgung dieser Marken ist ohne unsere Genehmigung verboten.<br \/>Das Hinzuf\u00fcgen von Links zu unserem Portal verleiht kein Recht auf diese. Dar\u00fcber hinaus gibt die blo\u00dfe Hinzuf\u00fcgung eines Links zu unserer Webseite kein Recht, sich als Mitarbeiter oder Partner zu bezeichnen. <\/p>\n<p>TARRAGO wird von allen Anspr\u00fcchen in Bezug auf die geistigen Eigentumsrechte an den von Dritten auf seinem Portal ver\u00f6ffentlichten Artikeln und Bildern freigestellt.<\/p>\n<p>Jede vollst\u00e4ndige oder teilweise Nachahmung unseres Portals ist streng verboten.<\/p>\n\t\t\t\t\t\t\t\t<\/div>\n\t\t\t\t<\/div>\n\t\t\t\t<div class=\"elementor-element elementor-element-1b76b44 elementor-widget elementor-widget-text-editor\" data-id=\"1b76b44\" data-element_type=\"widget\" data-widget_type=\"text-editor.default\">\n\t\t\t\t<div class=\"elementor-widget-container\">\n\t\t\t\t\t\t\t\t\t<h3>B. BEDINGUNGEN F\u00dcR ZUGANG UND NUTZUNG<\/h3>\n<p>Der Zugang zu unserer Webseite ist kostenlos und erfordert keine vorherige Anmeldung oder Registrierung.<\/p>\n<p>Jede \u00dcbermittlung pers\u00f6nlicher Daten setzt die ausdr\u00fcckliche Zustimmung des BENUTZERS zu unserer Datenschutzpolitik voraus.<\/p>\n<p>Der Nutzer muss unsere Webseite in gutem Glauben, in \u00dcbereinstimmung mit der \u00f6ffentlichen Ordnung und diesen Allgemeinen Nutzungsbedingungen aufrufen. Der Zugriff auf unsere Website erfolgt auf alleinige Verantwortung des Nutzers, der f\u00fcr alle Sch\u00e4den haftet, die er uns oder Dritten zuf\u00fcgt. <\/p>\n<p>Den Nutzern ist es ausdr\u00fccklich untersagt, die Dienste und Inhalte dieser Website auf andere als die in diesen Nutzungsbedingungen vorgesehenen Arten zu nutzen und zu erhalten.<\/p>\n<p>Der BENUTZER darf auf unserem Portal keine Aktionen durchf\u00fchren, die zu einer \u00dcberlastung unserer Computersysteme f\u00fchren oder Viren oder die Installation von Robotern oder Software einf\u00fchren, die den normalen Betrieb unserer Website ver\u00e4ndern oder unsere Computersysteme besch\u00e4digen k\u00f6nnten.<\/p>\n<p>In Anbetracht der Unm\u00f6glichkeit, die Informationen, Inhalte und Dienstleistungen zu kontrollieren, die auf den Websites Dritter enthalten sind, die \u00fcber die Links auf unserer Website zug\u00e4nglich sind, informieren wir Sie dar\u00fcber, dass TARRAGO nicht f\u00fcr Sch\u00e4den jeglicher Art haftet, die sich aus der Nutzung dieser Websites Dritter durch den Nutzer ergeben k\u00f6nnten.<br \/>TARRAGO beh\u00e4lt sich das einseitige Recht vor, ohne Vorank\u00fcndigung jeden BENUTZER zu entfernen, der nach Ansicht der Organisation gegen die Bedingungen f\u00fcr die Nutzung unserer Website versto\u00dfen hat. Sie beh\u00e4lt sich au\u00dferdem das Recht vor, geeignete rechtliche Schritte gegen diejenigen einzuleiten, die gegen diese allgemeinen Nutzungsbedingungen versto\u00dfen. <\/p>\n\t\t\t\t\t\t\t\t<\/div>\n\t\t\t\t<\/div>\n\t\t\t\t<div class=\"elementor-element elementor-element-709eecb elementor-widget elementor-widget-text-editor\" data-id=\"709eecb\" data-element_type=\"widget\" data-widget_type=\"text-editor.default\">\n\t\t\t\t<div class=\"elementor-widget-container\">\n\t\t\t\t\t\t\t\t\t<h3>  C.DATENSCHUTZBESTIMMUNGEN<\/h3>\n<p>Vertraulichkeit und Sicherheit sind die zentralen Werte von TARRAGO und wir verpflichten uns daher, die Privatsph\u00e4re des Nutzers jederzeit zu gew\u00e4hrleisten und keine unn\u00f6tigen Informationen zu sammeln.<\/p>\n<p>Die Angabe von pers\u00f6nlichen Daten \u00fcber unser Portal erfordert ein Mindestalter von 14 Jahren und die ausdr\u00fcckliche Zustimmung zu unserer Datenschutzrichtlinie.<\/p>\n\t\t\t\t\t\t\t\t<\/div>\n\t\t\t\t<\/div>\n\t\t\t\t<div class=\"elementor-element elementor-element-5735825 elementor-widget elementor-widget-text-editor\" data-id=\"5735825\" data-element_type=\"widget\" data-widget_type=\"text-editor.default\">\n\t\t\t\t<div class=\"elementor-widget-container\">\n\t\t\t\t\t\t\t\t\t<h3>  D. HAFTUNG<\/h3>\n<p>Indem wir dem Benutzer diese Webseite zur Verf\u00fcgung stellen, m\u00f6chten wir einen Qualit\u00e4tsservice anbieten, indem wir die gr\u00f6\u00dftm\u00f6gliche Sorgfalt bei der Bereitstellung desselben und bei den verwendeten technischen Mitteln anwenden. TARRAGO garantiert jedoch nicht, dass die Verf\u00fcgbarkeit des Dienstes aufgrund von Umst\u00e4nden, die auf Probleme mit dem Internetnetz, den Ausfall von IT-Ger\u00e4ten oder andere unvorhersehbare Umst\u00e4nde zur\u00fcckzuf\u00fchren sind, kontinuierlich oder ununterbrochen gew\u00e4hrleistet ist, so dass der BENUTZER diese Umst\u00e4nde in angemessenem Rahmen tolerieren muss und ausdr\u00fccklich auf jegliche Anspr\u00fcche gegen\u00fcber TARRAGO im Hinblick auf die Haftung f\u00fcr m\u00f6gliche Ausf\u00e4lle, Fehler oder die Nutzung des Dienstes verzichtet. <\/p>\n<p>Der BENUTZER \u00fcbernimmt die volle Haftung f\u00fcr die Nutzung unserer Webseite und ist allein verantwortlich f\u00fcr alle direkten oder indirekten Auswirkungen auf die Webseite, einschlie\u00dflich, aber nicht beschr\u00e4nkt auf alle nachteiligen wirtschaftlichen, technischen und\/oder gerichtlichen Folgen sowie die Nichterf\u00fcllung der durch unser Portal geweckten Erwartungen, und der Benutzer verpflichtet sich, TARRAGO von allen Anspr\u00fcchen freizustellen, die sich direkt oder indirekt aus diesen Ereignissen ergeben.<\/p>\n<p>Der BENUTZER erkennt an, dass er alle Informationen zu den Nutzungsbedingungen unseres Portals verstanden hat und dass diese ausreichend sind, um jeglichen Irrtum auszuschlie\u00dfen und akzeptiert sie daher ausdr\u00fccklich in vollem Umfang.<\/p>\n<p>Der BENUTZER ist sich dar\u00fcber im Klaren, dass das blo\u00dfe Surfen auf dieser Website und die Nutzung ihrer Dienste die Annahme dieser Nutzungsbedingungen impliziert.<\/p>\n<p>Alle Angelegenheiten, die sich auf unsere Webseite beziehen, unterliegen dem spanischen Recht. Sollte es zwischen den Parteien zu Unstimmigkeiten oder Streitigkeiten \u00fcber die Auslegung oder den Inhalt dieser Webseite kommen, unterwerfen sich alle Parteien den Gerichten, die von den Parteien vereinbart wurden oder die gesetzlich anwendbar sind. <\/p>\n\t\t\t\t\t\t\t\t<\/div>\n\t\t\t\t<\/div>\n\t\t\t\t<div class=\"elementor-element elementor-element-609db3d elementor-widget elementor-widget-text-editor\" data-id=\"609db3d\" data-element_type=\"widget\" data-widget_type=\"text-editor.default\">\n\t\t\t\t<div class=\"elementor-widget-container\">\n\t\t\t\t\t\t\t\t\t<h3>&nbsp;E. G\u00dcLTIGKEIT DER ALLGEMEINEN BEDINGUNGEN F\u00dcR DEN ZUGANG ZUR WEBSITE<\/h3>\n<p>Diese Allgemeinen Nutzungsbedingungen wurden am 01\/12\/2024 ge\u00e4ndert. Wir k\u00f6nnen sie jederzeit \u00e4ndern: Bitte \u00fcberpr\u00fcfen Sie das Datum der Ver\u00f6ffentlichung jedes Mal, wenn Sie unsere Website aufrufen, um sicherzustellen, dass keine \u00c4nderungen vorgenommen wurden, die Sie betreffen k\u00f6nnten. <\/p>\n<p>Bei Fragen zu den Nutzungsbedingungen unserer Website wenden Sie sich bitte an die oben angegebenen Kontaktdaten oder an Lant Abogados unter&nbsp;info@lant-abogados.com&nbsp;oder unter<span style=\"text-decoration: underline;\"><span style=\"color: #17322f; text-decoration: underline;\">&nbsp;<a style=\"font-family: var( --e-global-typography-e599a38-font-family ), Sans-serif; font-size: var( --e-global-typography-e599a38-font-size ); text-align: var(--text-align); color: #17322f; text-decoration: underline;\" href=\"https:\/\/www.lant-abogados.com\/\" target=\"_blank\" rel=\"noopener\">https:\/\/www.lant-abogados.com\/<\/a><\/span><\/span><\/p>\t\t\t\t\t\t\t\t<\/div>\n\t\t\t\t<\/div>\n\t\t\t\t\t<\/div>\n\t\t\t\t<\/div>\n\t\t\t\t<\/div>\n\t\t","protected":false},"excerpt":{"rendered":"<p>Rechtliche Warnungen Diese Webseite ist Eigentum von TARRAGO BRANDS INTERNATIONAL SL (im Folgenden TARRAGO), Inhaber der NIF-Nummer. B64002512 und mit eingetragenem Sitz in C\/Narc\u00eds Monturiol, 18, 08243, Manresa (Barcelona) und eingetragen im Handelsregister von Barcelona in Vol. 31010 Folio 13 Blatt B. F\u00fcr jede Anfrage oder jeden Vorschlag kontaktieren Sie uns unter der Telefonnummer + [&hellip;]<\/p>\n","protected":false},"author":1,"featured_media":0,"parent":0,"menu_order":0,"comment_status":"closed","ping_status":"closed","template":"","meta":{"_acf_changed":false,"footnotes":""},"class_list":["post-8272","page","type-page","status-publish","hentry"],"acf":[],"yoast_head":"<!-- This site is optimized with the Yoast SEO plugin v26.4 - https:\/\/yoast.com\/wordpress\/plugins\/seo\/ -->\n<title>Rechtliche Warnungen - Tarrago Outdoor Care<\/title>\n<meta name=\"robots\" content=\"index, follow, max-snippet:-1, max-image-preview:large, max-video-preview:-1\" \/>\n<link rel=\"canonical\" href=\"https:\/\/outdoortarrago.com\/de\/rechtliche-warnungen\/\" \/>\n<meta property=\"og:locale\" content=\"de_DE\" \/>\n<meta property=\"og:type\" content=\"article\" \/>\n<meta property=\"og:title\" content=\"Rechtliche Warnungen - Tarrago Outdoor Care\" \/>\n<meta property=\"og:description\" content=\"Rechtliche Warnungen Diese Webseite ist Eigentum von TARRAGO BRANDS INTERNATIONAL SL (im Folgenden TARRAGO), Inhaber der NIF-Nummer. B64002512 und mit eingetragenem Sitz in C\/Narc\u00eds Monturiol, 18, 08243, Manresa (Barcelona) und eingetragen im Handelsregister von Barcelona in Vol. 31010 Folio 13 Blatt B. F\u00fcr jede Anfrage oder jeden Vorschlag kontaktieren Sie uns unter der Telefonnummer + [&hellip;]\" \/>\n<meta property=\"og:url\" content=\"https:\/\/outdoortarrago.com\/de\/rechtliche-warnungen\/\" \/>\n<meta property=\"og:site_name\" content=\"Tarrago Outdoor Care\" \/>\n<meta property=\"article:modified_time\" content=\"2025-01-14T14:47:57+00:00\" \/>\n<meta name=\"twitter:card\" content=\"summary_large_image\" \/>\n<meta name=\"twitter:label1\" content=\"Gesch\u00e4tzte Lesezeit\" \/>\n\t<meta name=\"twitter:data1\" content=\"5\u00a0Minuten\" \/>\n<script type=\"application\/ld+json\" class=\"yoast-schema-graph\">{\"@context\":\"https:\/\/schema.org\",\"@graph\":[{\"@type\":\"WebPage\",\"@id\":\"https:\/\/outdoortarrago.com\/de\/rechtliche-warnungen\/\",\"url\":\"https:\/\/outdoortarrago.com\/de\/rechtliche-warnungen\/\",\"name\":\"Rechtliche Warnungen - Tarrago Outdoor Care\",\"isPartOf\":{\"@id\":\"https:\/\/outdoortarrago.com\/de\/#website\"},\"datePublished\":\"2024-10-30T16:07:53+00:00\",\"dateModified\":\"2025-01-14T14:47:57+00:00\",\"breadcrumb\":{\"@id\":\"https:\/\/outdoortarrago.com\/de\/rechtliche-warnungen\/#breadcrumb\"},\"inLanguage\":\"de\",\"potentialAction\":[{\"@type\":\"ReadAction\",\"target\":[\"https:\/\/outdoortarrago.com\/de\/rechtliche-warnungen\/\"]}]},{\"@type\":\"BreadcrumbList\",\"@id\":\"https:\/\/outdoortarrago.com\/de\/rechtliche-warnungen\/#breadcrumb\",\"itemListElement\":[{\"@type\":\"ListItem\",\"position\":1,\"name\":\"Home\",\"item\":\"https:\/\/outdoortarrago.com\/de\/\"},{\"@type\":\"ListItem\",\"position\":2,\"name\":\"Rechtliche Warnungen\"}]},{\"@type\":\"WebSite\",\"@id\":\"https:\/\/outdoortarrago.com\/de\/#website\",\"url\":\"https:\/\/outdoortarrago.com\/de\/\",\"name\":\"A NEW CONCEPT OF CARE\",\"description\":\"A new concept of care: understanding the cleaning, care, and maintenance of sportswear.\",\"publisher\":{\"@id\":\"https:\/\/outdoortarrago.com\/de\/#organization\"},\"potentialAction\":[{\"@type\":\"SearchAction\",\"target\":{\"@type\":\"EntryPoint\",\"urlTemplate\":\"https:\/\/outdoortarrago.com\/de\/?s={search_term_string}\"},\"query-input\":{\"@type\":\"PropertyValueSpecification\",\"valueRequired\":true,\"valueName\":\"search_term_string\"}}],\"inLanguage\":\"de\"},{\"@type\":\"Organization\",\"@id\":\"https:\/\/outdoortarrago.com\/de\/#organization\",\"name\":\"A NEW CONCEPT OF CARE\",\"url\":\"https:\/\/outdoortarrago.com\/de\/\",\"logo\":{\"@type\":\"ImageObject\",\"inLanguage\":\"de\",\"@id\":\"https:\/\/outdoortarrago.com\/de\/#\/schema\/logo\/image\/\",\"url\":\"https:\/\/outdoortarrago.com\/wp-content\/uploads\/2024\/10\/logo.svg\",\"contentUrl\":\"https:\/\/outdoortarrago.com\/wp-content\/uploads\/2024\/10\/logo.svg\",\"width\":189,\"height\":134,\"caption\":\"A NEW CONCEPT OF CARE\"},\"image\":{\"@id\":\"https:\/\/outdoortarrago.com\/de\/#\/schema\/logo\/image\/\"}}]}<\/script>\n<!-- \/ Yoast SEO plugin. -->","yoast_head_json":{"title":"Rechtliche Warnungen - Tarrago Outdoor Care","robots":{"index":"index","follow":"follow","max-snippet":"max-snippet:-1","max-image-preview":"max-image-preview:large","max-video-preview":"max-video-preview:-1"},"canonical":"https:\/\/outdoortarrago.com\/de\/rechtliche-warnungen\/","og_locale":"de_DE","og_type":"article","og_title":"Rechtliche Warnungen - Tarrago Outdoor Care","og_description":"Rechtliche Warnungen Diese Webseite ist Eigentum von TARRAGO BRANDS INTERNATIONAL SL (im Folgenden TARRAGO), Inhaber der NIF-Nummer. B64002512 und mit eingetragenem Sitz in C\/Narc\u00eds Monturiol, 18, 08243, Manresa (Barcelona) und eingetragen im Handelsregister von Barcelona in Vol. 31010 Folio 13 Blatt B. F\u00fcr jede Anfrage oder jeden Vorschlag kontaktieren Sie uns unter der Telefonnummer + [&hellip;]","og_url":"https:\/\/outdoortarrago.com\/de\/rechtliche-warnungen\/","og_site_name":"Tarrago Outdoor Care","article_modified_time":"2025-01-14T14:47:57+00:00","twitter_card":"summary_large_image","twitter_misc":{"Gesch\u00e4tzte Lesezeit":"5\u00a0Minuten"},"schema":{"@context":"https:\/\/schema.org","@graph":[{"@type":"WebPage","@id":"https:\/\/outdoortarrago.com\/de\/rechtliche-warnungen\/","url":"https:\/\/outdoortarrago.com\/de\/rechtliche-warnungen\/","name":"Rechtliche Warnungen - Tarrago Outdoor Care","isPartOf":{"@id":"https:\/\/outdoortarrago.com\/de\/#website"},"datePublished":"2024-10-30T16:07:53+00:00","dateModified":"2025-01-14T14:47:57+00:00","breadcrumb":{"@id":"https:\/\/outdoortarrago.com\/de\/rechtliche-warnungen\/#breadcrumb"},"inLanguage":"de","potentialAction":[{"@type":"ReadAction","target":["https:\/\/outdoortarrago.com\/de\/rechtliche-warnungen\/"]}]},{"@type":"BreadcrumbList","@id":"https:\/\/outdoortarrago.com\/de\/rechtliche-warnungen\/#breadcrumb","itemListElement":[{"@type":"ListItem","position":1,"name":"Home","item":"https:\/\/outdoortarrago.com\/de\/"},{"@type":"ListItem","position":2,"name":"Rechtliche Warnungen"}]},{"@type":"WebSite","@id":"https:\/\/outdoortarrago.com\/de\/#website","url":"https:\/\/outdoortarrago.com\/de\/","name":"A NEW CONCEPT OF CARE","description":"A new concept of care: understanding the cleaning, care, and maintenance of sportswear.","publisher":{"@id":"https:\/\/outdoortarrago.com\/de\/#organization"},"potentialAction":[{"@type":"SearchAction","target":{"@type":"EntryPoint","urlTemplate":"https:\/\/outdoortarrago.com\/de\/?s={search_term_string}"},"query-input":{"@type":"PropertyValueSpecification","valueRequired":true,"valueName":"search_term_string"}}],"inLanguage":"de"},{"@type":"Organization","@id":"https:\/\/outdoortarrago.com\/de\/#organization","name":"A NEW CONCEPT OF CARE","url":"https:\/\/outdoortarrago.com\/de\/","logo":{"@type":"ImageObject","inLanguage":"de","@id":"https:\/\/outdoortarrago.com\/de\/#\/schema\/logo\/image\/","url":"https:\/\/outdoortarrago.com\/wp-content\/uploads\/2024\/10\/logo.svg","contentUrl":"https:\/\/outdoortarrago.com\/wp-content\/uploads\/2024\/10\/logo.svg","width":189,"height":134,"caption":"A NEW CONCEPT OF CARE"},"image":{"@id":"https:\/\/outdoortarrago.com\/de\/#\/schema\/logo\/image\/"}}]}},"_links":{"self":[{"href":"https:\/\/outdoortarrago.com\/de\/wp-json\/wp\/v2\/pages\/8272","targetHints":{"allow":["GET"]}}],"collection":[{"href":"https:\/\/outdoortarrago.com\/de\/wp-json\/wp\/v2\/pages"}],"about":[{"href":"https:\/\/outdoortarrago.com\/de\/wp-json\/wp\/v2\/types\/page"}],"author":[{"embeddable":true,"href":"https:\/\/outdoortarrago.com\/de\/wp-json\/wp\/v2\/users\/1"}],"replies":[{"embeddable":true,"href":"https:\/\/outdoortarrago.com\/de\/wp-json\/wp\/v2\/comments?post=8272"}],"version-history":[{"count":1,"href":"https:\/\/outdoortarrago.com\/de\/wp-json\/wp\/v2\/pages\/8272\/revisions"}],"predecessor-version":[{"id":8273,"href":"https:\/\/outdoortarrago.com\/de\/wp-json\/wp\/v2\/pages\/8272\/revisions\/8273"}],"wp:attachment":[{"href":"https:\/\/outdoortarrago.com\/de\/wp-json\/wp\/v2\/media?parent=8272"}],"curies":[{"name":"wp","href":"https:\/\/api.w.org\/{rel}","templated":true}]}}