{"id":8326,"date":"2024-10-28T16:40:59","date_gmt":"2024-10-28T16:40:59","guid":{"rendered":"https:\/\/outdoortarrago.com\/erklaerung-zur-zugaenglichkeit\/"},"modified":"2025-01-14T14:56:32","modified_gmt":"2025-01-14T14:56:32","slug":"erklaerung-zur-zugaenglichkeit","status":"publish","type":"page","link":"https:\/\/outdoortarrago.com\/de\/erklaerung-zur-zugaenglichkeit\/","title":{"rendered":"Erkl\u00e4rung zur Zug\u00e4nglichkeit"},"content":{"rendered":"\t\t<div data-elementor-type=\"wp-page\" data-elementor-id=\"8326\" class=\"elementor elementor-8326 elementor-3\" data-elementor-post-type=\"page\">\n\t\t\t\t<div class=\"elementor-element elementor-element-4ac66f0 e-flex e-con-boxed e-con e-parent\" data-id=\"4ac66f0\" data-element_type=\"container\" data-settings=\"{&quot;background_background&quot;:&quot;classic&quot;}\">\n\t\t\t\t\t<div class=\"e-con-inner\">\n\t\t\t\t<div class=\"elementor-element elementor-element-9a907a5 elementor-widget elementor-widget-heading\" data-id=\"9a907a5\" data-element_type=\"widget\" data-widget_type=\"heading.default\">\n\t\t\t\t<div class=\"elementor-widget-container\">\n\t\t\t\t\t<h2 class=\"elementor-heading-title elementor-size-default\">Erkl\u00e4rung zur Zug\u00e4nglichkeit<\/h2>\t\t\t\t<\/div>\n\t\t\t\t<\/div>\n\t\t\t\t\t<\/div>\n\t\t\t\t<\/div>\n\t\t<div class=\"elementor-element elementor-element-7431159 e-flex e-con-boxed e-con e-parent\" data-id=\"7431159\" data-element_type=\"container\" data-settings=\"{&quot;background_background&quot;:&quot;classic&quot;}\">\n\t\t\t\t\t<div class=\"e-con-inner\">\n\t\t\t\t<div class=\"elementor-element elementor-element-a152efe elementor-widget elementor-widget-text-editor\" data-id=\"a152efe\" data-element_type=\"widget\" data-widget_type=\"text-editor.default\">\n\t\t\t\t<div class=\"elementor-widget-container\">\n\t\t\t\t\t\t\t\t\t<p><span style=\"color: var( --e-global-color-primary ); font-family: var( --e-global-typography-e599a38-font-family ), Sans-serif; font-size: var( --e-global-typography-e599a38-font-size ); font-weight: var( --e-global-typography-e599a38-font-weight ); text-align: var(--text-align); background-color: var( --e-global-color-accent );\">Diese Erkl\u00e4rung zur Zug\u00e4nglichkeit gilt f\u00fcr die Website&nbsp;<\/span><span style=\"font-family: var( --e-global-typography-e599a38-font-family ), Sans-serif; font-size: var( --e-global-typography-e599a38-font-size ); font-weight: var( --e-global-typography-e599a38-font-weight ); text-align: var(--text-align); background-color: var( --e-global-color-accent ); text-decoration-line: underline;\"><a style=\"font-family: var( --e-global-typography-e599a38-font-family ), Sans-serif; font-size: var( --e-global-typography-e599a38-font-size ); text-align: var(--text-align); color: rgb(23, 50, 47);\" href=\"https:\/\/www.tarrago.com.\" target=\"_blank\" rel=\"noopener\">https:\/\/www.tarrago.com.<\/a><\/span><\/p>\n\t\t\t\t\t\t\t\t<\/div>\n\t\t\t\t<\/div>\n\t\t\t\t<div class=\"elementor-element elementor-element-e2e0546 elementor-widget elementor-widget-text-editor\" data-id=\"e2e0546\" data-element_type=\"widget\" data-widget_type=\"text-editor.default\">\n\t\t\t\t<div class=\"elementor-widget-container\">\n\t\t\t\t\t\t\t\t\t<h3>Status der Einhaltung<\/h3>\n<div>Diese Website erf\u00fcllt die Anforderungen der RD 1112\/2018 aufgrund von Ausnahmen und Nichtkonformit\u00e4ten bei den unten aufgef\u00fchrten Aspekten nur teilweise.<\/div>\t\t\t\t\t\t\t\t<\/div>\n\t\t\t\t<\/div>\n\t\t\t\t<div class=\"elementor-element elementor-element-fe7e9f4 elementor-widget elementor-widget-text-editor\" data-id=\"fe7e9f4\" data-element_type=\"widget\" data-widget_type=\"text-editor.default\">\n\t\t\t\t<div class=\"elementor-widget-container\">\n\t\t\t\t\t\t\t\t\t<h3>Nicht zug\u00e4ngliche Inhalte<\/h3>\n<div>\n<p>Der folgende Inhalt ist aus den folgenden Gr\u00fcnden nicht zug\u00e4nglich:<\/p>\n<ul>\n<li>Nicht-Konformit\u00e4t mit RD 1112\/2018<\/li>\n<li>Es gibt Logos und Bilder mit falschem oder verwirrendem Alternativtext und komplexe Bilder ohne textliche Beschreibung [Anforderung 9.1.1.1 Nicht-Text-Inhalt, der UNE-EN 301549:2022].<\/li>\n<li>Es gibt fehlerhaft erstellte Listen (ohne Listen-Tags), Tabellen mit falsch beschrifteten Zellen und unsichtbare Beschriftungen in Formularelementen [Anforderung Nummer 9.1.3.1 Informationen und Beziehungen, der UNE-EN 301549:2022].<\/li>\n<li>Es gibt Tabellen, die nicht an kleine Bildschirmgr\u00f6\u00dfen angepasst sind, und Formularfelder, die auf kleinen Bildschirmen nicht korrekt angezeigt werden [Anforderung 9.1.4.10 Textanpassung, von UNE-EN 301549:2022].<\/li>\n<li>Es gibt Text, der beim \u00c4ndern von Leerzeichen und Zeilenh\u00f6hen nicht korrekt angezeigt wird [Anforderung 9.1.4.12 Textabstand, von UNE-EN 301549:2022].<\/li>\n<li>Es gibt Elemente, die nicht \u00fcber die Tastatur zug\u00e4nglich sind, wie z.B. Links zu sozialen Netzwerken, Texteditor f\u00fcr Kommentare, Elemente zum Sortieren von Suchergebnissen, Paginierung von Suchergebnissen oder Kalenderpfeile [Anforderung Nummer 9.2.1.1 Tastatur, der UNE-EN 301549:2022].<\/li>\n<li>Es gibt Elemente, die keinen Fokus erhalten und daher nicht \u00fcber die Tastatur bedient werden k\u00f6nnen, z.B. [Anforderung 9.2.4.3 Fokusreihenfolge in UNE-EN 301549:2022].<\/li>\n<li>Es gibt Links, deren Funktion nicht korrekt angegeben ist (unzureichende Beschreibungen, zu allgemeiner Text, unpassende Titel&#8230;) [Anforderung 9.2.4.4 Zweck von Links, in UNE-EN 301549:2022].<\/li>\n<li>Es gibt Kopfzeilen mit wiederholtem und\/oder unzureichend beschreibendem Text [Anforderung 9.2.4.6 Kopfzeilen und Beschriftungen, der UNE-EN 301549:2022].<\/li>\n<li>Es gibt Bilder, Infografiken, Linktexte oder Schaltfl\u00e4chen, \u00dcberschriftentexte und Inhalte, die nicht in andere Sprachen \u00fcbersetzt sind [Anforderung Nummer 9.3.1.2 Sprache der Teile, der UNE-EN 301549:2022].<\/li>\n<li>Auf einigen Seiten wird dasselbe Symbol f\u00fcr verschiedene Zwecke verwendet, was zu Verwirrung f\u00fchrt [Anforderung 9.3.2.4 Konsistente Kennzeichnung, von UNE-EN 301549:2022].<\/li>\n<li>Es gibt Fehlermeldungen, die nicht beschreibend genug sind, oder Fehlermeldungen, die nicht in einer einzigen Meldung zusammengefasst sind, sowie fehlende Vorschl\u00e4ge in Formularen zum korrekten Ausf\u00fcllen von Feldern [Anforderung 9.3.3.1 Fehleridentifikation, von UNE-EN 301549:2022].<\/li>\n<li>Es gibt Formulare mit Pflichtfeldern, bei denen der Benutzer nicht dar\u00fcber informiert wird, sowie Felder, bei denen ein Textbeispiel f\u00fcr das Feldformat fehlt. (z.B. der Personalausweis) [Anforderung 9.3.3.2 Etiketten und Anweisungen, der UNE-EN 301549:2022]. <\/li>\n<li>Es gibt Formularfelder, bei denen ein Fehler gemeldet wird, wenn ein falscher Wert eingegeben wird, aber es wird kein Vorschlag zur Korrektur gemacht. [Anforderung Nummer 9.3.3.3 Vorschl\u00e4ge f\u00fcr Fehler, der UNE-EN 301549:2022]. <\/li>\n<li>Es gibt Seiten mit Syntaxfehlern, so dass einige Hilfstechnologien den Inhalt m\u00f6glicherweise nicht richtig interpretieren (doppelte Seiten-IDs, nicht geschlossene Tags, falsche Tag-Konstruktion&#8230;). [Anforderung Nummer 9.4.1.1 Verarbeitung, von UNE-EN 301549:2022]. <\/li>\n<li>Es gibt Seiten, auf denen assistive Technologie nicht in der Lage ist, Informationen zu erhalten, zu interagieren und den Status von Bedienelementen der Benutzeroberfl\u00e4che zu erkennen, wie z.B. Hilfemeldungen, Statusmeldungen zu Aktionsergebnissen, Link-Attribute, Bild der Seitensprache&#8230;, die von Bildschirmleseger\u00e4ten nicht gelesen werden k\u00f6nnen, wenn sie erscheinen [Anforderung 9.4.1.2 Name, Funktion, Wert von UNE-EN 301549:2022].<\/li>\n<li>Auf einigen Webseiten kann es gelegentlich zu Bearbeitungsfehlern kommen.<\/li>\n<\/ul>\n<\/div>\t\t\t\t\t\t\t\t<\/div>\n\t\t\t\t<\/div>\n\t\t\t\t<div class=\"elementor-element elementor-element-0500bae elementor-widget elementor-widget-text-editor\" data-id=\"0500bae\" data-element_type=\"widget\" data-widget_type=\"text-editor.default\">\n\t\t\t\t<div class=\"elementor-widget-container\">\n\t\t\t\t\t\t\t\t\t<h3>Unverh\u00e4ltnism\u00e4\u00dfige Belastung<\/h3>\n<p>Nicht anwendbar.<\/p>\t\t\t\t\t\t\t\t<\/div>\n\t\t\t\t<\/div>\n\t\t\t\t<div class=\"elementor-element elementor-element-2649078 elementor-widget elementor-widget-text-editor\" data-id=\"2649078\" data-element_type=\"widget\" data-widget_type=\"text-editor.default\">\n\t\t\t\t<div class=\"elementor-widget-container\">\n\t\t\t\t\t\t\t\t\t<h3>Der Inhalt f\u00e4llt nicht in den Geltungsbereich der geltenden Gesetzgebung<\/h3>\n<p>Es kann sein, dass Office-Dateien in PDF- oder anderen Formaten, die vor dem 20. September 2018 ver\u00f6ffentlicht wurden, nicht alle Anforderungen an die Barrierefreiheit erf\u00fcllen. Es wurden jedoch Anstrengungen unternommen, um sicherzustellen, dass die meisten von ihnen den Anforderungen entsprechen. <\/p>\t\t\t\t\t\t\t\t<\/div>\n\t\t\t\t<\/div>\n\t\t\t\t<div class=\"elementor-element elementor-element-0808f29 elementor-widget elementor-widget-text-editor\" data-id=\"0808f29\" data-element_type=\"widget\" data-widget_type=\"text-editor.default\">\n\t\t\t\t<div class=\"elementor-widget-container\">\n\t\t\t\t\t\t\t\t\t<h3>Vorbereitung dieser Erkl\u00e4rung zur Zug\u00e4nglichkeit<\/h3>\n<p>Diese Erkl\u00e4rung wurde am 02\/10\/2023 erstellt. Die Methode, die zur Erstellung der Erkl\u00e4rung verwendet wurde, war eine Selbsteinsch\u00e4tzung, die von der Organisation selbst durchgef\u00fchrt wurde. Letzte \u00dcberpr\u00fcfung der Erkl\u00e4rung: 02\/10\/2023.  <\/p>\t\t\t\t\t\t\t\t<\/div>\n\t\t\t\t<\/div>\n\t\t\t\t<div class=\"elementor-element elementor-element-a647ac5 elementor-widget elementor-widget-text-editor\" data-id=\"a647ac5\" data-element_type=\"widget\" data-widget_type=\"text-editor.default\">\n\t\t\t\t<div class=\"elementor-widget-container\">\n\t\t\t\t\t\t\t\t\t<h3>Beobachtungen und Kontaktinformationen<\/h3>\n<p>Sie k\u00f6nnen die Anforderungen an die Zug\u00e4nglichkeit (Artikel 10.2.a) der RD 1112\/2018) mitteilen, wie z.B.:<\/p>\n<ul>\n<li>Melden Sie m\u00f6gliche Verst\u00f6\u00dfe dieser Website.<\/li>\n<li>Vermitteln Sie andere Schwierigkeiten beim Zugriff auf den Inhalt.<\/li>\n<li>Formulieren Sie jede andere Anfrage oder jeden Verbesserungsvorschlag bez\u00fcglich der Zug\u00e4nglichkeit der Website \u00fcber das folgende Kontaktformular.<\/li>\n<\/ul>\n<p>Sie k\u00f6nnen einreichen:<\/p>\n<ul>\n<li>Eine Beschwerde bez\u00fcglich der Einhaltung der Anforderungen des RD 1112\/2018 oder<\/li>\n<li>Eine Anfrage zu barrierefreien Informationen:<\/li>\n<li>Inhalte, die vom Anwendungsbereich der RD 1112\/2018 ausgeschlossen sind, wie in Artikel 3, Absatz 4 festgelegt.<\/li>\n<li>Inhalte, die von der Einhaltung der Zug\u00e4nglichkeitsanforderungen ausgenommen sind, weil sie eine unverh\u00e4ltnism\u00e4\u00dfige Belastung darstellen.<\/li>\n<\/ul>\n<p>In der Anfrage nach zug\u00e4nglichen Informationen m\u00fcssen die Fakten, die Gr\u00fcnde und die Anfrage klar angegeben werden, damit \u00fcberpr\u00fcft werden kann, ob es sich um eine angemessene und legitime Anfrage handelt.<\/p>\t\t\t\t\t\t\t\t<\/div>\n\t\t\t\t<\/div>\n\t\t\t\t<div class=\"elementor-element elementor-element-496cbfb elementor-widget elementor-widget-text-editor\" data-id=\"496cbfb\" data-element_type=\"widget\" data-widget_type=\"text-editor.default\">\n\t\t\t\t<div class=\"elementor-widget-container\">\n\t\t\t\t\t\t\t\t\t<h3>Optionaler Inhalt<\/h3>\n<p>Diese Website erf\u00fcllt die Anforderungen der Norm UNE-EN 301549:2022 unter Ber\u00fccksichtigung der Ausnahmen der RD 1112\/2018. Die letzte \u00dcberpr\u00fcfung der Zug\u00e4nglichkeit wurde am 02\/10\/2023 durchgef\u00fchrt. <br><br>Die Website ist optimiert f\u00fcr Microsoft Internet Explorer 8.0 oder h\u00f6her und die neuesten Versionen von FireFox, Safari, Opera und Google Chrome. Die empfohlene Mindest-Webaufl\u00f6sung betr\u00e4gt 1280\u00d71024. <br><br>Die Website ist f\u00fcr die Responsive-Ansicht konzipiert, so dass sie auf Tablet- und Mobilger\u00e4ten optimal angezeigt wird. Auf diesen Ger\u00e4ten ist sie f\u00fcr die Anzeige auf den neuesten g\u00fcltigen Versionen von Chrome f\u00fcr Mobilger\u00e4te, Firefox f\u00fcr Mobilger\u00e4te, Safari f\u00fcr Mobilger\u00e4te, Opera Mini und dem nativen Android-Browser optimiert. <\/p>\t\t\t\t\t\t\t\t<\/div>\n\t\t\t\t<\/div>\n\t\t\t\t\t<\/div>\n\t\t\t\t<\/div>\n\t\t\t\t<\/div>\n\t\t","protected":false},"excerpt":{"rendered":"<p>Erkl\u00e4rung zur Zug\u00e4nglichkeit Diese Erkl\u00e4rung zur Zug\u00e4nglichkeit gilt f\u00fcr die Website&nbsp;https:\/\/www.tarrago.com. Status der Einhaltung Diese Website erf\u00fcllt die Anforderungen der RD 1112\/2018 aufgrund von Ausnahmen und Nichtkonformit\u00e4ten bei den unten aufgef\u00fchrten Aspekten nur teilweise. Nicht zug\u00e4ngliche Inhalte Der folgende Inhalt ist aus den folgenden Gr\u00fcnden nicht zug\u00e4nglich: Nicht-Konformit\u00e4t mit RD 1112\/2018 Es gibt Logos und [&hellip;]<\/p>\n","protected":false},"author":1,"featured_media":0,"parent":0,"menu_order":0,"comment_status":"closed","ping_status":"open","template":"","meta":{"_acf_changed":false,"footnotes":""},"class_list":["post-8326","page","type-page","status-publish","hentry"],"acf":[],"yoast_head":"<!-- This site is optimized with the Yoast SEO plugin v26.4 - https:\/\/yoast.com\/wordpress\/plugins\/seo\/ -->\n<title>Erkl\u00e4rung zur Zug\u00e4nglichkeit - Tarrago Outdoor Care<\/title>\n<meta name=\"robots\" content=\"index, follow, max-snippet:-1, max-image-preview:large, max-video-preview:-1\" \/>\n<link rel=\"canonical\" href=\"https:\/\/outdoortarrago.com\/de\/erklaerung-zur-zugaenglichkeit\/\" \/>\n<meta property=\"og:locale\" content=\"de_DE\" \/>\n<meta property=\"og:type\" content=\"article\" \/>\n<meta property=\"og:title\" content=\"Erkl\u00e4rung zur Zug\u00e4nglichkeit - Tarrago Outdoor Care\" \/>\n<meta property=\"og:description\" content=\"Erkl\u00e4rung zur Zug\u00e4nglichkeit Diese Erkl\u00e4rung zur Zug\u00e4nglichkeit gilt f\u00fcr die Website&nbsp;https:\/\/www.tarrago.com. Status der Einhaltung Diese Website erf\u00fcllt die Anforderungen der RD 1112\/2018 aufgrund von Ausnahmen und Nichtkonformit\u00e4ten bei den unten aufgef\u00fchrten Aspekten nur teilweise. Nicht zug\u00e4ngliche Inhalte Der folgende Inhalt ist aus den folgenden Gr\u00fcnden nicht zug\u00e4nglich: Nicht-Konformit\u00e4t mit RD 1112\/2018 Es gibt Logos und [&hellip;]\" \/>\n<meta property=\"og:url\" content=\"https:\/\/outdoortarrago.com\/de\/erklaerung-zur-zugaenglichkeit\/\" \/>\n<meta property=\"og:site_name\" content=\"Tarrago Outdoor Care\" \/>\n<meta property=\"article:modified_time\" content=\"2025-01-14T14:56:32+00:00\" \/>\n<meta name=\"twitter:card\" content=\"summary_large_image\" \/>\n<meta name=\"twitter:label1\" content=\"Gesch\u00e4tzte Lesezeit\" \/>\n\t<meta name=\"twitter:data1\" content=\"4\u00a0Minuten\" \/>\n<script type=\"application\/ld+json\" class=\"yoast-schema-graph\">{\"@context\":\"https:\/\/schema.org\",\"@graph\":[{\"@type\":\"WebPage\",\"@id\":\"https:\/\/outdoortarrago.com\/de\/erklaerung-zur-zugaenglichkeit\/\",\"url\":\"https:\/\/outdoortarrago.com\/de\/erklaerung-zur-zugaenglichkeit\/\",\"name\":\"Erkl\u00e4rung zur Zug\u00e4nglichkeit - Tarrago Outdoor Care\",\"isPartOf\":{\"@id\":\"https:\/\/outdoortarrago.com\/de\/#website\"},\"datePublished\":\"2024-10-28T16:40:59+00:00\",\"dateModified\":\"2025-01-14T14:56:32+00:00\",\"breadcrumb\":{\"@id\":\"https:\/\/outdoortarrago.com\/de\/erklaerung-zur-zugaenglichkeit\/#breadcrumb\"},\"inLanguage\":\"de\",\"potentialAction\":[{\"@type\":\"ReadAction\",\"target\":[\"https:\/\/outdoortarrago.com\/de\/erklaerung-zur-zugaenglichkeit\/\"]}]},{\"@type\":\"BreadcrumbList\",\"@id\":\"https:\/\/outdoortarrago.com\/de\/erklaerung-zur-zugaenglichkeit\/#breadcrumb\",\"itemListElement\":[{\"@type\":\"ListItem\",\"position\":1,\"name\":\"Home\",\"item\":\"https:\/\/outdoortarrago.com\/de\/\"},{\"@type\":\"ListItem\",\"position\":2,\"name\":\"Erkl\u00e4rung zur Zug\u00e4nglichkeit\"}]},{\"@type\":\"WebSite\",\"@id\":\"https:\/\/outdoortarrago.com\/de\/#website\",\"url\":\"https:\/\/outdoortarrago.com\/de\/\",\"name\":\"A NEW CONCEPT OF CARE\",\"description\":\"A new concept of care: understanding the cleaning, care, and maintenance of sportswear.\",\"publisher\":{\"@id\":\"https:\/\/outdoortarrago.com\/de\/#organization\"},\"potentialAction\":[{\"@type\":\"SearchAction\",\"target\":{\"@type\":\"EntryPoint\",\"urlTemplate\":\"https:\/\/outdoortarrago.com\/de\/?s={search_term_string}\"},\"query-input\":{\"@type\":\"PropertyValueSpecification\",\"valueRequired\":true,\"valueName\":\"search_term_string\"}}],\"inLanguage\":\"de\"},{\"@type\":\"Organization\",\"@id\":\"https:\/\/outdoortarrago.com\/de\/#organization\",\"name\":\"A NEW CONCEPT OF CARE\",\"url\":\"https:\/\/outdoortarrago.com\/de\/\",\"logo\":{\"@type\":\"ImageObject\",\"inLanguage\":\"de\",\"@id\":\"https:\/\/outdoortarrago.com\/de\/#\/schema\/logo\/image\/\",\"url\":\"https:\/\/outdoortarrago.com\/wp-content\/uploads\/2024\/10\/logo.svg\",\"contentUrl\":\"https:\/\/outdoortarrago.com\/wp-content\/uploads\/2024\/10\/logo.svg\",\"width\":189,\"height\":134,\"caption\":\"A NEW CONCEPT OF CARE\"},\"image\":{\"@id\":\"https:\/\/outdoortarrago.com\/de\/#\/schema\/logo\/image\/\"}}]}<\/script>\n<!-- \/ Yoast SEO plugin. -->","yoast_head_json":{"title":"Erkl\u00e4rung zur Zug\u00e4nglichkeit - Tarrago Outdoor Care","robots":{"index":"index","follow":"follow","max-snippet":"max-snippet:-1","max-image-preview":"max-image-preview:large","max-video-preview":"max-video-preview:-1"},"canonical":"https:\/\/outdoortarrago.com\/de\/erklaerung-zur-zugaenglichkeit\/","og_locale":"de_DE","og_type":"article","og_title":"Erkl\u00e4rung zur Zug\u00e4nglichkeit - Tarrago Outdoor Care","og_description":"Erkl\u00e4rung zur Zug\u00e4nglichkeit Diese Erkl\u00e4rung zur Zug\u00e4nglichkeit gilt f\u00fcr die Website&nbsp;https:\/\/www.tarrago.com. Status der Einhaltung Diese Website erf\u00fcllt die Anforderungen der RD 1112\/2018 aufgrund von Ausnahmen und Nichtkonformit\u00e4ten bei den unten aufgef\u00fchrten Aspekten nur teilweise. Nicht zug\u00e4ngliche Inhalte Der folgende Inhalt ist aus den folgenden Gr\u00fcnden nicht zug\u00e4nglich: Nicht-Konformit\u00e4t mit RD 1112\/2018 Es gibt Logos und [&hellip;]","og_url":"https:\/\/outdoortarrago.com\/de\/erklaerung-zur-zugaenglichkeit\/","og_site_name":"Tarrago Outdoor Care","article_modified_time":"2025-01-14T14:56:32+00:00","twitter_card":"summary_large_image","twitter_misc":{"Gesch\u00e4tzte Lesezeit":"4\u00a0Minuten"},"schema":{"@context":"https:\/\/schema.org","@graph":[{"@type":"WebPage","@id":"https:\/\/outdoortarrago.com\/de\/erklaerung-zur-zugaenglichkeit\/","url":"https:\/\/outdoortarrago.com\/de\/erklaerung-zur-zugaenglichkeit\/","name":"Erkl\u00e4rung zur Zug\u00e4nglichkeit - Tarrago Outdoor Care","isPartOf":{"@id":"https:\/\/outdoortarrago.com\/de\/#website"},"datePublished":"2024-10-28T16:40:59+00:00","dateModified":"2025-01-14T14:56:32+00:00","breadcrumb":{"@id":"https:\/\/outdoortarrago.com\/de\/erklaerung-zur-zugaenglichkeit\/#breadcrumb"},"inLanguage":"de","potentialAction":[{"@type":"ReadAction","target":["https:\/\/outdoortarrago.com\/de\/erklaerung-zur-zugaenglichkeit\/"]}]},{"@type":"BreadcrumbList","@id":"https:\/\/outdoortarrago.com\/de\/erklaerung-zur-zugaenglichkeit\/#breadcrumb","itemListElement":[{"@type":"ListItem","position":1,"name":"Home","item":"https:\/\/outdoortarrago.com\/de\/"},{"@type":"ListItem","position":2,"name":"Erkl\u00e4rung zur Zug\u00e4nglichkeit"}]},{"@type":"WebSite","@id":"https:\/\/outdoortarrago.com\/de\/#website","url":"https:\/\/outdoortarrago.com\/de\/","name":"A NEW CONCEPT OF CARE","description":"A new concept of care: understanding the cleaning, care, and maintenance of sportswear.","publisher":{"@id":"https:\/\/outdoortarrago.com\/de\/#organization"},"potentialAction":[{"@type":"SearchAction","target":{"@type":"EntryPoint","urlTemplate":"https:\/\/outdoortarrago.com\/de\/?s={search_term_string}"},"query-input":{"@type":"PropertyValueSpecification","valueRequired":true,"valueName":"search_term_string"}}],"inLanguage":"de"},{"@type":"Organization","@id":"https:\/\/outdoortarrago.com\/de\/#organization","name":"A NEW CONCEPT OF CARE","url":"https:\/\/outdoortarrago.com\/de\/","logo":{"@type":"ImageObject","inLanguage":"de","@id":"https:\/\/outdoortarrago.com\/de\/#\/schema\/logo\/image\/","url":"https:\/\/outdoortarrago.com\/wp-content\/uploads\/2024\/10\/logo.svg","contentUrl":"https:\/\/outdoortarrago.com\/wp-content\/uploads\/2024\/10\/logo.svg","width":189,"height":134,"caption":"A NEW CONCEPT OF CARE"},"image":{"@id":"https:\/\/outdoortarrago.com\/de\/#\/schema\/logo\/image\/"}}]}},"_links":{"self":[{"href":"https:\/\/outdoortarrago.com\/de\/wp-json\/wp\/v2\/pages\/8326","targetHints":{"allow":["GET"]}}],"collection":[{"href":"https:\/\/outdoortarrago.com\/de\/wp-json\/wp\/v2\/pages"}],"about":[{"href":"https:\/\/outdoortarrago.com\/de\/wp-json\/wp\/v2\/types\/page"}],"author":[{"embeddable":true,"href":"https:\/\/outdoortarrago.com\/de\/wp-json\/wp\/v2\/users\/1"}],"replies":[{"embeddable":true,"href":"https:\/\/outdoortarrago.com\/de\/wp-json\/wp\/v2\/comments?post=8326"}],"version-history":[{"count":1,"href":"https:\/\/outdoortarrago.com\/de\/wp-json\/wp\/v2\/pages\/8326\/revisions"}],"predecessor-version":[{"id":8327,"href":"https:\/\/outdoortarrago.com\/de\/wp-json\/wp\/v2\/pages\/8326\/revisions\/8327"}],"wp:attachment":[{"href":"https:\/\/outdoortarrago.com\/de\/wp-json\/wp\/v2\/media?parent=8326"}],"curies":[{"name":"wp","href":"https:\/\/api.w.org\/{rel}","templated":true}]}}