{"id":8240,"date":"2024-10-30T20:00:54","date_gmt":"2024-10-30T20:00:54","guid":{"rendered":"https:\/\/outdoortarrago.com\/politica-de-calidad\/"},"modified":"2025-02-19T13:03:39","modified_gmt":"2025-02-19T13:03:39","slug":"politica-de-calidad","status":"publish","type":"page","link":"https:\/\/outdoortarrago.com\/es\/politica-de-calidad\/","title":{"rendered":"Pol\u00edtica de calidad"},"content":{"rendered":"\t\t<div data-elementor-type=\"wp-page\" data-elementor-id=\"8240\" class=\"elementor elementor-8240 elementor-508\" data-elementor-post-type=\"page\">\n\t\t\t\t<div class=\"elementor-element elementor-element-15e09ff e-flex e-con-boxed e-con e-parent\" data-id=\"15e09ff\" data-element_type=\"container\" data-settings=\"{&quot;background_background&quot;:&quot;classic&quot;}\">\n\t\t\t\t\t<div class=\"e-con-inner\">\n\t\t\t\t<div class=\"elementor-element elementor-element-f2ffe3c elementor-widget elementor-widget-heading\" data-id=\"f2ffe3c\" data-element_type=\"widget\" data-widget_type=\"heading.default\">\n\t\t\t\t<div class=\"elementor-widget-container\">\n\t\t\t\t\t<h2 class=\"elementor-heading-title elementor-size-default\">Pol\u00edtica de calidad<\/h2>\t\t\t\t<\/div>\n\t\t\t\t<\/div>\n\t\t\t\t\t<\/div>\n\t\t\t\t<\/div>\n\t\t<div class=\"elementor-element elementor-element-15d97ad e-flex e-con-boxed e-con e-parent\" data-id=\"15d97ad\" data-element_type=\"container\" data-settings=\"{&quot;background_background&quot;:&quot;classic&quot;}\">\n\t\t\t\t\t<div class=\"e-con-inner\">\n\t\t\t\t<div class=\"elementor-element elementor-element-161dbf1 elementor-widget elementor-widget-text-editor\" data-id=\"161dbf1\" data-element_type=\"widget\" data-widget_type=\"text-editor.default\">\n\t\t\t\t<div class=\"elementor-widget-container\">\n\t\t\t\t\t\t\t\t\t<p data-pm-slice=\"1 1 []\"><strong>Pol\u00edtica de Calidad y Sostenibilidad<\/strong><\/p><p><br \/>TARRAGO BRANDS INTERNATIONAL, S.L. es una empresa multinacional l\u00edder en el desarrollo y fabricaci\u00f3n de productos para el cuidado y limpieza de calzado y todo tipo de accesorios, comprometidos con lograr la satisfacci\u00f3n constante de clientes, proveedores y trabajadores; as\u00ed como la mejora continua de los procesos productivos y procedimientos de trabajo, enfocados a la innovaci\u00f3n y la calidad y respetando los recursos humanos, el medio ambiente y la sostenibilidad.<\/p><p>TARRAGO BRANDS INTERNATIONAL, S.L. ha implementado un Sistema de Gesti\u00f3n de la Calidad seg\u00fan las normas ISO 9001: 2015, y est\u00e1 implementando un Plan OGSM de Gesti\u00f3n de la Sostenibilidad, el cual se compromete a mantener y mejorar actuando con el cumplimiento de la legislaci\u00f3n en el desarrollo de sus actividades, como cualquier otro requerimiento de sus clientes.<\/p><ol start=\"1\" data-spread=\"false\"><li><p>El cumplimiento de la legislaci\u00f3n en el desarrollo de sus actividades, como cualquier otro requerimiento de sus clientes.<\/p><\/li><li><p>Selecci\u00f3n de personal, proveedores y subcontratistas seg\u00fan los principios de calidad, sostenibilidad y los requisitos de cada cliente y proyecto.<\/p><\/li><li><p>Compromiso con la satisfacci\u00f3n del cliente.<\/p><\/li><li><p>El mantenimiento de canales de comunicaci\u00f3n con los clientes utilizados para identificar sus necesidades actuales y futuras, con el objetivo de garantizar su satisfacci\u00f3n en el cumplimiento de sus expectativas.<\/p><\/li><li><p>Cumplimiento de los requisitos y mejora continua del Sistema de Gesti\u00f3n de la Calidad y Sostenibilidad mediante la implantaci\u00f3n de sistemas de medici\u00f3n y el seguimiento de los servicios prestados a nuestros clientes, as\u00ed como de los objetivos del sistema.<\/p><\/li><li><p>Detecci\u00f3n y evaluaci\u00f3n peri\u00f3dica de riesgos y oportunidades, especialmente los relacionados con los grupos de inter\u00e9s.<\/p><\/li><li><p>La formaci\u00f3n y sensibilizaci\u00f3n de todos los implicados en nuestro proceso, con el fin de mejorarlo y fomentar la gesti\u00f3n participativa en el sistema de calidad y sostenibilidad.<\/p><\/li><li><p>Compromiso de informaci\u00f3n con los grupos de inter\u00e9s.<\/p><\/li><li><p>La Direcci\u00f3n se compromete a aportar los recursos necesarios para alcanzar los objetivos del sistema, su eficacia, su eficiencia y mejora continua, teniendo siempre presente la sostenibilidad como un pilar fundamental.<\/p><\/li><\/ol><p>Manresa, Enero 2025<\/p><p><b>TARRAGO BRANDS INTERNATIONAL S,L.<\/b><\/p>\t\t\t\t\t\t\t\t<\/div>\n\t\t\t\t<\/div>\n\t\t\t\t\t<\/div>\n\t\t\t\t<\/div>\n\t\t\t\t<\/div>\n\t\t","protected":false},"excerpt":{"rendered":"<p>Pol\u00edtica de calidad Pol\u00edtica de Calidad y Sostenibilidad TARRAGO BRANDS INTERNATIONAL, S.L. es una empresa multinacional l\u00edder en el desarrollo y fabricaci\u00f3n de productos para el cuidado y limpieza de calzado y todo tipo de accesorios, comprometidos con lograr la satisfacci\u00f3n constante de clientes, proveedores y trabajadores; as\u00ed como la mejora continua de los procesos [&hellip;]<\/p>\n","protected":false},"author":1,"featured_media":0,"parent":0,"menu_order":0,"comment_status":"closed","ping_status":"closed","template":"","meta":{"_acf_changed":false,"footnotes":""},"class_list":["post-8240","page","type-page","status-publish","hentry"],"acf":[],"yoast_head":"<!-- This site is optimized with the Yoast SEO plugin v26.4 - https:\/\/yoast.com\/wordpress\/plugins\/seo\/ -->\n<title>Pol\u00edtica de calidad - Tarrago Outdoor Care<\/title>\n<meta name=\"robots\" content=\"index, follow, max-snippet:-1, max-image-preview:large, max-video-preview:-1\" \/>\n<link rel=\"canonical\" href=\"https:\/\/outdoortarrago.com\/es\/politica-de-calidad\/\" \/>\n<meta property=\"og:locale\" content=\"es_ES\" \/>\n<meta property=\"og:type\" content=\"article\" \/>\n<meta property=\"og:title\" content=\"Pol\u00edtica de calidad - Tarrago Outdoor Care\" \/>\n<meta property=\"og:description\" content=\"Pol\u00edtica de calidad Pol\u00edtica de Calidad y Sostenibilidad TARRAGO BRANDS INTERNATIONAL, S.L. es una empresa multinacional l\u00edder en el desarrollo y fabricaci\u00f3n de productos para el cuidado y limpieza de calzado y todo tipo de accesorios, comprometidos con lograr la satisfacci\u00f3n constante de clientes, proveedores y trabajadores; as\u00ed como la mejora continua de los procesos [&hellip;]\" \/>\n<meta property=\"og:url\" content=\"https:\/\/outdoortarrago.com\/es\/politica-de-calidad\/\" \/>\n<meta property=\"og:site_name\" content=\"Tarrago Outdoor Care\" \/>\n<meta property=\"article:modified_time\" content=\"2025-02-19T13:03:39+00:00\" \/>\n<meta name=\"twitter:card\" content=\"summary_large_image\" \/>\n<meta name=\"twitter:label1\" content=\"Tiempo de lectura\" \/>\n\t<meta name=\"twitter:data1\" content=\"2 minutos\" \/>\n<script type=\"application\/ld+json\" class=\"yoast-schema-graph\">{\"@context\":\"https:\/\/schema.org\",\"@graph\":[{\"@type\":\"WebPage\",\"@id\":\"https:\/\/outdoortarrago.com\/es\/politica-de-calidad\/\",\"url\":\"https:\/\/outdoortarrago.com\/es\/politica-de-calidad\/\",\"name\":\"Pol\u00edtica de calidad - Tarrago Outdoor Care\",\"isPartOf\":{\"@id\":\"https:\/\/outdoortarrago.com\/es\/#website\"},\"datePublished\":\"2024-10-30T20:00:54+00:00\",\"dateModified\":\"2025-02-19T13:03:39+00:00\",\"breadcrumb\":{\"@id\":\"https:\/\/outdoortarrago.com\/es\/politica-de-calidad\/#breadcrumb\"},\"inLanguage\":\"es\",\"potentialAction\":[{\"@type\":\"ReadAction\",\"target\":[\"https:\/\/outdoortarrago.com\/es\/politica-de-calidad\/\"]}]},{\"@type\":\"BreadcrumbList\",\"@id\":\"https:\/\/outdoortarrago.com\/es\/politica-de-calidad\/#breadcrumb\",\"itemListElement\":[{\"@type\":\"ListItem\",\"position\":1,\"name\":\"Home\",\"item\":\"https:\/\/outdoortarrago.com\/es\/\"},{\"@type\":\"ListItem\",\"position\":2,\"name\":\"Pol\u00edtica de calidad\"}]},{\"@type\":\"WebSite\",\"@id\":\"https:\/\/outdoortarrago.com\/es\/#website\",\"url\":\"https:\/\/outdoortarrago.com\/es\/\",\"name\":\"A NEW CONCEPT OF CARE\",\"description\":\"Un nuevo concepto de cuidado\",\"publisher\":{\"@id\":\"https:\/\/outdoortarrago.com\/es\/#organization\"},\"potentialAction\":[{\"@type\":\"SearchAction\",\"target\":{\"@type\":\"EntryPoint\",\"urlTemplate\":\"https:\/\/outdoortarrago.com\/es\/?s={search_term_string}\"},\"query-input\":{\"@type\":\"PropertyValueSpecification\",\"valueRequired\":true,\"valueName\":\"search_term_string\"}}],\"inLanguage\":\"es\"},{\"@type\":\"Organization\",\"@id\":\"https:\/\/outdoortarrago.com\/es\/#organization\",\"name\":\"A NEW CONCEPT OF CARE\",\"url\":\"https:\/\/outdoortarrago.com\/es\/\",\"logo\":{\"@type\":\"ImageObject\",\"inLanguage\":\"es\",\"@id\":\"https:\/\/outdoortarrago.com\/es\/#\/schema\/logo\/image\/\",\"url\":\"https:\/\/outdoortarrago.com\/wp-content\/uploads\/2024\/10\/logo.svg\",\"contentUrl\":\"https:\/\/outdoortarrago.com\/wp-content\/uploads\/2024\/10\/logo.svg\",\"width\":189,\"height\":134,\"caption\":\"A NEW CONCEPT OF CARE\"},\"image\":{\"@id\":\"https:\/\/outdoortarrago.com\/es\/#\/schema\/logo\/image\/\"}}]}<\/script>\n<!-- \/ Yoast SEO plugin. -->","yoast_head_json":{"title":"Pol\u00edtica de calidad - Tarrago Outdoor Care","robots":{"index":"index","follow":"follow","max-snippet":"max-snippet:-1","max-image-preview":"max-image-preview:large","max-video-preview":"max-video-preview:-1"},"canonical":"https:\/\/outdoortarrago.com\/es\/politica-de-calidad\/","og_locale":"es_ES","og_type":"article","og_title":"Pol\u00edtica de calidad - Tarrago Outdoor Care","og_description":"Pol\u00edtica de calidad Pol\u00edtica de Calidad y Sostenibilidad TARRAGO BRANDS INTERNATIONAL, S.L. es una empresa multinacional l\u00edder en el desarrollo y fabricaci\u00f3n de productos para el cuidado y limpieza de calzado y todo tipo de accesorios, comprometidos con lograr la satisfacci\u00f3n constante de clientes, proveedores y trabajadores; as\u00ed como la mejora continua de los procesos [&hellip;]","og_url":"https:\/\/outdoortarrago.com\/es\/politica-de-calidad\/","og_site_name":"Tarrago Outdoor Care","article_modified_time":"2025-02-19T13:03:39+00:00","twitter_card":"summary_large_image","twitter_misc":{"Tiempo de lectura":"2 minutos"},"schema":{"@context":"https:\/\/schema.org","@graph":[{"@type":"WebPage","@id":"https:\/\/outdoortarrago.com\/es\/politica-de-calidad\/","url":"https:\/\/outdoortarrago.com\/es\/politica-de-calidad\/","name":"Pol\u00edtica de calidad - Tarrago Outdoor Care","isPartOf":{"@id":"https:\/\/outdoortarrago.com\/es\/#website"},"datePublished":"2024-10-30T20:00:54+00:00","dateModified":"2025-02-19T13:03:39+00:00","breadcrumb":{"@id":"https:\/\/outdoortarrago.com\/es\/politica-de-calidad\/#breadcrumb"},"inLanguage":"es","potentialAction":[{"@type":"ReadAction","target":["https:\/\/outdoortarrago.com\/es\/politica-de-calidad\/"]}]},{"@type":"BreadcrumbList","@id":"https:\/\/outdoortarrago.com\/es\/politica-de-calidad\/#breadcrumb","itemListElement":[{"@type":"ListItem","position":1,"name":"Home","item":"https:\/\/outdoortarrago.com\/es\/"},{"@type":"ListItem","position":2,"name":"Pol\u00edtica de calidad"}]},{"@type":"WebSite","@id":"https:\/\/outdoortarrago.com\/es\/#website","url":"https:\/\/outdoortarrago.com\/es\/","name":"A NEW CONCEPT OF CARE","description":"Un nuevo concepto de cuidado","publisher":{"@id":"https:\/\/outdoortarrago.com\/es\/#organization"},"potentialAction":[{"@type":"SearchAction","target":{"@type":"EntryPoint","urlTemplate":"https:\/\/outdoortarrago.com\/es\/?s={search_term_string}"},"query-input":{"@type":"PropertyValueSpecification","valueRequired":true,"valueName":"search_term_string"}}],"inLanguage":"es"},{"@type":"Organization","@id":"https:\/\/outdoortarrago.com\/es\/#organization","name":"A NEW CONCEPT OF CARE","url":"https:\/\/outdoortarrago.com\/es\/","logo":{"@type":"ImageObject","inLanguage":"es","@id":"https:\/\/outdoortarrago.com\/es\/#\/schema\/logo\/image\/","url":"https:\/\/outdoortarrago.com\/wp-content\/uploads\/2024\/10\/logo.svg","contentUrl":"https:\/\/outdoortarrago.com\/wp-content\/uploads\/2024\/10\/logo.svg","width":189,"height":134,"caption":"A NEW CONCEPT OF CARE"},"image":{"@id":"https:\/\/outdoortarrago.com\/es\/#\/schema\/logo\/image\/"}}]}},"_links":{"self":[{"href":"https:\/\/outdoortarrago.com\/es\/wp-json\/wp\/v2\/pages\/8240","targetHints":{"allow":["GET"]}}],"collection":[{"href":"https:\/\/outdoortarrago.com\/es\/wp-json\/wp\/v2\/pages"}],"about":[{"href":"https:\/\/outdoortarrago.com\/es\/wp-json\/wp\/v2\/types\/page"}],"author":[{"embeddable":true,"href":"https:\/\/outdoortarrago.com\/es\/wp-json\/wp\/v2\/users\/1"}],"replies":[{"embeddable":true,"href":"https:\/\/outdoortarrago.com\/es\/wp-json\/wp\/v2\/comments?post=8240"}],"version-history":[{"count":4,"href":"https:\/\/outdoortarrago.com\/es\/wp-json\/wp\/v2\/pages\/8240\/revisions"}],"predecessor-version":[{"id":9586,"href":"https:\/\/outdoortarrago.com\/es\/wp-json\/wp\/v2\/pages\/8240\/revisions\/9586"}],"wp:attachment":[{"href":"https:\/\/outdoortarrago.com\/es\/wp-json\/wp\/v2\/media?parent=8240"}],"curies":[{"name":"wp","href":"https:\/\/api.w.org\/{rel}","templated":true}]}}