{"id":8270,"date":"2024-10-30T16:07:53","date_gmt":"2024-10-30T16:07:53","guid":{"rendered":"https:\/\/outdoortarrago.com\/advertencias-legales\/"},"modified":"2025-03-31T14:13:23","modified_gmt":"2025-03-31T14:13:23","slug":"advertencias-legales","status":"publish","type":"page","link":"https:\/\/outdoortarrago.com\/es\/advertencias-legales\/","title":{"rendered":"AVISO LEGAL"},"content":{"rendered":"\t\t<div data-elementor-type=\"wp-page\" data-elementor-id=\"8270\" class=\"elementor elementor-8270 elementor-390\" data-elementor-post-type=\"page\">\n\t\t\t\t<div class=\"elementor-element elementor-element-c2e78a8 e-flex e-con-boxed e-con e-parent\" data-id=\"c2e78a8\" data-element_type=\"container\" data-settings=\"{&quot;background_background&quot;:&quot;classic&quot;}\">\n\t\t\t\t\t<div class=\"e-con-inner\">\n\t\t\t\t<div class=\"elementor-element elementor-element-fbfe809 elementor-widget elementor-widget-heading\" data-id=\"fbfe809\" data-element_type=\"widget\" data-widget_type=\"heading.default\">\n\t\t\t\t<div class=\"elementor-widget-container\">\n\t\t\t\t\t<h2 class=\"elementor-heading-title elementor-size-default\">AVISO LEGAL<\/h2>\t\t\t\t<\/div>\n\t\t\t\t<\/div>\n\t\t\t\t\t<\/div>\n\t\t\t\t<\/div>\n\t\t<div class=\"elementor-element elementor-element-75922d5 e-flex e-con-boxed e-con e-parent\" data-id=\"75922d5\" data-element_type=\"container\" data-settings=\"{&quot;background_background&quot;:&quot;classic&quot;}\">\n\t\t\t\t\t<div class=\"e-con-inner\">\n\t\t\t\t<div class=\"elementor-element elementor-element-f8ad50c elementor-widget elementor-widget-text-editor\" data-id=\"f8ad50c\" data-element_type=\"widget\" data-widget_type=\"text-editor.default\">\n\t\t\t\t<div class=\"elementor-widget-container\">\n\t\t\t\t\t\t\t\t\t<p class=\"MsoNormal\" style=\"margin-bottom: 6.0pt; text-align: justify;\"><span style=\"font-size: 11.0pt; font-family: 'Calibri',sans-serif;\">Esta p\u00e1gina Web es propiedad de TARRAGO BRANDS INTERNATIONAL SL (en adelante TARRAGO), con NIF n\u00ba B64002512 y domicilio en C\/Narc\u00eds Monturiol, 18, 08243, Manresa (Barcelona) e Inscrita en el Registro Mercantil de Barcelona en el Tomo 31010 Folio 13 Hoja B.<\/span><\/p>\n<p class=\"MsoNormal\" style=\"margin-bottom: 6.0pt; text-align: justify;\"><span style=\"font-size: 11.0pt; font-family: 'Calibri',sans-serif;\">Para cualquier consulta o propuesta, cont\u00e1ctenos llamando al tel\u00e9fono +34 93 877 08 14 o en el e-mail info@tarrago.com<\/span><\/p><p class=\"MsoNormal\" style=\"margin-bottom: 6.0pt; text-align: justify;\"><span style=\"font-family: Calibri, sans-serif; font-size: 11pt; font-weight: var( --e-global-typography-e599a38-font-weight );\">Esta p\u00e1gina Web se rige por la normativa exclusivamente aplicable en Espa\u00f1a, quedando sometida a ella, tanto nacionales como extranjeros que utilicen esta Web.<\/span><\/p>\n<p class=\"MsoNormal\" style=\"margin-bottom: 6.0pt; text-align: justify;\"><span style=\"font-size: 11.0pt; font-family: 'Calibri',sans-serif;\">El acceso a nuestra p\u00e1gina Web por parte de la PERSONA USUARIA es gratuito y est\u00e1 condicionado a la previa lectura y aceptaci\u00f3n \u00cdntegra, expresa y sin reservas de las presentes CONDICIONES GENERALES DE USO vigentes en el momento del acceso, que rogamos lea detenidamente. La PERSONA USUARIA en el momento que utiliza nuestro portal, sus contenidos o servicios, acepta y se somete expresamente a las condiciones generales de uso del mismo. Si la PERSONA USUARIA no estuviere de acuerdo con las presentes condiciones de uso, deber\u00e1 abstenerse de utilizar este portal y operar por medio del mismo.<\/span><\/p>\n<p class=\"MsoNormal\" style=\"margin-bottom: 6.0pt; text-align: justify;\"><span style=\"font-size: 11.0pt; font-family: 'Calibri',sans-serif;\">El suministro de datos personales a trav\u00e9s de nuestro portal requiere una edad m\u00ednima de 14 a\u00f1os, o en su caso, disponer de capacidad jur\u00eddica suficiente para contratar.<\/span><\/p>\n<p class=\"MsoNormal\" style=\"margin-bottom: 6.0pt; text-align: justify;\"><span style=\"font-size: 11.0pt; font-family: 'Calibri',sans-serif;\">En cualquier momento podremos modificar la presentaci\u00f3n y configuraci\u00f3n de nuestra Web, ampliar o reducir servicios, e incluso suprimirla de la Red, as\u00ed como los servicios y contenidos prestados, todo ello de forma unilateral y sin previo aviso.<\/span><\/p>\n<p class=\"MsoNormal\" style=\"margin-bottom: 6.0pt; text-align: justify;\"><span style=\"font-size: 11.0pt; font-family: 'Calibri',sans-serif;\">&nbsp;<\/span><\/p>\n<p style=\"margin-bottom: 12.0pt; text-align: justify;\"><b><span style=\"font-size: 11.0pt; font-family: 'Calibri',sans-serif;\">A. PROPIEDAD INTELECTUAL<\/span><\/b><\/p>\n<p class=\"MsoNormal\" style=\"margin-bottom: 6.0pt; text-align: justify;\"><span style=\"font-size: 11.0pt; font-family: 'Calibri',sans-serif;\">Todos los contenidos, textos, im\u00e1genes, y c\u00f3digos fuente son propiedad de TARRAGO o de terceros a los que se han adquirido sus derechos de explotaci\u00f3n, y est\u00e1n protegidos por los derechos de Propiedad Intelectual e Industrial.<\/span><\/p>\n<p class=\"MsoNormal\" style=\"margin-bottom: 6.0pt; text-align: justify;\"><span style=\"font-size: 11.0pt; font-family: 'Calibri',sans-serif;\">La PERSONA USUARIA \u00fanicamente tiene derecho a un uso privado de los mismos, sin \u00e1nimo de lucro, y necesita autorizaci\u00f3n expresa para modificarlos, reproducirlos, explotarlos, distribuirlos o ejercer cualquier derecho perteneciente a su titular.<\/span><\/p>\n<p class=\"MsoNormal\" style=\"margin-bottom: 6.0pt; text-align: justify;\"><span style=\"font-size: 11.0pt; font-family: 'Calibri',sans-serif;\">TARRAGO es una marca registrada, y est\u00e1 prohibida su reproducci\u00f3n, imitaci\u00f3n, utilizaci\u00f3n o inserci\u00f3n de estas marcas sin nuestra debida autorizaci\u00f3n.<\/span><\/p>\n<p class=\"MsoNormal\" style=\"margin-bottom: 6.0pt; text-align: justify;\"><span style=\"font-size: 11.0pt; font-family: 'Calibri',sans-serif;\">El establecimiento de enlaces a nuestro portal no confiere ning\u00fan derecho sobre el mismo. Asimismo, el simple hecho de establecer un enlace a nuestra p\u00e1gina web no da derecho a otorgarse la categor\u00eda de colaborador o socio.<\/span><\/p>\n<p class=\"MsoNormal\" style=\"margin-bottom: 6.0pt; text-align: justify;\"><span style=\"font-size: 11.0pt; font-family: 'Calibri',sans-serif;\">TARRAGO queda exonerado de responsabilidad por cualquier reclamaci\u00f3n respecto a los derechos de propiedad intelectual de los art\u00edculos e im\u00e1genes publicadas por terceros en su portal.<\/span><\/p>\n<p class=\"MsoNormal\" style=\"text-align: justify;\"><span style=\"font-size: 11.0pt; font-family: 'Calibri',sans-serif;\">Est\u00e1 absolutamente prohibida la imitaci\u00f3n ya sea total o parcial de nuestro portal o el establecimiento de enlaces a nuestra p\u00e1gina web sin la autorizaci\u00f3n previa de TARRAGO.<\/span><\/p>\n<p class=\"MsoNormal\" style=\"text-align: justify;\"><span style=\"font-size: 11.0pt; font-family: 'Calibri',sans-serif;\">&nbsp;<\/span><\/p>\n<p style=\"margin-bottom: 12.0pt; text-align: justify;\"><b><span style=\"font-size: 11.0pt; font-family: 'Calibri',sans-serif;\">B. CONDICIONES DE ACCESO Y USO<\/span><\/b><\/p>\n<p style=\"margin-bottom: 6.0pt; text-align: justify;\"><span style=\"font-size: 11.0pt; font-family: 'Calibri',sans-serif;\">El acceso a nuestra p\u00e1gina Web es gratuito y no exige suscripci\u00f3n o registro previo. Sin embargo, determinados servicios son de acceso restringido a determinadas PERSONAS USUARIAS y requieren haber realizado un proceso de registro y\/o la identificaci\u00f3n mediante contrase\u00f1as. Estos servicios quedar\u00e1n debidamente identificados en la Web. <\/span><\/p>\n<p style=\"margin-bottom: 6.0pt; text-align: justify;\"><span style=\"font-size: 11.0pt; font-family: 'Calibri',sans-serif;\">El env\u00edo de datos personales implica la aceptaci\u00f3n expresa por parte de la PERSONA USUARIA de nuestra pol\u00edtica de privacidad.<\/span><\/p>\n<p style=\"margin-bottom: 6.0pt; text-align: justify;\"><span style=\"font-size: 11.0pt; font-family: 'Calibri',sans-serif;\">La PERSONA USUARIA debe acceder a nuestra p\u00e1gina Web conforme a la buena fe, las normas de orden p\u00fablico y a las presentes Condiciones Generales de uso. El acceso a nuestro sitio Web se realiza bajo la propia y exclusiva responsabilidad de la PERSONA USUARIA, que responder\u00e1 en todo caso de los da\u00f1os y perjuicios que pueda causar a terceros o a nosotros mismos.<\/span><\/p>\n<p style=\"margin-bottom: 6.0pt; text-align: justify;\"><span style=\"font-size: 11.0pt; font-family: 'Calibri',sans-serif;\">La PERSONA USUARIA tiene expresamente prohibida la utilizaci\u00f3n y obtenci\u00f3n de los servicios y contenidos ofrecidos en la presente p\u00e1gina web, por procedimientos distintos a los estipulados en las presentes condiciones de uso.<\/span><\/p>\n<p style=\"margin-bottom: 6.0pt; text-align: justify;\"><span style=\"font-size: 11.0pt; font-family: 'Calibri',sans-serif;\">La PERSONA USUARIA tiene prohibido cualquier tipo de acci\u00f3n sobre nuestro portal que origine una excesiva sobrecarga de funcionamiento a nuestros sistemas inform\u00e1ticos, as\u00ed como la introducci\u00f3n de virus, o instalaci\u00f3n de robots, o software que altere el normal funcionamiento de nuestra web, o en definitiva pueda causar da\u00f1os a nuestros sistemas inform\u00e1ticos.<\/span><\/p>\n<p style=\"margin-bottom: 6.0pt; text-align: justify;\"><span style=\"font-size: 11.0pt; font-family: 'Calibri',sans-serif;\">Teniendo en cuenta la dificultad de control respecto a la informaci\u00f3n, contenidos y servicios que contengan p\u00e1ginas web de terceros disponibles desde nuestra p\u00e1gina web, le comunicamos que TARRAGO, no se hace responsable de los mismos, sin perjuicio de que intentar\u00e1, en la medida de lo posible, velar por su legalidad.<\/span><\/p>\n<p style=\"margin-bottom: 12.0pt; text-align: justify;\"><span style=\"font-size: 11.0pt; font-family: 'Calibri',sans-serif;\">TARRAGO se reserva el derecho a dar de baja a cualquier <span class=\"patext\"><span style=\"color: black;\">PERSONA USUARIA<\/span><\/span> que la organizaci\u00f3n entienda que ha vulnerado las condiciones que rigen el uso de nuestra p\u00e1gina web. Asimismo, se reserva el derecho de ejercitar las acciones legales oportunas contra aquellos que vulneren las presentes condiciones generales de uso.<\/span><\/p>\n<p style=\"margin-bottom: 6.0pt; text-align: justify;\"><b><span style=\"font-size: 11.0pt; font-family: 'Calibri',sans-serif;\">C. POL\u00cdTICA DE PRIVACIDAD<\/span><\/b><\/p>\n<p class=\"MsoNormal\" style=\"margin-bottom: 6.0pt; text-align: justify;\"><span class=\"patext\"><span style=\"font-size: 11.0pt; font-family: 'Calibri',sans-serif; color: black;\">La confidencialidad y la seguridad son valores primordiales de <\/span><\/span><span style=\"font-size: 11.0pt; font-family: 'Calibri',sans-serif;\">TARRAGO<span class=\"patext\"><span style=\"color: black;\"> y, en consecuencia, asumimos el compromiso de garantizar la privacidad de la PERSONA USUARIA en todo momento y de no recabar informaci\u00f3n innecesaria. <\/span><\/span><\/span><\/p>\n<p class=\"MsoNormal\" style=\"margin-bottom: 12.0pt; text-align: justify;\"><span style=\"font-size: 11.0pt; font-family: 'Calibri',sans-serif;\">El suministro de datos personales a trav\u00e9s de nuestro portal requiere una edad m\u00ednima de 14 a\u00f1os y la aceptaci\u00f3n expresa de nuestra <u><span style=\"color: #0432ff;\">Pol\u00edtica de Privacidad<\/span><\/u>.<\/span><\/p>\n<p style=\"margin-bottom: 6.0pt; text-align: justify;\"><b><span style=\"font-size: 11.0pt; font-family: 'Calibri',sans-serif;\">D. RESPONSABILIDADES<\/span><\/b><\/p>\n<p style=\"margin-bottom: 6.0pt; text-align: justify;\"><span style=\"font-size: 11.0pt; font-family: 'Calibri',sans-serif;\">Al poner a disposici\u00f3n de la PERSONA USUARIA esta p\u00e1gina Web queremos ofrecerle un servicio de calidad, utilizando la m\u00e1xima diligencia en la prestaci\u00f3n del mismo, as\u00ed como en los medios tecnol\u00f3gicos utilizados. No obstante, TARRAGO no garantiza que la disponibilidad del servicio sea continua e ininterrumpida, por circunstancias originadas por problemas en la red de Internet, aver\u00edas en los dispositivos inform\u00e1ticos u otras circunstancias imprevisibles, de manera que la PERSONA USUARIA acepta soportar dentro de unos l\u00edmites razonables estas circunstancias. <\/span><\/p>\n<p style=\"margin-bottom: 6.0pt; text-align: justify;\"><span style=\"font-size: 11.0pt; font-family: 'Calibri',sans-serif;\">Esta p\u00e1gina web, salvo lo regulado, en su caso, por algunas condiciones de uso espec\u00edficas, es puramente informativa y de presentaci\u00f3n corporativa de nuestros productos y servicios, por lo que TARRAGO no se responsabiliza por las expectativas de cualquier tipo que pueda generar a la PERSONA USUARIA. <\/span><\/p>\n<p style=\"margin-bottom: 6.0pt; text-align: justify;\"><span style=\"font-size: 11.0pt; font-family: 'Calibri',sans-serif; color: red;\">&nbsp;<\/span><\/p>\n<p style=\"margin-bottom: 6.0pt; text-align: justify;\"><span style=\"font-size: 11.0pt; font-family: 'Calibri',sans-serif;\">La PERSONA USUARIA reconoce que ha entendido toda la informaci\u00f3n respecto a las condiciones de uso de nuestro portal, y reconoce que son suficientes para la exclusi\u00f3n del error en las mismas, y por lo tanto, las acepta integra y expresamente.<\/span><\/p>\n<p style=\"margin-bottom: 6.0pt; text-align: justify;\"><span style=\"font-size: 11.0pt; font-family: 'Calibri',sans-serif;\">La PERSONA USUARIA es plenamente consciente de que la mera navegaci\u00f3n por la presente p\u00e1gina web, as\u00ed como la utilizaci\u00f3n de sus servicios, implica la aceptaci\u00f3n de las presentes condiciones de uso.<\/span><\/p>\n<p style=\"margin-bottom: 6.0pt; text-align: justify;\"><span style=\"font-size: 11.0pt; font-family: 'Calibri',sans-serif;\">Todo lo referente a nuestra p\u00e1gina web, se rige exclusivamente por las leyes espa\u00f1olas. En el caso de que se produzca cualquier tipo de discrepancia o diferencia entre las partes en relaci\u00f3n con la interpretaci\u00f3n y contenido de la presente p\u00e1gina web, todas las partes se someten a los Juzgados y Tribunales que legalmente correspondan.<\/span><\/p>\n<p style=\"margin-bottom: 6.0pt; text-align: justify;\"><span style=\"font-size: 11.0pt; font-family: 'Calibri',sans-serif;\">&nbsp;<\/span><\/p>\n<p style=\"margin-bottom: 6.0pt; text-align: justify;\"><b><span style=\"font-size: 11.0pt; font-family: 'Calibri',sans-serif;\">E. VIGENCIA DE LAS CONDICIONES GENERALES DE ACCESO A LA WEB<\/span><\/b><\/p>\n<p style=\"margin-bottom: 6.0pt; text-align: justify;\"><span style=\"font-size: 11.0pt; font-family: 'Calibri',sans-serif;\">Las presentes Condiciones Generales de Uso han sido modificadas con fecha 01\/12\/2024. En cualquier momento podemos proceder a su modificaci\u00f3n: por favor, compruebe la fecha de emisi\u00f3n en cada ocasi\u00f3n en que se conecte a nuestra p\u00e1gina Web y as\u00ed tendr\u00e1 la certeza de que no se ha producido modificaci\u00f3n alguna que le afecte.<\/span><\/p>\n<p style=\"margin-bottom: 6.0pt; text-align: justify;\"><span style=\"font-size: 11.0pt; font-family: 'Calibri',sans-serif;\">Para cualquier cuesti\u00f3n respecto a las Condiciones de Uso de nuestra p\u00e1gina web, puede ponerse en contacto con nosotros en los datos arriba indicados, o con Lant Abogados en info@lant-abogados.com&nbsp;o en www.lant-abogados.com<\/span><\/p>\t\t\t\t\t\t\t\t<\/div>\n\t\t\t\t<\/div>\n\t\t\t\t\t<\/div>\n\t\t\t\t<\/div>\n\t\t\t\t<\/div>\n\t\t","protected":false},"excerpt":{"rendered":"<p>AVISO LEGAL Esta p\u00e1gina Web es propiedad de TARRAGO BRANDS INTERNATIONAL SL (en adelante TARRAGO), con NIF n\u00ba B64002512 y domicilio en C\/Narc\u00eds Monturiol, 18, 08243, Manresa (Barcelona) e Inscrita en el Registro Mercantil de Barcelona en el Tomo 31010 Folio 13 Hoja B. Para cualquier consulta o propuesta, cont\u00e1ctenos llamando al tel\u00e9fono +34 93 [&hellip;]<\/p>\n","protected":false},"author":1,"featured_media":0,"parent":0,"menu_order":0,"comment_status":"closed","ping_status":"closed","template":"","meta":{"_acf_changed":false,"footnotes":""},"class_list":["post-8270","page","type-page","status-publish","hentry"],"acf":[],"yoast_head":"<!-- This site is optimized with the Yoast SEO plugin v26.4 - https:\/\/yoast.com\/wordpress\/plugins\/seo\/ -->\n<title>AVISO LEGAL - Tarrago Outdoor Care<\/title>\n<meta name=\"robots\" content=\"index, follow, max-snippet:-1, max-image-preview:large, max-video-preview:-1\" \/>\n<link rel=\"canonical\" href=\"https:\/\/outdoortarrago.com\/es\/advertencias-legales\/\" \/>\n<meta property=\"og:locale\" content=\"es_ES\" \/>\n<meta property=\"og:type\" content=\"article\" \/>\n<meta property=\"og:title\" content=\"AVISO LEGAL - Tarrago Outdoor Care\" \/>\n<meta property=\"og:description\" content=\"AVISO LEGAL Esta p\u00e1gina Web es propiedad de TARRAGO BRANDS INTERNATIONAL SL (en adelante TARRAGO), con NIF n\u00ba B64002512 y domicilio en C\/Narc\u00eds Monturiol, 18, 08243, Manresa (Barcelona) e Inscrita en el Registro Mercantil de Barcelona en el Tomo 31010 Folio 13 Hoja B. Para cualquier consulta o propuesta, cont\u00e1ctenos llamando al tel\u00e9fono +34 93 [&hellip;]\" \/>\n<meta property=\"og:url\" content=\"https:\/\/outdoortarrago.com\/es\/advertencias-legales\/\" \/>\n<meta property=\"og:site_name\" content=\"Tarrago Outdoor Care\" \/>\n<meta property=\"article:modified_time\" content=\"2025-03-31T14:13:23+00:00\" \/>\n<meta name=\"twitter:card\" content=\"summary_large_image\" \/>\n<meta name=\"twitter:label1\" content=\"Tiempo de lectura\" \/>\n\t<meta name=\"twitter:data1\" content=\"6 minutos\" \/>\n<script type=\"application\/ld+json\" class=\"yoast-schema-graph\">{\"@context\":\"https:\/\/schema.org\",\"@graph\":[{\"@type\":\"WebPage\",\"@id\":\"https:\/\/outdoortarrago.com\/es\/advertencias-legales\/\",\"url\":\"https:\/\/outdoortarrago.com\/es\/advertencias-legales\/\",\"name\":\"AVISO LEGAL - Tarrago Outdoor Care\",\"isPartOf\":{\"@id\":\"https:\/\/outdoortarrago.com\/es\/#website\"},\"datePublished\":\"2024-10-30T16:07:53+00:00\",\"dateModified\":\"2025-03-31T14:13:23+00:00\",\"breadcrumb\":{\"@id\":\"https:\/\/outdoortarrago.com\/es\/advertencias-legales\/#breadcrumb\"},\"inLanguage\":\"es\",\"potentialAction\":[{\"@type\":\"ReadAction\",\"target\":[\"https:\/\/outdoortarrago.com\/es\/advertencias-legales\/\"]}]},{\"@type\":\"BreadcrumbList\",\"@id\":\"https:\/\/outdoortarrago.com\/es\/advertencias-legales\/#breadcrumb\",\"itemListElement\":[{\"@type\":\"ListItem\",\"position\":1,\"name\":\"Home\",\"item\":\"https:\/\/outdoortarrago.com\/es\/\"},{\"@type\":\"ListItem\",\"position\":2,\"name\":\"AVISO LEGAL\"}]},{\"@type\":\"WebSite\",\"@id\":\"https:\/\/outdoortarrago.com\/es\/#website\",\"url\":\"https:\/\/outdoortarrago.com\/es\/\",\"name\":\"A NEW CONCEPT OF CARE\",\"description\":\"Un nuevo concepto de cuidado\",\"publisher\":{\"@id\":\"https:\/\/outdoortarrago.com\/es\/#organization\"},\"potentialAction\":[{\"@type\":\"SearchAction\",\"target\":{\"@type\":\"EntryPoint\",\"urlTemplate\":\"https:\/\/outdoortarrago.com\/es\/?s={search_term_string}\"},\"query-input\":{\"@type\":\"PropertyValueSpecification\",\"valueRequired\":true,\"valueName\":\"search_term_string\"}}],\"inLanguage\":\"es\"},{\"@type\":\"Organization\",\"@id\":\"https:\/\/outdoortarrago.com\/es\/#organization\",\"name\":\"A NEW CONCEPT OF CARE\",\"url\":\"https:\/\/outdoortarrago.com\/es\/\",\"logo\":{\"@type\":\"ImageObject\",\"inLanguage\":\"es\",\"@id\":\"https:\/\/outdoortarrago.com\/es\/#\/schema\/logo\/image\/\",\"url\":\"https:\/\/outdoortarrago.com\/wp-content\/uploads\/2024\/10\/logo.svg\",\"contentUrl\":\"https:\/\/outdoortarrago.com\/wp-content\/uploads\/2024\/10\/logo.svg\",\"width\":189,\"height\":134,\"caption\":\"A NEW CONCEPT OF CARE\"},\"image\":{\"@id\":\"https:\/\/outdoortarrago.com\/es\/#\/schema\/logo\/image\/\"}}]}<\/script>\n<!-- \/ Yoast SEO plugin. -->","yoast_head_json":{"title":"AVISO LEGAL - Tarrago Outdoor Care","robots":{"index":"index","follow":"follow","max-snippet":"max-snippet:-1","max-image-preview":"max-image-preview:large","max-video-preview":"max-video-preview:-1"},"canonical":"https:\/\/outdoortarrago.com\/es\/advertencias-legales\/","og_locale":"es_ES","og_type":"article","og_title":"AVISO LEGAL - Tarrago Outdoor Care","og_description":"AVISO LEGAL Esta p\u00e1gina Web es propiedad de TARRAGO BRANDS INTERNATIONAL SL (en adelante TARRAGO), con NIF n\u00ba B64002512 y domicilio en C\/Narc\u00eds Monturiol, 18, 08243, Manresa (Barcelona) e Inscrita en el Registro Mercantil de Barcelona en el Tomo 31010 Folio 13 Hoja B. Para cualquier consulta o propuesta, cont\u00e1ctenos llamando al tel\u00e9fono +34 93 [&hellip;]","og_url":"https:\/\/outdoortarrago.com\/es\/advertencias-legales\/","og_site_name":"Tarrago Outdoor Care","article_modified_time":"2025-03-31T14:13:23+00:00","twitter_card":"summary_large_image","twitter_misc":{"Tiempo de lectura":"6 minutos"},"schema":{"@context":"https:\/\/schema.org","@graph":[{"@type":"WebPage","@id":"https:\/\/outdoortarrago.com\/es\/advertencias-legales\/","url":"https:\/\/outdoortarrago.com\/es\/advertencias-legales\/","name":"AVISO LEGAL - Tarrago Outdoor Care","isPartOf":{"@id":"https:\/\/outdoortarrago.com\/es\/#website"},"datePublished":"2024-10-30T16:07:53+00:00","dateModified":"2025-03-31T14:13:23+00:00","breadcrumb":{"@id":"https:\/\/outdoortarrago.com\/es\/advertencias-legales\/#breadcrumb"},"inLanguage":"es","potentialAction":[{"@type":"ReadAction","target":["https:\/\/outdoortarrago.com\/es\/advertencias-legales\/"]}]},{"@type":"BreadcrumbList","@id":"https:\/\/outdoortarrago.com\/es\/advertencias-legales\/#breadcrumb","itemListElement":[{"@type":"ListItem","position":1,"name":"Home","item":"https:\/\/outdoortarrago.com\/es\/"},{"@type":"ListItem","position":2,"name":"AVISO LEGAL"}]},{"@type":"WebSite","@id":"https:\/\/outdoortarrago.com\/es\/#website","url":"https:\/\/outdoortarrago.com\/es\/","name":"A NEW CONCEPT OF CARE","description":"Un nuevo concepto de cuidado","publisher":{"@id":"https:\/\/outdoortarrago.com\/es\/#organization"},"potentialAction":[{"@type":"SearchAction","target":{"@type":"EntryPoint","urlTemplate":"https:\/\/outdoortarrago.com\/es\/?s={search_term_string}"},"query-input":{"@type":"PropertyValueSpecification","valueRequired":true,"valueName":"search_term_string"}}],"inLanguage":"es"},{"@type":"Organization","@id":"https:\/\/outdoortarrago.com\/es\/#organization","name":"A NEW CONCEPT OF CARE","url":"https:\/\/outdoortarrago.com\/es\/","logo":{"@type":"ImageObject","inLanguage":"es","@id":"https:\/\/outdoortarrago.com\/es\/#\/schema\/logo\/image\/","url":"https:\/\/outdoortarrago.com\/wp-content\/uploads\/2024\/10\/logo.svg","contentUrl":"https:\/\/outdoortarrago.com\/wp-content\/uploads\/2024\/10\/logo.svg","width":189,"height":134,"caption":"A NEW CONCEPT OF CARE"},"image":{"@id":"https:\/\/outdoortarrago.com\/es\/#\/schema\/logo\/image\/"}}]}},"_links":{"self":[{"href":"https:\/\/outdoortarrago.com\/es\/wp-json\/wp\/v2\/pages\/8270","targetHints":{"allow":["GET"]}}],"collection":[{"href":"https:\/\/outdoortarrago.com\/es\/wp-json\/wp\/v2\/pages"}],"about":[{"href":"https:\/\/outdoortarrago.com\/es\/wp-json\/wp\/v2\/types\/page"}],"author":[{"embeddable":true,"href":"https:\/\/outdoortarrago.com\/es\/wp-json\/wp\/v2\/users\/1"}],"replies":[{"embeddable":true,"href":"https:\/\/outdoortarrago.com\/es\/wp-json\/wp\/v2\/comments?post=8270"}],"version-history":[{"count":6,"href":"https:\/\/outdoortarrago.com\/es\/wp-json\/wp\/v2\/pages\/8270\/revisions"}],"predecessor-version":[{"id":10728,"href":"https:\/\/outdoortarrago.com\/es\/wp-json\/wp\/v2\/pages\/8270\/revisions\/10728"}],"wp:attachment":[{"href":"https:\/\/outdoortarrago.com\/es\/wp-json\/wp\/v2\/media?parent=8270"}],"curies":[{"name":"wp","href":"https:\/\/api.w.org\/{rel}","templated":true}]}}