{"id":8320,"date":"2024-10-28T16:40:59","date_gmt":"2024-10-28T16:40:59","guid":{"rendered":"https:\/\/outdoortarrago.com\/declaracion-de-accesibilidad\/"},"modified":"2025-11-10T10:01:12","modified_gmt":"2025-11-10T10:01:12","slug":"declaracion-de-accesibilidad","status":"publish","type":"page","link":"https:\/\/outdoortarrago.com\/es\/declaracion-de-accesibilidad\/","title":{"rendered":"Declaraci\u00f3n de accesibilidad"},"content":{"rendered":"\t\t<div data-elementor-type=\"wp-page\" data-elementor-id=\"8320\" class=\"elementor elementor-8320 elementor-3\" data-elementor-post-type=\"page\">\n\t\t\t\t<div class=\"elementor-element elementor-element-4ac66f0 e-flex e-con-boxed e-con e-parent\" data-id=\"4ac66f0\" data-element_type=\"container\" data-settings=\"{&quot;background_background&quot;:&quot;classic&quot;}\">\n\t\t\t\t\t<div class=\"e-con-inner\">\n\t\t\t\t<div class=\"elementor-element elementor-element-9a907a5 elementor-widget elementor-widget-heading\" data-id=\"9a907a5\" data-element_type=\"widget\" data-widget_type=\"heading.default\">\n\t\t\t\t<div class=\"elementor-widget-container\">\n\t\t\t\t\t<h2 class=\"elementor-heading-title elementor-size-default\">Declaraci\u00f3n de accesibilidad<\/h2>\t\t\t\t<\/div>\n\t\t\t\t<\/div>\n\t\t\t\t\t<\/div>\n\t\t\t\t<\/div>\n\t\t<div class=\"elementor-element elementor-element-7431159 e-flex e-con-boxed e-con e-parent\" data-id=\"7431159\" data-element_type=\"container\" data-settings=\"{&quot;background_background&quot;:&quot;classic&quot;}\">\n\t\t\t\t\t<div class=\"e-con-inner\">\n\t\t\t\t<div class=\"elementor-element elementor-element-a152efe elementor-widget elementor-widget-text-editor\" data-id=\"a152efe\" data-element_type=\"widget\" data-widget_type=\"text-editor.default\">\n\t\t\t\t<div class=\"elementor-widget-container\">\n\t\t\t\t\t\t\t\t\t<p><span style=\"color: var( --e-global-color-primary ); font-family: var( --e-global-typography-e599a38-font-family ), Sans-serif; font-size: var( --e-global-typography-e599a38-font-size ); font-weight: var( --e-global-typography-e599a38-font-weight ); text-align: var(--text-align); background-color: var( --e-global-color-accent );\">Esta declaraci\u00f3n de accesibilidad se aplica al sitio web&nbsp;<\/span><span style=\"font-family: var( --e-global-typography-e599a38-font-family ), Sans-serif; font-size: var( --e-global-typography-e599a38-font-size ); font-weight: var( --e-global-typography-e599a38-font-weight ); text-align: var(--text-align); background-color: var( --e-global-color-accent ); text-decoration-line: underline;\"><a style=\"font-family: var( --e-global-typography-e599a38-font-family ), Sans-serif; font-size: var( --e-global-typography-e599a38-font-size ); text-align: var(--text-align); color: rgb(23, 50, 47);\" href=\"https:\/\/www.tarrago.com.\" target=\"_blank\" rel=\"noopener\">https:\/\/www.tarrago.com.<\/a><\/span><\/p>\t\t\t\t\t\t\t\t<\/div>\n\t\t\t\t<\/div>\n\t\t\t\t<div class=\"elementor-element elementor-element-e2e0546 elementor-widget elementor-widget-text-editor\" data-id=\"e2e0546\" data-element_type=\"widget\" data-widget_type=\"text-editor.default\">\n\t\t\t\t<div class=\"elementor-widget-container\">\n\t\t\t\t\t\t\t\t\t<h3>Estado de cumplimiento<\/h3>\n<div>Este sitio web cumple parcialmente el RD 1112\/2018 debido a las excepciones y no conformidades de los aspectos que se indican a continuaci\u00f3n.<\/div>\t\t\t\t\t\t\t\t<\/div>\n\t\t\t\t<\/div>\n\t\t\t\t<div class=\"elementor-element elementor-element-fe7e9f4 elementor-widget elementor-widget-text-editor\" data-id=\"fe7e9f4\" data-element_type=\"widget\" data-widget_type=\"text-editor.default\">\n\t\t\t\t<div class=\"elementor-widget-container\">\n\t\t\t\t\t\t\t\t\t<h3>Contenido no accesible<\/h3>\n<div>\n<p>El siguiente contenido no es accesible debido a las siguientes razones:<\/p>\n<ul>\n<li>No conformidad con el RD 1112\/2018<\/li>\n<li>Hay logotipos e im\u00e1genes con texto alternativo incorrecto o confuso e im\u00e1genes complejas sin descripci\u00f3n textual [requisito n\u00famero 9.1.1.1 Contenido no textual, de UNE-EN 301549:2022].<\/li>\n<li>Hay listas creadas incorrectamente (sin etiquetas de lista), tablas con celdas incorrectamente etiquetadas y etiquetas invisibles en elementos de formulario [requisito n\u00famero 9.1.3.1 Informaci\u00f3n y relaciones, de UNE-EN 301549:2022].<\/li>\n<li>Hay tablas no adaptadas a tama\u00f1os de pantalla peque\u00f1os y campos de formulario que no se muestran correctamente en tama\u00f1os de pantalla peque\u00f1os [requisito n\u00famero 9.1.4.10 Redimensionamiento del texto, de UNE-EN 301549:2022].<\/li>\n<li>Hay texto que no se muestra correctamente al cambiar los espacios y la altura de las l\u00edneas [requisito n\u00famero 9.1.4.12 Espaciado entre textos, de UNE-EN 301549:2022].<\/li>\n<li>Hay elementos no accesibles por teclado, como los enlaces a redes sociales, el editor de texto para comentarios, los elementos para ordenar los resultados de b\u00fasqueda, la paginaci\u00f3n de los resultados de b\u00fasqueda o las flechas del calendario [requisito n\u00famero 9.2.1.1 Teclado, de la norma UNE-EN 301549:2022].<\/li>\n<li>Hay elementos que no reciben foco y, por tanto, no se puede interactuar con ellos a trav\u00e9s del teclado, por ejemplo [requisito n\u00famero 9.2.4.3 Orden de foco, de UNE-EN 301549:2022].<\/li>\n<li>Hay enlaces cuya funci\u00f3n no est\u00e1 correctamente identificada (tienen descripciones inadecuadas, textos demasiado gen\u00e9ricos, t\u00edtulos inapropiados&#8230;) [requisito n\u00famero 9.2.4.4 Finalidad de los enlaces, de UNE-EN 301549:2022].<\/li>\n<li>Hay cabeceras con texto repetido y\/o poco descriptivo [requisito n\u00famero 9.2.4.6 Cabeceras y etiquetas, de UNE-EN 301549:2022].<\/li>\n<li>Hay im\u00e1genes, infograf\u00edas, textos de enlaces o botones, textos de titulares y contenidos que no est\u00e1n traducidos a otros idiomas [requisito n\u00famero 9.3.1.2 Idioma de las partes, de la norma UNE-EN 301549:2022].<\/li>\n<li>En algunas p\u00e1ginas, el mismo icono se utiliza para fines distintos, lo que provoca confusi\u00f3n [requisito n\u00famero 9.3.2.4 Identificaci\u00f3n coherente, de la norma UNE-EN 301549:2022].<\/li>\n<li>Hay mensajes de error que no son lo suficientemente descriptivos, o mensajes de error que no est\u00e1n agrupados en un \u00fanico mensaje, as\u00ed como falta de sugerencias en los formularios para rellenar los campos correctamente [requisito n\u00famero 9.3.3.1 Identificaci\u00f3n de errores, de UNE-EN 301549:2022].<\/li>\n<li>Hay formularios con campos obligatorios en los que no se informa de ello al usuario, as\u00ed como campos que carecen de un ejemplo textual del formato del campo. (como el DNI) [requisito n\u00famero 9.3.3.2 Etiquetas e instrucciones, de la UNE-EN 301549:2022]. <\/li>\n<li>Hay campos de formulario en los que se informa del error cuando se introduce un valor incorrecto, pero no se proporciona ninguna sugerencia de correcci\u00f3n. [requisito n\u00famero 9.3.3.3 Sugerencias para los errores, de UNE-EN 301549:2022]. <\/li>\n<li>Hay p\u00e1ginas con errores de sintaxis, por lo que es posible que algunas tecnolog\u00edas de asistencia no interpreten correctamente el contenido (ID de p\u00e1gina duplicados, etiquetas sin cerrar, construcci\u00f3n incorrecta de etiquetas&#8230;). [requisito n\u00famero 9.4.1.1 Procesamiento, de la norma UNE-EN 301549:2022]. <\/li>\n<li>Hay p\u00e1ginas en las que la tecnolog\u00eda de asistencia no podr\u00e1 obtener informaci\u00f3n, interactuar y conocer el estado de los controles de la interfaz de usuario, como los mensajes de ayuda, los mensajes de estado de resultados de acciones, los atributos de enlaces, la imagen del idioma de la p\u00e1gina&#8230; que no pueden ser le\u00eddos por los lectores de pantalla cuando aparecen [requisito n\u00famero 9.4.1.2 Nombre, funci\u00f3n, valor de la norma UNE-EN 301549:2022].<\/li>\n<li>Puede haber fallos ocasionales de edici\u00f3n en algunas p\u00e1ginas web.<\/li>\n<\/ul>\n<\/div>\t\t\t\t\t\t\t\t<\/div>\n\t\t\t\t<\/div>\n\t\t\t\t<div class=\"elementor-element elementor-element-0500bae elementor-widget elementor-widget-text-editor\" data-id=\"0500bae\" data-element_type=\"widget\" data-widget_type=\"text-editor.default\">\n\t\t\t\t<div class=\"elementor-widget-container\">\n\t\t\t\t\t\t\t\t\t<h3>Carga desproporcionada<\/h3>\n<p>No procede.<\/p>\t\t\t\t\t\t\t\t<\/div>\n\t\t\t\t<\/div>\n\t\t\t\t<div class=\"elementor-element elementor-element-2649078 elementor-widget elementor-widget-text-editor\" data-id=\"2649078\" data-element_type=\"widget\" data-widget_type=\"text-editor.default\">\n\t\t\t\t<div class=\"elementor-widget-container\">\n\t\t\t\t\t\t\t\t\t<h3>El contenido no entra en el \u00e1mbito de la legislaci\u00f3n aplicable<\/h3>\n<p>Puede haber archivos ofim\u00e1ticos en PDF u otros formatos publicados antes del 20 de septiembre de 2018 que no cumplan plenamente todos los requisitos de accesibilidad. Aunque se han hecho esfuerzos para garantizar que la mayor\u00eda de ellos s\u00ed los cumplen. <\/p>\t\t\t\t\t\t\t\t<\/div>\n\t\t\t\t<\/div>\n\t\t\t\t<div class=\"elementor-element elementor-element-0808f29 elementor-widget elementor-widget-text-editor\" data-id=\"0808f29\" data-element_type=\"widget\" data-widget_type=\"text-editor.default\">\n\t\t\t\t<div class=\"elementor-widget-container\">\n\t\t\t\t\t\t\t\t\t<h3>Elaboraci\u00f3n de esta declaraci\u00f3n de accesibilidad<\/h3>\n<p>Esta declaraci\u00f3n se elabor\u00f3 el 02\/10\/2023. El m\u00e9todo utilizado para preparar la declaraci\u00f3n fue una autoevaluaci\u00f3n realizada por la propia entidad. \u00daltima revisi\u00f3n de la declaraci\u00f3n: 02\/10\/2023.  <\/p>\t\t\t\t\t\t\t\t<\/div>\n\t\t\t\t<\/div>\n\t\t\t\t<div class=\"elementor-element elementor-element-a647ac5 elementor-widget elementor-widget-text-editor\" data-id=\"a647ac5\" data-element_type=\"widget\" data-widget_type=\"text-editor.default\">\n\t\t\t\t<div class=\"elementor-widget-container\">\n\t\t\t\t\t\t\t\t\t<h3>Observaciones y datos de contacto<\/h3>\n<p>Puedes comunicar requisitos de accesibilidad (art\u00edculo 10.2.a) del RD 1112\/2018) como:<\/p>\n<ul>\n<li>Informar de cualquier posible incumplimiento por parte de este sitio web.<\/li>\n<li>Transmitir otras dificultades de acceso al contenido.<\/li>\n<li>Formula cualquier otra consulta o sugerencia de mejora sobre la accesibilidad del sitio web a trav\u00e9s del siguiente formulario de contacto.<\/li>\n<\/ul>\n<p>Puedes presentarte:<\/p>\n<ul>\n<li>Una Queja sobre el cumplimiento de los requisitos del RD 1112\/2018 o<\/li>\n<li>Una Solicitud de Informaci\u00f3n Accesible relativa a:<\/li>\n<li>contenidos excluidos del \u00e1mbito de aplicaci\u00f3n del RD 1112\/2018 seg\u00fan establece el art\u00edculo 3, apartado 4.<\/li>\n<li>contenidos exentos del cumplimiento de los requisitos de accesibilidad por imponer una carga desproporcionada.<\/li>\n<\/ul>\n<p>En la Solicitud de Informaci\u00f3n Accesible deben especificarse, con claridad, los hechos, motivos y petici\u00f3n que permitan comprobar que se trata de una solicitud razonable y leg\u00edtima.<\/p>\t\t\t\t\t\t\t\t<\/div>\n\t\t\t\t<\/div>\n\t\t\t\t<div class=\"elementor-element elementor-element-496cbfb elementor-widget elementor-widget-text-editor\" data-id=\"496cbfb\" data-element_type=\"widget\" data-widget_type=\"text-editor.default\">\n\t\t\t\t<div class=\"elementor-widget-container\">\n\t\t\t\t\t\t\t\t\t<h3>Contenido opcional<\/h3>\n<p>Este sitio web aplica los requisitos de la Norma UNE-EN 301549:2022 teniendo en cuenta las excepciones del RD 1112\/2018. La \u00faltima revisi\u00f3n de accesibilidad se realiz\u00f3 el 02\/10\/2023. <br><br>El sitio web est\u00e1 optimizado para los navegadores Microsoft Internet Explorer 8.0 o superior y las \u00faltimas versiones v\u00e1lidas de FireFox, Safari, Opera y Google Chrome. La resoluci\u00f3n web m\u00ednima recomendada es de 1280\u00d71024. <br><br>El sitio web est\u00e1 dise\u00f1ado para una visualizaci\u00f3n Responsive, por lo que se muestra de forma \u00f3ptima en tabletas y dispositivos m\u00f3viles. En estos dispositivos, est\u00e1 optimizado para su visualizaci\u00f3n en las \u00faltimas versiones v\u00e1lidas de Chrome para m\u00f3viles, Firefox para m\u00f3viles, Safari para m\u00f3viles, Opera Mini y el navegador nativo de Android. <\/p>\t\t\t\t\t\t\t\t<\/div>\n\t\t\t\t<\/div>\n\t\t\t\t\t<\/div>\n\t\t\t\t<\/div>\n\t\t\t\t<\/div>\n\t\t","protected":false},"excerpt":{"rendered":"<p>Declaraci\u00f3n de accesibilidad Esta declaraci\u00f3n de accesibilidad se aplica al sitio web&nbsp;https:\/\/www.tarrago.com. Estado de cumplimiento Este sitio web cumple parcialmente el RD 1112\/2018 debido a las excepciones y no conformidades de los aspectos que se indican a continuaci\u00f3n. Contenido no accesible El siguiente contenido no es accesible debido a las siguientes razones: No conformidad con [&hellip;]<\/p>\n","protected":false},"author":1,"featured_media":0,"parent":0,"menu_order":0,"comment_status":"closed","ping_status":"open","template":"","meta":{"_acf_changed":false,"footnotes":""},"class_list":["post-8320","page","type-page","status-publish","hentry"],"acf":[],"yoast_head":"<!-- This site is optimized with the Yoast SEO plugin v26.4 - https:\/\/yoast.com\/wordpress\/plugins\/seo\/ -->\n<title>Declaraci\u00f3n de accesibilidad - Tarrago Outdoor Care<\/title>\n<meta name=\"robots\" content=\"index, follow, max-snippet:-1, max-image-preview:large, max-video-preview:-1\" \/>\n<link rel=\"canonical\" href=\"https:\/\/outdoortarrago.com\/es\/declaracion-de-accesibilidad\/\" \/>\n<meta property=\"og:locale\" content=\"es_ES\" \/>\n<meta property=\"og:type\" content=\"article\" \/>\n<meta property=\"og:title\" content=\"Declaraci\u00f3n de accesibilidad - Tarrago Outdoor Care\" \/>\n<meta property=\"og:description\" content=\"Declaraci\u00f3n de accesibilidad Esta declaraci\u00f3n de accesibilidad se aplica al sitio web&nbsp;https:\/\/www.tarrago.com. Estado de cumplimiento Este sitio web cumple parcialmente el RD 1112\/2018 debido a las excepciones y no conformidades de los aspectos que se indican a continuaci\u00f3n. Contenido no accesible El siguiente contenido no es accesible debido a las siguientes razones: No conformidad con [&hellip;]\" \/>\n<meta property=\"og:url\" content=\"https:\/\/outdoortarrago.com\/es\/declaracion-de-accesibilidad\/\" \/>\n<meta property=\"og:site_name\" content=\"Tarrago Outdoor Care\" \/>\n<meta property=\"article:modified_time\" content=\"2025-11-10T10:01:12+00:00\" \/>\n<meta name=\"twitter:card\" content=\"summary_large_image\" \/>\n<meta name=\"twitter:label1\" content=\"Tiempo de lectura\" \/>\n\t<meta name=\"twitter:data1\" content=\"5 minutos\" \/>\n<script type=\"application\/ld+json\" class=\"yoast-schema-graph\">{\"@context\":\"https:\/\/schema.org\",\"@graph\":[{\"@type\":\"WebPage\",\"@id\":\"https:\/\/outdoortarrago.com\/es\/declaracion-de-accesibilidad\/\",\"url\":\"https:\/\/outdoortarrago.com\/es\/declaracion-de-accesibilidad\/\",\"name\":\"Declaraci\u00f3n de accesibilidad - Tarrago Outdoor Care\",\"isPartOf\":{\"@id\":\"https:\/\/outdoortarrago.com\/es\/#website\"},\"datePublished\":\"2024-10-28T16:40:59+00:00\",\"dateModified\":\"2025-11-10T10:01:12+00:00\",\"breadcrumb\":{\"@id\":\"https:\/\/outdoortarrago.com\/es\/declaracion-de-accesibilidad\/#breadcrumb\"},\"inLanguage\":\"es\",\"potentialAction\":[{\"@type\":\"ReadAction\",\"target\":[\"https:\/\/outdoortarrago.com\/es\/declaracion-de-accesibilidad\/\"]}]},{\"@type\":\"BreadcrumbList\",\"@id\":\"https:\/\/outdoortarrago.com\/es\/declaracion-de-accesibilidad\/#breadcrumb\",\"itemListElement\":[{\"@type\":\"ListItem\",\"position\":1,\"name\":\"Home\",\"item\":\"https:\/\/outdoortarrago.com\/es\/\"},{\"@type\":\"ListItem\",\"position\":2,\"name\":\"Declaraci\u00f3n de accesibilidad\"}]},{\"@type\":\"WebSite\",\"@id\":\"https:\/\/outdoortarrago.com\/es\/#website\",\"url\":\"https:\/\/outdoortarrago.com\/es\/\",\"name\":\"A NEW CONCEPT OF CARE\",\"description\":\"Un nuevo concepto de cuidado\",\"publisher\":{\"@id\":\"https:\/\/outdoortarrago.com\/es\/#organization\"},\"potentialAction\":[{\"@type\":\"SearchAction\",\"target\":{\"@type\":\"EntryPoint\",\"urlTemplate\":\"https:\/\/outdoortarrago.com\/es\/?s={search_term_string}\"},\"query-input\":{\"@type\":\"PropertyValueSpecification\",\"valueRequired\":true,\"valueName\":\"search_term_string\"}}],\"inLanguage\":\"es\"},{\"@type\":\"Organization\",\"@id\":\"https:\/\/outdoortarrago.com\/es\/#organization\",\"name\":\"A NEW CONCEPT OF CARE\",\"url\":\"https:\/\/outdoortarrago.com\/es\/\",\"logo\":{\"@type\":\"ImageObject\",\"inLanguage\":\"es\",\"@id\":\"https:\/\/outdoortarrago.com\/es\/#\/schema\/logo\/image\/\",\"url\":\"https:\/\/outdoortarrago.com\/wp-content\/uploads\/2024\/10\/logo.svg\",\"contentUrl\":\"https:\/\/outdoortarrago.com\/wp-content\/uploads\/2024\/10\/logo.svg\",\"width\":189,\"height\":134,\"caption\":\"A NEW CONCEPT OF CARE\"},\"image\":{\"@id\":\"https:\/\/outdoortarrago.com\/es\/#\/schema\/logo\/image\/\"}}]}<\/script>\n<!-- \/ Yoast SEO plugin. -->","yoast_head_json":{"title":"Declaraci\u00f3n de accesibilidad - Tarrago Outdoor Care","robots":{"index":"index","follow":"follow","max-snippet":"max-snippet:-1","max-image-preview":"max-image-preview:large","max-video-preview":"max-video-preview:-1"},"canonical":"https:\/\/outdoortarrago.com\/es\/declaracion-de-accesibilidad\/","og_locale":"es_ES","og_type":"article","og_title":"Declaraci\u00f3n de accesibilidad - Tarrago Outdoor Care","og_description":"Declaraci\u00f3n de accesibilidad Esta declaraci\u00f3n de accesibilidad se aplica al sitio web&nbsp;https:\/\/www.tarrago.com. Estado de cumplimiento Este sitio web cumple parcialmente el RD 1112\/2018 debido a las excepciones y no conformidades de los aspectos que se indican a continuaci\u00f3n. Contenido no accesible El siguiente contenido no es accesible debido a las siguientes razones: No conformidad con [&hellip;]","og_url":"https:\/\/outdoortarrago.com\/es\/declaracion-de-accesibilidad\/","og_site_name":"Tarrago Outdoor Care","article_modified_time":"2025-11-10T10:01:12+00:00","twitter_card":"summary_large_image","twitter_misc":{"Tiempo de lectura":"5 minutos"},"schema":{"@context":"https:\/\/schema.org","@graph":[{"@type":"WebPage","@id":"https:\/\/outdoortarrago.com\/es\/declaracion-de-accesibilidad\/","url":"https:\/\/outdoortarrago.com\/es\/declaracion-de-accesibilidad\/","name":"Declaraci\u00f3n de accesibilidad - Tarrago Outdoor Care","isPartOf":{"@id":"https:\/\/outdoortarrago.com\/es\/#website"},"datePublished":"2024-10-28T16:40:59+00:00","dateModified":"2025-11-10T10:01:12+00:00","breadcrumb":{"@id":"https:\/\/outdoortarrago.com\/es\/declaracion-de-accesibilidad\/#breadcrumb"},"inLanguage":"es","potentialAction":[{"@type":"ReadAction","target":["https:\/\/outdoortarrago.com\/es\/declaracion-de-accesibilidad\/"]}]},{"@type":"BreadcrumbList","@id":"https:\/\/outdoortarrago.com\/es\/declaracion-de-accesibilidad\/#breadcrumb","itemListElement":[{"@type":"ListItem","position":1,"name":"Home","item":"https:\/\/outdoortarrago.com\/es\/"},{"@type":"ListItem","position":2,"name":"Declaraci\u00f3n de accesibilidad"}]},{"@type":"WebSite","@id":"https:\/\/outdoortarrago.com\/es\/#website","url":"https:\/\/outdoortarrago.com\/es\/","name":"A NEW CONCEPT OF CARE","description":"Un nuevo concepto de cuidado","publisher":{"@id":"https:\/\/outdoortarrago.com\/es\/#organization"},"potentialAction":[{"@type":"SearchAction","target":{"@type":"EntryPoint","urlTemplate":"https:\/\/outdoortarrago.com\/es\/?s={search_term_string}"},"query-input":{"@type":"PropertyValueSpecification","valueRequired":true,"valueName":"search_term_string"}}],"inLanguage":"es"},{"@type":"Organization","@id":"https:\/\/outdoortarrago.com\/es\/#organization","name":"A NEW CONCEPT OF CARE","url":"https:\/\/outdoortarrago.com\/es\/","logo":{"@type":"ImageObject","inLanguage":"es","@id":"https:\/\/outdoortarrago.com\/es\/#\/schema\/logo\/image\/","url":"https:\/\/outdoortarrago.com\/wp-content\/uploads\/2024\/10\/logo.svg","contentUrl":"https:\/\/outdoortarrago.com\/wp-content\/uploads\/2024\/10\/logo.svg","width":189,"height":134,"caption":"A NEW CONCEPT OF CARE"},"image":{"@id":"https:\/\/outdoortarrago.com\/es\/#\/schema\/logo\/image\/"}}]}},"_links":{"self":[{"href":"https:\/\/outdoortarrago.com\/es\/wp-json\/wp\/v2\/pages\/8320","targetHints":{"allow":["GET"]}}],"collection":[{"href":"https:\/\/outdoortarrago.com\/es\/wp-json\/wp\/v2\/pages"}],"about":[{"href":"https:\/\/outdoortarrago.com\/es\/wp-json\/wp\/v2\/types\/page"}],"author":[{"embeddable":true,"href":"https:\/\/outdoortarrago.com\/es\/wp-json\/wp\/v2\/users\/1"}],"replies":[{"embeddable":true,"href":"https:\/\/outdoortarrago.com\/es\/wp-json\/wp\/v2\/comments?post=8320"}],"version-history":[{"count":2,"href":"https:\/\/outdoortarrago.com\/es\/wp-json\/wp\/v2\/pages\/8320\/revisions"}],"predecessor-version":[{"id":12198,"href":"https:\/\/outdoortarrago.com\/es\/wp-json\/wp\/v2\/pages\/8320\/revisions\/12198"}],"wp:attachment":[{"href":"https:\/\/outdoortarrago.com\/es\/wp-json\/wp\/v2\/media?parent=8320"}],"curies":[{"name":"wp","href":"https:\/\/api.w.org\/{rel}","templated":true}]}}