{"id":8248,"date":"2024-10-30T20:00:54","date_gmt":"2024-10-30T20:00:54","guid":{"rendered":"https:\/\/outdoortarrago.com\/politique-de-qualite\/"},"modified":"2025-02-20T11:05:35","modified_gmt":"2025-02-20T11:05:35","slug":"politique-de-qualite","status":"publish","type":"page","link":"https:\/\/outdoortarrago.com\/fr\/politique-de-qualite\/","title":{"rendered":"Politique de qualit\u00e9"},"content":{"rendered":"\t\t<div data-elementor-type=\"wp-page\" data-elementor-id=\"8248\" class=\"elementor elementor-8248 elementor-508\" data-elementor-post-type=\"page\">\n\t\t\t\t<div class=\"elementor-element elementor-element-15e09ff e-flex e-con-boxed e-con e-parent\" data-id=\"15e09ff\" data-element_type=\"container\" data-settings=\"{&quot;background_background&quot;:&quot;classic&quot;}\">\n\t\t\t\t\t<div class=\"e-con-inner\">\n\t\t\t\t<div class=\"elementor-element elementor-element-f2ffe3c elementor-widget elementor-widget-heading\" data-id=\"f2ffe3c\" data-element_type=\"widget\" data-widget_type=\"heading.default\">\n\t\t\t\t<div class=\"elementor-widget-container\">\n\t\t\t\t\t<h2 class=\"elementor-heading-title elementor-size-default\">Politique de qualit\u00e9<\/h2>\t\t\t\t<\/div>\n\t\t\t\t<\/div>\n\t\t\t\t\t<\/div>\n\t\t\t\t<\/div>\n\t\t<div class=\"elementor-element elementor-element-15d97ad e-flex e-con-boxed e-con e-parent\" data-id=\"15d97ad\" data-element_type=\"container\" data-settings=\"{&quot;background_background&quot;:&quot;classic&quot;}\">\n\t\t\t\t\t<div class=\"e-con-inner\">\n\t\t\t\t<div class=\"elementor-element elementor-element-161dbf1 elementor-widget elementor-widget-text-editor\" data-id=\"161dbf1\" data-element_type=\"widget\" data-widget_type=\"text-editor.default\">\n\t\t\t\t<div class=\"elementor-widget-container\">\n\t\t\t\t\t\t\t\t\t<p data-pm-slice=\"1 1 []\"><strong>Politique de qualit\u00e9 et de durabilit\u00e9<\/strong><\/p>\n<p>TARRAGO BRANDS INTERNATIONAL, S.L. est une entreprise multinationale sp\u00e9cialis\u00e9e dans le d\u00e9veloppement et la fabrication de produits pour l&rsquo;entretien et le nettoyage des chaussures, ainsi que de toutes sortes d&rsquo;accessoires. Nous nous engageons \u00e0 assurer la satisfaction constante des clients, des fournisseurs et des employ\u00e9s, ainsi que l&rsquo;am\u00e9lioration continue des processus de production et des proc\u00e9dures de travail, en mettant l&rsquo;accent sur l&rsquo;innovation et la qualit\u00e9 tout en respectant les ressources humaines, l&rsquo;environnement et la durabilit\u00e9. <\/p>\n<p>TARRAGO BRANDS INTERNATIONAL, S.L. a mis en place un syst\u00e8me de gestion de la qualit\u00e9 selon les normes ISO 9001:2015 et met en \u0153uvre un plan de gestion de la durabilit\u00e9 OGSM, qui s&rsquo;engage \u00e0 maintenir et \u00e0 am\u00e9liorer la conformit\u00e9 avec la l\u00e9gislation dans le d\u00e9veloppement de ses activit\u00e9s, ainsi que toute autre exigence du client.<\/p>\n<ol start=\"1\" data-spread=\"true\">\n<li>\n<p>Le respect de la l\u00e9gislation dans le d\u00e9veloppement de ses activit\u00e9s, ainsi que toute autre exigence du client.<\/p>\n<\/li>\n<li>\n<p>S\u00e9lection du personnel, des fournisseurs et des sous-traitants en fonction de la qualit\u00e9, des principes de durabilit\u00e9 et des exigences de chaque client et de chaque projet.<\/p>\n<\/li>\n<li>\n<p>Engagement en faveur de la satisfaction du client.<\/p>\n<\/li>\n<li>\n<p>Maintenir les canaux de communication avec les clients afin d&rsquo;identifier leurs besoins actuels et futurs, dans le but d&rsquo;assurer leur satisfaction en r\u00e9pondant \u00e0 leurs attentes.<\/p>\n<\/li>\n<li>\n<p>Respect des exigences et am\u00e9lioration continue du syst\u00e8me de gestion de la qualit\u00e9 et du d\u00e9veloppement durable par la mise en \u0153uvre de syst\u00e8mes de mesure et le suivi des services fournis \u00e0 nos clients, ainsi que des objectifs du syst\u00e8me.<\/p>\n<\/li>\n<li>\n<p>D\u00e9tection et \u00e9valuation p\u00e9riodique des risques et des opportunit\u00e9s, en particulier ceux li\u00e9s aux parties prenantes.<\/p>\n<\/li>\n<li>\n<p>Formation et sensibilisation de toutes les personnes impliqu\u00e9es dans notre processus, afin de l&rsquo;am\u00e9liorer et de promouvoir une gestion participative du syst\u00e8me de qualit\u00e9 et de durabilit\u00e9.<\/p>\n<\/li>\n<li>\n<p>Engagement \u00e0 partager l&rsquo;information avec les parties prenantes.<\/p>\n<\/li>\n<li>\n<p>La direction s&rsquo;engage \u00e0 fournir les ressources n\u00e9cessaires pour atteindre les objectifs du syst\u00e8me, son efficacit\u00e9, son efficience et son am\u00e9lioration continue, en consid\u00e9rant toujours la durabilit\u00e9 comme un pilier fondamental.<\/p>\n<\/li>\n<\/ol>\n<p>Manresa, f\u00e9vrier 2025<\/p>\n<p><b style=\"color: var( --e-global-color-primary ); font-family: var( --e-global-typography-e599a38-font-family ), Sans-serif; font-size: var( --e-global-typography-e599a38-font-size ); text-align: var(--text-align); background-color: var( --e-global-color-accent );\">TARRAGO BRANDS INTERNATIONAL S.L.<\/b><\/p>\t\t\t\t\t\t\t\t<\/div>\n\t\t\t\t<\/div>\n\t\t\t\t\t<\/div>\n\t\t\t\t<\/div>\n\t\t\t\t<\/div>\n\t\t","protected":false},"excerpt":{"rendered":"<p>Politique de qualit\u00e9 Politique de qualit\u00e9 et de durabilit\u00e9 TARRAGO BRANDS INTERNATIONAL, S.L. est une entreprise multinationale sp\u00e9cialis\u00e9e dans le d\u00e9veloppement et la fabrication de produits pour l&rsquo;entretien et le nettoyage des chaussures, ainsi que de toutes sortes d&rsquo;accessoires. Nous nous engageons \u00e0 assurer la satisfaction constante des clients, des fournisseurs et des employ\u00e9s, ainsi [&hellip;]<\/p>\n","protected":false},"author":1,"featured_media":0,"parent":0,"menu_order":0,"comment_status":"closed","ping_status":"closed","template":"","meta":{"_acf_changed":false,"footnotes":""},"class_list":["post-8248","page","type-page","status-publish","hentry"],"acf":[],"yoast_head":"<!-- This site is optimized with the Yoast SEO plugin v26.4 - https:\/\/yoast.com\/wordpress\/plugins\/seo\/ -->\n<title>Politique de qualit\u00e9 - Tarrago Outdoor Care<\/title>\n<meta name=\"robots\" content=\"index, follow, max-snippet:-1, max-image-preview:large, max-video-preview:-1\" \/>\n<link rel=\"canonical\" href=\"https:\/\/outdoortarrago.com\/fr\/politique-de-qualite\/\" \/>\n<meta property=\"og:locale\" content=\"fr_FR\" \/>\n<meta property=\"og:type\" content=\"article\" \/>\n<meta property=\"og:title\" content=\"Politique de qualit\u00e9 - Tarrago Outdoor Care\" \/>\n<meta property=\"og:description\" content=\"Politique de qualit\u00e9 Politique de qualit\u00e9 et de durabilit\u00e9 TARRAGO BRANDS INTERNATIONAL, S.L. est une entreprise multinationale sp\u00e9cialis\u00e9e dans le d\u00e9veloppement et la fabrication de produits pour l&rsquo;entretien et le nettoyage des chaussures, ainsi que de toutes sortes d&rsquo;accessoires. Nous nous engageons \u00e0 assurer la satisfaction constante des clients, des fournisseurs et des employ\u00e9s, ainsi [&hellip;]\" \/>\n<meta property=\"og:url\" content=\"https:\/\/outdoortarrago.com\/fr\/politique-de-qualite\/\" \/>\n<meta property=\"og:site_name\" content=\"Tarrago Outdoor Care\" \/>\n<meta property=\"article:modified_time\" content=\"2025-02-20T11:05:35+00:00\" \/>\n<meta name=\"twitter:card\" content=\"summary_large_image\" \/>\n<meta name=\"twitter:label1\" content=\"Dur\u00e9e de lecture estim\u00e9e\" \/>\n\t<meta name=\"twitter:data1\" content=\"2 minutes\" \/>\n<script type=\"application\/ld+json\" class=\"yoast-schema-graph\">{\"@context\":\"https:\/\/schema.org\",\"@graph\":[{\"@type\":\"WebPage\",\"@id\":\"https:\/\/outdoortarrago.com\/fr\/politique-de-qualite\/\",\"url\":\"https:\/\/outdoortarrago.com\/fr\/politique-de-qualite\/\",\"name\":\"Politique de qualit\u00e9 - Tarrago Outdoor Care\",\"isPartOf\":{\"@id\":\"https:\/\/outdoortarrago.com\/fr\/#website\"},\"datePublished\":\"2024-10-30T20:00:54+00:00\",\"dateModified\":\"2025-02-20T11:05:35+00:00\",\"breadcrumb\":{\"@id\":\"https:\/\/outdoortarrago.com\/fr\/politique-de-qualite\/#breadcrumb\"},\"inLanguage\":\"fr-FR\",\"potentialAction\":[{\"@type\":\"ReadAction\",\"target\":[\"https:\/\/outdoortarrago.com\/fr\/politique-de-qualite\/\"]}]},{\"@type\":\"BreadcrumbList\",\"@id\":\"https:\/\/outdoortarrago.com\/fr\/politique-de-qualite\/#breadcrumb\",\"itemListElement\":[{\"@type\":\"ListItem\",\"position\":1,\"name\":\"Home\",\"item\":\"https:\/\/outdoortarrago.com\/fr\/\"},{\"@type\":\"ListItem\",\"position\":2,\"name\":\"Politique de qualit\u00e9\"}]},{\"@type\":\"WebSite\",\"@id\":\"https:\/\/outdoortarrago.com\/fr\/#website\",\"url\":\"https:\/\/outdoortarrago.com\/fr\/\",\"name\":\"A NEW CONCEPT OF CARE\",\"description\":\"A new concept of care: understanding the cleaning, care, and maintenance of sportswear.\",\"publisher\":{\"@id\":\"https:\/\/outdoortarrago.com\/fr\/#organization\"},\"potentialAction\":[{\"@type\":\"SearchAction\",\"target\":{\"@type\":\"EntryPoint\",\"urlTemplate\":\"https:\/\/outdoortarrago.com\/fr\/?s={search_term_string}\"},\"query-input\":{\"@type\":\"PropertyValueSpecification\",\"valueRequired\":true,\"valueName\":\"search_term_string\"}}],\"inLanguage\":\"fr-FR\"},{\"@type\":\"Organization\",\"@id\":\"https:\/\/outdoortarrago.com\/fr\/#organization\",\"name\":\"A NEW CONCEPT OF CARE\",\"url\":\"https:\/\/outdoortarrago.com\/fr\/\",\"logo\":{\"@type\":\"ImageObject\",\"inLanguage\":\"fr-FR\",\"@id\":\"https:\/\/outdoortarrago.com\/fr\/#\/schema\/logo\/image\/\",\"url\":\"https:\/\/outdoortarrago.com\/wp-content\/uploads\/2024\/10\/logo.svg\",\"contentUrl\":\"https:\/\/outdoortarrago.com\/wp-content\/uploads\/2024\/10\/logo.svg\",\"width\":189,\"height\":134,\"caption\":\"A NEW CONCEPT OF CARE\"},\"image\":{\"@id\":\"https:\/\/outdoortarrago.com\/fr\/#\/schema\/logo\/image\/\"}}]}<\/script>\n<!-- \/ Yoast SEO plugin. -->","yoast_head_json":{"title":"Politique de qualit\u00e9 - Tarrago Outdoor Care","robots":{"index":"index","follow":"follow","max-snippet":"max-snippet:-1","max-image-preview":"max-image-preview:large","max-video-preview":"max-video-preview:-1"},"canonical":"https:\/\/outdoortarrago.com\/fr\/politique-de-qualite\/","og_locale":"fr_FR","og_type":"article","og_title":"Politique de qualit\u00e9 - Tarrago Outdoor Care","og_description":"Politique de qualit\u00e9 Politique de qualit\u00e9 et de durabilit\u00e9 TARRAGO BRANDS INTERNATIONAL, S.L. est une entreprise multinationale sp\u00e9cialis\u00e9e dans le d\u00e9veloppement et la fabrication de produits pour l&rsquo;entretien et le nettoyage des chaussures, ainsi que de toutes sortes d&rsquo;accessoires. Nous nous engageons \u00e0 assurer la satisfaction constante des clients, des fournisseurs et des employ\u00e9s, ainsi [&hellip;]","og_url":"https:\/\/outdoortarrago.com\/fr\/politique-de-qualite\/","og_site_name":"Tarrago Outdoor Care","article_modified_time":"2025-02-20T11:05:35+00:00","twitter_card":"summary_large_image","twitter_misc":{"Dur\u00e9e de lecture estim\u00e9e":"2 minutes"},"schema":{"@context":"https:\/\/schema.org","@graph":[{"@type":"WebPage","@id":"https:\/\/outdoortarrago.com\/fr\/politique-de-qualite\/","url":"https:\/\/outdoortarrago.com\/fr\/politique-de-qualite\/","name":"Politique de qualit\u00e9 - Tarrago Outdoor Care","isPartOf":{"@id":"https:\/\/outdoortarrago.com\/fr\/#website"},"datePublished":"2024-10-30T20:00:54+00:00","dateModified":"2025-02-20T11:05:35+00:00","breadcrumb":{"@id":"https:\/\/outdoortarrago.com\/fr\/politique-de-qualite\/#breadcrumb"},"inLanguage":"fr-FR","potentialAction":[{"@type":"ReadAction","target":["https:\/\/outdoortarrago.com\/fr\/politique-de-qualite\/"]}]},{"@type":"BreadcrumbList","@id":"https:\/\/outdoortarrago.com\/fr\/politique-de-qualite\/#breadcrumb","itemListElement":[{"@type":"ListItem","position":1,"name":"Home","item":"https:\/\/outdoortarrago.com\/fr\/"},{"@type":"ListItem","position":2,"name":"Politique de qualit\u00e9"}]},{"@type":"WebSite","@id":"https:\/\/outdoortarrago.com\/fr\/#website","url":"https:\/\/outdoortarrago.com\/fr\/","name":"A NEW CONCEPT OF CARE","description":"A new concept of care: understanding the cleaning, care, and maintenance of sportswear.","publisher":{"@id":"https:\/\/outdoortarrago.com\/fr\/#organization"},"potentialAction":[{"@type":"SearchAction","target":{"@type":"EntryPoint","urlTemplate":"https:\/\/outdoortarrago.com\/fr\/?s={search_term_string}"},"query-input":{"@type":"PropertyValueSpecification","valueRequired":true,"valueName":"search_term_string"}}],"inLanguage":"fr-FR"},{"@type":"Organization","@id":"https:\/\/outdoortarrago.com\/fr\/#organization","name":"A NEW CONCEPT OF CARE","url":"https:\/\/outdoortarrago.com\/fr\/","logo":{"@type":"ImageObject","inLanguage":"fr-FR","@id":"https:\/\/outdoortarrago.com\/fr\/#\/schema\/logo\/image\/","url":"https:\/\/outdoortarrago.com\/wp-content\/uploads\/2024\/10\/logo.svg","contentUrl":"https:\/\/outdoortarrago.com\/wp-content\/uploads\/2024\/10\/logo.svg","width":189,"height":134,"caption":"A NEW CONCEPT OF CARE"},"image":{"@id":"https:\/\/outdoortarrago.com\/fr\/#\/schema\/logo\/image\/"}}]}},"_links":{"self":[{"href":"https:\/\/outdoortarrago.com\/fr\/wp-json\/wp\/v2\/pages\/8248","targetHints":{"allow":["GET"]}}],"collection":[{"href":"https:\/\/outdoortarrago.com\/fr\/wp-json\/wp\/v2\/pages"}],"about":[{"href":"https:\/\/outdoortarrago.com\/fr\/wp-json\/wp\/v2\/types\/page"}],"author":[{"embeddable":true,"href":"https:\/\/outdoortarrago.com\/fr\/wp-json\/wp\/v2\/users\/1"}],"replies":[{"embeddable":true,"href":"https:\/\/outdoortarrago.com\/fr\/wp-json\/wp\/v2\/comments?post=8248"}],"version-history":[{"count":5,"href":"https:\/\/outdoortarrago.com\/fr\/wp-json\/wp\/v2\/pages\/8248\/revisions"}],"predecessor-version":[{"id":9907,"href":"https:\/\/outdoortarrago.com\/fr\/wp-json\/wp\/v2\/pages\/8248\/revisions\/9907"}],"wp:attachment":[{"href":"https:\/\/outdoortarrago.com\/fr\/wp-json\/wp\/v2\/media?parent=8248"}],"curies":[{"name":"wp","href":"https:\/\/api.w.org\/{rel}","templated":true}]}}