{"id":8260,"date":"2024-10-30T16:19:26","date_gmt":"2024-10-30T16:19:26","guid":{"rendered":"https:\/\/outdoortarrago.com\/politique-de-confidentialite\/"},"modified":"2025-01-14T14:44:49","modified_gmt":"2025-01-14T14:44:49","slug":"politique-de-confidentialite","status":"publish","type":"page","link":"https:\/\/outdoortarrago.com\/fr\/politique-de-confidentialite\/","title":{"rendered":"Politique de confidentialit\u00e9"},"content":{"rendered":"\t\t<div data-elementor-type=\"wp-page\" data-elementor-id=\"8260\" class=\"elementor elementor-8260 elementor-407\" data-elementor-post-type=\"page\">\n\t\t\t\t<div class=\"elementor-element elementor-element-cdd2658 e-flex e-con-boxed e-con e-parent\" data-id=\"cdd2658\" data-element_type=\"container\" data-settings=\"{&quot;background_background&quot;:&quot;classic&quot;}\">\n\t\t\t\t\t<div class=\"e-con-inner\">\n\t\t\t\t<div class=\"elementor-element elementor-element-db4d635 elementor-widget elementor-widget-heading\" data-id=\"db4d635\" data-element_type=\"widget\" data-widget_type=\"heading.default\">\n\t\t\t\t<div class=\"elementor-widget-container\">\n\t\t\t\t\t<h2 class=\"elementor-heading-title elementor-size-default\">Politique de confidentialit\u00e9<\/h2>\t\t\t\t<\/div>\n\t\t\t\t<\/div>\n\t\t\t\t\t<\/div>\n\t\t\t\t<\/div>\n\t\t<div class=\"elementor-element elementor-element-377ae45 e-flex e-con-boxed e-con e-parent\" data-id=\"377ae45\" data-element_type=\"container\" data-settings=\"{&quot;background_background&quot;:&quot;classic&quot;}\">\n\t\t\t\t\t<div class=\"e-con-inner\">\n\t\t\t\t<div class=\"elementor-element elementor-element-dd4a845 elementor-widget elementor-widget-text-editor\" data-id=\"dd4a845\" data-element_type=\"widget\" data-widget_type=\"text-editor.default\">\n\t\t\t\t<div class=\"elementor-widget-container\">\n\t\t\t\t\t\t\t\t\t<p><b>Derni\u00e8re mise \u00e0 jour 01\/12\/2024<\/b><\/p>\n<p>La confidentialit\u00e9 et la s\u00e9curit\u00e9 sont les valeurs fondamentales de TARRAGO, et nous nous engageons donc \u00e0 garantir la confidentialit\u00e9 de l&rsquo;utilisateur \u00e0 tout moment et \u00e0 ne pas collecter d&rsquo;informations inutiles. Vous trouverez ci-dessous toutes les informations n\u00e9cessaires concernant notre politique de confidentialit\u00e9 par rapport aux donn\u00e9es personnelles collect\u00e9es, en expliquant : <\/p>\n<ul>\n<li><span style=\"background-color: transparent; color: var( --e-global-color-primary ); font-family: var( --e-global-typography-e599a38-font-family ), Sans-serif; font-weight: var( --e-global-typography-e599a38-font-weight ); text-align: var(--text-align);\">Qui est le responsable du traitement de vos donn\u00e9es.<\/span><\/li>\n<li>La raison pour laquelle nous recueillons les donn\u00e9es demand\u00e9es.<\/li>\n<li>Quelle est la l\u00e9gitimation de leur traitement.<\/li>\n<li>La dur\u00e9e de conservation des donn\u00e9es.<\/li>\n<li>\u00c0 qui sont attribu\u00e9es vos donn\u00e9es.<\/li>\n<li>Quels sont vos droits ?<\/li>\n<\/ul>\t\t\t\t\t\t\t\t<\/div>\n\t\t\t\t<\/div>\n\t\t\t\t<div class=\"elementor-element elementor-element-1cd9575 elementor-widget elementor-widget-text-editor\" data-id=\"1cd9575\" data-element_type=\"widget\" data-widget_type=\"text-editor.default\">\n\t\t\t\t<div class=\"elementor-widget-container\">\n\t\t\t\t\t\t\t\t\t<h3>1- Responsable du traitement des donn\u00e9es :<\/h3>  TARRAGO BRANDS INTERNATIONAL SL (B64002512)<br>  C\/Narc\u00eds Monturiol, 18 08243, Manresa  <br>(Barcelone) info@tarrago.com\t\t\t\t\t\t\t\t<\/div>\n\t\t\t\t<\/div>\n\t\t\t\t<div class=\"elementor-element elementor-element-2bf1c48 elementor-widget elementor-widget-text-editor\" data-id=\"2bf1c48\" data-element_type=\"widget\" data-widget_type=\"text-editor.default\">\n\t\t\t\t<div class=\"elementor-widget-container\">\n\t\t\t\t\t\t\t\t\t<h3>2- Les finalit\u00e9s, la l\u00e9gitimation et la conservation du traitement des donn\u00e9es envoy\u00e9es par l&rsquo;interm\u00e9diaire du site web :<\/h3>\n<ul>\n<li><b>FORMULAIRE DE CONTACT.<\/b><\/li>\n<\/ul>\n<div><b> <\/b><\/div>\n<p><b>Objectif<\/b>: fournir les moyens de nous contacter et de r\u00e9pondre \u00e0 vos demandes d&rsquo;information, ainsi que de vous envoyer des informations sur nos produits, services et activit\u00e9s via les m\u00e9dias num\u00e9riques, si vous cochez la case d&rsquo;acceptation.<\/p>\n<p><b>L\u00e9gitimation : <\/b>Le consentement de l&rsquo;utilisateur lorsqu&rsquo;il demande des informations via notre formulaire de contact et qu&rsquo;il coche la case d&rsquo;acceptation pour l&rsquo;envoi d&rsquo;informations.<\/p>\n<p><b>Conservation<\/b>: Une fois que votre demande a \u00e9t\u00e9 r\u00e9solue via notre formulaire ou que vous avez re\u00e7u une r\u00e9ponse par courrier \u00e9lectronique, si aucun nouveau traitement n&rsquo;est g\u00e9n\u00e9r\u00e9 et que vous avez accept\u00e9 de recevoir des communications commerciales, jusqu&rsquo;\u00e0 ce que l&rsquo;utilisateur demande sa d\u00e9sinscription.<\/p>\n<p><b>ENVOI DE COURRIERS \u00c9LECTRONIQUES.<br \/><\/b>Objectif : r\u00e9pondre \u00e0 vos demandes d&rsquo;information, traiter vos demandes et r\u00e9pondre \u00e0 vos questions ou doutes.L\u00e9gitimation : Consentement de l&rsquo;utilisateur lorsqu&rsquo;il demande des informations via notre adresse \u00e9lectronique.Conservation : Apr\u00e8s avoir r\u00e9pondu \u00e0 votre demande par courrier \u00e9lectronique, si aucun nouveau traitement n&rsquo;a \u00e9t\u00e9 g\u00e9n\u00e9r\u00e9.<\/p>\n<ul>\n<li><b>ABONNEMENT AU BULLETIN D&rsquo;INFORMATION.<\/b><\/li>\n<\/ul>\n<p><b>Objectif<\/b>: vous envoyer notre bulletin d&rsquo;information et des informations sur nos produits, services et activit\u00e9s via les m\u00e9dias num\u00e9riques, si vous cochez la case d&rsquo;acceptation.<\/p>\n<p><b>L\u00e9gitimation<\/b>: Le consentement de l&rsquo;utilisateur lorsqu&rsquo;il s&rsquo;inscrit \u00e0 notre lettre d&rsquo;information.<\/p>\n<p><b>Conservation<\/b>: Jusqu&rsquo;\u00e0 ce que l&rsquo;utilisateur demande sa d\u00e9sinscription.<\/p>\n<p><b>COMMENTAIRES BLOG<br \/>Objectif<\/b>: publier votre commentaire dans la section blog de la page web.<\/p>\n<p><b>L\u00e9gitimation<\/b>: Le consentement de l&rsquo;utilisateur \u00e0 l&rsquo;envoi de ses donn\u00e9es personnelles et de ses commentaires \u00e0 la publication concern\u00e9e.<\/p>\n<p><b>Conservation<\/b>: Tant que la publication dans le blog est publi\u00e9e sur la page web.<br \/><b>Obligation de fournir vos donn\u00e9es \u00e0 caract\u00e8re personnel et cons\u00e9quences d&rsquo;un manquement \u00e0 cette obligation.<\/b><\/p>\n<p>La fourniture de donn\u00e9es personnelles requiert un \u00e2ge minimum de 14 ans ou, le cas \u00e9ch\u00e9ant, une capacit\u00e9 juridique suffisante pour conclure un contrat.<br \/>Les donn\u00e9es personnelles demand\u00e9es sont n\u00e9cessaires pour g\u00e9rer vos demandes et\/ou fournir les services qui peuvent \u00eatre contract\u00e9s et, par cons\u00e9quent, tout manquement \u00e0 cet \u00e9gard signifie que nous ne pouvons pas vous r\u00e9pondre correctement ni fournir le service demand\u00e9.<\/p>\n\t\t\t\t\t\t\t\t<\/div>\n\t\t\t\t<\/div>\n\t\t\t\t<div class=\"elementor-element elementor-element-af6a422 elementor-widget elementor-widget-text-editor\" data-id=\"af6a422\" data-element_type=\"widget\" data-widget_type=\"text-editor.default\">\n\t\t\t\t<div class=\"elementor-widget-container\">\n\t\t\t\t\t\t\t\t\t<h3>3- Les destinataires des donn\u00e9es<\/h3>\n<p>Vos donn\u00e9es sont confidentielles et ne seront pas transmises \u00e0 des tiers, sauf obligation l\u00e9gale.<\/p>\n\t\t\t\t\t\t\t\t<\/div>\n\t\t\t\t<\/div>\n\t\t\t\t<div class=\"elementor-element elementor-element-7890f02 elementor-widget elementor-widget-text-editor\" data-id=\"7890f02\" data-element_type=\"widget\" data-widget_type=\"text-editor.default\">\n\t\t\t\t<div class=\"elementor-widget-container\">\n\t\t\t\t\t\t\t\t\t<h3>4- Droits relatifs \u00e0 vos donn\u00e9es personnelles<\/h3>\n<p>Toute personne peut retirer son consentement \u00e0 tout moment apr\u00e8s l&rsquo;avoir accord\u00e9 pour le traitement de ses donn\u00e9es. Le retrait du consentement n&rsquo;affecte en aucun cas l&rsquo;ex\u00e9cution du contrat d&rsquo;abonnement ou les relations \u00e9tablies pr\u00e9c\u00e9demment. <\/p>\n<p>De m\u00eame, vous pouvez \u00e9galement exercer les droits suivants :<\/p>\n<ul>\n<li>Demander l&rsquo;acc\u00e8s \u00e0 vos donn\u00e9es personnelles ou leur rectification lorsqu&rsquo;elles sont inexactes.<\/li>\n<li>demander leur suppression lorsque, entre autres raisons, elles ne sont plus n\u00e9cessaires aux fins pour lesquelles elles ont \u00e9t\u00e9 r\u00e9gies.<\/li>\n<li>Demander la limitation du traitement dans certaines circonstances.<\/li>\n<li>Demander \u00e0 s&rsquo;opposer au traitement de vos donn\u00e9es en raison de votre situation particuli\u00e8re.<\/li>\n<li>Demander la portabilit\u00e9 des donn\u00e9es lorsque la loi le pr\u00e9voit.<\/li>\n<li>Autres droits reconnus par la loi applicable.<\/li>\n<\/ul>\n<p>O\u00f9 et comment exercer vos droits : En \u00e9crivant \u00e0 la partie concern\u00e9e \u00e0 son adresse postale ou \u00e9lectronique (fournie dans la section A), en indiquant la r\u00e9f\u00e9rence \u00ab\u00a0Donn\u00e9es \u00e0 caract\u00e8re personnel\u00a0\u00bb, en pr\u00e9cisant le droit \u00e0 exercer et \u00e0 propos de quelles donn\u00e9es \u00e0 caract\u00e8re personnel.<\/p>\n<p>En cas de litige avec la soci\u00e9t\u00e9 concernant le traitement de vos donn\u00e9es, vous pouvez introduire une r\u00e9clamation aupr\u00e8s de l&rsquo;Autorit\u00e9 de protection des donn\u00e9es (www.agpd.es).<\/p>\n\t\t\t\t\t\t\t\t<\/div>\n\t\t\t\t<\/div>\n\t\t\t\t<div class=\"elementor-element elementor-element-6097b5e elementor-widget elementor-widget-text-editor\" data-id=\"6097b5e\" data-element_type=\"widget\" data-widget_type=\"text-editor.default\">\n\t\t\t\t<div class=\"elementor-widget-container\">\n\t\t\t\t\t\t\t\t\t<h3>5- Biscuits<\/h3>\n<p>Cette page web utilise uniquement des cookies techniques, de personnalisation et d&rsquo;analyse propres et de tiers (Google Analytics) qui ne traitent en aucun cas les donn\u00e9es personnelles et ne capturent pas les habitudes de navigation \u00e0 des fins publicitaires.<\/p>\n<p>Par cons\u00e9quent, conform\u00e9ment \u00e0 l&rsquo;article 22 de la loi sur les services de la soci\u00e9t\u00e9 de l&rsquo;information, et dans la mesure o\u00f9 des cookies d&rsquo;analyse sont utilis\u00e9s, nous avons demand\u00e9 votre autorisation pour les utiliser et vous en avons inform\u00e9, et ils seront install\u00e9s apr\u00e8s un d\u00e9lai raisonnable pour que l&rsquo;utilisateur ait le temps de d\u00e9cider s&rsquo;il les autorise ou non.<\/p>\n\t\t\t\t\t\t\t\t<\/div>\n\t\t\t\t<\/div>\n\t\t\t\t<div class=\"elementor-element elementor-element-09b3313 elementor-widget elementor-widget-text-editor\" data-id=\"09b3313\" data-element_type=\"widget\" data-widget_type=\"text-editor.default\">\n\t\t\t\t<div class=\"elementor-widget-container\">\n\t\t\t\t\t\t\t\t\t<h3>6- S\u00e9curit\u00e9 de vos donn\u00e9es personnelles<\/h3>\n<p>Cette page web utilise uniquement des cookies techniques, de personnalisation et d&rsquo;analyse propres et de tiers (Google Analytics) qui ne traitent en aucun cas les donn\u00e9es personnelles et ne capturent pas les habitudes de navigation \u00e0 des fins publicitaires.<\/p>\n<p>Par cons\u00e9quent, conform\u00e9ment \u00e0 l&rsquo;article 22 de la loi sur les services de la soci\u00e9t\u00e9 de l&rsquo;information, et \u00e9tant donn\u00e9 que des cookies d&rsquo;analyse sont utilis\u00e9s, nous avons demand\u00e9 votre autorisation pour les utiliser et vous en avons inform\u00e9, et ils seront install\u00e9s apr\u00e8s un d\u00e9lai raisonnable pour que l&rsquo;utilisateur ait le temps de d\u00e9cider s&rsquo;il souhaite les autoriser ou non.<\/p>\n\t\t\t\t\t\t\t\t<\/div>\n\t\t\t\t<\/div>\n\t\t\t\t<div class=\"elementor-element elementor-element-20362df elementor-widget elementor-widget-text-editor\" data-id=\"20362df\" data-element_type=\"widget\" data-widget_type=\"text-editor.default\">\n\t\t\t\t<div class=\"elementor-widget-container\">\n\t\t\t\t\t\t\t\t\t<h3>7- Mise \u00e0 jour de vos donn\u00e9es<\/h3>\n<p>Il est important que vous nous informiez de toute modification afin que nous puissions mettre \u00e0 jour vos donn\u00e9es personnelles ; dans le cas contraire, nous ne pourrons \u00eatre tenus responsables de l&rsquo;exactitude de celles-ci.<\/p>\n<p>Nous ne sommes pas responsables de la politique de confidentialit\u00e9 concernant les donn\u00e9es personnelles que vous pouvez fournir \u00e0 des tiers via les liens de notre page Web.<\/p>\n<p>Cette politique de confidentialit\u00e9 peut \u00eatre modifi\u00e9e afin de l&rsquo;adapter \u00e0 tout changement sur notre site Web ainsi qu&rsquo;\u00e0 toute modification l\u00e9gale ou jurisprudentielle concernant les donn\u00e9es personnelles qui pourrait appara\u00eetre, et vous \u00eates donc pri\u00e9 de lire cette politique chaque fois que vous fournissez vos donn\u00e9es via ce site Web.<\/p>\n\t\t\t\t\t\t\t\t<\/div>\n\t\t\t\t<\/div>\n\t\t\t\t\t<\/div>\n\t\t\t\t<\/div>\n\t\t\t\t<\/div>\n\t\t","protected":false},"excerpt":{"rendered":"<p>Politique de confidentialit\u00e9 Derni\u00e8re mise \u00e0 jour 01\/12\/2024 La confidentialit\u00e9 et la s\u00e9curit\u00e9 sont les valeurs fondamentales de TARRAGO, et nous nous engageons donc \u00e0 garantir la confidentialit\u00e9 de l&rsquo;utilisateur \u00e0 tout moment et \u00e0 ne pas collecter d&rsquo;informations inutiles. Vous trouverez ci-dessous toutes les informations n\u00e9cessaires concernant notre politique de confidentialit\u00e9 par rapport aux [&hellip;]<\/p>\n","protected":false},"author":1,"featured_media":0,"parent":0,"menu_order":0,"comment_status":"closed","ping_status":"closed","template":"","meta":{"_acf_changed":false,"footnotes":""},"class_list":["post-8260","page","type-page","status-publish","hentry"],"acf":[],"yoast_head":"<!-- This site is optimized with the Yoast SEO plugin v26.4 - https:\/\/yoast.com\/wordpress\/plugins\/seo\/ -->\n<title>Politique de confidentialit\u00e9 - Tarrago Outdoor Care<\/title>\n<meta name=\"robots\" content=\"index, follow, max-snippet:-1, max-image-preview:large, max-video-preview:-1\" \/>\n<link rel=\"canonical\" href=\"https:\/\/outdoortarrago.com\/fr\/politique-de-confidentialite\/\" \/>\n<meta property=\"og:locale\" content=\"fr_FR\" \/>\n<meta property=\"og:type\" content=\"article\" \/>\n<meta property=\"og:title\" content=\"Politique de confidentialit\u00e9 - Tarrago Outdoor Care\" \/>\n<meta property=\"og:description\" content=\"Politique de confidentialit\u00e9 Derni\u00e8re mise \u00e0 jour 01\/12\/2024 La confidentialit\u00e9 et la s\u00e9curit\u00e9 sont les valeurs fondamentales de TARRAGO, et nous nous engageons donc \u00e0 garantir la confidentialit\u00e9 de l&rsquo;utilisateur \u00e0 tout moment et \u00e0 ne pas collecter d&rsquo;informations inutiles. Vous trouverez ci-dessous toutes les informations n\u00e9cessaires concernant notre politique de confidentialit\u00e9 par rapport aux [&hellip;]\" \/>\n<meta property=\"og:url\" content=\"https:\/\/outdoortarrago.com\/fr\/politique-de-confidentialite\/\" \/>\n<meta property=\"og:site_name\" content=\"Tarrago Outdoor Care\" \/>\n<meta property=\"article:modified_time\" content=\"2025-01-14T14:44:49+00:00\" \/>\n<meta name=\"twitter:card\" content=\"summary_large_image\" \/>\n<meta name=\"twitter:label1\" content=\"Dur\u00e9e de lecture estim\u00e9e\" \/>\n\t<meta name=\"twitter:data1\" content=\"5 minutes\" \/>\n<script type=\"application\/ld+json\" class=\"yoast-schema-graph\">{\"@context\":\"https:\/\/schema.org\",\"@graph\":[{\"@type\":\"WebPage\",\"@id\":\"https:\/\/outdoortarrago.com\/fr\/politique-de-confidentialite\/\",\"url\":\"https:\/\/outdoortarrago.com\/fr\/politique-de-confidentialite\/\",\"name\":\"Politique de confidentialit\u00e9 - Tarrago Outdoor Care\",\"isPartOf\":{\"@id\":\"https:\/\/outdoortarrago.com\/fr\/#website\"},\"datePublished\":\"2024-10-30T16:19:26+00:00\",\"dateModified\":\"2025-01-14T14:44:49+00:00\",\"breadcrumb\":{\"@id\":\"https:\/\/outdoortarrago.com\/fr\/politique-de-confidentialite\/#breadcrumb\"},\"inLanguage\":\"fr-FR\",\"potentialAction\":[{\"@type\":\"ReadAction\",\"target\":[\"https:\/\/outdoortarrago.com\/fr\/politique-de-confidentialite\/\"]}]},{\"@type\":\"BreadcrumbList\",\"@id\":\"https:\/\/outdoortarrago.com\/fr\/politique-de-confidentialite\/#breadcrumb\",\"itemListElement\":[{\"@type\":\"ListItem\",\"position\":1,\"name\":\"Home\",\"item\":\"https:\/\/outdoortarrago.com\/fr\/\"},{\"@type\":\"ListItem\",\"position\":2,\"name\":\"Politique de confidentialit\u00e9\"}]},{\"@type\":\"WebSite\",\"@id\":\"https:\/\/outdoortarrago.com\/fr\/#website\",\"url\":\"https:\/\/outdoortarrago.com\/fr\/\",\"name\":\"A NEW CONCEPT OF CARE\",\"description\":\"A new concept of care: understanding the cleaning, care, and maintenance of sportswear.\",\"publisher\":{\"@id\":\"https:\/\/outdoortarrago.com\/fr\/#organization\"},\"potentialAction\":[{\"@type\":\"SearchAction\",\"target\":{\"@type\":\"EntryPoint\",\"urlTemplate\":\"https:\/\/outdoortarrago.com\/fr\/?s={search_term_string}\"},\"query-input\":{\"@type\":\"PropertyValueSpecification\",\"valueRequired\":true,\"valueName\":\"search_term_string\"}}],\"inLanguage\":\"fr-FR\"},{\"@type\":\"Organization\",\"@id\":\"https:\/\/outdoortarrago.com\/fr\/#organization\",\"name\":\"A NEW CONCEPT OF CARE\",\"url\":\"https:\/\/outdoortarrago.com\/fr\/\",\"logo\":{\"@type\":\"ImageObject\",\"inLanguage\":\"fr-FR\",\"@id\":\"https:\/\/outdoortarrago.com\/fr\/#\/schema\/logo\/image\/\",\"url\":\"https:\/\/outdoortarrago.com\/wp-content\/uploads\/2024\/10\/logo.svg\",\"contentUrl\":\"https:\/\/outdoortarrago.com\/wp-content\/uploads\/2024\/10\/logo.svg\",\"width\":189,\"height\":134,\"caption\":\"A NEW CONCEPT OF CARE\"},\"image\":{\"@id\":\"https:\/\/outdoortarrago.com\/fr\/#\/schema\/logo\/image\/\"}}]}<\/script>\n<!-- \/ Yoast SEO plugin. -->","yoast_head_json":{"title":"Politique de confidentialit\u00e9 - Tarrago Outdoor Care","robots":{"index":"index","follow":"follow","max-snippet":"max-snippet:-1","max-image-preview":"max-image-preview:large","max-video-preview":"max-video-preview:-1"},"canonical":"https:\/\/outdoortarrago.com\/fr\/politique-de-confidentialite\/","og_locale":"fr_FR","og_type":"article","og_title":"Politique de confidentialit\u00e9 - Tarrago Outdoor Care","og_description":"Politique de confidentialit\u00e9 Derni\u00e8re mise \u00e0 jour 01\/12\/2024 La confidentialit\u00e9 et la s\u00e9curit\u00e9 sont les valeurs fondamentales de TARRAGO, et nous nous engageons donc \u00e0 garantir la confidentialit\u00e9 de l&rsquo;utilisateur \u00e0 tout moment et \u00e0 ne pas collecter d&rsquo;informations inutiles. Vous trouverez ci-dessous toutes les informations n\u00e9cessaires concernant notre politique de confidentialit\u00e9 par rapport aux [&hellip;]","og_url":"https:\/\/outdoortarrago.com\/fr\/politique-de-confidentialite\/","og_site_name":"Tarrago Outdoor Care","article_modified_time":"2025-01-14T14:44:49+00:00","twitter_card":"summary_large_image","twitter_misc":{"Dur\u00e9e de lecture estim\u00e9e":"5 minutes"},"schema":{"@context":"https:\/\/schema.org","@graph":[{"@type":"WebPage","@id":"https:\/\/outdoortarrago.com\/fr\/politique-de-confidentialite\/","url":"https:\/\/outdoortarrago.com\/fr\/politique-de-confidentialite\/","name":"Politique de confidentialit\u00e9 - Tarrago Outdoor Care","isPartOf":{"@id":"https:\/\/outdoortarrago.com\/fr\/#website"},"datePublished":"2024-10-30T16:19:26+00:00","dateModified":"2025-01-14T14:44:49+00:00","breadcrumb":{"@id":"https:\/\/outdoortarrago.com\/fr\/politique-de-confidentialite\/#breadcrumb"},"inLanguage":"fr-FR","potentialAction":[{"@type":"ReadAction","target":["https:\/\/outdoortarrago.com\/fr\/politique-de-confidentialite\/"]}]},{"@type":"BreadcrumbList","@id":"https:\/\/outdoortarrago.com\/fr\/politique-de-confidentialite\/#breadcrumb","itemListElement":[{"@type":"ListItem","position":1,"name":"Home","item":"https:\/\/outdoortarrago.com\/fr\/"},{"@type":"ListItem","position":2,"name":"Politique de confidentialit\u00e9"}]},{"@type":"WebSite","@id":"https:\/\/outdoortarrago.com\/fr\/#website","url":"https:\/\/outdoortarrago.com\/fr\/","name":"A NEW CONCEPT OF CARE","description":"A new concept of care: understanding the cleaning, care, and maintenance of sportswear.","publisher":{"@id":"https:\/\/outdoortarrago.com\/fr\/#organization"},"potentialAction":[{"@type":"SearchAction","target":{"@type":"EntryPoint","urlTemplate":"https:\/\/outdoortarrago.com\/fr\/?s={search_term_string}"},"query-input":{"@type":"PropertyValueSpecification","valueRequired":true,"valueName":"search_term_string"}}],"inLanguage":"fr-FR"},{"@type":"Organization","@id":"https:\/\/outdoortarrago.com\/fr\/#organization","name":"A NEW CONCEPT OF CARE","url":"https:\/\/outdoortarrago.com\/fr\/","logo":{"@type":"ImageObject","inLanguage":"fr-FR","@id":"https:\/\/outdoortarrago.com\/fr\/#\/schema\/logo\/image\/","url":"https:\/\/outdoortarrago.com\/wp-content\/uploads\/2024\/10\/logo.svg","contentUrl":"https:\/\/outdoortarrago.com\/wp-content\/uploads\/2024\/10\/logo.svg","width":189,"height":134,"caption":"A NEW CONCEPT OF CARE"},"image":{"@id":"https:\/\/outdoortarrago.com\/fr\/#\/schema\/logo\/image\/"}}]}},"_links":{"self":[{"href":"https:\/\/outdoortarrago.com\/fr\/wp-json\/wp\/v2\/pages\/8260","targetHints":{"allow":["GET"]}}],"collection":[{"href":"https:\/\/outdoortarrago.com\/fr\/wp-json\/wp\/v2\/pages"}],"about":[{"href":"https:\/\/outdoortarrago.com\/fr\/wp-json\/wp\/v2\/types\/page"}],"author":[{"embeddable":true,"href":"https:\/\/outdoortarrago.com\/fr\/wp-json\/wp\/v2\/users\/1"}],"replies":[{"embeddable":true,"href":"https:\/\/outdoortarrago.com\/fr\/wp-json\/wp\/v2\/comments?post=8260"}],"version-history":[{"count":1,"href":"https:\/\/outdoortarrago.com\/fr\/wp-json\/wp\/v2\/pages\/8260\/revisions"}],"predecessor-version":[{"id":8261,"href":"https:\/\/outdoortarrago.com\/fr\/wp-json\/wp\/v2\/pages\/8260\/revisions\/8261"}],"wp:attachment":[{"href":"https:\/\/outdoortarrago.com\/fr\/wp-json\/wp\/v2\/media?parent=8260"}],"curies":[{"name":"wp","href":"https:\/\/api.w.org\/{rel}","templated":true}]}}