{"id":8278,"date":"2024-10-30T16:07:53","date_gmt":"2024-10-30T16:07:53","guid":{"rendered":"https:\/\/outdoortarrago.com\/avertissements-juridiques\/"},"modified":"2025-01-14T14:48:13","modified_gmt":"2025-01-14T14:48:13","slug":"avertissements-juridiques","status":"publish","type":"page","link":"https:\/\/outdoortarrago.com\/fr\/avertissements-juridiques\/","title":{"rendered":"Avertissements juridiques"},"content":{"rendered":"\t\t<div data-elementor-type=\"wp-page\" data-elementor-id=\"8278\" class=\"elementor elementor-8278 elementor-390\" data-elementor-post-type=\"page\">\n\t\t\t\t<div class=\"elementor-element elementor-element-c2e78a8 e-flex e-con-boxed e-con e-parent\" data-id=\"c2e78a8\" data-element_type=\"container\" data-settings=\"{&quot;background_background&quot;:&quot;classic&quot;}\">\n\t\t\t\t\t<div class=\"e-con-inner\">\n\t\t\t\t<div class=\"elementor-element elementor-element-fbfe809 elementor-widget elementor-widget-heading\" data-id=\"fbfe809\" data-element_type=\"widget\" data-widget_type=\"heading.default\">\n\t\t\t\t<div class=\"elementor-widget-container\">\n\t\t\t\t\t<h2 class=\"elementor-heading-title elementor-size-default\">Avertissements juridiques<\/h2>\t\t\t\t<\/div>\n\t\t\t\t<\/div>\n\t\t\t\t\t<\/div>\n\t\t\t\t<\/div>\n\t\t<div class=\"elementor-element elementor-element-75922d5 e-flex e-con-boxed e-con e-parent\" data-id=\"75922d5\" data-element_type=\"container\" data-settings=\"{&quot;background_background&quot;:&quot;classic&quot;}\">\n\t\t\t\t\t<div class=\"e-con-inner\">\n\t\t\t\t<div class=\"elementor-element elementor-element-f8ad50c elementor-widget elementor-widget-text-editor\" data-id=\"f8ad50c\" data-element_type=\"widget\" data-widget_type=\"text-editor.default\">\n\t\t\t\t<div class=\"elementor-widget-container\">\n\t\t\t\t\t\t\t\t\t<p>Cette page Web est la propri\u00e9t\u00e9 de TARRAGO BRANDS INTERNATIONAL SL (ci-apr\u00e8s, TARRAGO), titulaire du NIF n\u00b0 B64002512, dont le si\u00e8ge social se trouve \u00e0 C\/Narc\u00eds Monturiol, 18, 08243, Manresa (Barcelone). B64002512, dont le si\u00e8ge social est situ\u00e9 C\/Narc\u00eds Monturiol, 18, 08243, Manresa (Barcelone) et inscrite au Registre du Commerce de Barcelone au Vol. 31010 Folio 13 Feuille B.  <\/p>\n<p>Pour toute demande ou proposition, contactez-nous au + 34 93 877 08 14 ou \u00e9crivez-nous \u00e0<span style=\"text-decoration: underline;\"> info@tarrago.com.<\/span><br \/>Cette page Web est r\u00e9gie par la loi applicable uniquement en Espagne et les utilisateurs nationaux et \u00e9trangers de ce site Web y sont soumis.<br \/>L&rsquo;acc\u00e8s de l&rsquo;UTILISATEUR \u00e0 notre page Web est gratuit et subordonn\u00e9 \u00e0 la lecture et \u00e0 l&rsquo;acceptation int\u00e9grale et expresse, sans r\u00e9serve, des pr\u00e9sentes CONDITIONS G\u00c9N\u00c9RALES D&rsquo;UTILISATION en vigueur au moment de l&rsquo;acc\u00e8s, que nous vous prions de lire attentivement. En utilisant notre portail, ses contenus ou ses services, l&rsquo;UTILISATEUR accepte et se soumet express\u00e9ment aux conditions g\u00e9n\u00e9rales d&rsquo;utilisation. Si l&rsquo;utilisateur n&rsquo;est pas d&rsquo;accord avec ces conditions d&rsquo;utilisation, il doit s&rsquo;abstenir d&rsquo;utiliser ce portail et d&rsquo;op\u00e9rer par son interm\u00e9diaire.  <\/p>\n<p>La fourniture de donn\u00e9es personnelles par l&rsquo;interm\u00e9diaire de notre portail requiert un \u00e2ge minimum de 14 ans ou, le cas \u00e9ch\u00e9ant, une capacit\u00e9 juridique suffisante pour contracter.<\/p>\n<p>Nous pouvons modifier la pr\u00e9sentation et la configuration de notre page Web, \u00e9tendre ou r\u00e9duire les services et m\u00eame la retirer d&rsquo;Internet \u00e0 tout moment, ainsi que les services et les contenus fournis, de mani\u00e8re unilat\u00e9rale et sans pr\u00e9avis.<\/p>\n\t\t\t\t\t\t\t\t<\/div>\n\t\t\t\t<\/div>\n\t\t\t\t<div class=\"elementor-element elementor-element-dbbfff9 elementor-widget elementor-widget-text-editor\" data-id=\"dbbfff9\" data-element_type=\"widget\" data-widget_type=\"text-editor.default\">\n\t\t\t\t<div class=\"elementor-widget-container\">\n\t\t\t\t\t\t\t\t\t<h3>  A. PROPRI\u00c9T\u00c9 INTELLECTUELLE<\/h3>\n<p>Tous les contenus, textes, images et codes sources sont la propri\u00e9t\u00e9 de TARRAGO ou de tiers pour lesquels les droits d&rsquo;exploitation ont \u00e9t\u00e9 acquis et sont prot\u00e9g\u00e9s par des droits de propri\u00e9t\u00e9 intellectuelle et industrielle.<\/p>\n<p>L&rsquo;utilisateur est uniquement autoris\u00e9 \u00e0 en faire un usage priv\u00e9, sans but lucratif, et doit obtenir l&rsquo;autorisation expresse de les modifier, de les reproduire, de les exploiter, de les distribuer ou d&rsquo;exercer tout autre droit appartenant au propri\u00e9taire.<\/p>\n<p>TARRAGO est une marque d\u00e9pos\u00e9e et la reproduction, l&rsquo;imitation, l&rsquo;utilisation ou l&rsquo;insertion de ces marques est interdite sans notre autorisation.<br \/>L&rsquo;ajout de liens vers notre portail ne conf\u00e8re aucun droit sur celui-ci. De plus, le simple fait d&rsquo;ajouter un lien vers notre page web ne donne aucun droit de se qualifier d&rsquo;associ\u00e9 ou de partenaire. <\/p>\n<p>TARRAGO est d\u00e9gag\u00e9 de toute responsabilit\u00e9 en ce qui concerne les droits de propri\u00e9t\u00e9 intellectuelle sur les articles et les images publi\u00e9s par des tiers sur son portail.<\/p>\n<p>Toute imitation totale ou partielle de notre portail est strictement interdite.<\/p>\n\t\t\t\t\t\t\t\t<\/div>\n\t\t\t\t<\/div>\n\t\t\t\t<div class=\"elementor-element elementor-element-1b76b44 elementor-widget elementor-widget-text-editor\" data-id=\"1b76b44\" data-element_type=\"widget\" data-widget_type=\"text-editor.default\">\n\t\t\t\t<div class=\"elementor-widget-container\">\n\t\t\t\t\t\t\t\t\t<h3>B. CONDITIONS D&rsquo;ACC\u00c8S ET D&rsquo;UTILISATION<\/h3>\n<p>L&rsquo;acc\u00e8s \u00e0 notre site web est gratuit et ne n\u00e9cessite aucune inscription ou enregistrement pr\u00e9alable.<\/p>\n<p>L&rsquo;envoi de donn\u00e9es personnelles implique l&rsquo;acceptation expresse par l&rsquo;UTILISATEUR de notre politique de confidentialit\u00e9.<\/p>\n<p>L&rsquo;utilisateur doit acc\u00e9der \u00e0 notre site Web de bonne foi, conform\u00e9ment \u00e0 l&rsquo;ordre public et aux pr\u00e9sentes conditions g\u00e9n\u00e9rales d&rsquo;utilisation. L&rsquo;acc\u00e8s \u00e0 notre site Web se fait sous la seule responsabilit\u00e9 de l&rsquo;utilisateur qui sera responsable des dommages qu&rsquo;il pourrait nous causer ou causer \u00e0 des tiers. <\/p>\n<p>Il est express\u00e9ment interdit \u00e0 l&rsquo;utilisateur d&rsquo;utiliser et d&rsquo;obtenir les services et les contenus de cette page web par une proc\u00e9dure autre que celles stipul\u00e9es dans les pr\u00e9sentes conditions d&rsquo;utilisation.<\/p>\n<p>L&rsquo;UTILISATEUR ne peut effectuer sur notre portail aucune action susceptible de provoquer une surcharge de nos syst\u00e8mes informatiques ou d&rsquo;introduire des virus ou l&rsquo;installation de robots ou de logiciels qui alt\u00e8rent le fonctionnement normal de notre site web ou qui peuvent endommager nos syst\u00e8mes informatiques.<\/p>\n<p>Compte tenu de l&rsquo;impossibilit\u00e9 de contr\u00f4ler l&rsquo;information, les contenus et les services contenus dans les sites web de tiers accessibles par les liens de notre page web, nous vous informons que TARRAGO n&rsquo;est pas responsable des dommages de toute nature pouvant d\u00e9couler de l&rsquo;utilisation de ces pages web de tiers par l&rsquo;utilisateur.<br \/>TARRAGO se r\u00e9serve le droit unilat\u00e9ral et sans pr\u00e9avis d&rsquo;\u00e9liminer tout UTILISATEUR qui, selon l&rsquo;organisation, enfreint les conditions d&rsquo;utilisation de notre page web. Elle se r\u00e9serve \u00e9galement le droit d&rsquo;engager les poursuites judiciaires appropri\u00e9es \u00e0 l&rsquo;encontre des personnes qui enfreignent les pr\u00e9sentes conditions g\u00e9n\u00e9rales d&rsquo;utilisation. <\/p>\n\t\t\t\t\t\t\t\t<\/div>\n\t\t\t\t<\/div>\n\t\t\t\t<div class=\"elementor-element elementor-element-709eecb elementor-widget elementor-widget-text-editor\" data-id=\"709eecb\" data-element_type=\"widget\" data-widget_type=\"text-editor.default\">\n\t\t\t\t<div class=\"elementor-widget-container\">\n\t\t\t\t\t\t\t\t\t<h3>  C.LA POLITIQUE DE PROTECTION DE LA VIE PRIV\u00c9E<\/h3>\n<p>La confidentialit\u00e9 et la s\u00e9curit\u00e9 sont des valeurs fondamentales de TARRAGO et nous nous engageons donc \u00e0 garantir la vie priv\u00e9e de l&rsquo;utilisateur \u00e0 tout moment et \u00e0 ne pas recueillir d&rsquo;informations inutiles.<\/p>\n<p>Pour fournir des donn\u00e9es personnelles via notre portail, il faut \u00eatre \u00e2g\u00e9 d&rsquo;au moins 14 ans et accepter express\u00e9ment notre politique de protection de la vie priv\u00e9e.<\/p>\n\t\t\t\t\t\t\t\t<\/div>\n\t\t\t\t<\/div>\n\t\t\t\t<div class=\"elementor-element elementor-element-5735825 elementor-widget elementor-widget-text-editor\" data-id=\"5735825\" data-element_type=\"widget\" data-widget_type=\"text-editor.default\">\n\t\t\t\t<div class=\"elementor-widget-container\">\n\t\t\t\t\t\t\t\t\t<h3>  D. RESPONSABILIT\u00c9<\/h3>\n<p>En mettant cette page Web \u00e0 la disposition de l&rsquo;utilisateur, nous souhaitons offrir un service de qualit\u00e9 en appliquant le maximum de diligence \u00e0 la prestation de ce service et aux moyens technologiques utilis\u00e9s. Toutefois, TARRAGO ne garantit pas que la disponibilit\u00e9 du service soit continue ou ininterrompue en raison de circonstances provenant de probl\u00e8mes de r\u00e9seau Internet, de pannes de dispositifs informatiques ou d&rsquo;autres circonstances impr\u00e9visibles, de sorte que l&rsquo;UTILISATEUR devra tol\u00e9rer ces circonstances dans des limites raisonnables et renonce express\u00e9ment \u00e0 toute r\u00e9clamation contre TARRAGO pour toute responsabilit\u00e9 concernant d&rsquo;\u00e9ventuelles d\u00e9faillances, erreurs ou utilisation du service. <\/p>\n<p>L&rsquo;UTILISATEUR assume l&rsquo;enti\u00e8re responsabilit\u00e9 de l&rsquo;utilisation de notre page web et est le seul responsable de tout effet direct ou indirect sur la page web, y compris, mais sans s&rsquo;y limiter, tout r\u00e9sultat \u00e9conomique, technique et\/ou judiciaire n\u00e9gatif ainsi que la non satisfaction des attentes cr\u00e9\u00e9es par notre portail, et l&rsquo;utilisateur s&rsquo;engage \u00e0 tenir TARRAGO indemne de toute r\u00e9clamation r\u00e9sultant directement ou indirectement de ces \u00e9v\u00e9nements.<\/p>\n<p>L&rsquo;UTILISATEUR reconna\u00eet avoir compris toutes les informations relatives aux conditions d&rsquo;utilisation de notre portail et qu&rsquo;elles sont suffisantes pour exclure toute erreur et les accepte donc express\u00e9ment dans leur int\u00e9gralit\u00e9.<\/p>\n<p>L&rsquo;UTILISATEUR est pleinement conscient que la simple navigation sur cette page web et l&rsquo;utilisation de ses services impliquent l&rsquo;acceptation de ces conditions d&rsquo;utilisation.<\/p>\n<p>Toutes les questions relatives \u00e0 notre page web sont r\u00e9gies par la loi espagnole. En cas de divergence ou de litige entre les parties concernant l&rsquo;interpr\u00e9tation ou le contenu de cette page web, toutes les parties se soumettront aux tribunaux convenus par les parties ou \u00e0 ceux l\u00e9galement applicables. <\/p>\n\t\t\t\t\t\t\t\t<\/div>\n\t\t\t\t<\/div>\n\t\t\t\t<div class=\"elementor-element elementor-element-609db3d elementor-widget elementor-widget-text-editor\" data-id=\"609db3d\" data-element_type=\"widget\" data-widget_type=\"text-editor.default\">\n\t\t\t\t<div class=\"elementor-widget-container\">\n\t\t\t\t\t\t\t\t\t<h3>&nbsp;E. VALIDIT\u00c9 DES CONDITIONS G\u00c9N\u00c9RALES D&rsquo;ACC\u00c8S AU SITE WEB<\/h3>\n<p>Les pr\u00e9sentes conditions g\u00e9n\u00e9rales d&rsquo;utilisation ont \u00e9t\u00e9 modifi\u00e9es le 01\/12\/2024. Nous pouvons les modifier \u00e0 tout moment : veuillez v\u00e9rifier la date d&rsquo;\u00e9mission \u00e0 chaque fois que vous vous connectez \u00e0 notre page Web afin de vous assurer qu&rsquo;aucune modification susceptible de vous affecter n&rsquo;a \u00e9t\u00e9 apport\u00e9e. <\/p>\n<p>Pour toute question relative aux conditions d&rsquo;utilisation de notre page web, veuillez nous contacter aux coordonn\u00e9es indiqu\u00e9es ci-dessus ou contacter Lant Abogados \u00e0 l&rsquo;adresse suivante :&nbsp;info@lant-abogados.com&nbsp;ou \u00e0 l&rsquo;adresse suivante<span style=\"text-decoration: underline;\"><span style=\"color: #17322f; text-decoration: underline;\">&nbsp;<a style=\"font-family: var( --e-global-typography-e599a38-font-family ), Sans-serif; font-size: var( --e-global-typography-e599a38-font-size ); text-align: var(--text-align); color: #17322f; text-decoration: underline;\" href=\"https:\/\/www.lant-abogados.com\/\" target=\"_blank\" rel=\"noopener\">https:\/\/www.lant-abogados.com\/<\/a><\/span><\/span><\/p>\t\t\t\t\t\t\t\t<\/div>\n\t\t\t\t<\/div>\n\t\t\t\t\t<\/div>\n\t\t\t\t<\/div>\n\t\t\t\t<\/div>\n\t\t","protected":false},"excerpt":{"rendered":"<p>Avertissements juridiques Cette page Web est la propri\u00e9t\u00e9 de TARRAGO BRANDS INTERNATIONAL SL (ci-apr\u00e8s, TARRAGO), titulaire du NIF n\u00b0 B64002512, dont le si\u00e8ge social se trouve \u00e0 C\/Narc\u00eds Monturiol, 18, 08243, Manresa (Barcelone). B64002512, dont le si\u00e8ge social est situ\u00e9 C\/Narc\u00eds Monturiol, 18, 08243, Manresa (Barcelone) et inscrite au Registre du Commerce de Barcelone au [&hellip;]<\/p>\n","protected":false},"author":1,"featured_media":0,"parent":0,"menu_order":0,"comment_status":"closed","ping_status":"closed","template":"","meta":{"_acf_changed":false,"footnotes":""},"class_list":["post-8278","page","type-page","status-publish","hentry"],"acf":[],"yoast_head":"<!-- This site is optimized with the Yoast SEO plugin v26.4 - https:\/\/yoast.com\/wordpress\/plugins\/seo\/ -->\n<title>Avertissements juridiques - Tarrago Outdoor Care<\/title>\n<meta name=\"robots\" content=\"index, follow, max-snippet:-1, max-image-preview:large, max-video-preview:-1\" \/>\n<link rel=\"canonical\" href=\"https:\/\/outdoortarrago.com\/fr\/avertissements-juridiques\/\" \/>\n<meta property=\"og:locale\" content=\"fr_FR\" \/>\n<meta property=\"og:type\" content=\"article\" \/>\n<meta property=\"og:title\" content=\"Avertissements juridiques - Tarrago Outdoor Care\" \/>\n<meta property=\"og:description\" content=\"Avertissements juridiques Cette page Web est la propri\u00e9t\u00e9 de TARRAGO BRANDS INTERNATIONAL SL (ci-apr\u00e8s, TARRAGO), titulaire du NIF n\u00b0 B64002512, dont le si\u00e8ge social se trouve \u00e0 C\/Narc\u00eds Monturiol, 18, 08243, Manresa (Barcelone). B64002512, dont le si\u00e8ge social est situ\u00e9 C\/Narc\u00eds Monturiol, 18, 08243, Manresa (Barcelone) et inscrite au Registre du Commerce de Barcelone au [&hellip;]\" \/>\n<meta property=\"og:url\" content=\"https:\/\/outdoortarrago.com\/fr\/avertissements-juridiques\/\" \/>\n<meta property=\"og:site_name\" content=\"Tarrago Outdoor Care\" \/>\n<meta property=\"article:modified_time\" content=\"2025-01-14T14:48:13+00:00\" \/>\n<meta name=\"twitter:card\" content=\"summary_large_image\" \/>\n<meta name=\"twitter:label1\" content=\"Dur\u00e9e de lecture estim\u00e9e\" \/>\n\t<meta name=\"twitter:data1\" content=\"6 minutes\" \/>\n<script type=\"application\/ld+json\" class=\"yoast-schema-graph\">{\"@context\":\"https:\/\/schema.org\",\"@graph\":[{\"@type\":\"WebPage\",\"@id\":\"https:\/\/outdoortarrago.com\/fr\/avertissements-juridiques\/\",\"url\":\"https:\/\/outdoortarrago.com\/fr\/avertissements-juridiques\/\",\"name\":\"Avertissements juridiques - Tarrago Outdoor Care\",\"isPartOf\":{\"@id\":\"https:\/\/outdoortarrago.com\/fr\/#website\"},\"datePublished\":\"2024-10-30T16:07:53+00:00\",\"dateModified\":\"2025-01-14T14:48:13+00:00\",\"breadcrumb\":{\"@id\":\"https:\/\/outdoortarrago.com\/fr\/avertissements-juridiques\/#breadcrumb\"},\"inLanguage\":\"fr-FR\",\"potentialAction\":[{\"@type\":\"ReadAction\",\"target\":[\"https:\/\/outdoortarrago.com\/fr\/avertissements-juridiques\/\"]}]},{\"@type\":\"BreadcrumbList\",\"@id\":\"https:\/\/outdoortarrago.com\/fr\/avertissements-juridiques\/#breadcrumb\",\"itemListElement\":[{\"@type\":\"ListItem\",\"position\":1,\"name\":\"Home\",\"item\":\"https:\/\/outdoortarrago.com\/fr\/\"},{\"@type\":\"ListItem\",\"position\":2,\"name\":\"Avertissements juridiques\"}]},{\"@type\":\"WebSite\",\"@id\":\"https:\/\/outdoortarrago.com\/fr\/#website\",\"url\":\"https:\/\/outdoortarrago.com\/fr\/\",\"name\":\"A NEW CONCEPT OF CARE\",\"description\":\"A new concept of care: understanding the cleaning, care, and maintenance of sportswear.\",\"publisher\":{\"@id\":\"https:\/\/outdoortarrago.com\/fr\/#organization\"},\"potentialAction\":[{\"@type\":\"SearchAction\",\"target\":{\"@type\":\"EntryPoint\",\"urlTemplate\":\"https:\/\/outdoortarrago.com\/fr\/?s={search_term_string}\"},\"query-input\":{\"@type\":\"PropertyValueSpecification\",\"valueRequired\":true,\"valueName\":\"search_term_string\"}}],\"inLanguage\":\"fr-FR\"},{\"@type\":\"Organization\",\"@id\":\"https:\/\/outdoortarrago.com\/fr\/#organization\",\"name\":\"A NEW CONCEPT OF CARE\",\"url\":\"https:\/\/outdoortarrago.com\/fr\/\",\"logo\":{\"@type\":\"ImageObject\",\"inLanguage\":\"fr-FR\",\"@id\":\"https:\/\/outdoortarrago.com\/fr\/#\/schema\/logo\/image\/\",\"url\":\"https:\/\/outdoortarrago.com\/wp-content\/uploads\/2024\/10\/logo.svg\",\"contentUrl\":\"https:\/\/outdoortarrago.com\/wp-content\/uploads\/2024\/10\/logo.svg\",\"width\":189,\"height\":134,\"caption\":\"A NEW CONCEPT OF CARE\"},\"image\":{\"@id\":\"https:\/\/outdoortarrago.com\/fr\/#\/schema\/logo\/image\/\"}}]}<\/script>\n<!-- \/ Yoast SEO plugin. -->","yoast_head_json":{"title":"Avertissements juridiques - Tarrago Outdoor Care","robots":{"index":"index","follow":"follow","max-snippet":"max-snippet:-1","max-image-preview":"max-image-preview:large","max-video-preview":"max-video-preview:-1"},"canonical":"https:\/\/outdoortarrago.com\/fr\/avertissements-juridiques\/","og_locale":"fr_FR","og_type":"article","og_title":"Avertissements juridiques - Tarrago Outdoor Care","og_description":"Avertissements juridiques Cette page Web est la propri\u00e9t\u00e9 de TARRAGO BRANDS INTERNATIONAL SL (ci-apr\u00e8s, TARRAGO), titulaire du NIF n\u00b0 B64002512, dont le si\u00e8ge social se trouve \u00e0 C\/Narc\u00eds Monturiol, 18, 08243, Manresa (Barcelone). B64002512, dont le si\u00e8ge social est situ\u00e9 C\/Narc\u00eds Monturiol, 18, 08243, Manresa (Barcelone) et inscrite au Registre du Commerce de Barcelone au [&hellip;]","og_url":"https:\/\/outdoortarrago.com\/fr\/avertissements-juridiques\/","og_site_name":"Tarrago Outdoor Care","article_modified_time":"2025-01-14T14:48:13+00:00","twitter_card":"summary_large_image","twitter_misc":{"Dur\u00e9e de lecture estim\u00e9e":"6 minutes"},"schema":{"@context":"https:\/\/schema.org","@graph":[{"@type":"WebPage","@id":"https:\/\/outdoortarrago.com\/fr\/avertissements-juridiques\/","url":"https:\/\/outdoortarrago.com\/fr\/avertissements-juridiques\/","name":"Avertissements juridiques - Tarrago Outdoor Care","isPartOf":{"@id":"https:\/\/outdoortarrago.com\/fr\/#website"},"datePublished":"2024-10-30T16:07:53+00:00","dateModified":"2025-01-14T14:48:13+00:00","breadcrumb":{"@id":"https:\/\/outdoortarrago.com\/fr\/avertissements-juridiques\/#breadcrumb"},"inLanguage":"fr-FR","potentialAction":[{"@type":"ReadAction","target":["https:\/\/outdoortarrago.com\/fr\/avertissements-juridiques\/"]}]},{"@type":"BreadcrumbList","@id":"https:\/\/outdoortarrago.com\/fr\/avertissements-juridiques\/#breadcrumb","itemListElement":[{"@type":"ListItem","position":1,"name":"Home","item":"https:\/\/outdoortarrago.com\/fr\/"},{"@type":"ListItem","position":2,"name":"Avertissements juridiques"}]},{"@type":"WebSite","@id":"https:\/\/outdoortarrago.com\/fr\/#website","url":"https:\/\/outdoortarrago.com\/fr\/","name":"A NEW CONCEPT OF CARE","description":"A new concept of care: understanding the cleaning, care, and maintenance of sportswear.","publisher":{"@id":"https:\/\/outdoortarrago.com\/fr\/#organization"},"potentialAction":[{"@type":"SearchAction","target":{"@type":"EntryPoint","urlTemplate":"https:\/\/outdoortarrago.com\/fr\/?s={search_term_string}"},"query-input":{"@type":"PropertyValueSpecification","valueRequired":true,"valueName":"search_term_string"}}],"inLanguage":"fr-FR"},{"@type":"Organization","@id":"https:\/\/outdoortarrago.com\/fr\/#organization","name":"A NEW CONCEPT OF CARE","url":"https:\/\/outdoortarrago.com\/fr\/","logo":{"@type":"ImageObject","inLanguage":"fr-FR","@id":"https:\/\/outdoortarrago.com\/fr\/#\/schema\/logo\/image\/","url":"https:\/\/outdoortarrago.com\/wp-content\/uploads\/2024\/10\/logo.svg","contentUrl":"https:\/\/outdoortarrago.com\/wp-content\/uploads\/2024\/10\/logo.svg","width":189,"height":134,"caption":"A NEW CONCEPT OF CARE"},"image":{"@id":"https:\/\/outdoortarrago.com\/fr\/#\/schema\/logo\/image\/"}}]}},"_links":{"self":[{"href":"https:\/\/outdoortarrago.com\/fr\/wp-json\/wp\/v2\/pages\/8278","targetHints":{"allow":["GET"]}}],"collection":[{"href":"https:\/\/outdoortarrago.com\/fr\/wp-json\/wp\/v2\/pages"}],"about":[{"href":"https:\/\/outdoortarrago.com\/fr\/wp-json\/wp\/v2\/types\/page"}],"author":[{"embeddable":true,"href":"https:\/\/outdoortarrago.com\/fr\/wp-json\/wp\/v2\/users\/1"}],"replies":[{"embeddable":true,"href":"https:\/\/outdoortarrago.com\/fr\/wp-json\/wp\/v2\/comments?post=8278"}],"version-history":[{"count":1,"href":"https:\/\/outdoortarrago.com\/fr\/wp-json\/wp\/v2\/pages\/8278\/revisions"}],"predecessor-version":[{"id":8279,"href":"https:\/\/outdoortarrago.com\/fr\/wp-json\/wp\/v2\/pages\/8278\/revisions\/8279"}],"wp:attachment":[{"href":"https:\/\/outdoortarrago.com\/fr\/wp-json\/wp\/v2\/media?parent=8278"}],"curies":[{"name":"wp","href":"https:\/\/api.w.org\/{rel}","templated":true}]}}