{"id":8328,"date":"2024-10-28T16:40:59","date_gmt":"2024-10-28T16:40:59","guid":{"rendered":"https:\/\/outdoortarrago.com\/declaration-daccessibilite\/"},"modified":"2025-01-14T14:56:51","modified_gmt":"2025-01-14T14:56:51","slug":"declaration-daccessibilite","status":"publish","type":"page","link":"https:\/\/outdoortarrago.com\/fr\/declaration-daccessibilite\/","title":{"rendered":"D\u00e9claration d&rsquo;accessibilit\u00e9"},"content":{"rendered":"\t\t<div data-elementor-type=\"wp-page\" data-elementor-id=\"8328\" class=\"elementor elementor-8328 elementor-3\" data-elementor-post-type=\"page\">\n\t\t\t\t<div class=\"elementor-element elementor-element-4ac66f0 e-flex e-con-boxed e-con e-parent\" data-id=\"4ac66f0\" data-element_type=\"container\" data-settings=\"{&quot;background_background&quot;:&quot;classic&quot;}\">\n\t\t\t\t\t<div class=\"e-con-inner\">\n\t\t\t\t<div class=\"elementor-element elementor-element-9a907a5 elementor-widget elementor-widget-heading\" data-id=\"9a907a5\" data-element_type=\"widget\" data-widget_type=\"heading.default\">\n\t\t\t\t<div class=\"elementor-widget-container\">\n\t\t\t\t\t<h2 class=\"elementor-heading-title elementor-size-default\">D\u00e9claration d'accessibilit\u00e9<\/h2>\t\t\t\t<\/div>\n\t\t\t\t<\/div>\n\t\t\t\t\t<\/div>\n\t\t\t\t<\/div>\n\t\t<div class=\"elementor-element elementor-element-7431159 e-flex e-con-boxed e-con e-parent\" data-id=\"7431159\" data-element_type=\"container\" data-settings=\"{&quot;background_background&quot;:&quot;classic&quot;}\">\n\t\t\t\t\t<div class=\"e-con-inner\">\n\t\t\t\t<div class=\"elementor-element elementor-element-a152efe elementor-widget elementor-widget-text-editor\" data-id=\"a152efe\" data-element_type=\"widget\" data-widget_type=\"text-editor.default\">\n\t\t\t\t<div class=\"elementor-widget-container\">\n\t\t\t\t\t\t\t\t\t<p><span style=\"color: var( --e-global-color-primary ); font-family: var( --e-global-typography-e599a38-font-family ), Sans-serif; font-size: var( --e-global-typography-e599a38-font-size ); font-weight: var( --e-global-typography-e599a38-font-weight ); text-align: var(--text-align); background-color: var( --e-global-color-accent );\">Cette d\u00e9claration d&rsquo;accessibilit\u00e9 s&rsquo;applique au site web&nbsp;<\/span><span style=\"font-family: var( --e-global-typography-e599a38-font-family ), Sans-serif; font-size: var( --e-global-typography-e599a38-font-size ); font-weight: var( --e-global-typography-e599a38-font-weight ); text-align: var(--text-align); background-color: var( --e-global-color-accent ); text-decoration-line: underline;\"><a style=\"font-family: var( --e-global-typography-e599a38-font-family ), Sans-serif; font-size: var( --e-global-typography-e599a38-font-size ); text-align: var(--text-align); color: rgb(23, 50, 47);\" href=\"https:\/\/www.tarrago.com.\" target=\"_blank\" rel=\"noopener\">https:\/\/www.tarrago.com.<\/a><\/span><\/p>\n\t\t\t\t\t\t\t\t<\/div>\n\t\t\t\t<\/div>\n\t\t\t\t<div class=\"elementor-element elementor-element-e2e0546 elementor-widget elementor-widget-text-editor\" data-id=\"e2e0546\" data-element_type=\"widget\" data-widget_type=\"text-editor.default\">\n\t\t\t\t<div class=\"elementor-widget-container\">\n\t\t\t\t\t\t\t\t\t<h3>\u00c9tat de conformit\u00e9<\/h3>\n<div>Ce site web est partiellement conforme au RD 1112\/2018 en raison des exceptions et des non-conformit\u00e9s des aspects indiqu\u00e9s ci-dessous.<\/div>\t\t\t\t\t\t\t\t<\/div>\n\t\t\t\t<\/div>\n\t\t\t\t<div class=\"elementor-element elementor-element-fe7e9f4 elementor-widget elementor-widget-text-editor\" data-id=\"fe7e9f4\" data-element_type=\"widget\" data-widget_type=\"text-editor.default\">\n\t\t\t\t<div class=\"elementor-widget-container\">\n\t\t\t\t\t\t\t\t\t<h3>Contenu non accessible<\/h3>\n<div>\n<p>Le contenu suivant n&rsquo;est pas accessible pour les raisons suivantes :<\/p>\n<ul>\n<li>Non-conformit\u00e9 avec le RD 1112\/2018<\/li>\n<li>Il y a des logos et des images avec un texte alternatif incorrect ou d\u00e9routant et des images complexes sans description textuelle [exigence num\u00e9ro 9.1.1.1 Contenu non textuel, de la norme UNE-EN 301549:2022].<\/li>\n<li>Il y a des listes incorrectement cr\u00e9\u00e9es (sans balises de liste), des tableaux avec des cellules incorrectement \u00e9tiquet\u00e9es, et des \u00e9tiquettes invisibles dans les \u00e9l\u00e9ments de formulaire [exigence num\u00e9ro 9.1.3.1 Information et relations, de la norme UNE-EN 301549:2022].<\/li>\n<li>Il y a des tableaux qui ne sont pas adapt\u00e9s aux \u00e9crans de petite taille et des champs de formulaire qui ne s&rsquo;affichent pas correctement sur les \u00e9crans de petite taille [exigence num\u00e9ro 9.1.4.10 Redimensionnement du texte, de la norme UNE-EN 301549:2022].<\/li>\n<li>Le texte ne s&rsquo;affiche pas correctement lorsque l&rsquo;on modifie les espaces et la hauteur des lignes [exigence num\u00e9ro 9.1.4.12 Espacement du texte, de la norme UNE-EN 301549:2022].<\/li>\n<li>Certains \u00e9l\u00e9ments ne sont pas accessibles par le clavier, comme les liens vers les r\u00e9seaux sociaux, l&rsquo;\u00e9diteur de texte pour les commentaires, les \u00e9l\u00e9ments de tri des r\u00e9sultats de recherche, la pagination des r\u00e9sultats de recherche ou les fl\u00e8ches du calendrier [exigence num\u00e9ro 9.2.1.1 Clavier, de la norme UNE-EN 301549:2022].<\/li>\n<li>Certains \u00e9l\u00e9ments ne re\u00e7oivent pas le focus et ne peuvent donc pas \u00eatre manipul\u00e9s par le clavier, par exemple [exigence num\u00e9ro 9.2.4.3 Focus order, de la norme UNE-EN 301549:2022].<\/li>\n<li>Il existe des liens dont la fonction n&rsquo;est pas correctement identifi\u00e9e (descriptions inad\u00e9quates, texte trop g\u00e9n\u00e9rique, titres inappropri\u00e9s&#8230;) [exigence num\u00e9ro 9.2.4.4 Purpose of links, de la norme UNE-EN 301549:2022].<\/li>\n<li>Il y a des en-t\u00eates avec un texte r\u00e9p\u00e9t\u00e9 et\/ou mal d\u00e9crit [exigence num\u00e9ro 9.2.4.6 En-t\u00eates et \u00e9tiquettes, de la norme UNE-EN 301549:2022].<\/li>\n<li>Il y a des images, des infographies, des textes de liens ou des boutons, des textes de titres et des contenus qui ne sont pas traduits dans d&rsquo;autres langues [exigence num\u00e9ro 9.3.1.2 Langue des parties, de la norme UNE-EN 301549:2022].<\/li>\n<li>Sur certaines pages, la m\u00eame ic\u00f4ne est utilis\u00e9e \u00e0 des fins diff\u00e9rentes, ce qui cr\u00e9e une confusion [exigence num\u00e9ro 9.3.2.4 Identification coh\u00e9rente, de la norme UNE-EN 301549:2022].<\/li>\n<li>Il y a des messages d&rsquo;erreur qui ne sont pas assez descriptifs, ou des messages d&rsquo;erreur qui ne sont pas regroup\u00e9s en un seul message, ainsi que le manque de suggestions dans les formulaires pour remplir correctement les champs [exigence num\u00e9ro 9.3.3.1 Identification des erreurs, de la norme UNE-EN 301549:2022].<\/li>\n<li>Il existe des formulaires avec des champs obligatoires dont l&rsquo;utilisateur n&rsquo;est pas inform\u00e9, ainsi que des champs pour lesquels il n&rsquo;existe pas d&rsquo;exemple textuel du format du champ. (comme la carte d&rsquo;identit\u00e9) [exigence num\u00e9ro 9.3.3.2 \u00c9tiquettes et instructions, de la norme UNE-EN 301549:2022]. <\/li>\n<li>Dans certains champs de formulaire, l&rsquo;erreur est signal\u00e9e lorsqu&rsquo;une valeur incorrecte est saisie, mais aucune suggestion de correction n&rsquo;est fournie. [exigence num\u00e9ro 9.3.3.3 Suggestions pour les erreurs, de UNE-EN 301549:2022]. <\/li>\n<li>Certaines pages contiennent des erreurs de syntaxe et, par cons\u00e9quent, certaines technologies d&rsquo;assistance peuvent ne pas interpr\u00e9ter le contenu correctement (ID de page en double, balises non ferm\u00e9es, construction de balises incorrecte&#8230;). [exigence num\u00e9ro 9.4.1.1 Traitement, de la norme UNE-EN 301549:2022]. <\/li>\n<li>Il existe des pages o\u00f9 les technologies d&rsquo;assistance ne pourront pas obtenir d&rsquo;informations, interagir et conna\u00eetre l&rsquo;\u00e9tat des contr\u00f4les de l&rsquo;interface utilisateur, tels que les messages d&rsquo;aide, les messages d&rsquo;\u00e9tat des r\u00e9sultats d&rsquo;action, les attributs des liens, l&rsquo;image de la langue de la page&#8230; qui ne peuvent pas \u00eatre lus par les lecteurs d&rsquo;\u00e9cran lorsqu&rsquo;ils apparaissent [exigence num\u00e9ro 9.4.1.2 Nom, fonction, valeur de la norme UNE-EN 301549:2022].<\/li>\n<li>Certaines pages web peuvent pr\u00e9senter des d\u00e9fauts d&rsquo;\u00e9dition occasionnels.<\/li>\n<\/ul>\n<\/div>\t\t\t\t\t\t\t\t<\/div>\n\t\t\t\t<\/div>\n\t\t\t\t<div class=\"elementor-element elementor-element-0500bae elementor-widget elementor-widget-text-editor\" data-id=\"0500bae\" data-element_type=\"widget\" data-widget_type=\"text-editor.default\">\n\t\t\t\t<div class=\"elementor-widget-container\">\n\t\t\t\t\t\t\t\t\t<h3>Charge disproportionn\u00e9e<\/h3>\n<p>Sans objet.<\/p>\t\t\t\t\t\t\t\t<\/div>\n\t\t\t\t<\/div>\n\t\t\t\t<div class=\"elementor-element elementor-element-2649078 elementor-widget elementor-widget-text-editor\" data-id=\"2649078\" data-element_type=\"widget\" data-widget_type=\"text-editor.default\">\n\t\t\t\t<div class=\"elementor-widget-container\">\n\t\t\t\t\t\t\t\t\t<h3>Le contenu n&rsquo;entre pas dans le champ d&rsquo;application de la l\u00e9gislation applicable<\/h3>\n<p>Il se peut que des fichiers bureautiques au format PDF ou dans d&rsquo;autres formats, publi\u00e9s avant le 20 septembre 2018, ne soient pas enti\u00e8rement conformes \u00e0 toutes les exigences en mati\u00e8re d&rsquo;accessibilit\u00e9. Bien que des efforts aient \u00e9t\u00e9 faits pour s&rsquo;assurer que la majorit\u00e9 d&rsquo;entre eux sont conformes. <\/p>\t\t\t\t\t\t\t\t<\/div>\n\t\t\t\t<\/div>\n\t\t\t\t<div class=\"elementor-element elementor-element-0808f29 elementor-widget elementor-widget-text-editor\" data-id=\"0808f29\" data-element_type=\"widget\" data-widget_type=\"text-editor.default\">\n\t\t\t\t<div class=\"elementor-widget-container\">\n\t\t\t\t\t\t\t\t\t<h3>Pr\u00e9paration de la pr\u00e9sente d\u00e9claration d&rsquo;accessibilit\u00e9<\/h3>\n<p>Cette d\u00e9claration a \u00e9t\u00e9 pr\u00e9par\u00e9e le 02\/10\/2023. La m\u00e9thode utilis\u00e9e pour pr\u00e9parer la d\u00e9claration est une auto-\u00e9valuation r\u00e9alis\u00e9e par l&rsquo;entit\u00e9 elle-m\u00eame. Derni\u00e8re r\u00e9vision de la d\u00e9claration : 02\/10\/2023.  <\/p>\t\t\t\t\t\t\t\t<\/div>\n\t\t\t\t<\/div>\n\t\t\t\t<div class=\"elementor-element elementor-element-a647ac5 elementor-widget elementor-widget-text-editor\" data-id=\"a647ac5\" data-element_type=\"widget\" data-widget_type=\"text-editor.default\">\n\t\t\t\t<div class=\"elementor-widget-container\">\n\t\t\t\t\t\t\t\t\t<h3>Observations et coordonn\u00e9es<\/h3>\n<p>Vous pouvez communiquer les exigences d&rsquo;accessibilit\u00e9 (article 10.2.a) du RD 1112\/2018) telles que :<\/p>\n<ul>\n<li>Signalez tout cas \u00e9ventuel de non-respect des r\u00e8gles par ce site web.<\/li>\n<li>Transmettre d&rsquo;autres difficult\u00e9s d&rsquo;acc\u00e8s au contenu.<\/li>\n<li>Formulez toute autre question ou suggestion d&rsquo;am\u00e9lioration concernant l&rsquo;accessibilit\u00e9 du site web en utilisant le formulaire de contact suivant.<\/li>\n<\/ul>\n<p>Vous pouvez soumettre votre candidature :<\/p>\n<ul>\n<li>Une plainte concernant le respect des exigences du RD 1112\/2018 ou<\/li>\n<li>Une demande d&rsquo;information accessible concernant :<\/li>\n<li>les contenus exclus du champ d&rsquo;application du RD 1112\/2018 comme \u00e9tabli par l&rsquo;article 3, paragraphe 4.<\/li>\n<li>les contenus exempt\u00e9s du respect des exigences d&rsquo;accessibilit\u00e9 parce qu&rsquo;ils imposent une charge disproportionn\u00e9e.<\/li>\n<\/ul>\n<p>Dans la demande d&rsquo;informations accessibles, il faut pr\u00e9ciser, clairement, les faits, les raisons et la demande qui permettent de v\u00e9rifier qu&rsquo;il s&rsquo;agit d&rsquo;une demande raisonnable et l\u00e9gitime.<\/p>\t\t\t\t\t\t\t\t<\/div>\n\t\t\t\t<\/div>\n\t\t\t\t<div class=\"elementor-element elementor-element-496cbfb elementor-widget elementor-widget-text-editor\" data-id=\"496cbfb\" data-element_type=\"widget\" data-widget_type=\"text-editor.default\">\n\t\t\t\t<div class=\"elementor-widget-container\">\n\t\t\t\t\t\t\t\t\t<h3>Contenu optionnel<\/h3>\n<p>Ce site web applique les exigences de la norme UNE-EN 301549:2022 en tenant compte des exceptions du RD 1112\/2018. La derni\u00e8re r\u00e9vision de l&rsquo;accessibilit\u00e9 a \u00e9t\u00e9 r\u00e9alis\u00e9e le 02\/10\/2023. <br><br>Le site web est optimis\u00e9 pour les navigateurs Microsoft Internet Explorer 8.0 ou sup\u00e9rieur et les derni\u00e8res versions valides de FireFox, Safari, Opera et Google Chrome. La r\u00e9solution minimale recommand\u00e9e est de 1280\u00d71024. <br><br>Le site web est con\u00e7u pour un affichage r\u00e9actif, de sorte qu&rsquo;il s&rsquo;affiche de mani\u00e8re optimale sur les tablettes et les appareils mobiles. Sur ces appareils, il est optimis\u00e9 pour \u00eatre affich\u00e9 sur les derni\u00e8res versions valides de Chrome pour mobile, Firefox pour mobile, Safari pour mobile, Opera Mini et le navigateur natif d&rsquo;Android. <\/p>\t\t\t\t\t\t\t\t<\/div>\n\t\t\t\t<\/div>\n\t\t\t\t\t<\/div>\n\t\t\t\t<\/div>\n\t\t\t\t<\/div>\n\t\t","protected":false},"excerpt":{"rendered":"<p>D\u00e9claration d&rsquo;accessibilit\u00e9 Cette d\u00e9claration d&rsquo;accessibilit\u00e9 s&rsquo;applique au site web&nbsp;https:\/\/www.tarrago.com. \u00c9tat de conformit\u00e9 Ce site web est partiellement conforme au RD 1112\/2018 en raison des exceptions et des non-conformit\u00e9s des aspects indiqu\u00e9s ci-dessous. Contenu non accessible Le contenu suivant n&rsquo;est pas accessible pour les raisons suivantes : Non-conformit\u00e9 avec le RD 1112\/2018 Il y a des [&hellip;]<\/p>\n","protected":false},"author":1,"featured_media":0,"parent":0,"menu_order":0,"comment_status":"closed","ping_status":"open","template":"","meta":{"_acf_changed":false,"footnotes":""},"class_list":["post-8328","page","type-page","status-publish","hentry"],"acf":[],"yoast_head":"<!-- This site is optimized with the Yoast SEO plugin v26.4 - https:\/\/yoast.com\/wordpress\/plugins\/seo\/ -->\n<title>D\u00e9claration d&#039;accessibilit\u00e9 - Tarrago Outdoor Care<\/title>\n<meta name=\"robots\" content=\"index, follow, max-snippet:-1, max-image-preview:large, max-video-preview:-1\" \/>\n<link rel=\"canonical\" href=\"https:\/\/outdoortarrago.com\/fr\/declaration-daccessibilite\/\" \/>\n<meta property=\"og:locale\" content=\"fr_FR\" \/>\n<meta property=\"og:type\" content=\"article\" \/>\n<meta property=\"og:title\" content=\"D\u00e9claration d&#039;accessibilit\u00e9 - Tarrago Outdoor Care\" \/>\n<meta property=\"og:description\" content=\"D\u00e9claration d&rsquo;accessibilit\u00e9 Cette d\u00e9claration d&rsquo;accessibilit\u00e9 s&rsquo;applique au site web&nbsp;https:\/\/www.tarrago.com. \u00c9tat de conformit\u00e9 Ce site web est partiellement conforme au RD 1112\/2018 en raison des exceptions et des non-conformit\u00e9s des aspects indiqu\u00e9s ci-dessous. Contenu non accessible Le contenu suivant n&rsquo;est pas accessible pour les raisons suivantes : Non-conformit\u00e9 avec le RD 1112\/2018 Il y a des [&hellip;]\" \/>\n<meta property=\"og:url\" content=\"https:\/\/outdoortarrago.com\/fr\/declaration-daccessibilite\/\" \/>\n<meta property=\"og:site_name\" content=\"Tarrago Outdoor Care\" \/>\n<meta property=\"article:modified_time\" content=\"2025-01-14T14:56:51+00:00\" \/>\n<meta name=\"twitter:card\" content=\"summary_large_image\" \/>\n<meta name=\"twitter:label1\" content=\"Dur\u00e9e de lecture estim\u00e9e\" \/>\n\t<meta name=\"twitter:data1\" content=\"5 minutes\" \/>\n<script type=\"application\/ld+json\" class=\"yoast-schema-graph\">{\"@context\":\"https:\/\/schema.org\",\"@graph\":[{\"@type\":\"WebPage\",\"@id\":\"https:\/\/outdoortarrago.com\/fr\/declaration-daccessibilite\/\",\"url\":\"https:\/\/outdoortarrago.com\/fr\/declaration-daccessibilite\/\",\"name\":\"D\u00e9claration d'accessibilit\u00e9 - Tarrago Outdoor Care\",\"isPartOf\":{\"@id\":\"https:\/\/outdoortarrago.com\/fr\/#website\"},\"datePublished\":\"2024-10-28T16:40:59+00:00\",\"dateModified\":\"2025-01-14T14:56:51+00:00\",\"breadcrumb\":{\"@id\":\"https:\/\/outdoortarrago.com\/fr\/declaration-daccessibilite\/#breadcrumb\"},\"inLanguage\":\"fr-FR\",\"potentialAction\":[{\"@type\":\"ReadAction\",\"target\":[\"https:\/\/outdoortarrago.com\/fr\/declaration-daccessibilite\/\"]}]},{\"@type\":\"BreadcrumbList\",\"@id\":\"https:\/\/outdoortarrago.com\/fr\/declaration-daccessibilite\/#breadcrumb\",\"itemListElement\":[{\"@type\":\"ListItem\",\"position\":1,\"name\":\"Home\",\"item\":\"https:\/\/outdoortarrago.com\/fr\/\"},{\"@type\":\"ListItem\",\"position\":2,\"name\":\"D\u00e9claration d&rsquo;accessibilit\u00e9\"}]},{\"@type\":\"WebSite\",\"@id\":\"https:\/\/outdoortarrago.com\/fr\/#website\",\"url\":\"https:\/\/outdoortarrago.com\/fr\/\",\"name\":\"A NEW CONCEPT OF CARE\",\"description\":\"A new concept of care: understanding the cleaning, care, and maintenance of sportswear.\",\"publisher\":{\"@id\":\"https:\/\/outdoortarrago.com\/fr\/#organization\"},\"potentialAction\":[{\"@type\":\"SearchAction\",\"target\":{\"@type\":\"EntryPoint\",\"urlTemplate\":\"https:\/\/outdoortarrago.com\/fr\/?s={search_term_string}\"},\"query-input\":{\"@type\":\"PropertyValueSpecification\",\"valueRequired\":true,\"valueName\":\"search_term_string\"}}],\"inLanguage\":\"fr-FR\"},{\"@type\":\"Organization\",\"@id\":\"https:\/\/outdoortarrago.com\/fr\/#organization\",\"name\":\"A NEW CONCEPT OF CARE\",\"url\":\"https:\/\/outdoortarrago.com\/fr\/\",\"logo\":{\"@type\":\"ImageObject\",\"inLanguage\":\"fr-FR\",\"@id\":\"https:\/\/outdoortarrago.com\/fr\/#\/schema\/logo\/image\/\",\"url\":\"https:\/\/outdoortarrago.com\/wp-content\/uploads\/2024\/10\/logo.svg\",\"contentUrl\":\"https:\/\/outdoortarrago.com\/wp-content\/uploads\/2024\/10\/logo.svg\",\"width\":189,\"height\":134,\"caption\":\"A NEW CONCEPT OF CARE\"},\"image\":{\"@id\":\"https:\/\/outdoortarrago.com\/fr\/#\/schema\/logo\/image\/\"}}]}<\/script>\n<!-- \/ Yoast SEO plugin. -->","yoast_head_json":{"title":"D\u00e9claration d'accessibilit\u00e9 - Tarrago Outdoor Care","robots":{"index":"index","follow":"follow","max-snippet":"max-snippet:-1","max-image-preview":"max-image-preview:large","max-video-preview":"max-video-preview:-1"},"canonical":"https:\/\/outdoortarrago.com\/fr\/declaration-daccessibilite\/","og_locale":"fr_FR","og_type":"article","og_title":"D\u00e9claration d'accessibilit\u00e9 - Tarrago Outdoor Care","og_description":"D\u00e9claration d&rsquo;accessibilit\u00e9 Cette d\u00e9claration d&rsquo;accessibilit\u00e9 s&rsquo;applique au site web&nbsp;https:\/\/www.tarrago.com. \u00c9tat de conformit\u00e9 Ce site web est partiellement conforme au RD 1112\/2018 en raison des exceptions et des non-conformit\u00e9s des aspects indiqu\u00e9s ci-dessous. Contenu non accessible Le contenu suivant n&rsquo;est pas accessible pour les raisons suivantes : Non-conformit\u00e9 avec le RD 1112\/2018 Il y a des [&hellip;]","og_url":"https:\/\/outdoortarrago.com\/fr\/declaration-daccessibilite\/","og_site_name":"Tarrago Outdoor Care","article_modified_time":"2025-01-14T14:56:51+00:00","twitter_card":"summary_large_image","twitter_misc":{"Dur\u00e9e de lecture estim\u00e9e":"5 minutes"},"schema":{"@context":"https:\/\/schema.org","@graph":[{"@type":"WebPage","@id":"https:\/\/outdoortarrago.com\/fr\/declaration-daccessibilite\/","url":"https:\/\/outdoortarrago.com\/fr\/declaration-daccessibilite\/","name":"D\u00e9claration d'accessibilit\u00e9 - Tarrago Outdoor Care","isPartOf":{"@id":"https:\/\/outdoortarrago.com\/fr\/#website"},"datePublished":"2024-10-28T16:40:59+00:00","dateModified":"2025-01-14T14:56:51+00:00","breadcrumb":{"@id":"https:\/\/outdoortarrago.com\/fr\/declaration-daccessibilite\/#breadcrumb"},"inLanguage":"fr-FR","potentialAction":[{"@type":"ReadAction","target":["https:\/\/outdoortarrago.com\/fr\/declaration-daccessibilite\/"]}]},{"@type":"BreadcrumbList","@id":"https:\/\/outdoortarrago.com\/fr\/declaration-daccessibilite\/#breadcrumb","itemListElement":[{"@type":"ListItem","position":1,"name":"Home","item":"https:\/\/outdoortarrago.com\/fr\/"},{"@type":"ListItem","position":2,"name":"D\u00e9claration d&rsquo;accessibilit\u00e9"}]},{"@type":"WebSite","@id":"https:\/\/outdoortarrago.com\/fr\/#website","url":"https:\/\/outdoortarrago.com\/fr\/","name":"A NEW CONCEPT OF CARE","description":"A new concept of care: understanding the cleaning, care, and maintenance of sportswear.","publisher":{"@id":"https:\/\/outdoortarrago.com\/fr\/#organization"},"potentialAction":[{"@type":"SearchAction","target":{"@type":"EntryPoint","urlTemplate":"https:\/\/outdoortarrago.com\/fr\/?s={search_term_string}"},"query-input":{"@type":"PropertyValueSpecification","valueRequired":true,"valueName":"search_term_string"}}],"inLanguage":"fr-FR"},{"@type":"Organization","@id":"https:\/\/outdoortarrago.com\/fr\/#organization","name":"A NEW CONCEPT OF CARE","url":"https:\/\/outdoortarrago.com\/fr\/","logo":{"@type":"ImageObject","inLanguage":"fr-FR","@id":"https:\/\/outdoortarrago.com\/fr\/#\/schema\/logo\/image\/","url":"https:\/\/outdoortarrago.com\/wp-content\/uploads\/2024\/10\/logo.svg","contentUrl":"https:\/\/outdoortarrago.com\/wp-content\/uploads\/2024\/10\/logo.svg","width":189,"height":134,"caption":"A NEW CONCEPT OF CARE"},"image":{"@id":"https:\/\/outdoortarrago.com\/fr\/#\/schema\/logo\/image\/"}}]}},"_links":{"self":[{"href":"https:\/\/outdoortarrago.com\/fr\/wp-json\/wp\/v2\/pages\/8328","targetHints":{"allow":["GET"]}}],"collection":[{"href":"https:\/\/outdoortarrago.com\/fr\/wp-json\/wp\/v2\/pages"}],"about":[{"href":"https:\/\/outdoortarrago.com\/fr\/wp-json\/wp\/v2\/types\/page"}],"author":[{"embeddable":true,"href":"https:\/\/outdoortarrago.com\/fr\/wp-json\/wp\/v2\/users\/1"}],"replies":[{"embeddable":true,"href":"https:\/\/outdoortarrago.com\/fr\/wp-json\/wp\/v2\/comments?post=8328"}],"version-history":[{"count":1,"href":"https:\/\/outdoortarrago.com\/fr\/wp-json\/wp\/v2\/pages\/8328\/revisions"}],"predecessor-version":[{"id":8329,"href":"https:\/\/outdoortarrago.com\/fr\/wp-json\/wp\/v2\/pages\/8328\/revisions\/8329"}],"wp:attachment":[{"href":"https:\/\/outdoortarrago.com\/fr\/wp-json\/wp\/v2\/media?parent=8328"}],"curies":[{"name":"wp","href":"https:\/\/api.w.org\/{rel}","templated":true}]}}