{"id":8244,"date":"2024-10-30T20:00:54","date_gmt":"2024-10-30T20:00:54","guid":{"rendered":"https:\/\/outdoortarrago.com\/politica-della-qualita\/"},"modified":"2025-02-19T14:15:27","modified_gmt":"2025-02-19T14:15:27","slug":"politica-della-qualita","status":"publish","type":"page","link":"https:\/\/outdoortarrago.com\/it\/politica-della-qualita\/","title":{"rendered":"Politica della qualit\u00e0"},"content":{"rendered":"\t\t<div data-elementor-type=\"wp-page\" data-elementor-id=\"8244\" class=\"elementor elementor-8244 elementor-508\" data-elementor-post-type=\"page\">\n\t\t\t\t<div class=\"elementor-element elementor-element-15e09ff e-flex e-con-boxed e-con e-parent\" data-id=\"15e09ff\" data-element_type=\"container\" data-settings=\"{&quot;background_background&quot;:&quot;classic&quot;}\">\n\t\t\t\t\t<div class=\"e-con-inner\">\n\t\t\t\t<div class=\"elementor-element elementor-element-f2ffe3c elementor-widget elementor-widget-heading\" data-id=\"f2ffe3c\" data-element_type=\"widget\" data-widget_type=\"heading.default\">\n\t\t\t\t<div class=\"elementor-widget-container\">\n\t\t\t\t\t<h2 class=\"elementor-heading-title elementor-size-default\">Politica della qualit\u00e0<\/h2>\t\t\t\t<\/div>\n\t\t\t\t<\/div>\n\t\t\t\t\t<\/div>\n\t\t\t\t<\/div>\n\t\t<div class=\"elementor-element elementor-element-15d97ad e-flex e-con-boxed e-con e-parent\" data-id=\"15d97ad\" data-element_type=\"container\" data-settings=\"{&quot;background_background&quot;:&quot;classic&quot;}\">\n\t\t\t\t\t<div class=\"e-con-inner\">\n\t\t\t\t<div class=\"elementor-element elementor-element-161dbf1 elementor-widget elementor-widget-text-editor\" data-id=\"161dbf1\" data-element_type=\"widget\" data-widget_type=\"text-editor.default\">\n\t\t\t\t<div class=\"elementor-widget-container\">\n\t\t\t\t\t\t\t\t\t<p><b>Politica di Qualit\u00e0 e Sostenibilit\u00e0<\/b><o:p><\/o:p><\/p><p>TARRAGO BRANDS INTERNATIONAL, S.L. \u00e8 un&#8217;azienda\nmultinazionale leader nello sviluppo e nella produzione di prodotti per la cura\ne la pulizia delle calzature, nonch\u00e9 di tutti i tipi di accessori. Siamo\nimpegnati a garantire la costante soddisfazione di clienti, fornitori e\ndipendenti, nonch\u00e9 il miglioramento continuo dei processi produttivi e delle\nprocedure di lavoro, con un focus su innovazione e qualit\u00e0, rispettando le\nrisorse umane, l&#8217;ambiente e la sostenibilit\u00e0.<o:p><\/o:p><\/p><p>TARRAGO BRANDS INTERNATIONAL, S.L. ha implementato un\nSistema di Gestione della Qualit\u00e0 secondo le norme ISO 9001:2015 e sta\nimplementando un Piano di Gestione della Sostenibilit\u00e0 OGSM, che si impegna a\nmantenere e migliorare la conformit\u00e0 alla legislazione nello sviluppo delle\nproprie attivit\u00e0, nonch\u00e9 a qualsiasi altro requisito del cliente.<o:p><\/o:p><\/p><ol style=\"margin-top:0cm\" start=\"1\" type=\"1\">\n <li>Conformit\u00e0\n     alla legislazione nello sviluppo delle proprie attivit\u00e0, nonch\u00e9 a\n     qualsiasi altro requisito del cliente.<o:p><\/o:p><\/li>\n <li>Selezione\n     del personale, fornitori e subappaltatori in base ai principi di qualit\u00e0,\n     sostenibilit\u00e0 e ai requisiti di ciascun cliente e progetto.<o:p><\/o:p><\/li>\n <li>Impegno\n     per la soddisfazione del cliente.<o:p><\/o:p><\/li>\n <li>Mantenimento\n     di canali di comunicazione con i clienti per identificare le loro esigenze\n     attuali e future, con l&#8217;obiettivo di garantire la loro soddisfazione nel\n     soddisfare le loro aspettative.<o:p><\/o:p><\/li>\n <li>Conformit\u00e0\n     ai requisiti e miglioramento continuo del Sistema di Gestione della\n     Qualit\u00e0 e Sostenibilit\u00e0 attraverso l&#8217;implementazione di sistemi di\n     misurazione e il monitoraggio dei servizi forniti ai nostri clienti,\n     nonch\u00e9 degli obiettivi del sistema.<o:p><\/o:p><\/li>\n <li>Individuazione\n     e valutazione periodica dei rischi e delle opportunit\u00e0, in particolare\n     quelli legati agli stakeholder.<o:p><\/o:p><\/li>\n <li>Formazione\n     e sensibilizzazione di tutti coloro che sono coinvolti nel nostro\n     processo, al fine di migliorarlo e promuovere una gestione partecipativa\n     nel sistema di qualit\u00e0 e sostenibilit\u00e0.<o:p><\/o:p><\/li>\n <li>Impegno\n     nella condivisione delle informazioni con gli stakeholder.<o:p><\/o:p><\/li>\n <li>La\n     Direzione si impegna a fornire le risorse necessarie per raggiungere gli\n     obiettivi del sistema, la sua efficacia, efficienza e miglioramento\n     continuo, considerando sempre la sostenibilit\u00e0 come un pilastro\n     fondamentale.<o:p><\/o:p><\/li>\n<\/ol><p>\n\n\n\n\n\n\n\n<\/p><p>Manresa, Febbraio 2025<o:p><\/o:p><\/p><p>TARRAGO BRANDS S.L.<\/p>\t\t\t\t\t\t\t\t<\/div>\n\t\t\t\t<\/div>\n\t\t\t\t\t<\/div>\n\t\t\t\t<\/div>\n\t\t\t\t<\/div>\n\t\t","protected":false},"excerpt":{"rendered":"<p>Politica della qualit\u00e0 Politica di Qualit\u00e0 e Sostenibilit\u00e0 TARRAGO BRANDS INTERNATIONAL, S.L. \u00e8 un&#8217;azienda multinazionale leader nello sviluppo e nella produzione di prodotti per la cura e la pulizia delle calzature, nonch\u00e9 di tutti i tipi di accessori. Siamo impegnati a garantire la costante soddisfazione di clienti, fornitori e dipendenti, nonch\u00e9 il miglioramento continuo dei [&hellip;]<\/p>\n","protected":false},"author":1,"featured_media":0,"parent":0,"menu_order":0,"comment_status":"closed","ping_status":"closed","template":"","meta":{"_acf_changed":false,"footnotes":""},"class_list":["post-8244","page","type-page","status-publish","hentry"],"acf":[],"yoast_head":"<!-- This site is optimized with the Yoast SEO plugin v26.4 - https:\/\/yoast.com\/wordpress\/plugins\/seo\/ -->\n<title>Politica della qualit\u00e0 - Tarrago Outdoor Care<\/title>\n<meta name=\"robots\" content=\"index, follow, max-snippet:-1, max-image-preview:large, max-video-preview:-1\" \/>\n<link rel=\"canonical\" href=\"https:\/\/outdoortarrago.com\/it\/politica-della-qualita\/\" \/>\n<meta property=\"og:locale\" content=\"it_IT\" \/>\n<meta property=\"og:type\" content=\"article\" \/>\n<meta property=\"og:title\" content=\"Politica della qualit\u00e0 - Tarrago Outdoor Care\" \/>\n<meta property=\"og:description\" content=\"Politica della qualit\u00e0 Politica di Qualit\u00e0 e Sostenibilit\u00e0 TARRAGO BRANDS INTERNATIONAL, S.L. \u00e8 un&#8217;azienda multinazionale leader nello sviluppo e nella produzione di prodotti per la cura e la pulizia delle calzature, nonch\u00e9 di tutti i tipi di accessori. Siamo impegnati a garantire la costante soddisfazione di clienti, fornitori e dipendenti, nonch\u00e9 il miglioramento continuo dei [&hellip;]\" \/>\n<meta property=\"og:url\" content=\"https:\/\/outdoortarrago.com\/it\/politica-della-qualita\/\" \/>\n<meta property=\"og:site_name\" content=\"Tarrago Outdoor Care\" \/>\n<meta property=\"article:modified_time\" content=\"2025-02-19T14:15:27+00:00\" \/>\n<meta name=\"twitter:card\" content=\"summary_large_image\" \/>\n<meta name=\"twitter:label1\" content=\"Tempo di lettura stimato\" \/>\n\t<meta name=\"twitter:data1\" content=\"2 minuti\" \/>\n<script type=\"application\/ld+json\" class=\"yoast-schema-graph\">{\"@context\":\"https:\/\/schema.org\",\"@graph\":[{\"@type\":\"WebPage\",\"@id\":\"https:\/\/outdoortarrago.com\/it\/politica-della-qualita\/\",\"url\":\"https:\/\/outdoortarrago.com\/it\/politica-della-qualita\/\",\"name\":\"Politica della qualit\u00e0 - Tarrago Outdoor Care\",\"isPartOf\":{\"@id\":\"https:\/\/outdoortarrago.com\/it\/#website\"},\"datePublished\":\"2024-10-30T20:00:54+00:00\",\"dateModified\":\"2025-02-19T14:15:27+00:00\",\"breadcrumb\":{\"@id\":\"https:\/\/outdoortarrago.com\/it\/politica-della-qualita\/#breadcrumb\"},\"inLanguage\":\"it-IT\",\"potentialAction\":[{\"@type\":\"ReadAction\",\"target\":[\"https:\/\/outdoortarrago.com\/it\/politica-della-qualita\/\"]}]},{\"@type\":\"BreadcrumbList\",\"@id\":\"https:\/\/outdoortarrago.com\/it\/politica-della-qualita\/#breadcrumb\",\"itemListElement\":[{\"@type\":\"ListItem\",\"position\":1,\"name\":\"Home\",\"item\":\"https:\/\/outdoortarrago.com\/it\/\"},{\"@type\":\"ListItem\",\"position\":2,\"name\":\"Politica della qualit\u00e0\"}]},{\"@type\":\"WebSite\",\"@id\":\"https:\/\/outdoortarrago.com\/it\/#website\",\"url\":\"https:\/\/outdoortarrago.com\/it\/\",\"name\":\"A NEW CONCEPT OF CARE\",\"description\":\"A new concept of care: understanding the cleaning, care, and maintenance of sportswear.\",\"publisher\":{\"@id\":\"https:\/\/outdoortarrago.com\/it\/#organization\"},\"potentialAction\":[{\"@type\":\"SearchAction\",\"target\":{\"@type\":\"EntryPoint\",\"urlTemplate\":\"https:\/\/outdoortarrago.com\/it\/?s={search_term_string}\"},\"query-input\":{\"@type\":\"PropertyValueSpecification\",\"valueRequired\":true,\"valueName\":\"search_term_string\"}}],\"inLanguage\":\"it-IT\"},{\"@type\":\"Organization\",\"@id\":\"https:\/\/outdoortarrago.com\/it\/#organization\",\"name\":\"A NEW CONCEPT OF CARE\",\"url\":\"https:\/\/outdoortarrago.com\/it\/\",\"logo\":{\"@type\":\"ImageObject\",\"inLanguage\":\"it-IT\",\"@id\":\"https:\/\/outdoortarrago.com\/it\/#\/schema\/logo\/image\/\",\"url\":\"https:\/\/outdoortarrago.com\/wp-content\/uploads\/2024\/10\/logo.svg\",\"contentUrl\":\"https:\/\/outdoortarrago.com\/wp-content\/uploads\/2024\/10\/logo.svg\",\"width\":189,\"height\":134,\"caption\":\"A NEW CONCEPT OF CARE\"},\"image\":{\"@id\":\"https:\/\/outdoortarrago.com\/it\/#\/schema\/logo\/image\/\"}}]}<\/script>\n<!-- \/ Yoast SEO plugin. -->","yoast_head_json":{"title":"Politica della qualit\u00e0 - Tarrago Outdoor Care","robots":{"index":"index","follow":"follow","max-snippet":"max-snippet:-1","max-image-preview":"max-image-preview:large","max-video-preview":"max-video-preview:-1"},"canonical":"https:\/\/outdoortarrago.com\/it\/politica-della-qualita\/","og_locale":"it_IT","og_type":"article","og_title":"Politica della qualit\u00e0 - Tarrago Outdoor Care","og_description":"Politica della qualit\u00e0 Politica di Qualit\u00e0 e Sostenibilit\u00e0 TARRAGO BRANDS INTERNATIONAL, S.L. \u00e8 un&#8217;azienda multinazionale leader nello sviluppo e nella produzione di prodotti per la cura e la pulizia delle calzature, nonch\u00e9 di tutti i tipi di accessori. Siamo impegnati a garantire la costante soddisfazione di clienti, fornitori e dipendenti, nonch\u00e9 il miglioramento continuo dei [&hellip;]","og_url":"https:\/\/outdoortarrago.com\/it\/politica-della-qualita\/","og_site_name":"Tarrago Outdoor Care","article_modified_time":"2025-02-19T14:15:27+00:00","twitter_card":"summary_large_image","twitter_misc":{"Tempo di lettura stimato":"2 minuti"},"schema":{"@context":"https:\/\/schema.org","@graph":[{"@type":"WebPage","@id":"https:\/\/outdoortarrago.com\/it\/politica-della-qualita\/","url":"https:\/\/outdoortarrago.com\/it\/politica-della-qualita\/","name":"Politica della qualit\u00e0 - Tarrago Outdoor Care","isPartOf":{"@id":"https:\/\/outdoortarrago.com\/it\/#website"},"datePublished":"2024-10-30T20:00:54+00:00","dateModified":"2025-02-19T14:15:27+00:00","breadcrumb":{"@id":"https:\/\/outdoortarrago.com\/it\/politica-della-qualita\/#breadcrumb"},"inLanguage":"it-IT","potentialAction":[{"@type":"ReadAction","target":["https:\/\/outdoortarrago.com\/it\/politica-della-qualita\/"]}]},{"@type":"BreadcrumbList","@id":"https:\/\/outdoortarrago.com\/it\/politica-della-qualita\/#breadcrumb","itemListElement":[{"@type":"ListItem","position":1,"name":"Home","item":"https:\/\/outdoortarrago.com\/it\/"},{"@type":"ListItem","position":2,"name":"Politica della qualit\u00e0"}]},{"@type":"WebSite","@id":"https:\/\/outdoortarrago.com\/it\/#website","url":"https:\/\/outdoortarrago.com\/it\/","name":"A NEW CONCEPT OF CARE","description":"A new concept of care: understanding the cleaning, care, and maintenance of sportswear.","publisher":{"@id":"https:\/\/outdoortarrago.com\/it\/#organization"},"potentialAction":[{"@type":"SearchAction","target":{"@type":"EntryPoint","urlTemplate":"https:\/\/outdoortarrago.com\/it\/?s={search_term_string}"},"query-input":{"@type":"PropertyValueSpecification","valueRequired":true,"valueName":"search_term_string"}}],"inLanguage":"it-IT"},{"@type":"Organization","@id":"https:\/\/outdoortarrago.com\/it\/#organization","name":"A NEW CONCEPT OF CARE","url":"https:\/\/outdoortarrago.com\/it\/","logo":{"@type":"ImageObject","inLanguage":"it-IT","@id":"https:\/\/outdoortarrago.com\/it\/#\/schema\/logo\/image\/","url":"https:\/\/outdoortarrago.com\/wp-content\/uploads\/2024\/10\/logo.svg","contentUrl":"https:\/\/outdoortarrago.com\/wp-content\/uploads\/2024\/10\/logo.svg","width":189,"height":134,"caption":"A NEW CONCEPT OF CARE"},"image":{"@id":"https:\/\/outdoortarrago.com\/it\/#\/schema\/logo\/image\/"}}]}},"_links":{"self":[{"href":"https:\/\/outdoortarrago.com\/it\/wp-json\/wp\/v2\/pages\/8244","targetHints":{"allow":["GET"]}}],"collection":[{"href":"https:\/\/outdoortarrago.com\/it\/wp-json\/wp\/v2\/pages"}],"about":[{"href":"https:\/\/outdoortarrago.com\/it\/wp-json\/wp\/v2\/types\/page"}],"author":[{"embeddable":true,"href":"https:\/\/outdoortarrago.com\/it\/wp-json\/wp\/v2\/users\/1"}],"replies":[{"embeddable":true,"href":"https:\/\/outdoortarrago.com\/it\/wp-json\/wp\/v2\/comments?post=8244"}],"version-history":[{"count":7,"href":"https:\/\/outdoortarrago.com\/it\/wp-json\/wp\/v2\/pages\/8244\/revisions"}],"predecessor-version":[{"id":9599,"href":"https:\/\/outdoortarrago.com\/it\/wp-json\/wp\/v2\/pages\/8244\/revisions\/9599"}],"wp:attachment":[{"href":"https:\/\/outdoortarrago.com\/it\/wp-json\/wp\/v2\/media?parent=8244"}],"curies":[{"name":"wp","href":"https:\/\/api.w.org\/{rel}","templated":true}]}}