{"id":8324,"date":"2024-10-28T16:40:59","date_gmt":"2024-10-28T16:40:59","guid":{"rendered":"https:\/\/outdoortarrago.com\/dichiarazione-di-accessibilita\/"},"modified":"2025-01-14T14:56:05","modified_gmt":"2025-01-14T14:56:05","slug":"dichiarazione-di-accessibilita","status":"publish","type":"page","link":"https:\/\/outdoortarrago.com\/it\/dichiarazione-di-accessibilita\/","title":{"rendered":"Dichiarazione di accessibilit\u00e0"},"content":{"rendered":"\t\t<div data-elementor-type=\"wp-page\" data-elementor-id=\"8324\" class=\"elementor elementor-8324 elementor-3\" data-elementor-post-type=\"page\">\n\t\t\t\t<div class=\"elementor-element elementor-element-4ac66f0 e-flex e-con-boxed e-con e-parent\" data-id=\"4ac66f0\" data-element_type=\"container\" data-settings=\"{&quot;background_background&quot;:&quot;classic&quot;}\">\n\t\t\t\t\t<div class=\"e-con-inner\">\n\t\t\t\t<div class=\"elementor-element elementor-element-9a907a5 elementor-widget elementor-widget-heading\" data-id=\"9a907a5\" data-element_type=\"widget\" data-widget_type=\"heading.default\">\n\t\t\t\t<div class=\"elementor-widget-container\">\n\t\t\t\t\t<h2 class=\"elementor-heading-title elementor-size-default\">Dichiarazione di accessibilit\u00e0<\/h2>\t\t\t\t<\/div>\n\t\t\t\t<\/div>\n\t\t\t\t\t<\/div>\n\t\t\t\t<\/div>\n\t\t<div class=\"elementor-element elementor-element-7431159 e-flex e-con-boxed e-con e-parent\" data-id=\"7431159\" data-element_type=\"container\" data-settings=\"{&quot;background_background&quot;:&quot;classic&quot;}\">\n\t\t\t\t\t<div class=\"e-con-inner\">\n\t\t\t\t<div class=\"elementor-element elementor-element-a152efe elementor-widget elementor-widget-text-editor\" data-id=\"a152efe\" data-element_type=\"widget\" data-widget_type=\"text-editor.default\">\n\t\t\t\t<div class=\"elementor-widget-container\">\n\t\t\t\t\t\t\t\t\t<p><span style=\"color: var( --e-global-color-primary ); font-family: var( --e-global-typography-e599a38-font-family ), Sans-serif; font-size: var( --e-global-typography-e599a38-font-size ); font-weight: var( --e-global-typography-e599a38-font-weight ); text-align: var(--text-align); background-color: var( --e-global-color-accent );\">Questa dichiarazione di accessibilit\u00e0 si applica al sito web&nbsp;<\/span><span style=\"font-family: var( --e-global-typography-e599a38-font-family ), Sans-serif; font-size: var( --e-global-typography-e599a38-font-size ); font-weight: var( --e-global-typography-e599a38-font-weight ); text-align: var(--text-align); background-color: var( --e-global-color-accent ); text-decoration-line: underline;\"><a style=\"font-family: var( --e-global-typography-e599a38-font-family ), Sans-serif; font-size: var( --e-global-typography-e599a38-font-size ); text-align: var(--text-align); color: rgb(23, 50, 47);\" href=\"https:\/\/www.tarrago.com.\" target=\"_blank\" rel=\"noopener\">https:\/\/www.tarrago.com.<\/a><\/span><\/p>\n\t\t\t\t\t\t\t\t<\/div>\n\t\t\t\t<\/div>\n\t\t\t\t<div class=\"elementor-element elementor-element-e2e0546 elementor-widget elementor-widget-text-editor\" data-id=\"e2e0546\" data-element_type=\"widget\" data-widget_type=\"text-editor.default\">\n\t\t\t\t<div class=\"elementor-widget-container\">\n\t\t\t\t\t\t\t\t\t<h3>Stato di conformit\u00e0<\/h3>\n<div>Questo sito web \u00e8 parzialmente conforme al RD 1112\/2018 a causa delle eccezioni e delle non conformit\u00e0 degli aspetti indicati di seguito.<\/div>\t\t\t\t\t\t\t\t<\/div>\n\t\t\t\t<\/div>\n\t\t\t\t<div class=\"elementor-element elementor-element-fe7e9f4 elementor-widget elementor-widget-text-editor\" data-id=\"fe7e9f4\" data-element_type=\"widget\" data-widget_type=\"text-editor.default\">\n\t\t\t\t<div class=\"elementor-widget-container\">\n\t\t\t\t\t\t\t\t\t<h3>Contenuti non accessibili<\/h3>\n<div>\n<p>Il seguente contenuto non \u00e8 accessibile per i seguenti motivi:<\/p>\n<ul>\n<li>Non conformit\u00e0 al RD 1112\/2018<\/li>\n<li>Ci sono loghi e immagini con testi alternativi errati o confusi e immagini complesse senza descrizione testuale [requisito numero 9.1.1.1 Contenuto non testuale, della norma UNE-EN 301549:2022].<\/li>\n<li>Ci sono elenchi creati in modo errato (senza tag elenco), tabelle con celle etichettate in modo errato ed etichette invisibili negli elementi del modulo [requisito numero 9.1.3.1 Informazioni e relazioni, di UNE-EN 301549:2022].<\/li>\n<li>Ci sono tabelle non adattate a schermi di piccole dimensioni e campi modulo che non vengono visualizzati correttamente su schermi di piccole dimensioni [requisito numero 9.1.4.10 Ridimensionamento del testo, della norma UNE-EN 301549:2022].<\/li>\n<li>C&#8217;\u00e8 del testo che non viene visualizzato correttamente quando si cambiano gli spazi e le altezze delle righe [requisito numero 9.1.4.12 Spaziatura del testo, della norma UNE-EN 301549:2022].<\/li>\n<li>Ci sono elementi non accessibili da tastiera, come i link ai social network, l&#8217;editor di testo per i commenti, gli elementi per ordinare i risultati della ricerca, la paginazione dei risultati della ricerca o le frecce del calendario [requisito numero 9.2.1.1 Tastiera, della norma UNE-EN 301549:2022].<\/li>\n<li>Ci sono elementi che non ricevono il focus e quindi non si pu\u00f2 interagire con la tastiera, ad esempio [requisito numero 9.2.4.3 Ordine di messa a fuoco, della norma UNE-EN 301549:2022].<\/li>\n<li>Ci sono link la cui funzione non \u00e8 identificata correttamente (hanno descrizioni inadeguate, testi troppo generici, titoli inappropriati&#8230;) [requisito numero 9.2.4.4 Scopo dei link, della norma UNE-EN 301549:2022].<\/li>\n<li>Ci sono intestazioni con testo ripetuto e\/o poco descrittivo [requisito numero 9.2.4.6 Intestazioni ed etichette, della norma UNE-EN 301549:2022].<\/li>\n<li>Ci sono immagini, infografiche, testi o pulsanti di collegamento, testi dei titoli e contenuti che non sono tradotti in altre lingue [requisito numero 9.3.1.2 Lingua delle parti, della norma UNE-EN 301549:2022].<\/li>\n<li>In alcune pagine, la stessa icona viene utilizzata per scopi diversi, causando confusione [requisito 9.3.2.4 Identificazione coerente, della norma UNE-EN 301549:2022].<\/li>\n<li>Ci sono messaggi di errore che non sono abbastanza descrittivi, o messaggi di errore che non sono raggruppati in un unico messaggio, cos\u00ec come la mancanza di suggerimenti nei moduli per compilare correttamente i campi [requisito numero 9.3.3.1 Identificazione degli errori, della norma UNE-EN 301549:2022].<\/li>\n<li>Esistono moduli con campi obbligatori di cui l&#8217;utente non viene informato, cos\u00ec come campi in cui manca un esempio testuale del formato del campo. (come nel caso della carta d&#8217;identit\u00e0) [requisito 9.3.3.2 Etichette e istruzioni della norma UNE-EN 301549:2022]. <\/li>\n<li>Ci sono campi modulo in cui l&#8217;errore viene segnalato quando viene inserito un valore errato, ma non viene fornito alcun suggerimento per la correzione. [requisito 9.3.3.3 Suggerimenti per gli errori, della norma UNE-EN 301549:2022]. <\/li>\n<li>Ci sono pagine con errori di sintassi e quindi alcune tecnologie assistive potrebbero non interpretare correttamente il contenuto (ID pagina duplicati, tag non chiusi, costruzione di tag non corretta&#8230;). [requisito numero 9.4.1.1 Elaborazione, della norma UNE-EN 301549:2022]. <\/li>\n<li>Ci sono pagine in cui la tecnologia assistiva non sar\u00e0 in grado di ottenere informazioni, interagire e conoscere lo stato dei controlli dell&#8217;interfaccia utente, come i messaggi di aiuto, i messaggi di stato dei risultati delle azioni, gli attributi dei link, l&#8217;immagine della lingua della pagina&#8230; che non possono essere letti dai lettori di schermo quando appaiono [requisito numero 9.4.1.2 Nome, funzione, valore di UNE-EN 301549:2022].<\/li>\n<li>In alcune pagine web possono essere presenti occasionalmente dei difetti di editing.<\/li>\n<\/ul>\n<\/div>\t\t\t\t\t\t\t\t<\/div>\n\t\t\t\t<\/div>\n\t\t\t\t<div class=\"elementor-element elementor-element-0500bae elementor-widget elementor-widget-text-editor\" data-id=\"0500bae\" data-element_type=\"widget\" data-widget_type=\"text-editor.default\">\n\t\t\t\t<div class=\"elementor-widget-container\">\n\t\t\t\t\t\t\t\t\t<h3>Onere sproporzionato<\/h3>\n<p>Non applicabile.<\/p>\t\t\t\t\t\t\t\t<\/div>\n\t\t\t\t<\/div>\n\t\t\t\t<div class=\"elementor-element elementor-element-2649078 elementor-widget elementor-widget-text-editor\" data-id=\"2649078\" data-element_type=\"widget\" data-widget_type=\"text-editor.default\">\n\t\t\t\t<div class=\"elementor-widget-container\">\n\t\t\t\t\t\t\t\t\t<h3>Il contenuto non rientra nell&#8217;ambito di applicazione della normativa vigente.<\/h3>\n<p>\u00c8 possibile che i file di Office in PDF o in altri formati pubblicati prima del 20 settembre 2018 non siano completamente conformi a tutti i requisiti di accessibilit\u00e0. Tuttavia, sono stati compiuti degli sforzi per garantire che la maggior parte di essi sia conforme. <\/p>\t\t\t\t\t\t\t\t<\/div>\n\t\t\t\t<\/div>\n\t\t\t\t<div class=\"elementor-element elementor-element-0808f29 elementor-widget elementor-widget-text-editor\" data-id=\"0808f29\" data-element_type=\"widget\" data-widget_type=\"text-editor.default\">\n\t\t\t\t<div class=\"elementor-widget-container\">\n\t\t\t\t\t\t\t\t\t<h3>Preparazione della presente dichiarazione di accessibilit\u00e0<\/h3>\n<p>Questa dichiarazione \u00e8 stata preparata il 02\/10\/2023. Il metodo utilizzato per la preparazione della dichiarazione \u00e8 stato un&#8217;autovalutazione effettuata dall&#8217;ente stesso. Ultima revisione della dichiarazione: 02\/10\/2023.  <\/p>\t\t\t\t\t\t\t\t<\/div>\n\t\t\t\t<\/div>\n\t\t\t\t<div class=\"elementor-element elementor-element-a647ac5 elementor-widget elementor-widget-text-editor\" data-id=\"a647ac5\" data-element_type=\"widget\" data-widget_type=\"text-editor.default\">\n\t\t\t\t<div class=\"elementor-widget-container\">\n\t\t\t\t\t\t\t\t\t<h3>Osservazioni e contatti<\/h3>\n<p>Puoi comunicare i requisiti di accessibilit\u00e0 (articolo 10.2.a) del RD 1112\/2018) come ad esempio:<\/p>\n<ul>\n<li>Segnala qualsiasi eventuale non conformit\u00e0 da parte di questo sito web.<\/li>\n<li>Convogliare altre difficolt\u00e0 di accesso ai contenuti.<\/li>\n<li>Per qualsiasi altra domanda o suggerimento sull&#8217;accessibilit\u00e0 del sito web, utilizza il seguente modulo di contatto.<\/li>\n<\/ul>\n<p>Puoi inviare:<\/p>\n<ul>\n<li>Un reclamo relativo alla conformit\u00e0 ai requisiti del PSR 1112\/2018 oppure<\/li>\n<li>Una richiesta di informazioni accessibili riguardante:<\/li>\n<li>contenuti esclusi dal campo di applicazione del PSR 1112\/2018 come stabilito dall&#8217;articolo 3, comma 4.<\/li>\n<li>contenuti esenti dalla conformit\u00e0 con i requisiti di accessibilit\u00e0 a causa dell&#8217;imposizione di un onere sproporzionato.<\/li>\n<\/ul>\n<p>Nella richiesta di informazioni accessibili devono essere specificati, in modo chiaro, i fatti, le ragioni e la richiesta che consentono di verificare che si tratti di una richiesta ragionevole e legittima.<\/p>\t\t\t\t\t\t\t\t<\/div>\n\t\t\t\t<\/div>\n\t\t\t\t<div class=\"elementor-element elementor-element-496cbfb elementor-widget elementor-widget-text-editor\" data-id=\"496cbfb\" data-element_type=\"widget\" data-widget_type=\"text-editor.default\">\n\t\t\t\t<div class=\"elementor-widget-container\">\n\t\t\t\t\t\t\t\t\t<h3>Contenuto opzionale<\/h3>\n<p>Questo sito web applica i requisiti della norma UNE-EN 301549:2022 tenendo conto delle eccezioni del regolamento 1112\/2018. L&#8217;ultima revisione dell&#8217;accessibilit\u00e0 \u00e8 stata effettuata il 02\/10\/2023. <br><br>Il sito \u00e8 ottimizzato per i browser Microsoft Internet Explorer 8.0 o superiore e per le ultime versioni valide di FireFox, Safari, Opera e Google Chrome. La risoluzione web minima consigliata \u00e8 1280\u00d71024. <br><br>Il sito web \u00e8 stato progettato per la visualizzazione responsiva, in modo da essere visualizzato in modo ottimale su tablet e dispositivi mobili. Su questi dispositivi \u00e8 ottimizzato per la visualizzazione sulle ultime versioni valide di Chrome per cellulari, Firefox per cellulari, Safari per cellulari, Opera Mini e il browser nativo di Android. <\/p>\t\t\t\t\t\t\t\t<\/div>\n\t\t\t\t<\/div>\n\t\t\t\t\t<\/div>\n\t\t\t\t<\/div>\n\t\t\t\t<\/div>\n\t\t","protected":false},"excerpt":{"rendered":"<p>Dichiarazione di accessibilit\u00e0 Questa dichiarazione di accessibilit\u00e0 si applica al sito web&nbsp;https:\/\/www.tarrago.com. Stato di conformit\u00e0 Questo sito web \u00e8 parzialmente conforme al RD 1112\/2018 a causa delle eccezioni e delle non conformit\u00e0 degli aspetti indicati di seguito. Contenuti non accessibili Il seguente contenuto non \u00e8 accessibile per i seguenti motivi: Non conformit\u00e0 al RD 1112\/2018 [&hellip;]<\/p>\n","protected":false},"author":1,"featured_media":0,"parent":0,"menu_order":0,"comment_status":"closed","ping_status":"open","template":"","meta":{"_acf_changed":false,"footnotes":""},"class_list":["post-8324","page","type-page","status-publish","hentry"],"acf":[],"yoast_head":"<!-- This site is optimized with the Yoast SEO plugin v26.4 - https:\/\/yoast.com\/wordpress\/plugins\/seo\/ -->\n<title>Dichiarazione di accessibilit\u00e0 - Tarrago Outdoor Care<\/title>\n<meta name=\"robots\" content=\"index, follow, max-snippet:-1, max-image-preview:large, max-video-preview:-1\" \/>\n<link rel=\"canonical\" href=\"https:\/\/outdoortarrago.com\/it\/dichiarazione-di-accessibilita\/\" \/>\n<meta property=\"og:locale\" content=\"it_IT\" \/>\n<meta property=\"og:type\" content=\"article\" \/>\n<meta property=\"og:title\" content=\"Dichiarazione di accessibilit\u00e0 - Tarrago Outdoor Care\" \/>\n<meta property=\"og:description\" content=\"Dichiarazione di accessibilit\u00e0 Questa dichiarazione di accessibilit\u00e0 si applica al sito web&nbsp;https:\/\/www.tarrago.com. Stato di conformit\u00e0 Questo sito web \u00e8 parzialmente conforme al RD 1112\/2018 a causa delle eccezioni e delle non conformit\u00e0 degli aspetti indicati di seguito. Contenuti non accessibili Il seguente contenuto non \u00e8 accessibile per i seguenti motivi: Non conformit\u00e0 al RD 1112\/2018 [&hellip;]\" \/>\n<meta property=\"og:url\" content=\"https:\/\/outdoortarrago.com\/it\/dichiarazione-di-accessibilita\/\" \/>\n<meta property=\"og:site_name\" content=\"Tarrago Outdoor Care\" \/>\n<meta property=\"article:modified_time\" content=\"2025-01-14T14:56:05+00:00\" \/>\n<meta name=\"twitter:card\" content=\"summary_large_image\" \/>\n<meta name=\"twitter:label1\" content=\"Tempo di lettura stimato\" \/>\n\t<meta name=\"twitter:data1\" content=\"4 minuti\" \/>\n<script type=\"application\/ld+json\" class=\"yoast-schema-graph\">{\"@context\":\"https:\/\/schema.org\",\"@graph\":[{\"@type\":\"WebPage\",\"@id\":\"https:\/\/outdoortarrago.com\/it\/dichiarazione-di-accessibilita\/\",\"url\":\"https:\/\/outdoortarrago.com\/it\/dichiarazione-di-accessibilita\/\",\"name\":\"Dichiarazione di accessibilit\u00e0 - Tarrago Outdoor Care\",\"isPartOf\":{\"@id\":\"https:\/\/outdoortarrago.com\/it\/#website\"},\"datePublished\":\"2024-10-28T16:40:59+00:00\",\"dateModified\":\"2025-01-14T14:56:05+00:00\",\"breadcrumb\":{\"@id\":\"https:\/\/outdoortarrago.com\/it\/dichiarazione-di-accessibilita\/#breadcrumb\"},\"inLanguage\":\"it-IT\",\"potentialAction\":[{\"@type\":\"ReadAction\",\"target\":[\"https:\/\/outdoortarrago.com\/it\/dichiarazione-di-accessibilita\/\"]}]},{\"@type\":\"BreadcrumbList\",\"@id\":\"https:\/\/outdoortarrago.com\/it\/dichiarazione-di-accessibilita\/#breadcrumb\",\"itemListElement\":[{\"@type\":\"ListItem\",\"position\":1,\"name\":\"Home\",\"item\":\"https:\/\/outdoortarrago.com\/it\/\"},{\"@type\":\"ListItem\",\"position\":2,\"name\":\"Dichiarazione di accessibilit\u00e0\"}]},{\"@type\":\"WebSite\",\"@id\":\"https:\/\/outdoortarrago.com\/it\/#website\",\"url\":\"https:\/\/outdoortarrago.com\/it\/\",\"name\":\"A NEW CONCEPT OF CARE\",\"description\":\"A new concept of care: understanding the cleaning, care, and maintenance of sportswear.\",\"publisher\":{\"@id\":\"https:\/\/outdoortarrago.com\/it\/#organization\"},\"potentialAction\":[{\"@type\":\"SearchAction\",\"target\":{\"@type\":\"EntryPoint\",\"urlTemplate\":\"https:\/\/outdoortarrago.com\/it\/?s={search_term_string}\"},\"query-input\":{\"@type\":\"PropertyValueSpecification\",\"valueRequired\":true,\"valueName\":\"search_term_string\"}}],\"inLanguage\":\"it-IT\"},{\"@type\":\"Organization\",\"@id\":\"https:\/\/outdoortarrago.com\/it\/#organization\",\"name\":\"A NEW CONCEPT OF CARE\",\"url\":\"https:\/\/outdoortarrago.com\/it\/\",\"logo\":{\"@type\":\"ImageObject\",\"inLanguage\":\"it-IT\",\"@id\":\"https:\/\/outdoortarrago.com\/it\/#\/schema\/logo\/image\/\",\"url\":\"https:\/\/outdoortarrago.com\/wp-content\/uploads\/2024\/10\/logo.svg\",\"contentUrl\":\"https:\/\/outdoortarrago.com\/wp-content\/uploads\/2024\/10\/logo.svg\",\"width\":189,\"height\":134,\"caption\":\"A NEW CONCEPT OF CARE\"},\"image\":{\"@id\":\"https:\/\/outdoortarrago.com\/it\/#\/schema\/logo\/image\/\"}}]}<\/script>\n<!-- \/ Yoast SEO plugin. -->","yoast_head_json":{"title":"Dichiarazione di accessibilit\u00e0 - Tarrago Outdoor Care","robots":{"index":"index","follow":"follow","max-snippet":"max-snippet:-1","max-image-preview":"max-image-preview:large","max-video-preview":"max-video-preview:-1"},"canonical":"https:\/\/outdoortarrago.com\/it\/dichiarazione-di-accessibilita\/","og_locale":"it_IT","og_type":"article","og_title":"Dichiarazione di accessibilit\u00e0 - Tarrago Outdoor Care","og_description":"Dichiarazione di accessibilit\u00e0 Questa dichiarazione di accessibilit\u00e0 si applica al sito web&nbsp;https:\/\/www.tarrago.com. Stato di conformit\u00e0 Questo sito web \u00e8 parzialmente conforme al RD 1112\/2018 a causa delle eccezioni e delle non conformit\u00e0 degli aspetti indicati di seguito. Contenuti non accessibili Il seguente contenuto non \u00e8 accessibile per i seguenti motivi: Non conformit\u00e0 al RD 1112\/2018 [&hellip;]","og_url":"https:\/\/outdoortarrago.com\/it\/dichiarazione-di-accessibilita\/","og_site_name":"Tarrago Outdoor Care","article_modified_time":"2025-01-14T14:56:05+00:00","twitter_card":"summary_large_image","twitter_misc":{"Tempo di lettura stimato":"4 minuti"},"schema":{"@context":"https:\/\/schema.org","@graph":[{"@type":"WebPage","@id":"https:\/\/outdoortarrago.com\/it\/dichiarazione-di-accessibilita\/","url":"https:\/\/outdoortarrago.com\/it\/dichiarazione-di-accessibilita\/","name":"Dichiarazione di accessibilit\u00e0 - Tarrago Outdoor Care","isPartOf":{"@id":"https:\/\/outdoortarrago.com\/it\/#website"},"datePublished":"2024-10-28T16:40:59+00:00","dateModified":"2025-01-14T14:56:05+00:00","breadcrumb":{"@id":"https:\/\/outdoortarrago.com\/it\/dichiarazione-di-accessibilita\/#breadcrumb"},"inLanguage":"it-IT","potentialAction":[{"@type":"ReadAction","target":["https:\/\/outdoortarrago.com\/it\/dichiarazione-di-accessibilita\/"]}]},{"@type":"BreadcrumbList","@id":"https:\/\/outdoortarrago.com\/it\/dichiarazione-di-accessibilita\/#breadcrumb","itemListElement":[{"@type":"ListItem","position":1,"name":"Home","item":"https:\/\/outdoortarrago.com\/it\/"},{"@type":"ListItem","position":2,"name":"Dichiarazione di accessibilit\u00e0"}]},{"@type":"WebSite","@id":"https:\/\/outdoortarrago.com\/it\/#website","url":"https:\/\/outdoortarrago.com\/it\/","name":"A NEW CONCEPT OF CARE","description":"A new concept of care: understanding the cleaning, care, and maintenance of sportswear.","publisher":{"@id":"https:\/\/outdoortarrago.com\/it\/#organization"},"potentialAction":[{"@type":"SearchAction","target":{"@type":"EntryPoint","urlTemplate":"https:\/\/outdoortarrago.com\/it\/?s={search_term_string}"},"query-input":{"@type":"PropertyValueSpecification","valueRequired":true,"valueName":"search_term_string"}}],"inLanguage":"it-IT"},{"@type":"Organization","@id":"https:\/\/outdoortarrago.com\/it\/#organization","name":"A NEW CONCEPT OF CARE","url":"https:\/\/outdoortarrago.com\/it\/","logo":{"@type":"ImageObject","inLanguage":"it-IT","@id":"https:\/\/outdoortarrago.com\/it\/#\/schema\/logo\/image\/","url":"https:\/\/outdoortarrago.com\/wp-content\/uploads\/2024\/10\/logo.svg","contentUrl":"https:\/\/outdoortarrago.com\/wp-content\/uploads\/2024\/10\/logo.svg","width":189,"height":134,"caption":"A NEW CONCEPT OF CARE"},"image":{"@id":"https:\/\/outdoortarrago.com\/it\/#\/schema\/logo\/image\/"}}]}},"_links":{"self":[{"href":"https:\/\/outdoortarrago.com\/it\/wp-json\/wp\/v2\/pages\/8324","targetHints":{"allow":["GET"]}}],"collection":[{"href":"https:\/\/outdoortarrago.com\/it\/wp-json\/wp\/v2\/pages"}],"about":[{"href":"https:\/\/outdoortarrago.com\/it\/wp-json\/wp\/v2\/types\/page"}],"author":[{"embeddable":true,"href":"https:\/\/outdoortarrago.com\/it\/wp-json\/wp\/v2\/users\/1"}],"replies":[{"embeddable":true,"href":"https:\/\/outdoortarrago.com\/it\/wp-json\/wp\/v2\/comments?post=8324"}],"version-history":[{"count":1,"href":"https:\/\/outdoortarrago.com\/it\/wp-json\/wp\/v2\/pages\/8324\/revisions"}],"predecessor-version":[{"id":8325,"href":"https:\/\/outdoortarrago.com\/it\/wp-json\/wp\/v2\/pages\/8324\/revisions\/8325"}],"wp:attachment":[{"href":"https:\/\/outdoortarrago.com\/it\/wp-json\/wp\/v2\/media?parent=8324"}],"curies":[{"name":"wp","href":"https:\/\/api.w.org\/{rel}","templated":true}]}}