{"id":8230,"date":"2024-11-15T20:40:04","date_gmt":"2024-11-15T20:40:04","guid":{"rendered":"https:\/\/outdoortarrago.com\/dziekujemy-za-subskrypcje-naszego-newslettera\/"},"modified":"2025-01-14T14:37:08","modified_gmt":"2025-01-14T14:37:08","slug":"dziekujemy-za-subskrypcje-naszego-newslettera","status":"publish","type":"page","link":"https:\/\/outdoortarrago.com\/pl\/dziekujemy-za-subskrypcje-naszego-newslettera\/","title":{"rendered":"Dzi\u0119kujemy za subskrypcj\u0119 naszego newslettera"},"content":{"rendered":"\t\t<div data-elementor-type=\"wp-page\" data-elementor-id=\"8230\" class=\"elementor elementor-8230 elementor-2559\" data-elementor-post-type=\"page\">\n\t\t\t\t<div class=\"elementor-element elementor-element-e57d0ca e-flex e-con-boxed e-con e-parent\" data-id=\"e57d0ca\" data-element_type=\"container\" data-settings=\"{&quot;background_background&quot;:&quot;classic&quot;}\">\n\t\t\t\t\t<div class=\"e-con-inner\">\n\t\t\t\t<div class=\"elementor-element elementor-element-9315c71 elementor-widget elementor-widget-heading\" data-id=\"9315c71\" data-element_type=\"widget\" data-widget_type=\"heading.default\">\n\t\t\t\t<div class=\"elementor-widget-container\">\n\t\t\t\t\t<h2 class=\"elementor-heading-title elementor-size-default\">Dzi\u0119kujemy za subskrypcj\u0119 naszego newslettera<\/h2>\t\t\t\t<\/div>\n\t\t\t\t<\/div>\n\t\t\t\t<div class=\"elementor-element elementor-element-ac90e69 btnp elementor-align-center elementor-widget elementor-widget-button\" data-id=\"ac90e69\" data-element_type=\"widget\" data-widget_type=\"button.default\">\n\t\t\t\t<div class=\"elementor-widget-container\">\n\t\t\t\t\t\t\t\t\t<div class=\"elementor-button-wrapper\">\n\t\t\t\t\t<a class=\"elementor-button elementor-size-sm\" role=\"button\">\n\t\t\t\t\t\t<span class=\"elementor-button-content-wrapper\">\n\t\t\t\t\t\t<span class=\"elementor-button-icon\">\n\t\t\t\t<svg xmlns=\"http:\/\/www.w3.org\/2000\/svg\" id=\"Layer_1\" viewBox=\"0 0 51 51\"><defs><style>      .st0 {        fill: #17322f;        stroke: #17322f;        stroke-miterlimit: 10;      }      .st1 {        fill: #fafae1;      }    <\/style><\/defs><rect class=\"st1\" width=\"51\" height=\"51\"><\/rect><polygon class=\"st0\" points=\"32.3 23.7 26.9 23.7 26.9 16.2 21.3 16.2 21.3 23.7 15.9 23.7 15.9 29.1 21.3 29.1 21.3 36.9 26.9 36.9 26.9 29.1 32.3 29.1 32.3 23.7\"><\/polygon><\/svg>\t\t\t<\/span>\n\t\t\t\t\t\t\t\t\t<span class=\"elementor-button-text\">DOM<\/span>\n\t\t\t\t\t<\/span>\n\t\t\t\t\t<\/a>\n\t\t\t\t<\/div>\n\t\t\t\t\t\t\t\t<\/div>\n\t\t\t\t<\/div>\n\t\t\t\t\t<\/div>\n\t\t\t\t<\/div>\n\t\t\t\t<\/div>\n\t\t","protected":false},"excerpt":{"rendered":"<p>Dzi\u0119kujemy za subskrypcj\u0119 naszego newslettera DOM<\/p>\n","protected":false},"author":2,"featured_media":0,"parent":0,"menu_order":0,"comment_status":"closed","ping_status":"closed","template":"","meta":{"_acf_changed":false,"footnotes":""},"class_list":["post-8230","page","type-page","status-publish","hentry"],"acf":[],"yoast_head":"<!-- This site is optimized with the Yoast SEO plugin v26.4 - https:\/\/yoast.com\/wordpress\/plugins\/seo\/ -->\n<title>Dzi\u0119kujemy za subskrypcj\u0119 naszego newslettera - Tarrago Outdoor Care<\/title>\n<meta name=\"robots\" content=\"index, follow, max-snippet:-1, max-image-preview:large, max-video-preview:-1\" \/>\n<link rel=\"canonical\" href=\"https:\/\/outdoortarrago.com\/pl\/dziekujemy-za-subskrypcje-naszego-newslettera\/\" \/>\n<meta property=\"og:locale\" content=\"pl_PL\" \/>\n<meta property=\"og:type\" content=\"article\" \/>\n<meta property=\"og:title\" content=\"Dzi\u0119kujemy za subskrypcj\u0119 naszego newslettera - Tarrago Outdoor Care\" \/>\n<meta property=\"og:description\" content=\"Dzi\u0119kujemy za subskrypcj\u0119 naszego newslettera DOM\" \/>\n<meta property=\"og:url\" content=\"https:\/\/outdoortarrago.com\/pl\/dziekujemy-za-subskrypcje-naszego-newslettera\/\" \/>\n<meta property=\"og:site_name\" content=\"Tarrago Outdoor Care\" \/>\n<meta property=\"article:modified_time\" content=\"2025-01-14T14:37:08+00:00\" \/>\n<meta name=\"twitter:card\" content=\"summary_large_image\" \/>\n<script type=\"application\/ld+json\" class=\"yoast-schema-graph\">{\"@context\":\"https:\/\/schema.org\",\"@graph\":[{\"@type\":\"WebPage\",\"@id\":\"https:\/\/outdoortarrago.com\/pl\/dziekujemy-za-subskrypcje-naszego-newslettera\/\",\"url\":\"https:\/\/outdoortarrago.com\/pl\/dziekujemy-za-subskrypcje-naszego-newslettera\/\",\"name\":\"Dzi\u0119kujemy za subskrypcj\u0119 naszego newslettera - Tarrago Outdoor Care\",\"isPartOf\":{\"@id\":\"https:\/\/outdoortarrago.com\/pl\/#website\"},\"datePublished\":\"2024-11-15T20:40:04+00:00\",\"dateModified\":\"2025-01-14T14:37:08+00:00\",\"breadcrumb\":{\"@id\":\"https:\/\/outdoortarrago.com\/pl\/dziekujemy-za-subskrypcje-naszego-newslettera\/#breadcrumb\"},\"inLanguage\":\"pl-PL\",\"potentialAction\":[{\"@type\":\"ReadAction\",\"target\":[\"https:\/\/outdoortarrago.com\/pl\/dziekujemy-za-subskrypcje-naszego-newslettera\/\"]}]},{\"@type\":\"BreadcrumbList\",\"@id\":\"https:\/\/outdoortarrago.com\/pl\/dziekujemy-za-subskrypcje-naszego-newslettera\/#breadcrumb\",\"itemListElement\":[{\"@type\":\"ListItem\",\"position\":1,\"name\":\"Home\",\"item\":\"https:\/\/outdoortarrago.com\/pl\/strona-glowna\/\"},{\"@type\":\"ListItem\",\"position\":2,\"name\":\"Dzi\u0119kujemy za subskrypcj\u0119 naszego newslettera\"}]},{\"@type\":\"WebSite\",\"@id\":\"https:\/\/outdoortarrago.com\/pl\/#website\",\"url\":\"https:\/\/outdoortarrago.com\/pl\/\",\"name\":\"A NEW CONCEPT OF CARE\",\"description\":\"A new concept of care: understanding the cleaning, care, and maintenance of sportswear.\",\"publisher\":{\"@id\":\"https:\/\/outdoortarrago.com\/pl\/#organization\"},\"potentialAction\":[{\"@type\":\"SearchAction\",\"target\":{\"@type\":\"EntryPoint\",\"urlTemplate\":\"https:\/\/outdoortarrago.com\/pl\/?s={search_term_string}\"},\"query-input\":{\"@type\":\"PropertyValueSpecification\",\"valueRequired\":true,\"valueName\":\"search_term_string\"}}],\"inLanguage\":\"pl-PL\"},{\"@type\":\"Organization\",\"@id\":\"https:\/\/outdoortarrago.com\/pl\/#organization\",\"name\":\"A NEW CONCEPT OF CARE\",\"url\":\"https:\/\/outdoortarrago.com\/pl\/\",\"logo\":{\"@type\":\"ImageObject\",\"inLanguage\":\"pl-PL\",\"@id\":\"https:\/\/outdoortarrago.com\/pl\/#\/schema\/logo\/image\/\",\"url\":\"https:\/\/outdoortarrago.com\/wp-content\/uploads\/2024\/10\/logo.svg\",\"contentUrl\":\"https:\/\/outdoortarrago.com\/wp-content\/uploads\/2024\/10\/logo.svg\",\"width\":189,\"height\":134,\"caption\":\"A NEW CONCEPT OF CARE\"},\"image\":{\"@id\":\"https:\/\/outdoortarrago.com\/pl\/#\/schema\/logo\/image\/\"}}]}<\/script>\n<!-- \/ Yoast SEO plugin. -->","yoast_head_json":{"title":"Dzi\u0119kujemy za subskrypcj\u0119 naszego newslettera - Tarrago Outdoor Care","robots":{"index":"index","follow":"follow","max-snippet":"max-snippet:-1","max-image-preview":"max-image-preview:large","max-video-preview":"max-video-preview:-1"},"canonical":"https:\/\/outdoortarrago.com\/pl\/dziekujemy-za-subskrypcje-naszego-newslettera\/","og_locale":"pl_PL","og_type":"article","og_title":"Dzi\u0119kujemy za subskrypcj\u0119 naszego newslettera - Tarrago Outdoor Care","og_description":"Dzi\u0119kujemy za subskrypcj\u0119 naszego newslettera DOM","og_url":"https:\/\/outdoortarrago.com\/pl\/dziekujemy-za-subskrypcje-naszego-newslettera\/","og_site_name":"Tarrago Outdoor Care","article_modified_time":"2025-01-14T14:37:08+00:00","twitter_card":"summary_large_image","schema":{"@context":"https:\/\/schema.org","@graph":[{"@type":"WebPage","@id":"https:\/\/outdoortarrago.com\/pl\/dziekujemy-za-subskrypcje-naszego-newslettera\/","url":"https:\/\/outdoortarrago.com\/pl\/dziekujemy-za-subskrypcje-naszego-newslettera\/","name":"Dzi\u0119kujemy za subskrypcj\u0119 naszego newslettera - Tarrago Outdoor Care","isPartOf":{"@id":"https:\/\/outdoortarrago.com\/pl\/#website"},"datePublished":"2024-11-15T20:40:04+00:00","dateModified":"2025-01-14T14:37:08+00:00","breadcrumb":{"@id":"https:\/\/outdoortarrago.com\/pl\/dziekujemy-za-subskrypcje-naszego-newslettera\/#breadcrumb"},"inLanguage":"pl-PL","potentialAction":[{"@type":"ReadAction","target":["https:\/\/outdoortarrago.com\/pl\/dziekujemy-za-subskrypcje-naszego-newslettera\/"]}]},{"@type":"BreadcrumbList","@id":"https:\/\/outdoortarrago.com\/pl\/dziekujemy-za-subskrypcje-naszego-newslettera\/#breadcrumb","itemListElement":[{"@type":"ListItem","position":1,"name":"Home","item":"https:\/\/outdoortarrago.com\/pl\/strona-glowna\/"},{"@type":"ListItem","position":2,"name":"Dzi\u0119kujemy za subskrypcj\u0119 naszego newslettera"}]},{"@type":"WebSite","@id":"https:\/\/outdoortarrago.com\/pl\/#website","url":"https:\/\/outdoortarrago.com\/pl\/","name":"A NEW CONCEPT OF CARE","description":"A new concept of care: understanding the cleaning, care, and maintenance of sportswear.","publisher":{"@id":"https:\/\/outdoortarrago.com\/pl\/#organization"},"potentialAction":[{"@type":"SearchAction","target":{"@type":"EntryPoint","urlTemplate":"https:\/\/outdoortarrago.com\/pl\/?s={search_term_string}"},"query-input":{"@type":"PropertyValueSpecification","valueRequired":true,"valueName":"search_term_string"}}],"inLanguage":"pl-PL"},{"@type":"Organization","@id":"https:\/\/outdoortarrago.com\/pl\/#organization","name":"A NEW CONCEPT OF CARE","url":"https:\/\/outdoortarrago.com\/pl\/","logo":{"@type":"ImageObject","inLanguage":"pl-PL","@id":"https:\/\/outdoortarrago.com\/pl\/#\/schema\/logo\/image\/","url":"https:\/\/outdoortarrago.com\/wp-content\/uploads\/2024\/10\/logo.svg","contentUrl":"https:\/\/outdoortarrago.com\/wp-content\/uploads\/2024\/10\/logo.svg","width":189,"height":134,"caption":"A NEW CONCEPT OF CARE"},"image":{"@id":"https:\/\/outdoortarrago.com\/pl\/#\/schema\/logo\/image\/"}}]}},"_links":{"self":[{"href":"https:\/\/outdoortarrago.com\/pl\/wp-json\/wp\/v2\/pages\/8230","targetHints":{"allow":["GET"]}}],"collection":[{"href":"https:\/\/outdoortarrago.com\/pl\/wp-json\/wp\/v2\/pages"}],"about":[{"href":"https:\/\/outdoortarrago.com\/pl\/wp-json\/wp\/v2\/types\/page"}],"author":[{"embeddable":true,"href":"https:\/\/outdoortarrago.com\/pl\/wp-json\/wp\/v2\/users\/2"}],"replies":[{"embeddable":true,"href":"https:\/\/outdoortarrago.com\/pl\/wp-json\/wp\/v2\/comments?post=8230"}],"version-history":[{"count":1,"href":"https:\/\/outdoortarrago.com\/pl\/wp-json\/wp\/v2\/pages\/8230\/revisions"}],"predecessor-version":[{"id":8231,"href":"https:\/\/outdoortarrago.com\/pl\/wp-json\/wp\/v2\/pages\/8230\/revisions\/8231"}],"wp:attachment":[{"href":"https:\/\/outdoortarrago.com\/pl\/wp-json\/wp\/v2\/media?parent=8230"}],"curies":[{"name":"wp","href":"https:\/\/api.w.org\/{rel}","templated":true}]}}