{"id":8242,"date":"2024-10-30T20:00:54","date_gmt":"2024-10-30T20:00:54","guid":{"rendered":"https:\/\/outdoortarrago.com\/polityka-jakosci\/"},"modified":"2025-02-19T14:11:28","modified_gmt":"2025-02-19T14:11:28","slug":"polityka-jakosci","status":"publish","type":"page","link":"https:\/\/outdoortarrago.com\/pl\/polityka-jakosci\/","title":{"rendered":"Polityka jako\u015bci"},"content":{"rendered":"\t\t<div data-elementor-type=\"wp-page\" data-elementor-id=\"8242\" class=\"elementor elementor-8242 elementor-508\" data-elementor-post-type=\"page\">\n\t\t\t\t<div class=\"elementor-element elementor-element-15e09ff e-flex e-con-boxed e-con e-parent\" data-id=\"15e09ff\" data-element_type=\"container\" data-settings=\"{&quot;background_background&quot;:&quot;classic&quot;}\">\n\t\t\t\t\t<div class=\"e-con-inner\">\n\t\t\t\t<div class=\"elementor-element elementor-element-f2ffe3c elementor-widget elementor-widget-heading\" data-id=\"f2ffe3c\" data-element_type=\"widget\" data-widget_type=\"heading.default\">\n\t\t\t\t<div class=\"elementor-widget-container\">\n\t\t\t\t\t<h2 class=\"elementor-heading-title elementor-size-default\">Polityka jako\u015bci<\/h2>\t\t\t\t<\/div>\n\t\t\t\t<\/div>\n\t\t\t\t\t<\/div>\n\t\t\t\t<\/div>\n\t\t<div class=\"elementor-element elementor-element-15d97ad e-flex e-con-boxed e-con e-parent\" data-id=\"15d97ad\" data-element_type=\"container\" data-settings=\"{&quot;background_background&quot;:&quot;classic&quot;}\">\n\t\t\t\t\t<div class=\"e-con-inner\">\n\t\t\t\t<div class=\"elementor-element elementor-element-161dbf1 elementor-widget elementor-widget-text-editor\" data-id=\"161dbf1\" data-element_type=\"widget\" data-widget_type=\"text-editor.default\">\n\t\t\t\t<div class=\"elementor-widget-container\">\n\t\t\t\t\t\t\t\t\t<p><b>TARRAGO BRANDS INTERNATIONAL, S.L.<\/b> to mi\u0119dzynarodowa firma b\u0119d\u0105ca liderem w opracowywaniu i wytwarzaniu produkt\u00f3w do piel\u0119gnacji i czyszczenia obuwia oraz wszelkiego rodzaju akcesori\u00f3w; zaanga\u017cowana w osi\u0105ganie sta\u0142ej satysfakcji klient\u00f3w, dostawc\u00f3w i pracownik\u00f3w; a tak\u017ce ci\u0105g\u0142e doskonalenie proces\u00f3w produkcyjnych i procedur pracy, skoncentrowanych na innowacjach i jako\u015bci oraz poszanowaniu zasob\u00f3w ludzkich i \u015brodowiska.<\/p>\n<p><b>TARRAGO BRANDS INTERNATIONAL, S.L<\/b>. wdro\u017cy\u0142a System Zarz\u0105dzania Jako\u015bci\u0105 zgodny z normami ISO 9001: 2015, kt\u00f3ry zobowi\u0105zuje si\u0119 utrzymywa\u0107 i doskonali\u0107, dzia\u0142aj\u0105c zgodnie z nast\u0119puj\u0105cymi wytycznymi: Spe\u0142nianie przepis\u00f3w prawa w rozwoju swojej dzia\u0142alno\u015bci, jak r\u00f3wnie\u017c wszelkich innych wymaga\u0144 swoich klient\u00f3w.<br>1- Spe\u0142nianie przepis\u00f3w prawa w rozwoju swojej dzia\u0142alno\u015bci, jak r\u00f3wnie\u017c wszelkich innych wymaga\u0144 swoich klient\u00f3w.<\/p>\n<p>2- Wyb\u00f3r personelu, dostawc\u00f3w i podwykonawc\u00f3w zgodnie z zasadami jako\u015bci i wymaganiami ka\u017cdego klienta i projektu.<\/p>\n<p>3- Zaanga\u017cowanie w zadowolenie klienta.<\/p>\n<p>4- Utrzymanie kana\u0142\u00f3w komunikacji z klientami w celu identyfikacji ich obecnych i przysz\u0142ych wymaga\u0144, w celu zagwarantowania ich satysfakcji w zakresie zgodno\u015bci z ich oczekiwaniami.<\/p>\n<p>5- Zgodno\u015b\u0107 z wymaganiami i ci\u0105g\u0142e doskonalenie Systemu Zarz\u0105dzania Jako\u015bci\u0105 poprzez wdro\u017cenie system\u00f3w pomiarowych i monitorowanie us\u0142ug \u015bwiadczonych naszym klientom, a tak\u017ce cel\u00f3w systemu.<\/p>\n<p>6- Wykrywanie i okresowa ocena ryzyk i szans, zw\u0142aszcza tych zwi\u0105zanych z interesariuszami.<\/p>\n<p>7- Szkolenie i u\u015bwiadamianie wszystkich os\u00f3b zaanga\u017cowanych w nasz proces, w celu jego poprawy i zach\u0119cania do zarz\u0105dzania partycypacyjnego w systemie jako\u015bci.<br>8- Przekazywanie informacji interesariuszom.<\/p>\n<p>9- Kierownictwo jest zobowi\u0105zane do zapewnienia niezb\u0119dnych zasob\u00f3w do osi\u0105gni\u0119cia cel\u00f3w systemu, jego skuteczno\u015bci, wydajno\u015bci i ci\u0105g\u0142ego doskonalenia.<\/p>\n<p>Manresa, grudzie\u0144 2024 r.<\/p>\n<p><b>TARRAGO BRANDS INTERNATIONAL S,L.<\/b><\/p>\t\t\t\t\t\t\t\t<\/div>\n\t\t\t\t<\/div>\n\t\t\t\t\t<\/div>\n\t\t\t\t<\/div>\n\t\t\t\t<\/div>\n\t\t","protected":false},"excerpt":{"rendered":"<p>Polityka jako\u015bci TARRAGO BRANDS INTERNATIONAL, S.L. to mi\u0119dzynarodowa firma b\u0119d\u0105ca liderem w opracowywaniu i wytwarzaniu produkt\u00f3w do piel\u0119gnacji i czyszczenia obuwia oraz wszelkiego rodzaju akcesori\u00f3w; zaanga\u017cowana w osi\u0105ganie sta\u0142ej satysfakcji klient\u00f3w, dostawc\u00f3w i pracownik\u00f3w; a tak\u017ce ci\u0105g\u0142e doskonalenie proces\u00f3w produkcyjnych i procedur pracy, skoncentrowanych na innowacjach i jako\u015bci oraz poszanowaniu zasob\u00f3w ludzkich i \u015brodowiska. TARRAGO [&hellip;]<\/p>\n","protected":false},"author":1,"featured_media":0,"parent":0,"menu_order":0,"comment_status":"closed","ping_status":"closed","template":"","meta":{"_acf_changed":false,"footnotes":""},"class_list":["post-8242","page","type-page","status-publish","hentry"],"acf":[],"yoast_head":"<!-- This site is optimized with the Yoast SEO plugin v26.4 - https:\/\/yoast.com\/wordpress\/plugins\/seo\/ -->\n<title>Polityka jako\u015bci - Tarrago Outdoor Care<\/title>\n<meta name=\"robots\" content=\"index, follow, max-snippet:-1, max-image-preview:large, max-video-preview:-1\" \/>\n<link rel=\"canonical\" href=\"https:\/\/outdoortarrago.com\/pl\/polityka-jakosci\/\" \/>\n<meta property=\"og:locale\" content=\"pl_PL\" \/>\n<meta property=\"og:type\" content=\"article\" \/>\n<meta property=\"og:title\" content=\"Polityka jako\u015bci - Tarrago Outdoor Care\" \/>\n<meta property=\"og:description\" content=\"Polityka jako\u015bci TARRAGO BRANDS INTERNATIONAL, S.L. to mi\u0119dzynarodowa firma b\u0119d\u0105ca liderem w opracowywaniu i wytwarzaniu produkt\u00f3w do piel\u0119gnacji i czyszczenia obuwia oraz wszelkiego rodzaju akcesori\u00f3w; zaanga\u017cowana w osi\u0105ganie sta\u0142ej satysfakcji klient\u00f3w, dostawc\u00f3w i pracownik\u00f3w; a tak\u017ce ci\u0105g\u0142e doskonalenie proces\u00f3w produkcyjnych i procedur pracy, skoncentrowanych na innowacjach i jako\u015bci oraz poszanowaniu zasob\u00f3w ludzkich i \u015brodowiska. TARRAGO [&hellip;]\" \/>\n<meta property=\"og:url\" content=\"https:\/\/outdoortarrago.com\/pl\/polityka-jakosci\/\" \/>\n<meta property=\"og:site_name\" content=\"Tarrago Outdoor Care\" \/>\n<meta property=\"article:modified_time\" content=\"2025-02-19T14:11:28+00:00\" \/>\n<meta name=\"twitter:card\" content=\"summary_large_image\" \/>\n<meta name=\"twitter:label1\" content=\"Szacowany czas czytania\" \/>\n\t<meta name=\"twitter:data1\" content=\"2 minuty\" \/>\n<script type=\"application\/ld+json\" class=\"yoast-schema-graph\">{\"@context\":\"https:\/\/schema.org\",\"@graph\":[{\"@type\":\"WebPage\",\"@id\":\"https:\/\/outdoortarrago.com\/pl\/polityka-jakosci\/\",\"url\":\"https:\/\/outdoortarrago.com\/pl\/polityka-jakosci\/\",\"name\":\"Polityka jako\u015bci - Tarrago Outdoor Care\",\"isPartOf\":{\"@id\":\"https:\/\/outdoortarrago.com\/pl\/#website\"},\"datePublished\":\"2024-10-30T20:00:54+00:00\",\"dateModified\":\"2025-02-19T14:11:28+00:00\",\"breadcrumb\":{\"@id\":\"https:\/\/outdoortarrago.com\/pl\/polityka-jakosci\/#breadcrumb\"},\"inLanguage\":\"pl-PL\",\"potentialAction\":[{\"@type\":\"ReadAction\",\"target\":[\"https:\/\/outdoortarrago.com\/pl\/polityka-jakosci\/\"]}]},{\"@type\":\"BreadcrumbList\",\"@id\":\"https:\/\/outdoortarrago.com\/pl\/polityka-jakosci\/#breadcrumb\",\"itemListElement\":[{\"@type\":\"ListItem\",\"position\":1,\"name\":\"Home\",\"item\":\"https:\/\/outdoortarrago.com\/pl\/strona-glowna\/\"},{\"@type\":\"ListItem\",\"position\":2,\"name\":\"Polityka jako\u015bci\"}]},{\"@type\":\"WebSite\",\"@id\":\"https:\/\/outdoortarrago.com\/pl\/#website\",\"url\":\"https:\/\/outdoortarrago.com\/pl\/\",\"name\":\"A NEW CONCEPT OF CARE\",\"description\":\"A new concept of care: understanding the cleaning, care, and maintenance of sportswear.\",\"publisher\":{\"@id\":\"https:\/\/outdoortarrago.com\/pl\/#organization\"},\"potentialAction\":[{\"@type\":\"SearchAction\",\"target\":{\"@type\":\"EntryPoint\",\"urlTemplate\":\"https:\/\/outdoortarrago.com\/pl\/?s={search_term_string}\"},\"query-input\":{\"@type\":\"PropertyValueSpecification\",\"valueRequired\":true,\"valueName\":\"search_term_string\"}}],\"inLanguage\":\"pl-PL\"},{\"@type\":\"Organization\",\"@id\":\"https:\/\/outdoortarrago.com\/pl\/#organization\",\"name\":\"A NEW CONCEPT OF CARE\",\"url\":\"https:\/\/outdoortarrago.com\/pl\/\",\"logo\":{\"@type\":\"ImageObject\",\"inLanguage\":\"pl-PL\",\"@id\":\"https:\/\/outdoortarrago.com\/pl\/#\/schema\/logo\/image\/\",\"url\":\"https:\/\/outdoortarrago.com\/wp-content\/uploads\/2024\/10\/logo.svg\",\"contentUrl\":\"https:\/\/outdoortarrago.com\/wp-content\/uploads\/2024\/10\/logo.svg\",\"width\":189,\"height\":134,\"caption\":\"A NEW CONCEPT OF CARE\"},\"image\":{\"@id\":\"https:\/\/outdoortarrago.com\/pl\/#\/schema\/logo\/image\/\"}}]}<\/script>\n<!-- \/ Yoast SEO plugin. -->","yoast_head_json":{"title":"Polityka jako\u015bci - Tarrago Outdoor Care","robots":{"index":"index","follow":"follow","max-snippet":"max-snippet:-1","max-image-preview":"max-image-preview:large","max-video-preview":"max-video-preview:-1"},"canonical":"https:\/\/outdoortarrago.com\/pl\/polityka-jakosci\/","og_locale":"pl_PL","og_type":"article","og_title":"Polityka jako\u015bci - Tarrago Outdoor Care","og_description":"Polityka jako\u015bci TARRAGO BRANDS INTERNATIONAL, S.L. to mi\u0119dzynarodowa firma b\u0119d\u0105ca liderem w opracowywaniu i wytwarzaniu produkt\u00f3w do piel\u0119gnacji i czyszczenia obuwia oraz wszelkiego rodzaju akcesori\u00f3w; zaanga\u017cowana w osi\u0105ganie sta\u0142ej satysfakcji klient\u00f3w, dostawc\u00f3w i pracownik\u00f3w; a tak\u017ce ci\u0105g\u0142e doskonalenie proces\u00f3w produkcyjnych i procedur pracy, skoncentrowanych na innowacjach i jako\u015bci oraz poszanowaniu zasob\u00f3w ludzkich i \u015brodowiska. TARRAGO [&hellip;]","og_url":"https:\/\/outdoortarrago.com\/pl\/polityka-jakosci\/","og_site_name":"Tarrago Outdoor Care","article_modified_time":"2025-02-19T14:11:28+00:00","twitter_card":"summary_large_image","twitter_misc":{"Szacowany czas czytania":"2 minuty"},"schema":{"@context":"https:\/\/schema.org","@graph":[{"@type":"WebPage","@id":"https:\/\/outdoortarrago.com\/pl\/polityka-jakosci\/","url":"https:\/\/outdoortarrago.com\/pl\/polityka-jakosci\/","name":"Polityka jako\u015bci - Tarrago Outdoor Care","isPartOf":{"@id":"https:\/\/outdoortarrago.com\/pl\/#website"},"datePublished":"2024-10-30T20:00:54+00:00","dateModified":"2025-02-19T14:11:28+00:00","breadcrumb":{"@id":"https:\/\/outdoortarrago.com\/pl\/polityka-jakosci\/#breadcrumb"},"inLanguage":"pl-PL","potentialAction":[{"@type":"ReadAction","target":["https:\/\/outdoortarrago.com\/pl\/polityka-jakosci\/"]}]},{"@type":"BreadcrumbList","@id":"https:\/\/outdoortarrago.com\/pl\/polityka-jakosci\/#breadcrumb","itemListElement":[{"@type":"ListItem","position":1,"name":"Home","item":"https:\/\/outdoortarrago.com\/pl\/strona-glowna\/"},{"@type":"ListItem","position":2,"name":"Polityka jako\u015bci"}]},{"@type":"WebSite","@id":"https:\/\/outdoortarrago.com\/pl\/#website","url":"https:\/\/outdoortarrago.com\/pl\/","name":"A NEW CONCEPT OF CARE","description":"A new concept of care: understanding the cleaning, care, and maintenance of sportswear.","publisher":{"@id":"https:\/\/outdoortarrago.com\/pl\/#organization"},"potentialAction":[{"@type":"SearchAction","target":{"@type":"EntryPoint","urlTemplate":"https:\/\/outdoortarrago.com\/pl\/?s={search_term_string}"},"query-input":{"@type":"PropertyValueSpecification","valueRequired":true,"valueName":"search_term_string"}}],"inLanguage":"pl-PL"},{"@type":"Organization","@id":"https:\/\/outdoortarrago.com\/pl\/#organization","name":"A NEW CONCEPT OF CARE","url":"https:\/\/outdoortarrago.com\/pl\/","logo":{"@type":"ImageObject","inLanguage":"pl-PL","@id":"https:\/\/outdoortarrago.com\/pl\/#\/schema\/logo\/image\/","url":"https:\/\/outdoortarrago.com\/wp-content\/uploads\/2024\/10\/logo.svg","contentUrl":"https:\/\/outdoortarrago.com\/wp-content\/uploads\/2024\/10\/logo.svg","width":189,"height":134,"caption":"A NEW CONCEPT OF CARE"},"image":{"@id":"https:\/\/outdoortarrago.com\/pl\/#\/schema\/logo\/image\/"}}]}},"_links":{"self":[{"href":"https:\/\/outdoortarrago.com\/pl\/wp-json\/wp\/v2\/pages\/8242","targetHints":{"allow":["GET"]}}],"collection":[{"href":"https:\/\/outdoortarrago.com\/pl\/wp-json\/wp\/v2\/pages"}],"about":[{"href":"https:\/\/outdoortarrago.com\/pl\/wp-json\/wp\/v2\/types\/page"}],"author":[{"embeddable":true,"href":"https:\/\/outdoortarrago.com\/pl\/wp-json\/wp\/v2\/users\/1"}],"replies":[{"embeddable":true,"href":"https:\/\/outdoortarrago.com\/pl\/wp-json\/wp\/v2\/comments?post=8242"}],"version-history":[{"count":4,"href":"https:\/\/outdoortarrago.com\/pl\/wp-json\/wp\/v2\/pages\/8242\/revisions"}],"predecessor-version":[{"id":9595,"href":"https:\/\/outdoortarrago.com\/pl\/wp-json\/wp\/v2\/pages\/8242\/revisions\/9595"}],"wp:attachment":[{"href":"https:\/\/outdoortarrago.com\/pl\/wp-json\/wp\/v2\/media?parent=8242"}],"curies":[{"name":"wp","href":"https:\/\/api.w.org\/{rel}","templated":true}]}}