{"id":8276,"date":"2024-10-30T16:07:53","date_gmt":"2024-10-30T16:07:53","guid":{"rendered":"https:\/\/outdoortarrago.com\/ostrzezenia-prawne\/"},"modified":"2025-01-14T14:47:57","modified_gmt":"2025-01-14T14:47:57","slug":"ostrzezenia-prawne","status":"publish","type":"page","link":"https:\/\/outdoortarrago.com\/pl\/ostrzezenia-prawne\/","title":{"rendered":"Ostrze\u017cenia prawne"},"content":{"rendered":"\t\t<div data-elementor-type=\"wp-page\" data-elementor-id=\"8276\" class=\"elementor elementor-8276 elementor-390\" data-elementor-post-type=\"page\">\n\t\t\t\t<div class=\"elementor-element elementor-element-c2e78a8 e-flex e-con-boxed e-con e-parent\" data-id=\"c2e78a8\" data-element_type=\"container\" data-settings=\"{&quot;background_background&quot;:&quot;classic&quot;}\">\n\t\t\t\t\t<div class=\"e-con-inner\">\n\t\t\t\t<div class=\"elementor-element elementor-element-fbfe809 elementor-widget elementor-widget-heading\" data-id=\"fbfe809\" data-element_type=\"widget\" data-widget_type=\"heading.default\">\n\t\t\t\t<div class=\"elementor-widget-container\">\n\t\t\t\t\t<h2 class=\"elementor-heading-title elementor-size-default\">Ostrze\u017cenia prawne<\/h2>\t\t\t\t<\/div>\n\t\t\t\t<\/div>\n\t\t\t\t\t<\/div>\n\t\t\t\t<\/div>\n\t\t<div class=\"elementor-element elementor-element-75922d5 e-flex e-con-boxed e-con e-parent\" data-id=\"75922d5\" data-element_type=\"container\" data-settings=\"{&quot;background_background&quot;:&quot;classic&quot;}\">\n\t\t\t\t\t<div class=\"e-con-inner\">\n\t\t\t\t<div class=\"elementor-element elementor-element-f8ad50c elementor-widget elementor-widget-text-editor\" data-id=\"f8ad50c\" data-element_type=\"widget\" data-widget_type=\"text-editor.default\">\n\t\t\t\t<div class=\"elementor-widget-container\">\n\t\t\t\t\t\t\t\t\t<p>Niniejsza strona internetowa jest w\u0142asno\u015bci\u0105 TARRAGO BRANDS INTERNATIONAL SL (zwanej dalej TARRAGO), posiadaj\u0105cej numer NIF. B64002512 z siedzib\u0105 w C\/Narc\u00eds Monturiol, 18, 08243, Manresa (Barcelona) i zarejestrowan\u0105 w Rejestrze Sp\u00f3\u0142ek w Barcelonie w Vol. 31010 Folio 13 Sheet B.  <\/p>\n<p>W przypadku jakichkolwiek zapyta\u0144 lub propozycji, prosimy o kontakt pod numerem telefonu + 34 93 877 08 14 lub wys\u0142anie wiadomo\u015bci e-mail na adres<span style=\"text-decoration: underline;\"> info@tarrago.com.<\/span><br \/>Niniejsza strona internetowa podlega prawu obowi\u0105zuj\u0105cemu wy\u0142\u0105cznie w Hiszpanii i zar\u00f3wno krajowi, jak i zagraniczni u\u017cytkownicy tej witryny podlegaj\u0105 temu prawu.<br \/>Dost\u0119p U\u017bYTKOWNIKA do naszej strony internetowej jest bezp\u0142atny i uwarunkowany przeczytaniem oraz pe\u0142n\u0105 i wyra\u017an\u0105 akceptacj\u0105 bez zastrze\u017ce\u0144 niniejszych OG\u00d3LNYCH WARUNK\u00d3W U\u017bYTKOWANIA, kt\u00f3re obowi\u0105zuj\u0105 w momencie uzyskania dost\u0119pu, z kt\u00f3rymi prosimy o uwa\u017cne zapoznanie si\u0119. Korzystaj\u0105c z naszego portalu, jego zawarto\u015bci lub us\u0142ug, U\u017bYTKOWNIK wyra\u017anie akceptuje i poddaje si\u0119 og\u00f3lnym warunkom korzystania z nich. Je\u015bli u\u017cytkownik nie zgadza si\u0119 z niniejszymi Warunkami u\u017cytkowania, musi powstrzyma\u0107 si\u0119 od korzystania z tego portalu i dzia\u0142ania za jego po\u015brednictwem.  <\/p>\n<p>Podanie danych osobowych za po\u015brednictwem naszego portalu wymaga uko\u0144czenia co najmniej 14 lat lub, w stosownych przypadkach, posiadania wystarczaj\u0105cej zdolno\u015bci prawnej do zawierania um\u00f3w.<\/p>\n<p>Mo\u017cemy zmieni\u0107 prezentacj\u0119 i konfiguracj\u0119 naszej strony internetowej, rozszerzy\u0107 lub ograniczy\u0107 us\u0142ugi, a nawet usun\u0105\u0107 j\u0105 z Internetu w dowolnym momencie, wraz z dostarczonymi us\u0142ugami i tre\u015bciami, jednostronnie i bez wcze\u015bniejszego powiadomienia.<\/p>\n\t\t\t\t\t\t\t\t<\/div>\n\t\t\t\t<\/div>\n\t\t\t\t<div class=\"elementor-element elementor-element-dbbfff9 elementor-widget elementor-widget-text-editor\" data-id=\"dbbfff9\" data-element_type=\"widget\" data-widget_type=\"text-editor.default\">\n\t\t\t\t<div class=\"elementor-widget-container\">\n\t\t\t\t\t\t\t\t\t<h3>  A. W\u0141ASNO\u015a\u0106 INTELEKTUALNA<\/h3>\n<p>Wszystkie tre\u015bci, teksty, obrazy i kody \u017ar\u00f3d\u0142owe s\u0105 w\u0142asno\u015bci\u0105 TARRAGO lub os\u00f3b trzecich, kt\u00f3re naby\u0142y prawa do ich wykorzystania i s\u0105 chronione prawami w\u0142asno\u015bci intelektualnej i przemys\u0142owej.<\/p>\n<p>U\u017cytkownik jest wy\u0142\u0105cznie uprawniony do korzystania z nich w celach prywatnych, nie dla zysku, i wymaga wyra\u017anego upowa\u017cnienia do ich modyfikowania, powielania, wykorzystywania lub rozpowszechniania lub wykonywania jakichkolwiek innych praw nale\u017c\u0105cych do w\u0142a\u015bciciela.<\/p>\n<p>TARRAGO jest zastrze\u017conym znakiem towarowym, a powielanie, na\u015bladowanie, u\u017cywanie lub umieszczanie tych marek jest zabronione bez naszej nale\u017cytej zgody.<br \/>Dodanie link\u00f3w do naszego portalu nie daje \u017cadnego prawa do tego samego. Ponadto samo dodanie linku do naszej strony internetowej nie daje prawa do okre\u015blania si\u0119 jako wsp\u00f3\u0142pracownik lub partner. <\/p>\n<p>TARRAGO jest zwolnione z wszelkich roszcze\u0144 dotycz\u0105cych praw w\u0142asno\u015bci intelektualnej do artyku\u0142\u00f3w i obraz\u00f3w publikowanych przez osoby trzecie na swoim portalu.<\/p>\n<p>Wszelkie ca\u0142kowite lub cz\u0119\u015bciowe imitacje naszego portalu s\u0105 surowo zabronione.<\/p>\n\t\t\t\t\t\t\t\t<\/div>\n\t\t\t\t<\/div>\n\t\t\t\t<div class=\"elementor-element elementor-element-1b76b44 elementor-widget elementor-widget-text-editor\" data-id=\"1b76b44\" data-element_type=\"widget\" data-widget_type=\"text-editor.default\">\n\t\t\t\t<div class=\"elementor-widget-container\">\n\t\t\t\t\t\t\t\t\t<h3>B. WARUNKI DOST\u0118PU I U\u017bYTKOWANIA<\/h3>\n<p>Dost\u0119p do naszej strony internetowej jest bezp\u0142atny i nie wymaga wcze\u015bniejszej subskrypcji ani rejestracji.<\/p>\n<p>Wszelkie przes\u0142ane dane osobowe oznaczaj\u0105 wyra\u017an\u0105 akceptacj\u0119 naszej polityki prywatno\u015bci przez U\u017bYTKOWNIKA.<\/p>\n<p>U\u017cytkownik musi uzyska\u0107 dost\u0119p do naszej Strony Internetowej w dobrej wierze, zgodnie z porz\u0105dkiem publicznym i niniejszymi Og\u00f3lnymi Warunkami U\u017cytkowania. Dost\u0119p do naszej Witryny odbywa si\u0119 na wy\u0142\u0105czn\u0105 odpowiedzialno\u015b\u0107 u\u017cytkownika, kt\u00f3ry ponosi odpowiedzialno\u015b\u0107 za wszelkie szkody, jakie mo\u017ce wyrz\u0105dzi\u0107 nam lub osobom trzecim. <\/p>\n<p>U\u017cytkownikom wyra\u017anie zabrania si\u0119 korzystania i uzyskiwania dost\u0119pu do us\u0142ug i tre\u015bci niniejszej strony internetowej w spos\u00f3b inny ni\u017c okre\u015blony w niniejszych warunkach u\u017cytkowania.<\/p>\n<p>U\u017bYTKOWNIK nie mo\u017ce wykonywa\u0107 \u017cadnych dzia\u0142a\u0144 na naszym portalu, kt\u00f3re mog\u0105 spowodowa\u0107 przeci\u0105\u017cenie naszych system\u00f3w komputerowych lub wprowadzenie wirus\u00f3w lub instalacj\u0119 robot\u00f3w lub oprogramowania, kt\u00f3re zmienia normalne dzia\u0142anie naszej strony internetowej lub kt\u00f3re mog\u0105 uszkodzi\u0107 nasze systemy komputerowe.<\/p>\n<p>Bior\u0105c pod uwag\u0119 niemo\u017cno\u015b\u0107 kontrolowania informacji, tre\u015bci i us\u0142ug zawartych na stronach internetowych os\u00f3b trzecich, kt\u00f3re s\u0105 dost\u0119pne za po\u015brednictwem link\u00f3w na naszej stronie internetowej, informujemy, \u017ce TARRAGO nie ponosi odpowiedzialno\u015bci za jakiekolwiek szkody jakiegokolwiek rodzaju, kt\u00f3re mog\u0105 wynikn\u0105\u0107 z korzystania z tych stron internetowych os\u00f3b trzecich przez u\u017cytkownika.<br \/>TARRAGO zastrzega sobie jednostronne prawo bez uprzedzenia do usuni\u0119cia ka\u017cdego U\u017bYTKOWNIKA, kt\u00f3rego organizacja uzna za naruszaj\u0105cego warunki korzystania z naszej strony internetowej. Zastrzega sobie r\u00f3wnie\u017c prawo do podj\u0119cia odpowiednich krok\u00f3w prawnych przeciwko osobom, kt\u00f3re naruszaj\u0105 niniejsze og\u00f3lne warunki u\u017cytkowania. <\/p>\n\t\t\t\t\t\t\t\t<\/div>\n\t\t\t\t<\/div>\n\t\t\t\t<div class=\"elementor-element elementor-element-709eecb elementor-widget elementor-widget-text-editor\" data-id=\"709eecb\" data-element_type=\"widget\" data-widget_type=\"text-editor.default\">\n\t\t\t\t<div class=\"elementor-widget-container\">\n\t\t\t\t\t\t\t\t\t<h3>  C. POLITYKA PRYWATNO\u015aCI<\/h3>\n<p>Poufno\u015b\u0107 i bezpiecze\u0144stwo s\u0105 podstawowymi warto\u015bciami TARRAGO i dlatego zobowi\u0105zujemy si\u0119 zapewni\u0107 prywatno\u015b\u0107 U\u017cytkownika przez ca\u0142y czas i nie gromadzi\u0107 \u017cadnych niepotrzebnych informacji.<\/p>\n<p>Podanie danych osobowych za po\u015brednictwem naszego portalu wymaga minimalnego wieku 14 lat i wyra\u017anej akceptacji naszej Polityki prywatno\u015bci.<\/p>\n\t\t\t\t\t\t\t\t<\/div>\n\t\t\t\t<\/div>\n\t\t\t\t<div class=\"elementor-element elementor-element-5735825 elementor-widget elementor-widget-text-editor\" data-id=\"5735825\" data-element_type=\"widget\" data-widget_type=\"text-editor.default\">\n\t\t\t\t<div class=\"elementor-widget-container\">\n\t\t\t\t\t\t\t\t\t<h3>  D. ODPOWIEDZIALNO\u015a\u0106<\/h3>\n<p>Oddaj\u0105c niniejsz\u0105 stron\u0119 internetow\u0105 do dyspozycji u\u017cytkownika, pragniemy zaoferowa\u0107 us\u0142ug\u0119 wysokiej jako\u015bci, stosuj\u0105c maksymaln\u0105 staranno\u015b\u0107 w jej \u015bwiadczeniu i wykorzystywanych \u015brodkach technologicznych. TARRAGO nie gwarantuje jednak, \u017ce dost\u0119pno\u015b\u0107 us\u0142ugi b\u0119dzie ci\u0105g\u0142a lub nieprzerwana ze wzgl\u0119du na okoliczno\u015bci wynikaj\u0105ce z problem\u00f3w z sieci\u0105 internetow\u0105, awarii urz\u0105dze\u0144 informatycznych lub innych nieprzewidzianych okoliczno\u015bci, w zwi\u0105zku z czym U\u017bYTKOWNIK powinien tolerowa\u0107 te okoliczno\u015bci w rozs\u0105dnych granicach i wyra\u017anie zrzeka si\u0119 wszelkich roszcze\u0144 wobec TARRAGO z tytu\u0142u jakiejkolwiek odpowiedzialno\u015bci za ewentualne awarie, b\u0142\u0119dy lub korzystanie z us\u0142ugi. <\/p>\n<p>U\u017bYTKOWNIK przyjmuje pe\u0142n\u0105 odpowiedzialno\u015b\u0107 za korzystanie z naszej strony internetowej i ponosi wy\u0142\u0105czn\u0105 odpowiedzialno\u015b\u0107 za wszelkie bezpo\u015brednie lub po\u015brednie skutki strony internetowej, w tym mi\u0119dzy innymi za wszelkie niekorzystne skutki gospodarcze, techniczne i \/ lub s\u0105dowe wraz z niespe\u0142nieniem oczekiwa\u0144 stworzonych przez nasz portal, a u\u017cytkownik zobowi\u0105zuje si\u0119 zwolni\u0107 TARRAGO z wszelkich roszcze\u0144 wynikaj\u0105cych bezpo\u015brednio lub po\u015brednio z tych zdarze\u0144.<\/p>\n<p>U\u017bYTKOWNIK potwierdza, \u017ce zrozumia\u0142 wszystkie informacje dotycz\u0105ce warunk\u00f3w korzystania z naszego portalu i \u017ce s\u0105 one wystarczaj\u0105ce, aby wykluczy\u0107 z nich jakikolwiek b\u0142\u0105d, a zatem wyra\u017anie akceptuje je w ca\u0142o\u015bci.<\/p>\n<p>U\u017bYTKOWNIK jest w pe\u0142ni \u015bwiadomy, \u017ce samo przegl\u0105danie tej strony internetowej i korzystanie z jej us\u0142ug oznacza akceptacj\u0119 niniejszych warunk\u00f3w u\u017cytkowania.<\/p>\n<p>Wszelkie kwestie zwi\u0105zane z nasz\u0105 stron\u0105 internetow\u0105 podlegaj\u0105 prawu hiszpa\u0144skiemu. W przypadku jakichkolwiek rozbie\u017cno\u015bci lub spor\u00f3w mi\u0119dzy stronami co do interpretacji lub tre\u015bci niniejszej strony internetowej, wszystkie strony poddaj\u0105 si\u0119 s\u0105dom uzgodnionym przez strony lub s\u0105dom maj\u0105cym zastosowanie zgodnie z prawem. <\/p>\n\t\t\t\t\t\t\t\t<\/div>\n\t\t\t\t<\/div>\n\t\t\t\t<div class=\"elementor-element elementor-element-609db3d elementor-widget elementor-widget-text-editor\" data-id=\"609db3d\" data-element_type=\"widget\" data-widget_type=\"text-editor.default\">\n\t\t\t\t<div class=\"elementor-widget-container\">\n\t\t\t\t\t\t\t\t\t<h3>&nbsp;E. WA\u017bNO\u015a\u0106 OG\u00d3LNYCH WARUNK\u00d3W DOST\u0118PU DO STRONY INTERNETOWEJ<\/h3>\n<p>Niniejsze Og\u00f3lne Warunki U\u017cytkowania zosta\u0142y zmodyfikowane w dniu 01\/12\/2024. Mo\u017cemy je zmodyfikowa\u0107 w dowolnym momencie: prosimy o sprawdzanie daty wydania za ka\u017cdym razem, gdy \u0142\u0105czysz si\u0119 z nasz\u0105 stron\u0105 internetow\u0105, aby upewni\u0107 si\u0119, \u017ce nie wprowadzono \u017cadnych zmian, kt\u00f3re mog\u0105 mie\u0107 wp\u0142yw na Ciebie. <\/p>\n<p>We wszelkich sprawach zwi\u0105zanych z Warunkami korzystania z naszej strony internetowej prosimy o kontakt z nami, korzystaj\u0105c z danych wskazanych powy\u017cej lub z Lant Abogados pod adresem&nbsp;info@lant-abogados.com&nbsp;lub pod adresem<span style=\"text-decoration: underline;\"><span style=\"color: #17322f; text-decoration: underline;\">&nbsp;<a style=\"font-family: var( --e-global-typography-e599a38-font-family ), Sans-serif; font-size: var( --e-global-typography-e599a38-font-size ); text-align: var(--text-align); color: #17322f; text-decoration: underline;\" href=\"https:\/\/www.lant-abogados.com\/\" target=\"_blank\" rel=\"noopener\">https:\/\/www.lant-abogados.com\/<\/a><\/span><\/span><\/p>\t\t\t\t\t\t\t\t<\/div>\n\t\t\t\t<\/div>\n\t\t\t\t\t<\/div>\n\t\t\t\t<\/div>\n\t\t\t\t<\/div>\n\t\t","protected":false},"excerpt":{"rendered":"<p>Ostrze\u017cenia prawne Niniejsza strona internetowa jest w\u0142asno\u015bci\u0105 TARRAGO BRANDS INTERNATIONAL SL (zwanej dalej TARRAGO), posiadaj\u0105cej numer NIF. B64002512 z siedzib\u0105 w C\/Narc\u00eds Monturiol, 18, 08243, Manresa (Barcelona) i zarejestrowan\u0105 w Rejestrze Sp\u00f3\u0142ek w Barcelonie w Vol. 31010 Folio 13 Sheet B. W przypadku jakichkolwiek zapyta\u0144 lub propozycji, prosimy o kontakt pod numerem telefonu + 34 [&hellip;]<\/p>\n","protected":false},"author":1,"featured_media":0,"parent":0,"menu_order":0,"comment_status":"closed","ping_status":"closed","template":"","meta":{"_acf_changed":false,"footnotes":""},"class_list":["post-8276","page","type-page","status-publish","hentry"],"acf":[],"yoast_head":"<!-- This site is optimized with the Yoast SEO plugin v26.4 - https:\/\/yoast.com\/wordpress\/plugins\/seo\/ -->\n<title>Ostrze\u017cenia prawne - Tarrago Outdoor Care<\/title>\n<meta name=\"robots\" content=\"index, follow, max-snippet:-1, max-image-preview:large, max-video-preview:-1\" \/>\n<link rel=\"canonical\" href=\"https:\/\/outdoortarrago.com\/pl\/ostrzezenia-prawne\/\" \/>\n<meta property=\"og:locale\" content=\"pl_PL\" \/>\n<meta property=\"og:type\" content=\"article\" \/>\n<meta property=\"og:title\" content=\"Ostrze\u017cenia prawne - Tarrago Outdoor Care\" \/>\n<meta property=\"og:description\" content=\"Ostrze\u017cenia prawne Niniejsza strona internetowa jest w\u0142asno\u015bci\u0105 TARRAGO BRANDS INTERNATIONAL SL (zwanej dalej TARRAGO), posiadaj\u0105cej numer NIF. B64002512 z siedzib\u0105 w C\/Narc\u00eds Monturiol, 18, 08243, Manresa (Barcelona) i zarejestrowan\u0105 w Rejestrze Sp\u00f3\u0142ek w Barcelonie w Vol. 31010 Folio 13 Sheet B. W przypadku jakichkolwiek zapyta\u0144 lub propozycji, prosimy o kontakt pod numerem telefonu + 34 [&hellip;]\" \/>\n<meta property=\"og:url\" content=\"https:\/\/outdoortarrago.com\/pl\/ostrzezenia-prawne\/\" \/>\n<meta property=\"og:site_name\" content=\"Tarrago Outdoor Care\" \/>\n<meta property=\"article:modified_time\" content=\"2025-01-14T14:47:57+00:00\" \/>\n<meta name=\"twitter:card\" content=\"summary_large_image\" \/>\n<meta name=\"twitter:label1\" content=\"Szacowany czas czytania\" \/>\n\t<meta name=\"twitter:data1\" content=\"6 minut\" \/>\n<script type=\"application\/ld+json\" class=\"yoast-schema-graph\">{\"@context\":\"https:\/\/schema.org\",\"@graph\":[{\"@type\":\"WebPage\",\"@id\":\"https:\/\/outdoortarrago.com\/pl\/ostrzezenia-prawne\/\",\"url\":\"https:\/\/outdoortarrago.com\/pl\/ostrzezenia-prawne\/\",\"name\":\"Ostrze\u017cenia prawne - Tarrago Outdoor Care\",\"isPartOf\":{\"@id\":\"https:\/\/outdoortarrago.com\/pl\/#website\"},\"datePublished\":\"2024-10-30T16:07:53+00:00\",\"dateModified\":\"2025-01-14T14:47:57+00:00\",\"breadcrumb\":{\"@id\":\"https:\/\/outdoortarrago.com\/pl\/ostrzezenia-prawne\/#breadcrumb\"},\"inLanguage\":\"pl-PL\",\"potentialAction\":[{\"@type\":\"ReadAction\",\"target\":[\"https:\/\/outdoortarrago.com\/pl\/ostrzezenia-prawne\/\"]}]},{\"@type\":\"BreadcrumbList\",\"@id\":\"https:\/\/outdoortarrago.com\/pl\/ostrzezenia-prawne\/#breadcrumb\",\"itemListElement\":[{\"@type\":\"ListItem\",\"position\":1,\"name\":\"Home\",\"item\":\"https:\/\/outdoortarrago.com\/pl\/strona-glowna\/\"},{\"@type\":\"ListItem\",\"position\":2,\"name\":\"Ostrze\u017cenia prawne\"}]},{\"@type\":\"WebSite\",\"@id\":\"https:\/\/outdoortarrago.com\/pl\/#website\",\"url\":\"https:\/\/outdoortarrago.com\/pl\/\",\"name\":\"A NEW CONCEPT OF CARE\",\"description\":\"A new concept of care: understanding the cleaning, care, and maintenance of sportswear.\",\"publisher\":{\"@id\":\"https:\/\/outdoortarrago.com\/pl\/#organization\"},\"potentialAction\":[{\"@type\":\"SearchAction\",\"target\":{\"@type\":\"EntryPoint\",\"urlTemplate\":\"https:\/\/outdoortarrago.com\/pl\/?s={search_term_string}\"},\"query-input\":{\"@type\":\"PropertyValueSpecification\",\"valueRequired\":true,\"valueName\":\"search_term_string\"}}],\"inLanguage\":\"pl-PL\"},{\"@type\":\"Organization\",\"@id\":\"https:\/\/outdoortarrago.com\/pl\/#organization\",\"name\":\"A NEW CONCEPT OF CARE\",\"url\":\"https:\/\/outdoortarrago.com\/pl\/\",\"logo\":{\"@type\":\"ImageObject\",\"inLanguage\":\"pl-PL\",\"@id\":\"https:\/\/outdoortarrago.com\/pl\/#\/schema\/logo\/image\/\",\"url\":\"https:\/\/outdoortarrago.com\/wp-content\/uploads\/2024\/10\/logo.svg\",\"contentUrl\":\"https:\/\/outdoortarrago.com\/wp-content\/uploads\/2024\/10\/logo.svg\",\"width\":189,\"height\":134,\"caption\":\"A NEW CONCEPT OF CARE\"},\"image\":{\"@id\":\"https:\/\/outdoortarrago.com\/pl\/#\/schema\/logo\/image\/\"}}]}<\/script>\n<!-- \/ Yoast SEO plugin. -->","yoast_head_json":{"title":"Ostrze\u017cenia prawne - Tarrago Outdoor Care","robots":{"index":"index","follow":"follow","max-snippet":"max-snippet:-1","max-image-preview":"max-image-preview:large","max-video-preview":"max-video-preview:-1"},"canonical":"https:\/\/outdoortarrago.com\/pl\/ostrzezenia-prawne\/","og_locale":"pl_PL","og_type":"article","og_title":"Ostrze\u017cenia prawne - Tarrago Outdoor Care","og_description":"Ostrze\u017cenia prawne Niniejsza strona internetowa jest w\u0142asno\u015bci\u0105 TARRAGO BRANDS INTERNATIONAL SL (zwanej dalej TARRAGO), posiadaj\u0105cej numer NIF. B64002512 z siedzib\u0105 w C\/Narc\u00eds Monturiol, 18, 08243, Manresa (Barcelona) i zarejestrowan\u0105 w Rejestrze Sp\u00f3\u0142ek w Barcelonie w Vol. 31010 Folio 13 Sheet B. W przypadku jakichkolwiek zapyta\u0144 lub propozycji, prosimy o kontakt pod numerem telefonu + 34 [&hellip;]","og_url":"https:\/\/outdoortarrago.com\/pl\/ostrzezenia-prawne\/","og_site_name":"Tarrago Outdoor Care","article_modified_time":"2025-01-14T14:47:57+00:00","twitter_card":"summary_large_image","twitter_misc":{"Szacowany czas czytania":"6 minut"},"schema":{"@context":"https:\/\/schema.org","@graph":[{"@type":"WebPage","@id":"https:\/\/outdoortarrago.com\/pl\/ostrzezenia-prawne\/","url":"https:\/\/outdoortarrago.com\/pl\/ostrzezenia-prawne\/","name":"Ostrze\u017cenia prawne - Tarrago Outdoor Care","isPartOf":{"@id":"https:\/\/outdoortarrago.com\/pl\/#website"},"datePublished":"2024-10-30T16:07:53+00:00","dateModified":"2025-01-14T14:47:57+00:00","breadcrumb":{"@id":"https:\/\/outdoortarrago.com\/pl\/ostrzezenia-prawne\/#breadcrumb"},"inLanguage":"pl-PL","potentialAction":[{"@type":"ReadAction","target":["https:\/\/outdoortarrago.com\/pl\/ostrzezenia-prawne\/"]}]},{"@type":"BreadcrumbList","@id":"https:\/\/outdoortarrago.com\/pl\/ostrzezenia-prawne\/#breadcrumb","itemListElement":[{"@type":"ListItem","position":1,"name":"Home","item":"https:\/\/outdoortarrago.com\/pl\/strona-glowna\/"},{"@type":"ListItem","position":2,"name":"Ostrze\u017cenia prawne"}]},{"@type":"WebSite","@id":"https:\/\/outdoortarrago.com\/pl\/#website","url":"https:\/\/outdoortarrago.com\/pl\/","name":"A NEW CONCEPT OF CARE","description":"A new concept of care: understanding the cleaning, care, and maintenance of sportswear.","publisher":{"@id":"https:\/\/outdoortarrago.com\/pl\/#organization"},"potentialAction":[{"@type":"SearchAction","target":{"@type":"EntryPoint","urlTemplate":"https:\/\/outdoortarrago.com\/pl\/?s={search_term_string}"},"query-input":{"@type":"PropertyValueSpecification","valueRequired":true,"valueName":"search_term_string"}}],"inLanguage":"pl-PL"},{"@type":"Organization","@id":"https:\/\/outdoortarrago.com\/pl\/#organization","name":"A NEW CONCEPT OF CARE","url":"https:\/\/outdoortarrago.com\/pl\/","logo":{"@type":"ImageObject","inLanguage":"pl-PL","@id":"https:\/\/outdoortarrago.com\/pl\/#\/schema\/logo\/image\/","url":"https:\/\/outdoortarrago.com\/wp-content\/uploads\/2024\/10\/logo.svg","contentUrl":"https:\/\/outdoortarrago.com\/wp-content\/uploads\/2024\/10\/logo.svg","width":189,"height":134,"caption":"A NEW CONCEPT OF CARE"},"image":{"@id":"https:\/\/outdoortarrago.com\/pl\/#\/schema\/logo\/image\/"}}]}},"_links":{"self":[{"href":"https:\/\/outdoortarrago.com\/pl\/wp-json\/wp\/v2\/pages\/8276","targetHints":{"allow":["GET"]}}],"collection":[{"href":"https:\/\/outdoortarrago.com\/pl\/wp-json\/wp\/v2\/pages"}],"about":[{"href":"https:\/\/outdoortarrago.com\/pl\/wp-json\/wp\/v2\/types\/page"}],"author":[{"embeddable":true,"href":"https:\/\/outdoortarrago.com\/pl\/wp-json\/wp\/v2\/users\/1"}],"replies":[{"embeddable":true,"href":"https:\/\/outdoortarrago.com\/pl\/wp-json\/wp\/v2\/comments?post=8276"}],"version-history":[{"count":1,"href":"https:\/\/outdoortarrago.com\/pl\/wp-json\/wp\/v2\/pages\/8276\/revisions"}],"predecessor-version":[{"id":8277,"href":"https:\/\/outdoortarrago.com\/pl\/wp-json\/wp\/v2\/pages\/8276\/revisions\/8277"}],"wp:attachment":[{"href":"https:\/\/outdoortarrago.com\/pl\/wp-json\/wp\/v2\/media?parent=8276"}],"curies":[{"name":"wp","href":"https:\/\/api.w.org\/{rel}","templated":true}]}}