{"id":8322,"date":"2024-10-28T16:40:59","date_gmt":"2024-10-28T16:40:59","guid":{"rendered":"https:\/\/outdoortarrago.com\/oswiadczenie-o-dostepnosci\/"},"modified":"2025-01-14T14:55:40","modified_gmt":"2025-01-14T14:55:40","slug":"oswiadczenie-o-dostepnosci","status":"publish","type":"page","link":"https:\/\/outdoortarrago.com\/pl\/oswiadczenie-o-dostepnosci\/","title":{"rendered":"O\u015bwiadczenie o dost\u0119pno\u015bci"},"content":{"rendered":"\t\t<div data-elementor-type=\"wp-page\" data-elementor-id=\"8322\" class=\"elementor elementor-8322 elementor-3\" data-elementor-post-type=\"page\">\n\t\t\t\t<div class=\"elementor-element elementor-element-4ac66f0 e-flex e-con-boxed e-con e-parent\" data-id=\"4ac66f0\" data-element_type=\"container\" data-settings=\"{&quot;background_background&quot;:&quot;classic&quot;}\">\n\t\t\t\t\t<div class=\"e-con-inner\">\n\t\t\t\t<div class=\"elementor-element elementor-element-9a907a5 elementor-widget elementor-widget-heading\" data-id=\"9a907a5\" data-element_type=\"widget\" data-widget_type=\"heading.default\">\n\t\t\t\t<div class=\"elementor-widget-container\">\n\t\t\t\t\t<h2 class=\"elementor-heading-title elementor-size-default\">O\u015bwiadczenie o dost\u0119pno\u015bci<\/h2>\t\t\t\t<\/div>\n\t\t\t\t<\/div>\n\t\t\t\t\t<\/div>\n\t\t\t\t<\/div>\n\t\t<div class=\"elementor-element elementor-element-7431159 e-flex e-con-boxed e-con e-parent\" data-id=\"7431159\" data-element_type=\"container\" data-settings=\"{&quot;background_background&quot;:&quot;classic&quot;}\">\n\t\t\t\t\t<div class=\"e-con-inner\">\n\t\t\t\t<div class=\"elementor-element elementor-element-a152efe elementor-widget elementor-widget-text-editor\" data-id=\"a152efe\" data-element_type=\"widget\" data-widget_type=\"text-editor.default\">\n\t\t\t\t<div class=\"elementor-widget-container\">\n\t\t\t\t\t\t\t\t\t<p><span style=\"color: var( --e-global-color-primary ); font-family: var( --e-global-typography-e599a38-font-family ), Sans-serif; font-size: var( --e-global-typography-e599a38-font-size ); font-weight: var( --e-global-typography-e599a38-font-weight ); text-align: var(--text-align); background-color: var( --e-global-color-accent );\">Niniejsze o\u015bwiadczenie o dost\u0119pno\u015bci dotyczy strony internetowej&nbsp;<\/span><span style=\"font-family: var( --e-global-typography-e599a38-font-family ), Sans-serif; font-size: var( --e-global-typography-e599a38-font-size ); font-weight: var( --e-global-typography-e599a38-font-weight ); text-align: var(--text-align); background-color: var( --e-global-color-accent ); text-decoration-line: underline;\"><a style=\"font-family: var( --e-global-typography-e599a38-font-family ), Sans-serif; font-size: var( --e-global-typography-e599a38-font-size ); text-align: var(--text-align); color: rgb(23, 50, 47);\" href=\"https:\/\/www.tarrago.com.\" target=\"_blank\" rel=\"noopener\">https:\/\/www.tarrago.com.<\/a><\/span><\/p>\n\t\t\t\t\t\t\t\t<\/div>\n\t\t\t\t<\/div>\n\t\t\t\t<div class=\"elementor-element elementor-element-e2e0546 elementor-widget elementor-widget-text-editor\" data-id=\"e2e0546\" data-element_type=\"widget\" data-widget_type=\"text-editor.default\">\n\t\t\t\t<div class=\"elementor-widget-container\">\n\t\t\t\t\t\t\t\t\t<h3>Status zgodno\u015bci<\/h3>\n<div>Ta strona internetowa jest cz\u0119\u015bciowo zgodna z RD 1112\/2018 ze wzgl\u0119du na wyj\u0105tki i niezgodno\u015bci aspekt\u00f3w wskazanych poni\u017cej.<\/div>\t\t\t\t\t\t\t\t<\/div>\n\t\t\t\t<\/div>\n\t\t\t\t<div class=\"elementor-element elementor-element-fe7e9f4 elementor-widget elementor-widget-text-editor\" data-id=\"fe7e9f4\" data-element_type=\"widget\" data-widget_type=\"text-editor.default\">\n\t\t\t\t<div class=\"elementor-widget-container\">\n\t\t\t\t\t\t\t\t\t<h3>Niedost\u0119pna zawarto\u015b\u0107<\/h3>\n<div>\n<p>Poni\u017csza zawarto\u015b\u0107 jest niedost\u0119pna z nast\u0119puj\u0105cych powod\u00f3w:<\/p>\n<ul>\n<li>Niezgodno\u015b\u0107 z RD 1112\/2018<\/li>\n<li>Istniej\u0105 logo i obrazy z nieprawid\u0142owym lub myl\u0105cym tekstem alternatywnym oraz z\u0142o\u017cone obrazy bez opisu tekstowego [wymaganie nr 9.1.1.1 Zawarto\u015b\u0107 nietekstowa, UNE-EN 301549:2022].<\/li>\n<li>Istniej\u0105 nieprawid\u0142owo utworzone listy (bez znacznik\u00f3w listy), tabele z nieprawid\u0142owo oznaczonymi kom\u00f3rkami i niewidoczne etykiety w elementach formularza [wymaganie nr 9.1.3.1 Informacje i relacje, UNE-EN 301549:2022].<\/li>\n<li>Istniej\u0105 tabele niedostosowane do ma\u0142ych rozmiar\u00f3w ekranu i pola formularzy, kt\u00f3re nie wy\u015bwietlaj\u0105 si\u0119 poprawnie na ma\u0142ych rozmiarach ekranu [wymaganie nr 9.1.4.10 Zmiana rozmiaru tekstu, UNE-EN 301549:2022].<\/li>\n<li>Istnieje tekst, kt\u00f3ry nie wy\u015bwietla si\u0119 poprawnie podczas zmiany spacji i wysoko\u015bci linii [wymaganie nr 9.1.4.12 Odst\u0119py mi\u0119dzy tekstami, UNE-EN 301549:2022].<\/li>\n<li>Istniej\u0105 elementy niedost\u0119pne za pomoc\u0105 klawiatury, takie jak linki do sieci spo\u0142eczno\u015bciowych, edytor tekstu do komentarzy, elementy do sortowania wynik\u00f3w wyszukiwania, paginacja wynik\u00f3w wyszukiwania lub strza\u0142ki kalendarza [wymaganie nr 9.2.1.1 Klawiatura, UNE-EN 301549:2022].<\/li>\n<li>Istniej\u0105 elementy, kt\u00f3re nie otrzymuj\u0105 fokusu i dlatego nie mo\u017cna z nimi wchodzi\u0107 w interakcje za pomoc\u0105 klawiatury, na przyk\u0142ad [wymaganie nr 9.2.4.3 Kolejno\u015b\u0107 fokusu, UNE-EN 301549:2022].<\/li>\n<li>Istniej\u0105 linki, kt\u00f3rych funkcja nie jest prawid\u0142owo okre\u015blona (maj\u0105 nieodpowiednie opisy, zbyt og\u00f3lny tekst, nieodpowiednie tytu\u0142y&#8230;) [wym\u00f3g nr 9.2.4.4 Cel link\u00f3w, UNE-EN 301549:2022].<\/li>\n<li>Istniej\u0105 nag\u0142\u00f3wki z powtarzaj\u0105cym si\u0119 i\/lub s\u0142abo opisowym tekstem [wymaganie nr 9.2.4.6 Nag\u0142\u00f3wki i etykiety, UNE-EN 301549:2022].<\/li>\n<li>Istniej\u0105 obrazy, infografiki, teksty link\u00f3w lub przyciski, teksty nag\u0142\u00f3wk\u00f3w i tre\u015bci, kt\u00f3re nie s\u0105 przet\u0142umaczone na inne j\u0119zyki [wym\u00f3g nr 9.3.1.2 J\u0119zyk cz\u0119\u015bci, UNE-EN 301549:2022].<\/li>\n<li>Na niekt\u00f3rych stronach ta sama ikona jest u\u017cywana do r\u00f3\u017cnych cel\u00f3w, powoduj\u0105c zamieszanie [wymaganie nr 9.3.2.4 Sp\u00f3jna identyfikacja, UNE-EN 301549:2022].<\/li>\n<li>Istniej\u0105 komunikaty o b\u0142\u0119dach, kt\u00f3re nie s\u0105 wystarczaj\u0105co opisowe lub komunikaty o b\u0142\u0119dach, kt\u00f3re nie s\u0105 zgrupowane w jednym komunikacie, a tak\u017ce brak sugestii w formularzach, aby poprawnie wype\u0142ni\u0107 pola [wymaganie nr 9.3.3.1 Identyfikacja b\u0142\u0119d\u00f3w, UNE-EN 301549:2022].<\/li>\n<li>Istniej\u0105 formularze z obowi\u0105zkowymi polami, w kt\u00f3rych u\u017cytkownik nie jest o tym informowany, a tak\u017ce pola bez tekstowego przyk\u0142adu formatu pola. (np. dow\u00f3d osobisty) [wym\u00f3g nr 9.3.3.2 Etykiety i instrukcje, UNE-EN 301549:2022]. <\/li>\n<li>Istniej\u0105 pola formularza, w kt\u00f3rych b\u0142\u0105d jest zg\u0142aszany po wprowadzeniu nieprawid\u0142owej warto\u015bci, ale nie ma sugestii korekty. [wym\u00f3g nr 9.3.3.3 Sugestie dotycz\u0105ce b\u0142\u0119d\u00f3w, UNE-EN 301549:2022]. <\/li>\n<li>Istniej\u0105 strony z b\u0142\u0119dami sk\u0142adni, dlatego niekt\u00f3re technologie wspomagaj\u0105ce mog\u0105 nie interpretowa\u0107 tre\u015bci poprawnie (zduplikowane identyfikatory stron, niezamkni\u0119te znaczniki, nieprawid\u0142owa konstrukcja znacznik\u00f3w&#8230;). [wymaganie nr 9.4.1.1 Przetwarzanie, normy UNE-EN 301549:2022]. <\/li>\n<li>Istniej\u0105 strony, na kt\u00f3rych technologia wspomagaj\u0105ca nie b\u0119dzie w stanie uzyska\u0107 informacji, wchodzi\u0107 w interakcje i by\u0107 \u015bwiadoma stanu element\u00f3w steruj\u0105cych interfejsu u\u017cytkownika, takich jak komunikaty pomocy, komunikaty o stanie wynik\u00f3w akcji, atrybuty link\u00f3w, obraz j\u0119zyka strony &#8230; kt\u00f3re nie mog\u0105 by\u0107 odczytane przez czytniki ekranu, gdy si\u0119 pojawiaj\u0105 [numer wymagania 9.4.1.2 Nazwa, funkcja, warto\u015b\u0107 UNE-EN 301549:2022].<\/li>\n<li>Na niekt\u00f3rych stronach internetowych mog\u0105 wyst\u0119powa\u0107 sporadyczne b\u0142\u0119dy edycyjne.<\/li>\n<\/ul>\n<\/div>\t\t\t\t\t\t\t\t<\/div>\n\t\t\t\t<\/div>\n\t\t\t\t<div class=\"elementor-element elementor-element-0500bae elementor-widget elementor-widget-text-editor\" data-id=\"0500bae\" data-element_type=\"widget\" data-widget_type=\"text-editor.default\">\n\t\t\t\t<div class=\"elementor-widget-container\">\n\t\t\t\t\t\t\t\t\t<h3>Nieproporcjonalne obci\u0105\u017cenie<\/h3>\n<p>Nie dotyczy.<\/p>\t\t\t\t\t\t\t\t<\/div>\n\t\t\t\t<\/div>\n\t\t\t\t<div class=\"elementor-element elementor-element-2649078 elementor-widget elementor-widget-text-editor\" data-id=\"2649078\" data-element_type=\"widget\" data-widget_type=\"text-editor.default\">\n\t\t\t\t<div class=\"elementor-widget-container\">\n\t\t\t\t\t\t\t\t\t<h3>Tre\u015b\u0107 nie jest obj\u0119ta zakresem obowi\u0105zuj\u0105cych przepis\u00f3w prawa<\/h3>\n<p>Mog\u0105 istnie\u0107 pliki biurowe w formacie PDF lub innych formatach opublikowane przed 20 wrze\u015bnia 2018 r., kt\u00f3re nie s\u0105 w pe\u0142ni zgodne ze wszystkimi wymogami dost\u0119pno\u015bci. Chocia\u017c podj\u0119to wysi\u0142ki, aby zapewni\u0107, \u017ce wi\u0119kszo\u015b\u0107 z nich jest zgodna. <\/p>\t\t\t\t\t\t\t\t<\/div>\n\t\t\t\t<\/div>\n\t\t\t\t<div class=\"elementor-element elementor-element-0808f29 elementor-widget elementor-widget-text-editor\" data-id=\"0808f29\" data-element_type=\"widget\" data-widget_type=\"text-editor.default\">\n\t\t\t\t<div class=\"elementor-widget-container\">\n\t\t\t\t\t\t\t\t\t<h3>Przygotowanie niniejszego o\u015bwiadczenia o dost\u0119pno\u015bci<\/h3>\n<p>Niniejsze o\u015bwiadczenie zosta\u0142o sporz\u0105dzone w dniu 02.10.2023 r. Metod\u0105 zastosowan\u0105 do sporz\u0105dzenia o\u015bwiadczenia by\u0142a samoocena przeprowadzona przez sam\u0105 jednostk\u0119. Ostatni przegl\u0105d o\u015bwiadczenia: 02\/10\/2023.  <\/p>\t\t\t\t\t\t\t\t<\/div>\n\t\t\t\t<\/div>\n\t\t\t\t<div class=\"elementor-element elementor-element-a647ac5 elementor-widget elementor-widget-text-editor\" data-id=\"a647ac5\" data-element_type=\"widget\" data-widget_type=\"text-editor.default\">\n\t\t\t\t<div class=\"elementor-widget-container\">\n\t\t\t\t\t\t\t\t\t<h3>Obserwacje i dane kontaktowe<\/h3>\n<p>Mo\u017cna informowa\u0107 o wymogach dost\u0119pno\u015bci (art. 10 ust. 2 lit. a) RD 1112\/2018), takich jak:<\/p>\n<ul>\n<li>Zg\u0142aszanie wszelkich mo\u017cliwych niezgodno\u015bci z przepisami przez t\u0119 witryn\u0119.<\/li>\n<li>Inne trudno\u015bci z dost\u0119pem do tre\u015bci.<\/li>\n<li>Sformu\u0142uj jakiekolwiek inne zapytanie lub sugesti\u0119 dotycz\u0105c\u0105 poprawy dost\u0119pno\u015bci witryny za pomoc\u0105 poni\u017cszego formularza kontaktowego.<\/li>\n<\/ul>\n<p>Mo\u017cesz przes\u0142a\u0107:<\/p>\n<ul>\n<li>Skarga dotycz\u0105ca zgodno\u015bci z wymogami RD 1112\/2018 lub<\/li>\n<li>Wniosek o udost\u0119pnienie informacji dotycz\u0105cych:<\/li>\n<li>tre\u015bci wy\u0142\u0105czone z zakresu stosowania RD 1112\/2018 zgodnie z art. 3 ust. 4.<\/li>\n<li>tre\u015bci zwolnione z wymog\u00f3w dost\u0119pno\u015bci ze wzgl\u0119du na nieproporcjonalne obci\u0105\u017cenie.<\/li>\n<\/ul>\n<p>We wniosku o udost\u0119pnienie informacji nale\u017cy jasno okre\u015bli\u0107 fakty, powody i \u017c\u0105danie, kt\u00f3re pozwol\u0105 zweryfikowa\u0107, czy jest to uzasadnione i zgodne z prawem \u017c\u0105danie.<\/p>\t\t\t\t\t\t\t\t<\/div>\n\t\t\t\t<\/div>\n\t\t\t\t<div class=\"elementor-element elementor-element-496cbfb elementor-widget elementor-widget-text-editor\" data-id=\"496cbfb\" data-element_type=\"widget\" data-widget_type=\"text-editor.default\">\n\t\t\t\t<div class=\"elementor-widget-container\">\n\t\t\t\t\t\t\t\t\t<h3>Zawarto\u015b\u0107 opcjonalna<\/h3>\n<p>Ta strona internetowa stosuje wymagania normy UNE-EN 301549:2022 z uwzgl\u0119dnieniem wyj\u0105tk\u00f3w RD 1112\/2018. Ostatni przegl\u0105d dost\u0119pno\u015bci zosta\u0142 przeprowadzony w dniu 02.10.2023 r. <br><br>Witryna jest zoptymalizowana pod k\u0105tem przegl\u0105darek Microsoft Internet Explorer 8.0 lub nowszych oraz najnowszych wersji FireFox, Safari, Opera i Google Chrome. Zalecana minimalna rozdzielczo\u015b\u0107 to 1280\u00d71024. <br><br>Witryna zosta\u0142a zaprojektowana z my\u015bl\u0105 o wy\u015bwietlaniu responsywnym, dzi\u0119ki czemu jest optymalnie wy\u015bwietlana na tabletach i urz\u0105dzeniach mobilnych. Na tych urz\u0105dzeniach jest zoptymalizowana pod k\u0105tem wy\u015bwietlania w najnowszych wersjach przegl\u0105darek Chrome dla urz\u0105dze\u0144 mobilnych, Firefox dla urz\u0105dze\u0144 mobilnych, Safari dla urz\u0105dze\u0144 mobilnych, Opera Mini i natywnej przegl\u0105darki Android. <\/p>\t\t\t\t\t\t\t\t<\/div>\n\t\t\t\t<\/div>\n\t\t\t\t\t<\/div>\n\t\t\t\t<\/div>\n\t\t\t\t<\/div>\n\t\t","protected":false},"excerpt":{"rendered":"<p>O\u015bwiadczenie o dost\u0119pno\u015bci Niniejsze o\u015bwiadczenie o dost\u0119pno\u015bci dotyczy strony internetowej&nbsp;https:\/\/www.tarrago.com. Status zgodno\u015bci Ta strona internetowa jest cz\u0119\u015bciowo zgodna z RD 1112\/2018 ze wzgl\u0119du na wyj\u0105tki i niezgodno\u015bci aspekt\u00f3w wskazanych poni\u017cej. Niedost\u0119pna zawarto\u015b\u0107 Poni\u017csza zawarto\u015b\u0107 jest niedost\u0119pna z nast\u0119puj\u0105cych powod\u00f3w: Niezgodno\u015b\u0107 z RD 1112\/2018 Istniej\u0105 logo i obrazy z nieprawid\u0142owym lub myl\u0105cym tekstem alternatywnym oraz z\u0142o\u017cone [&hellip;]<\/p>\n","protected":false},"author":1,"featured_media":0,"parent":0,"menu_order":0,"comment_status":"closed","ping_status":"open","template":"","meta":{"_acf_changed":false,"footnotes":""},"class_list":["post-8322","page","type-page","status-publish","hentry"],"acf":[],"yoast_head":"<!-- This site is optimized with the Yoast SEO plugin v26.4 - https:\/\/yoast.com\/wordpress\/plugins\/seo\/ -->\n<title>O\u015bwiadczenie o dost\u0119pno\u015bci - Tarrago Outdoor Care<\/title>\n<meta name=\"robots\" content=\"index, follow, max-snippet:-1, max-image-preview:large, max-video-preview:-1\" \/>\n<link rel=\"canonical\" href=\"https:\/\/outdoortarrago.com\/pl\/oswiadczenie-o-dostepnosci\/\" \/>\n<meta property=\"og:locale\" content=\"pl_PL\" \/>\n<meta property=\"og:type\" content=\"article\" \/>\n<meta property=\"og:title\" content=\"O\u015bwiadczenie o dost\u0119pno\u015bci - Tarrago Outdoor Care\" \/>\n<meta property=\"og:description\" content=\"O\u015bwiadczenie o dost\u0119pno\u015bci Niniejsze o\u015bwiadczenie o dost\u0119pno\u015bci dotyczy strony internetowej&nbsp;https:\/\/www.tarrago.com. Status zgodno\u015bci Ta strona internetowa jest cz\u0119\u015bciowo zgodna z RD 1112\/2018 ze wzgl\u0119du na wyj\u0105tki i niezgodno\u015bci aspekt\u00f3w wskazanych poni\u017cej. Niedost\u0119pna zawarto\u015b\u0107 Poni\u017csza zawarto\u015b\u0107 jest niedost\u0119pna z nast\u0119puj\u0105cych powod\u00f3w: Niezgodno\u015b\u0107 z RD 1112\/2018 Istniej\u0105 logo i obrazy z nieprawid\u0142owym lub myl\u0105cym tekstem alternatywnym oraz z\u0142o\u017cone [&hellip;]\" \/>\n<meta property=\"og:url\" content=\"https:\/\/outdoortarrago.com\/pl\/oswiadczenie-o-dostepnosci\/\" \/>\n<meta property=\"og:site_name\" content=\"Tarrago Outdoor Care\" \/>\n<meta property=\"article:modified_time\" content=\"2025-01-14T14:55:40+00:00\" \/>\n<meta name=\"twitter:card\" content=\"summary_large_image\" \/>\n<meta name=\"twitter:label1\" content=\"Szacowany czas czytania\" \/>\n\t<meta name=\"twitter:data1\" content=\"5 minut\" \/>\n<script type=\"application\/ld+json\" class=\"yoast-schema-graph\">{\"@context\":\"https:\/\/schema.org\",\"@graph\":[{\"@type\":\"WebPage\",\"@id\":\"https:\/\/outdoortarrago.com\/pl\/oswiadczenie-o-dostepnosci\/\",\"url\":\"https:\/\/outdoortarrago.com\/pl\/oswiadczenie-o-dostepnosci\/\",\"name\":\"O\u015bwiadczenie o dost\u0119pno\u015bci - Tarrago Outdoor Care\",\"isPartOf\":{\"@id\":\"https:\/\/outdoortarrago.com\/pl\/#website\"},\"datePublished\":\"2024-10-28T16:40:59+00:00\",\"dateModified\":\"2025-01-14T14:55:40+00:00\",\"breadcrumb\":{\"@id\":\"https:\/\/outdoortarrago.com\/pl\/oswiadczenie-o-dostepnosci\/#breadcrumb\"},\"inLanguage\":\"pl-PL\",\"potentialAction\":[{\"@type\":\"ReadAction\",\"target\":[\"https:\/\/outdoortarrago.com\/pl\/oswiadczenie-o-dostepnosci\/\"]}]},{\"@type\":\"BreadcrumbList\",\"@id\":\"https:\/\/outdoortarrago.com\/pl\/oswiadczenie-o-dostepnosci\/#breadcrumb\",\"itemListElement\":[{\"@type\":\"ListItem\",\"position\":1,\"name\":\"Home\",\"item\":\"https:\/\/outdoortarrago.com\/pl\/strona-glowna\/\"},{\"@type\":\"ListItem\",\"position\":2,\"name\":\"O\u015bwiadczenie o dost\u0119pno\u015bci\"}]},{\"@type\":\"WebSite\",\"@id\":\"https:\/\/outdoortarrago.com\/pl\/#website\",\"url\":\"https:\/\/outdoortarrago.com\/pl\/\",\"name\":\"A NEW CONCEPT OF CARE\",\"description\":\"A new concept of care: understanding the cleaning, care, and maintenance of sportswear.\",\"publisher\":{\"@id\":\"https:\/\/outdoortarrago.com\/pl\/#organization\"},\"potentialAction\":[{\"@type\":\"SearchAction\",\"target\":{\"@type\":\"EntryPoint\",\"urlTemplate\":\"https:\/\/outdoortarrago.com\/pl\/?s={search_term_string}\"},\"query-input\":{\"@type\":\"PropertyValueSpecification\",\"valueRequired\":true,\"valueName\":\"search_term_string\"}}],\"inLanguage\":\"pl-PL\"},{\"@type\":\"Organization\",\"@id\":\"https:\/\/outdoortarrago.com\/pl\/#organization\",\"name\":\"A NEW CONCEPT OF CARE\",\"url\":\"https:\/\/outdoortarrago.com\/pl\/\",\"logo\":{\"@type\":\"ImageObject\",\"inLanguage\":\"pl-PL\",\"@id\":\"https:\/\/outdoortarrago.com\/pl\/#\/schema\/logo\/image\/\",\"url\":\"https:\/\/outdoortarrago.com\/wp-content\/uploads\/2024\/10\/logo.svg\",\"contentUrl\":\"https:\/\/outdoortarrago.com\/wp-content\/uploads\/2024\/10\/logo.svg\",\"width\":189,\"height\":134,\"caption\":\"A NEW CONCEPT OF CARE\"},\"image\":{\"@id\":\"https:\/\/outdoortarrago.com\/pl\/#\/schema\/logo\/image\/\"}}]}<\/script>\n<!-- \/ Yoast SEO plugin. -->","yoast_head_json":{"title":"O\u015bwiadczenie o dost\u0119pno\u015bci - Tarrago Outdoor Care","robots":{"index":"index","follow":"follow","max-snippet":"max-snippet:-1","max-image-preview":"max-image-preview:large","max-video-preview":"max-video-preview:-1"},"canonical":"https:\/\/outdoortarrago.com\/pl\/oswiadczenie-o-dostepnosci\/","og_locale":"pl_PL","og_type":"article","og_title":"O\u015bwiadczenie o dost\u0119pno\u015bci - Tarrago Outdoor Care","og_description":"O\u015bwiadczenie o dost\u0119pno\u015bci Niniejsze o\u015bwiadczenie o dost\u0119pno\u015bci dotyczy strony internetowej&nbsp;https:\/\/www.tarrago.com. Status zgodno\u015bci Ta strona internetowa jest cz\u0119\u015bciowo zgodna z RD 1112\/2018 ze wzgl\u0119du na wyj\u0105tki i niezgodno\u015bci aspekt\u00f3w wskazanych poni\u017cej. Niedost\u0119pna zawarto\u015b\u0107 Poni\u017csza zawarto\u015b\u0107 jest niedost\u0119pna z nast\u0119puj\u0105cych powod\u00f3w: Niezgodno\u015b\u0107 z RD 1112\/2018 Istniej\u0105 logo i obrazy z nieprawid\u0142owym lub myl\u0105cym tekstem alternatywnym oraz z\u0142o\u017cone [&hellip;]","og_url":"https:\/\/outdoortarrago.com\/pl\/oswiadczenie-o-dostepnosci\/","og_site_name":"Tarrago Outdoor Care","article_modified_time":"2025-01-14T14:55:40+00:00","twitter_card":"summary_large_image","twitter_misc":{"Szacowany czas czytania":"5 minut"},"schema":{"@context":"https:\/\/schema.org","@graph":[{"@type":"WebPage","@id":"https:\/\/outdoortarrago.com\/pl\/oswiadczenie-o-dostepnosci\/","url":"https:\/\/outdoortarrago.com\/pl\/oswiadczenie-o-dostepnosci\/","name":"O\u015bwiadczenie o dost\u0119pno\u015bci - Tarrago Outdoor Care","isPartOf":{"@id":"https:\/\/outdoortarrago.com\/pl\/#website"},"datePublished":"2024-10-28T16:40:59+00:00","dateModified":"2025-01-14T14:55:40+00:00","breadcrumb":{"@id":"https:\/\/outdoortarrago.com\/pl\/oswiadczenie-o-dostepnosci\/#breadcrumb"},"inLanguage":"pl-PL","potentialAction":[{"@type":"ReadAction","target":["https:\/\/outdoortarrago.com\/pl\/oswiadczenie-o-dostepnosci\/"]}]},{"@type":"BreadcrumbList","@id":"https:\/\/outdoortarrago.com\/pl\/oswiadczenie-o-dostepnosci\/#breadcrumb","itemListElement":[{"@type":"ListItem","position":1,"name":"Home","item":"https:\/\/outdoortarrago.com\/pl\/strona-glowna\/"},{"@type":"ListItem","position":2,"name":"O\u015bwiadczenie o dost\u0119pno\u015bci"}]},{"@type":"WebSite","@id":"https:\/\/outdoortarrago.com\/pl\/#website","url":"https:\/\/outdoortarrago.com\/pl\/","name":"A NEW CONCEPT OF CARE","description":"A new concept of care: understanding the cleaning, care, and maintenance of sportswear.","publisher":{"@id":"https:\/\/outdoortarrago.com\/pl\/#organization"},"potentialAction":[{"@type":"SearchAction","target":{"@type":"EntryPoint","urlTemplate":"https:\/\/outdoortarrago.com\/pl\/?s={search_term_string}"},"query-input":{"@type":"PropertyValueSpecification","valueRequired":true,"valueName":"search_term_string"}}],"inLanguage":"pl-PL"},{"@type":"Organization","@id":"https:\/\/outdoortarrago.com\/pl\/#organization","name":"A NEW CONCEPT OF CARE","url":"https:\/\/outdoortarrago.com\/pl\/","logo":{"@type":"ImageObject","inLanguage":"pl-PL","@id":"https:\/\/outdoortarrago.com\/pl\/#\/schema\/logo\/image\/","url":"https:\/\/outdoortarrago.com\/wp-content\/uploads\/2024\/10\/logo.svg","contentUrl":"https:\/\/outdoortarrago.com\/wp-content\/uploads\/2024\/10\/logo.svg","width":189,"height":134,"caption":"A NEW CONCEPT OF CARE"},"image":{"@id":"https:\/\/outdoortarrago.com\/pl\/#\/schema\/logo\/image\/"}}]}},"_links":{"self":[{"href":"https:\/\/outdoortarrago.com\/pl\/wp-json\/wp\/v2\/pages\/8322","targetHints":{"allow":["GET"]}}],"collection":[{"href":"https:\/\/outdoortarrago.com\/pl\/wp-json\/wp\/v2\/pages"}],"about":[{"href":"https:\/\/outdoortarrago.com\/pl\/wp-json\/wp\/v2\/types\/page"}],"author":[{"embeddable":true,"href":"https:\/\/outdoortarrago.com\/pl\/wp-json\/wp\/v2\/users\/1"}],"replies":[{"embeddable":true,"href":"https:\/\/outdoortarrago.com\/pl\/wp-json\/wp\/v2\/comments?post=8322"}],"version-history":[{"count":1,"href":"https:\/\/outdoortarrago.com\/pl\/wp-json\/wp\/v2\/pages\/8322\/revisions"}],"predecessor-version":[{"id":8323,"href":"https:\/\/outdoortarrago.com\/pl\/wp-json\/wp\/v2\/pages\/8322\/revisions\/8323"}],"wp:attachment":[{"href":"https:\/\/outdoortarrago.com\/pl\/wp-json\/wp\/v2\/media?parent=8322"}],"curies":[{"name":"wp","href":"https:\/\/api.w.org\/{rel}","templated":true}]}}